{"id":605,"date":"2012-10-25T09:25:57","date_gmt":"2012-10-25T12:25:57","guid":{"rendered":"http:\/\/anprotec.org.br\/site\/?page_id=605"},"modified":"2019-10-30T15:32:02","modified_gmt":"2019-10-30T18:32:02","slug":"revista-locus-cientifico","status":"publish","type":"page","link":"https:\/\/anprotec.org.br\/site\/publicacoes-anprotec\/revista-locus-cientifico\/","title":{"rendered":"Revista Locus Cient\u00edfico"},"content":{"rendered":"<p style=\"text-align: justify\">Fomentar reflex\u00f5es, discuss\u00f5es e transforma\u00e7\u00f5es no ecossistema brasileiro de empreendedorismo inovador a partir do compartilhamento de conhecimentos, modelos, metodologias, pr\u00e1ticas e experi\u00eancias apresentados em artigos t\u00e9cnico-cient\u00edficos originais e trabalhos de revis\u00e3o in\u00e9ditos. Com esse objetivo, a Locus Cient\u00edfico &#8211; criada em 2006 e disponibilizada trimestralmente at\u00e9 2012 &#8211; foi retomada em 2018 com periodicidade semestral e chamada permanente.<\/p>\n<p>&nbsp;<\/p>\n<p><strong>Revista Locus Cient\u00edfico vol 9. n\u00ba 3. 2019<\/strong><\/p>\n<p><a href=\"https:\/\/informativo.anprotec.org.br\/locus-cientifico-2019\" target=\"_blank\" rel=\"noopener\"><img decoding=\"async\" loading=\"lazy\" class=\"alignleft wp-image-30695\" src=\"https:\/\/anprotec.org.br\/site\/wp-content\/uploads\/2019\/10\/Capa.png\" alt=\"\" width=\"141\" height=\"201\" srcset=\"https:\/\/anprotec.org.br\/site\/wp-content\/uploads\/2019\/10\/Capa.png 639w, https:\/\/anprotec.org.br\/site\/wp-content\/uploads\/2019\/10\/Capa-210x300.png 210w, https:\/\/anprotec.org.br\/site\/wp-content\/uploads\/2019\/10\/Capa-102x146.png 102w, https:\/\/anprotec.org.br\/site\/wp-content\/uploads\/2019\/10\/Capa-35x50.png 35w, https:\/\/anprotec.org.br\/site\/wp-content\/uploads\/2019\/10\/Capa-53x75.png 53w\" sizes=\"(max-width: 141px) 100vw, 141px\" \/><\/a><\/p>\n<p>A Forma\u00e7\u00e3o de Grupos de Investidores Anjo em Parques Tecnol\u00f3gicos: o Caso do Feevale Techpark<\/p>\n<p>Condicionantes para a cria\u00e7\u00e3o de Vantagens Competitivas em Incubadoras de Empresas de Base Tecnol\u00f3gica<\/p>\n<p>Habitats de inova\u00e7\u00e3o para economia criativa: um estudo sobre os principais aspectos de incubadoras de economia criativa no Brasil<\/p>\n<p>Explora\u00e7\u00e3o das capacidades tecnol\u00f3gicas de organiza\u00e7\u00f5es de pesquisa tecnol\u00f3gica como contribuintes para melhoria do sistema estadual de ci\u00eancia, tecnologia e inova\u00e7\u00e3o<\/p>\n<p>Fortalecendo a cultura empreendedora e os neg\u00f3cios de impacto social: uma proposta de programa de extens\u00e3o para institui\u00e7\u00f5es de ensino superior<\/p>\n<p>Veja o PDF na \u00edntegra <a href=\"https:\/\/informativo.anprotec.org.br\/locus-cientifico-2019\" target=\"_blank\" rel=\"noopener\">aqui<\/a><\/p>\n<p>&nbsp;<\/p>\n<p><strong>Revista Locus Cient\u00edfico vol 8. n\u00ba 2. 2018<\/strong><\/p>\n<p><a href=\"https:\/\/informativo.anprotec.org.br\/revista-locus-cientifico\" target=\"_blank\" rel=\"noopener\"><img decoding=\"async\" loading=\"lazy\" class=\"alignleft size-full wp-image-27515\" src=\"https:\/\/anprotec.org.br\/site\/wp-content\/uploads\/2018\/12\/Capa-para-o-site.jpg\" alt=\"\" width=\"142\" height=\"198\" srcset=\"https:\/\/anprotec.org.br\/site\/wp-content\/uploads\/2018\/12\/Capa-para-o-site.jpg 142w, https:\/\/anprotec.org.br\/site\/wp-content\/uploads\/2018\/12\/Capa-para-o-site-105x146.jpg 105w, https:\/\/anprotec.org.br\/site\/wp-content\/uploads\/2018\/12\/Capa-para-o-site-36x50.jpg 36w, https:\/\/anprotec.org.br\/site\/wp-content\/uploads\/2018\/12\/Capa-para-o-site-54x75.jpg 54w\" sizes=\"(max-width: 142px) 100vw, 142px\" \/><\/a>Os parques brasileiros e o alcance das solu\u00e7\u00f5es agro<\/p>\n<p>Fatores que influenciam o desenvolvimento de empresas incubadas: uma pesquisa de perspectiva<\/p>\n<p>As estrat\u00e9gias dos stakeholders sob a \u00f3tica da inova\u00e7\u00e3o no ecossistema do estado de Santa Catarina<\/p>\n<p>Veja o PDF na \u00edntegra <a href=\"https:\/\/informativo.anprotec.org.br\/revista-locus-cientifico\" target=\"_blank\" rel=\"noopener\">aqui<\/a><\/p>\n<p>&nbsp;<\/p>\n<p>&nbsp;<\/p>\n<p>&nbsp;<\/p>\n<p style=\"text-align: justify\"><strong>Revista Locus Cient\u00edfico vol 7. n\u00ba 1. 2018<\/strong><\/p>\n<p><a href=\"https:\/\/anprotec.org.br\/site\/wp-content\/uploads\/2018\/03\/Locus-Cientifica_20-03-2018_ok.pdf\" target=\"_blank\" rel=\"noopener\"><img decoding=\"async\" loading=\"lazy\" class=\"alignleft wp-image-23054\" src=\"https:\/\/anprotec.org.br\/site\/wp-content\/uploads\/2018\/03\/Capa-Locu-Cientifico_marco.jpg\" alt=\"Capa Locu Cientifico_marco\" width=\"138\" height=\"195\" \/><\/a><\/p>\n<p>Como mensurar o grau de internacionaliza\u00e7\u00e3o de startups em uma incubadora de empresas e parques cient\u00edficos?;<\/p>\n<p>Framework de apoio ao mapeamento de atividades econ\u00f4micas que apresentam vantagem comparativa em Sistemas Regionais de Inova\u00e7\u00e3o baseado em Indicadores de Complexidade Econ\u00f4mica;<\/p>\n<p>Processos de aprendizagem predominantes em parques tecnol\u00f3gicos consolidados no Brasil.<\/p>\n<p style=\"text-align: justify\">Veja o PDF na \u00edntegra <a href=\"https:\/\/anprotec.org.br\/site\/wp-content\/uploads\/2018\/03\/Locus-Cientifica_20-03-2018_ok.pdf\" target=\"_blank\" rel=\"noopener\">aqui<\/a><\/p>\n<p>&nbsp;<\/p>\n<p>&nbsp;<\/p>\n<p>&nbsp;<\/p>\n","protected":false},"excerpt":{"rendered":"<p>Fomentar reflex\u00f5es, discuss\u00f5es e transforma\u00e7\u00f5es no ecossistema brasileiro de empreendedorismo<span class=\"excerpt-hellip\"> [\u2026]<\/span><\/p>\n","protected":false},"author":8,"featured_media":0,"parent":11032,"menu_order":0,"comment_status":"open","ping_status":"closed","template":"","meta":{"footnotes":"","_links_to":"","_links_to_target":""},"_links":{"self":[{"href":"https:\/\/anprotec.org.br\/site\/wp-json\/wp\/v2\/pages\/605"}],"collection":[{"href":"https:\/\/anprotec.org.br\/site\/wp-json\/wp\/v2\/pages"}],"about":[{"href":"https:\/\/anprotec.org.br\/site\/wp-json\/wp\/v2\/types\/page"}],"author":[{"embeddable":true,"href":"https:\/\/anprotec.org.br\/site\/wp-json\/wp\/v2\/users\/8"}],"replies":[{"embeddable":true,"href":"https:\/\/anprotec.org.br\/site\/wp-json\/wp\/v2\/comments?post=605"}],"version-history":[{"count":4,"href":"https:\/\/anprotec.org.br\/site\/wp-json\/wp\/v2\/pages\/605\/revisions"}],"predecessor-version":[{"id":30698,"href":"https:\/\/anprotec.org.br\/site\/wp-json\/wp\/v2\/pages\/605\/revisions\/30698"}],"up":[{"embeddable":true,"href":"https:\/\/anprotec.org.br\/site\/wp-json\/wp\/v2\/pages\/11032"}],"wp:attachment":[{"href":"https:\/\/anprotec.org.br\/site\/wp-json\/wp\/v2\/media?parent=605"}],"curies":[{"name":"wp","href":"https:\/\/api.w.org\/{rel}","templated":true}]}}