{"id":509,"date":"2012-10-23T13:50:52","date_gmt":"2012-10-23T16:50:52","guid":{"rendered":"http:\/\/anprotec.org.br\/site\/?page_id=509"},"modified":"2018-04-10T20:09:01","modified_gmt":"2018-04-10T23:09:01","slug":"perguntas-frequentes","status":"publish","type":"page","link":"https:\/\/anprotec.org.br\/site\/sobre\/incubadoras-e-parques\/perguntas-frequentes\/","title":{"rendered":"Perguntas Frequentes"},"content":{"rendered":"<p><strong>Quais s\u00e3o os tipos de incubadora?<\/strong><\/p>\n<p style=\"text-align: justify\">Existem diversos tipos de incubadoras: as de base tecnol\u00f3gica (abrigam empreendimentos que realizam uso de tecnologias); as tradicionais (d\u00e3o suporte a empresas de setores tradicionais da economia); as mistas (aceitam tanto empreendimentos de base tecnol\u00f3gica, quanto de setores tradicionais) e as sociais (que t\u00eam como p\u00fablico-alvo cooperativas e associa\u00e7\u00f5es populares).<\/p>\n<p><strong>Quais benef\u00edcios as incubadoras oferecem aos empreendedores?<\/strong><\/p>\n<p style=\"text-align: justify\">Ao oferecer suporte ao empreendedor, a incubadora possibilita que o seu empreendimento tenha mais chances de ser bem-sucedido. Al\u00e9m de condi\u00e7\u00f5es favor\u00e1veis de infraestrutura e capacita\u00e7\u00e3o dos empreendedores, as empresas \u2013 pelo fato de estarem em um espa\u00e7o onde h\u00e1 v\u00e1rios empreendimentos inovadores do mesmo porte \u2013 contam com in\u00fameras conex\u00f5es, que favorecem o crescimento do neg\u00f3cio e o\u00a0acesso ao mercado.<\/p>\n<p style=\"text-align: justify\">No caso das empresas de base tecnol\u00f3gica, os empreendedores t\u00eam, ainda, oportunidade de acesso a universidades e institui\u00e7\u00f5es de P&amp;D, com os quais muitas incubadoras mant\u00eam v\u00ednculo. Isso ajuda a reduzir custos e riscos do processo de inova\u00e7\u00e3o, pois permite o acesso a laborat\u00f3rios e equipamentos que exigiriam investimento elevado.<\/p>\n<p><strong>Como uma empresa pode ingressar em uma incubadora?<\/strong><\/p>\n<p style=\"text-align: justify\">Por processo seletivo. As regras de sele\u00e7\u00e3o variam de acordo com cada incubadora, mas pode-se dizer que o pr\u00e9-requisito mais importante \u00e9 a inova\u00e7\u00e3o. De acordo com o estudo realizado em 2011 pela Anprotec, em parceria com o MCTI, 98% das empresas incubadas inovam, sendo que 15% em n\u00edvel internacional, 55% em \u00e2mbito nacional e 28% localmente.<\/p>\n<p><strong>O que \u00e9 uma empresa incubada?<\/strong><\/p>\n<p style=\"text-align: justify\">\u00c9 um empreendimento que est\u00e1 passando pelo processo de incuba\u00e7\u00e3o, isto \u00e9, que est\u00e1 recebendo suporte de uma incubadora para o seu desenvolvimento. A empresa pode ser incubada residente (quando ocupa um espa\u00e7o dentro do pr\u00e9dio da incubadora) ou incubada n\u00e3o residente (caso em que tem sua pr\u00f3pria sede, mas recebe suporte da incubadora).<\/p>\n<p style=\"text-align: justify\">O tempo m\u00e9dio de incuba\u00e7\u00e3o de uma empresa \u00e9 de tr\u00eas anos. Esse prazo, no entanto, varia de acordo com as caracter\u00edsticas do empreendimento. Empresas da \u00e1rea de Tecnologia da Informa\u00e7\u00e3o e Comunica\u00e7\u00e3o tendem a ficar menos tempo incubadas do que empreendimentos do setor de Biotecnologia, por exemplo, j\u00e1 que trabalham com tecnologias que possuem um ciclo de desenvolvimento mais curto. O importante \u00e9 que o empreendimento, ao se graduar, esteja preparado para o mercado. Durante o processo de incuba\u00e7\u00e3o, as incubadoras realizam acompanhamentos peri\u00f3dicos para avaliar o n\u00edvel de desenvolvimento das empresas.<\/p>\n<p><strong>O que \u00e9 uma empresa graduada?<\/strong><\/p>\n<p style=\"text-align: justify\">\u00c9 uma empresa que passou pelo processo de incuba\u00e7\u00e3o, ou seja, que recebeu suporte de uma incubadora e j\u00e1 possui compet\u00eancias suficientes para se desenvolver sozinha. A empresa, depois de graduada, pode continuar sendo associada \u00e0 incubadora, mas n\u00e3o pode mais residir no espa\u00e7o f\u00edsico da institui\u00e7\u00e3o.<\/p>\n<p><strong>Quais s\u00e3o os benef\u00edcios oferecidos pelos parques tecnol\u00f3gicos?<\/strong><\/p>\n<p style=\"text-align: justify\">Os parques tecnol\u00f3gicos beneficiam os empreendimentos localizados neles \u2013 al\u00e9m da regi\u00e3o e da economia como um todo \u2013 por gerarem um ambiente de coopera\u00e7\u00e3o entre empresas inovadoras e institui\u00e7\u00f5es de C&amp;T. Os parques oferecem servi\u00e7os de alto valor agregado \u00e0s empresas, facilitam o fluxo de conhecimento e tecnologia, possibilitam a gera\u00e7\u00e3o de empregos qualificados e o aumento da cultura e da atividade empreendedora. Al\u00e9m disso, favorecem a forma\u00e7\u00e3o de clusters de inova\u00e7\u00e3o e a competitividade da regi\u00e3o onde est\u00e3o localizados.<\/p>\n","protected":false},"excerpt":{"rendered":"<p>Quais s\u00e3o os tipos de incubadora? Existem diversos tipos de<span class=\"excerpt-hellip\"> [\u2026]<\/span><\/p>\n","protected":false},"author":8,"featured_media":0,"parent":276,"menu_order":0,"comment_status":"open","ping_status":"open","template":"","meta":{"footnotes":"","_links_to":"","_links_to_target":""},"_links":{"self":[{"href":"https:\/\/anprotec.org.br\/site\/wp-json\/wp\/v2\/pages\/509"}],"collection":[{"href":"https:\/\/anprotec.org.br\/site\/wp-json\/wp\/v2\/pages"}],"about":[{"href":"https:\/\/anprotec.org.br\/site\/wp-json\/wp\/v2\/types\/page"}],"author":[{"embeddable":true,"href":"https:\/\/anprotec.org.br\/site\/wp-json\/wp\/v2\/users\/8"}],"replies":[{"embeddable":true,"href":"https:\/\/anprotec.org.br\/site\/wp-json\/wp\/v2\/comments?post=509"}],"version-history":[{"count":4,"href":"https:\/\/anprotec.org.br\/site\/wp-json\/wp\/v2\/pages\/509\/revisions"}],"predecessor-version":[{"id":24333,"href":"https:\/\/anprotec.org.br\/site\/wp-json\/wp\/v2\/pages\/509\/revisions\/24333"}],"up":[{"embeddable":true,"href":"https:\/\/anprotec.org.br\/site\/wp-json\/wp\/v2\/pages\/276"}],"wp:attachment":[{"href":"https:\/\/anprotec.org.br\/site\/wp-json\/wp\/v2\/media?parent=509"}],"curies":[{"name":"wp","href":"https:\/\/api.w.org\/{rel}","templated":true}]}}