{"id":498,"date":"2012-10-23T13:29:52","date_gmt":"2012-10-23T16:29:52","guid":{"rendered":"http:\/\/anprotec.org.br\/site\/?page_id=498"},"modified":"2023-11-10T10:03:07","modified_gmt":"2023-11-10T13:03:07","slug":"diretoria","status":"publish","type":"page","link":"https:\/\/anprotec.org.br\/site\/sobre\/diretoria\/","title":{"rendered":"Diretoria"},"content":{"rendered":"<div class=\"wpb-content-wrapper\"><p>[vc_row][vc_column][vc_column_text]<\/p>\n<h4><strong>Gest\u00e3o 2022 \u2013 2023<\/strong><\/h4>\n<p><strong><img decoding=\"async\" loading=\"lazy\" class=\"alignleft wp-image-31118 size-thumbnail\" src=\"https:\/\/anprotec.org.br\/site\/wp-content\/uploads\/2020\/01\/Saboya_atual_site-137x160.jpg\" alt=\"\" width=\"137\" height=\"160\" srcset=\"https:\/\/anprotec.org.br\/site\/wp-content\/uploads\/2020\/01\/Saboya_atual_site-137x160.jpg 137w, https:\/\/anprotec.org.br\/site\/wp-content\/uploads\/2020\/01\/Saboya_atual_site-42x50.jpg 42w, https:\/\/anprotec.org.br\/site\/wp-content\/uploads\/2020\/01\/Saboya_atual_site-63x75.jpg 63w\" sizes=\"(max-width: 137px) 100vw, 137px\" \/><\/strong><strong>Francisco Saboya Albuquerque Neto<\/strong> \u2013 Presidente<\/p>\n<p>Economista e mestre em Engenharia de Produ\u00e7\u00e3o pela Universidade Federal de Pernambuco (UFPE). Atualmente tamb\u00e9m \u00e9 superintendente do Sebrae-PE. Entre 2015 e 2018 foi presidente da Divis\u00e3o da Am\u00e9rica Latina da International Association of Science Parks and Areas of Innovation (IASP). Por 11 anos (2007-2018) foi presidente do Porto Digital, em Recife-PE &#8211; parque tecnol\u00f3gico especializado em desenvolvimento de software e economia criativa e um dos mais destacados ambientes de inova\u00e7\u00e3o do pa\u00eds. \u00c9 docente na Faculdade de Ci\u00eancias da Administra\u00e7\u00e3o da Universidade Estadual de Pernambuco, (FCAP-UPE), onde leciona as disciplinas de Macroeconomia e Gest\u00e3o de Sistemas e Tecnologias da Informa\u00e7\u00e3o. Tamb\u00e9m \u00e9 palestrante nas \u00e1reas de inova\u00e7\u00e3o, economia criativa e cidades inteligentes e escreve artigos para peri\u00f3dicos e portais sobre estes temas. Foi empreendedor por mais de 20 anos, dirigindo empresas de desenvolvimento de software e consultoria organizacional, com atua\u00e7\u00e3o junto aos mercados p\u00fablico e privado. Na gest\u00e3o p\u00fablica ocupou cargos de secretaria e dire\u00e7\u00e3o superior nos n\u00edveis estadual e municipal. Foi membro do j\u00fari do Cannes Lions Festival of Creativity (2013) e, neste mesmo ano, foi considerado uma das 100 personalidades mais influentes do pa\u00eds pela revista \u00c9poca Neg\u00f3cios.<\/p>\n<p>&nbsp;<\/p>\n<p style=\"text-align: left;\"><strong><img decoding=\"async\" loading=\"lazy\" class=\"wp-image-45086 alignleft\" src=\"https:\/\/anprotec.org.br\/site\/wp-content\/uploads\/2023\/05\/Gibbon.png\" alt=\"\" width=\"154\" height=\"169\" srcset=\"https:\/\/anprotec.org.br\/site\/wp-content\/uploads\/2023\/05\/Gibbon.png 853w, https:\/\/anprotec.org.br\/site\/wp-content\/uploads\/2023\/05\/Gibbon-274x300.png 274w, https:\/\/anprotec.org.br\/site\/wp-content\/uploads\/2023\/05\/Gibbon-768x842.png 768w, https:\/\/anprotec.org.br\/site\/wp-content\/uploads\/2023\/05\/Gibbon-133x146.png 133w, https:\/\/anprotec.org.br\/site\/wp-content\/uploads\/2023\/05\/Gibbon-46x50.png 46w, https:\/\/anprotec.org.br\/site\/wp-content\/uploads\/2023\/05\/Gibbon-68x75.png 68w\" sizes=\"(max-width: 154px) 100vw, 154px\" \/><\/strong><\/p>\n<p><strong>Artur Gibbon<\/strong> \u2013 Diretor de Administra\u00e7\u00e3o e Finan\u00e7as<\/p>\n<p><span style=\"font-weight: 400;\">Contador e professor adjunto na renomada Universidade Federal do Rio Grande &#8211; FURG. Com um Mestrado em Administra\u00e7\u00e3o de Empresas pela UFSC e um MBA em Ecossistemas de Inova\u00e7\u00e3o pela Unisinos. Al\u00e9m disso, \u00e9 Diretor do OCEANTEC &#8211; Parque Cient\u00edfico e Tecnol\u00f3gico da FURG, Presidente da REGINP &#8211; Rede Ga\u00facha de Ambientes de Inova\u00e7\u00e3o, Coordenador na Regi\u00e3o Sul e Conselheiro do Programa INOVA RS. Ele tamb\u00e9m \u00e9 membro do Comit\u00ea Gestor do Programa Startup Lab, do Conselho de Ci\u00eancia, Tecnologia e Inova\u00e7\u00e3o do Rio Grande do Sul, do Conselho Municipal de Ci\u00eancia, Tecnologia e Inova\u00e7\u00e3o de Rio Grande, e do Comit\u00ea de Inova\u00e7\u00e3o, Ci\u00eancia e Tecnologia da Federa\u00e7\u00e3o das Ind\u00fastrias do Rio Grande do Sul (FIERGS).<\/span><\/p>\n<p>&nbsp;<\/p>\n<p>&nbsp;<\/p>\n<p style=\"text-align: left;\"><strong><img decoding=\"async\" loading=\"lazy\" class=\" wp-image-45043 alignleft\" src=\"https:\/\/anprotec.org.br\/site\/wp-content\/uploads\/2023\/05\/eduardo-peixoto.jpg\" alt=\"\" width=\"139\" height=\"139\" srcset=\"https:\/\/anprotec.org.br\/site\/wp-content\/uploads\/2023\/05\/eduardo-peixoto.jpg 800w, https:\/\/anprotec.org.br\/site\/wp-content\/uploads\/2023\/05\/eduardo-peixoto-300x300.jpg 300w, https:\/\/anprotec.org.br\/site\/wp-content\/uploads\/2023\/05\/eduardo-peixoto-768x768.jpg 768w, https:\/\/anprotec.org.br\/site\/wp-content\/uploads\/2023\/05\/eduardo-peixoto-146x146.jpg 146w, https:\/\/anprotec.org.br\/site\/wp-content\/uploads\/2023\/05\/eduardo-peixoto-50x50.jpg 50w, https:\/\/anprotec.org.br\/site\/wp-content\/uploads\/2023\/05\/eduardo-peixoto-75x75.jpg 75w, https:\/\/anprotec.org.br\/site\/wp-content\/uploads\/2023\/05\/eduardo-peixoto-85x85.jpg 85w, https:\/\/anprotec.org.br\/site\/wp-content\/uploads\/2023\/05\/eduardo-peixoto-80x80.jpg 80w\" sizes=\"(max-width: 139px) 100vw, 139px\" \/>Eduardo Peixoto &#8211; <\/strong>Diretor de Rela\u00e7\u00f5es Internacionais<\/p>\n<p style=\"text-align: left;\">Eduardo Peixoto \u00e9 o Executivo Chefe (CEO) do CESAR e aluno de doutorado da CESAR School. Ele desempenhou v\u00e1rias fun\u00e7\u00f5es t\u00e9cnicas e executivas para diferentes organiza\u00e7\u00f5es na Holanda, Su\u00ed\u00e7a e Brasil. Atuou tamb\u00e9m como consultor em inova\u00e7\u00e3o para diversas empresas. Eduardo det\u00e9m o t\u00edtulo de M.Sc. em Engenharia Eletr\u00f4nica pela Technical University of Eindhoven-NL, um MBA pela Kellog School of Management, Evanston-EUA e um treinamento executivo em transforma\u00e7\u00e3o digital pela Escola de Neg\u00f3cios da Universidade de Columbia, Nova Iorque-EUA.<\/p>\n<p>&nbsp;<\/p>\n<p style=\"text-align: left;\"><strong><br \/>\n<img decoding=\"async\" loading=\"lazy\" class=\"alignleft wp-image-31139 size-thumbnail\" src=\"https:\/\/anprotec.org.br\/site\/wp-content\/uploads\/2020\/01\/Iara1_site-137x160.jpg\" alt=\"\" width=\"137\" height=\"160\" srcset=\"https:\/\/anprotec.org.br\/site\/wp-content\/uploads\/2020\/01\/Iara1_site-137x160.jpg 137w, https:\/\/anprotec.org.br\/site\/wp-content\/uploads\/2020\/01\/Iara1_site-42x50.jpg 42w, https:\/\/anprotec.org.br\/site\/wp-content\/uploads\/2020\/01\/Iara1_site-63x75.jpg 63w\" sizes=\"(max-width: 137px) 100vw, 137px\" \/><\/strong><\/p>\n<p><strong>Iara Neves Oliveira<\/strong> \u2013 Diretora T\u00e9cnica<\/p>\n<p>Coordenadora do Programa de Incuba\u00e7\u00e3o de Empresas de Base Tecnol\u00f3gica (PIEBT) da Universidade Federal do Par\u00e1 (UFPA) desde 2012. \u00c9\u00a0administradora pelo CESUPA, tem MBA em Finan\u00e7as pela Estratego\/FACI e \u00e9 Mestre em Planejamento do Desenvolvimento da Amaz\u00f4nia pelo NAEA\/UFPA. Tem experi\u00eancia em elabora\u00e7\u00e3o e execu\u00e7\u00e3o de projetos na \u00e1rea de empreendedorismo e \u00e9 uma admiradora do campo de neg\u00f3cios de impacto e inova\u00e7\u00e3o social.<\/p>\n<p>&nbsp;<\/p>\n<p>&nbsp;<\/p>\n<p style=\"text-align: left;\"><strong><img decoding=\"async\" loading=\"lazy\" class=\"alignleft wp-image-31093 size-thumbnail\" src=\"https:\/\/anprotec.org.br\/site\/wp-content\/uploads\/2020\/01\/Jardel-Silva_site-137x160.jpg\" alt=\"\" width=\"137\" height=\"160\" srcset=\"https:\/\/anprotec.org.br\/site\/wp-content\/uploads\/2020\/01\/Jardel-Silva_site-137x160.jpg 137w, https:\/\/anprotec.org.br\/site\/wp-content\/uploads\/2020\/01\/Jardel-Silva_site-42x50.jpg 42w, https:\/\/anprotec.org.br\/site\/wp-content\/uploads\/2020\/01\/Jardel-Silva_site-63x75.jpg 63w\" sizes=\"(max-width: 137px) 100vw, 137px\" \/><\/strong><strong>Jardel Mattos<\/strong> \u2013 Diretor de Redes e Associados<\/p>\n<p style=\"text-align: left;\">Coordenador de empreendimentos e inova\u00e7\u00e3o da Universidade Federal de Mato Grosso do Sul. Doutorando em Direito na Universidade de S\u00e3o Paulo (USP). Advogado. Mestre em Propriedade Intelectual e Inova\u00e7\u00e3o pela Academia do Instituto Nacional da Propriedade Industrial (2016). Presidente da Rede Sul-Mato-Grossense de Inova\u00e7\u00e3o (Rede MS de Inova\u00e7\u00e3o) (2015\/2019). Ex-Diretor da Anprotec (2016\/2017). Ex-Presidente da Comiss\u00e3o de Propriedade Intelectual da Ordem dos Advogados do Brasil, Seccional Mato Grosso do Sul (OAB\/MS) (2015\/2018). Ex-coordenador da Rede Centro-Oeste de Inova\u00e7\u00e3o (RedeCO de Inova\u00e7\u00e3o) (2016\/2018). Ex-gerente da Pantanal Incubadora Mista de Empresas da Universidade Federal de Mato Grosso do Sul (PIME\/UFMS) (2011\/2017). Ex-Diretor T\u00e9cnico da Funda\u00e7\u00e3o Instituto de Tecnologia e Inova\u00e7\u00e3o de Nova Andradina (FINOVA) (2016\/20180. Ex-Presidente do Conselho de Administra\u00e7\u00e3o Superior do Parque Tecnol\u00f3gico Internacional, sediado em Ponta Por\u00e3\/MS (PTIn) (2015\/2018).<\/p>\n<p>&nbsp;<\/p>\n<p style=\"text-align: left;\"><strong><img decoding=\"async\" loading=\"lazy\" class=\"alignleft wp-image-31095 size-thumbnail\" src=\"https:\/\/anprotec.org.br\/site\/wp-content\/uploads\/2020\/01\/Rosana-Jamal.-BlackBack-dez-2019_site--137x160.jpg\" alt=\"\" width=\"137\" height=\"160\" srcset=\"https:\/\/anprotec.org.br\/site\/wp-content\/uploads\/2020\/01\/Rosana-Jamal.-BlackBack-dez-2019_site--137x160.jpg 137w, https:\/\/anprotec.org.br\/site\/wp-content\/uploads\/2020\/01\/Rosana-Jamal.-BlackBack-dez-2019_site--42x50.jpg 42w, https:\/\/anprotec.org.br\/site\/wp-content\/uploads\/2020\/01\/Rosana-Jamal.-BlackBack-dez-2019_site--63x75.jpg 63w\" sizes=\"(max-width: 137px) 100vw, 137px\" \/><\/strong><\/p>\n<p><strong>Rosana Jamal Francisco dos Santos Fernandes<\/strong> \u2013 Diretora de Empresas<\/p>\n<p style=\"text-align: left;\">\u00c9 s\u00f3cia fundadora da Baita Aceleradora, onde atua, desde 2013, como Head de Marketing e Desenvolvimento de Parcerias para os programas com startups e corporativos. Nesta fun\u00e7\u00e3o, tem relacionamento direto com startups, investidores, grandes empresas, universidades, centros de pesquisas, mentores e parceiros estrat\u00e9gicos dos ecossistemas de empreendedorismo nacional e internacional. Atua como consultora e\u00a0professora convidada da FGV na \u00e1rea de Inova\u00e7\u00e3o e Empreendedorismo. Foi Diretora S\u00eanior de Desenvolvimento de Produtos da Motorola Mobility para o mercado regional e global.\u00a0 Foi membro do Conselho de Administra\u00e7\u00e3o do Instituto de Pesquisas Eldorado e do C.E.S.A.R (Centro de Estudos e Sistemas Avan\u00e7ados de Recife), bem como da Agrosmart S\/A. Formou-se em Ci\u00eancias da Computa\u00e7\u00e3o pela UNICAMP, possui MBA pela FIA\/ USP e especializa\u00e7\u00e3o em governan\u00e7a corporativa pelo Instituto Brasileiro de Governan\u00e7a Corporativa (IBGC).<\/p>\n<p>&nbsp;<\/p>\n<p style=\"text-align: left;\"><strong><img decoding=\"async\" loading=\"lazy\" class=\"wp-image-46076 alignleft\" src=\"https:\/\/anprotec.org.br\/site\/wp-content\/uploads\/2023\/10\/1669218290971.jpeg\" alt=\"\" width=\"138\" height=\"138\" \/><\/strong><\/p>\n<p><strong>Leonardo Melo<\/strong> \u2013 Superintendente Executivo<\/p>\n<p>Leonardo Melo possui uma trajet\u00f3ria que inclui posi\u00e7\u00f5es de lideran\u00e7a em organiza\u00e7\u00f5es como o Parque Tecnol\u00f3gico da Universidade Federal do Rio de Janeiro (UFRJ), o Governo do Estado do Rio de Janeiro, PUC-Rio e coaliz\u00f5es internacionais como o K4P Alliances.<\/p>\n<p>Sua forma\u00e7\u00e3o acad\u00eamica inclui passagens por institui\u00e7\u00f5es como a UFRJ, onde obteve seu Doutorado em Pol\u00edticas P\u00fablicas, Estrat\u00e9gias e Desenvolvimento (Instituto de Economia) e o MBA Executivo pelo Instituto Coppead, bem como pela Universit\u00e9 de Technologie de Compi\u00e8gne (UTC Sorbonne Alliance) na Fran\u00e7a, onde realizou estudos de p\u00f3s-doutorado. Leonardo tamb\u00e9m \u00e9 pesquisador do programa Futuros, vinculado ao Col\u00e9gio Brasileiro de Altos Estudos da UFRJ.<\/p>\n<p>&nbsp;<\/p>\n<p style=\"text-align: justify;\"><strong>Confira os integrantes do <a href=\"https:\/\/anprotec.org.br\/site\/sobre\/conselho-consultivo\/\">Conselho Consultivo<\/a><\/strong><\/p>\n<p style=\"text-align: justify;\"><strong>Conhe\u00e7a as <a href=\"https:\/\/anprotec.org.br\/site\/sobre\/diretorias-anteriores\/\">diretorias anteriores<\/a><\/strong><\/p>\n<p>[\/vc_column_text][\/vc_column][\/vc_row]<\/p>\n<\/div>","protected":false},"excerpt":{"rendered":"<p>[vc_row][vc_column][vc_column_text] Gest\u00e3o 2022 \u2013 2023 Francisco Saboya Albuquerque Neto \u2013<span class=\"excerpt-hellip\"> [\u2026]<\/span><\/p>\n","protected":false},"author":8,"featured_media":0,"parent":270,"menu_order":1,"comment_status":"open","ping_status":"closed","template":"","meta":{"footnotes":"","_links_to":"","_links_to_target":""},"_links":{"self":[{"href":"https:\/\/anprotec.org.br\/site\/wp-json\/wp\/v2\/pages\/498"}],"collection":[{"href":"https:\/\/anprotec.org.br\/site\/wp-json\/wp\/v2\/pages"}],"about":[{"href":"https:\/\/anprotec.org.br\/site\/wp-json\/wp\/v2\/types\/page"}],"author":[{"embeddable":true,"href":"https:\/\/anprotec.org.br\/site\/wp-json\/wp\/v2\/users\/8"}],"replies":[{"embeddable":true,"href":"https:\/\/anprotec.org.br\/site\/wp-json\/wp\/v2\/comments?post=498"}],"version-history":[{"count":3,"href":"https:\/\/anprotec.org.br\/site\/wp-json\/wp\/v2\/pages\/498\/revisions"}],"predecessor-version":[{"id":46461,"href":"https:\/\/anprotec.org.br\/site\/wp-json\/wp\/v2\/pages\/498\/revisions\/46461"}],"up":[{"embeddable":true,"href":"https:\/\/anprotec.org.br\/site\/wp-json\/wp\/v2\/pages\/270"}],"wp:attachment":[{"href":"https:\/\/anprotec.org.br\/site\/wp-json\/wp\/v2\/media?parent=498"}],"curies":[{"name":"wp","href":"https:\/\/api.w.org\/{rel}","templated":true}]}}