{"id":46731,"date":"2024-01-03T16:27:50","date_gmt":"2024-01-03T19:27:50","guid":{"rendered":"https:\/\/anprotec.org.br\/site\/?page_id=46731"},"modified":"2024-05-02T13:27:31","modified_gmt":"2024-05-02T16:27:31","slug":"diretoria-2024-25","status":"publish","type":"page","link":"https:\/\/anprotec.org.br\/site\/sobre\/diretoria-2024-25\/","title":{"rendered":"Diretoria 2024 &#8211; 25"},"content":{"rendered":"<div class=\"wpb-content-wrapper\"><p>[vc_row][vc_column][vc_column_text]<\/p>\n<h4><strong>Gest\u00e3o 2024 \u2013 2025<\/strong><\/h4>\n<p><strong><img decoding=\"async\" loading=\"lazy\" class=\"alignleft wp-image-46734 size-full\" src=\"https:\/\/anprotec.org.br\/site\/wp-content\/uploads\/2024\/01\/1-Foto-Adriana-e1704308948762.jpeg\" alt=\"\" width=\"137\" height=\"206\" \/>Adriana Ferreira de Faria<\/strong> \u2013 Presidente<\/p>\n<p>Engenheira qu\u00edmica formada pela Universidade Federal de Uberl\u00e2ndia, possui mestrado e doutorado em Engenharia Mec\u00e2nica pela mesma universidade e realizou p\u00f3s-doutorado em Gest\u00e3o da Inova\u00e7\u00e3o na North Carolina State University. Atualmente, ela \u00e9 professora na Universidade Federal de Vi\u00e7osa (UFV) e lidera como Diretora Executiva do Centro Tecnol\u00f3gico de Desenvolvimento Regional de Vi\u00e7osa (CenTev\/UFV) desde 2019. Como Diretora Presidente da Rede Mineira de Inova\u00e7\u00e3o (gest\u00e3o 2023\/2024), Adriana destaca-se no cen\u00e1rio de inova\u00e7\u00e3o e empreendedorismo.<br \/>\nSua experi\u00eancia inclui a participa\u00e7\u00e3o em conselhos e comit\u00eas importantes, como o Conselho Fiscal da Anprotec e a Coordena\u00e7\u00e3o da Incubadora de Empresas de Base Tecnol\u00f3gica do CenTev.<\/p>\n<p>&nbsp;<\/p>\n<p>&nbsp;<\/p>\n<p style=\"text-align: left;\"><strong><img decoding=\"async\" loading=\"lazy\" class=\"alignleft wp-image-46735 size-full\" src=\"https:\/\/anprotec.org.br\/site\/wp-content\/uploads\/2024\/01\/2-Foto-Tony-e1704309279553.jpeg\" alt=\"\" width=\"113\" height=\"169\" \/><\/strong><\/p>\n<p><strong>Tony Chierighini<\/strong> \u2013 Vice-Presidente<\/p>\n<p>Graduado em Ci\u00eancias Cont\u00e1beis pela UNIVALI e com extens\u00e3o em Capacita\u00e7\u00e3o Empresarial pela UFSC, Tony Chierighini \u00e9 o Diretor Executivo da Incubadora CELTA, da Funda\u00e7\u00e3o CERTI, reconhecida quatro vezes como a melhor incubadora tecnol\u00f3gica do pa\u00eds. Com 37 anos de atua\u00e7\u00e3o na Funda\u00e7\u00e3o, Tony tamb\u00e9m ocupa o cargo de Diretor de Opera\u00e7\u00f5es na CVentures Empreendimentos Inovadores. Sua experi\u00eancia abrange a gest\u00e3o e desenvolvimento de projetos em incubadoras e parques tecnol\u00f3gicos no Brasil e Am\u00e9rica do Sul. Participou da funda\u00e7\u00e3o da RECEPET e teve um papel significativo na Anprotec, contribuindo para o avan\u00e7o do empreendedorismo e inova\u00e7\u00e3o no setor tecnol\u00f3gico.<\/p>\n<p>&nbsp;<\/p>\n<p>&nbsp;<\/p>\n<p style=\"text-align: left;\"><strong><img decoding=\"async\" loading=\"lazy\" class=\"alignleft wp-image-46269 size-full\" src=\"https:\/\/anprotec.org.br\/site\/wp-content\/uploads\/2023\/10\/3-Foto-Artur-e1704309380460.jpeg\" alt=\"\" width=\"113\" height=\"169\" \/>Artur Gibbon <\/strong>&#8211; Diretor de Novos Ambientes de Inova\u00e7\u00e3o<strong><br \/>\n<\/strong><\/p>\n<p style=\"text-align: left;\">Contador e professor adjunto na renomada Universidade Federal do Rio Grande \u2013 FURG. Com um Mestrado em Administra\u00e7\u00e3o de Empresas pela UFSC e um MBA em Ecossistemas de Inova\u00e7\u00e3o pela Unisinos. Al\u00e9m disso, \u00e9 Diretor do OCEANTEC \u2013 Parque Cient\u00edfico e Tecnol\u00f3gico da FURG, Presidente da REGINP \u2013 Rede Ga\u00facha de Ambientes de Inova\u00e7\u00e3o, Coordenador na Regi\u00e3o Sul e Conselheiro do Programa INOVA RS. Ele tamb\u00e9m \u00e9 membro do Comit\u00ea Gestor do Programa Startup Lab, do Conselho de Ci\u00eancia, Tecnologia e Inova\u00e7\u00e3o do Rio Grande do Sul, do Conselho Municipal de Ci\u00eancia, Tecnologia e Inova\u00e7\u00e3o de Rio Grande, e do Comit\u00ea de Inova\u00e7\u00e3o, Ci\u00eancia e Tecnologia da Federa\u00e7\u00e3o das Ind\u00fastrias do Rio Grande do Sul (FIERGS).<\/p>\n<p>&nbsp;<\/p>\n<p style=\"text-align: left;\"><strong><br \/>\n<img decoding=\"async\" loading=\"lazy\" class=\"alignleft wp-image-46747 size-full\" src=\"https:\/\/anprotec.org.br\/site\/wp-content\/uploads\/2024\/01\/4-Romildo-2-e1704890216900.jpeg\" alt=\"\" width=\"113\" height=\"169\" \/><\/strong><\/p>\n<p><strong>Romildo Dias Toledo Filho<\/strong> \u2013 Diretor de Rela\u00e7\u00f5es Internacionais<\/p>\n<p>D.Sc. Romildo Dias Toledo Filho \u00e9 Professor Titular do Programa de Engenharia Civil da COPPE\/UFRJ e membro da Academia Mundial de Ci\u00eancias (TWAS), da Academia Brasileira de Ci\u00eancias e da Academia Nacional de Engenharia. Atual Diretor Executivo do Parque Tecnol\u00f3gico da UFRJ e Coordenador do N\u00facleo de Materiais e Tecnologia Sustent\u00e1veis (NUMATS) da Poli\/Coppe\/UFRJ, tem uma carreira distinta como Pesquisador 1A do CNPq e Pesquisador S\u00eanior da FAPERJ. Com uma vasta produ\u00e7\u00e3o acad\u00eamica, inclui mais de 288 artigos em peri\u00f3dicos, 5 livros organizados, e mais de 400 trabalhos em congressos, al\u00e9m de v\u00e1rias orienta\u00e7\u00f5es de doutorado e mestrado premiadas. Romildo \u00e9 reconhecido por suas contribui\u00e7\u00f5es \u00e0 engenharia civil e materiais sustent\u00e1veis, participando ativamente de associa\u00e7\u00f5es profissionais e comit\u00eas t\u00e9cnicos internacionais.<\/p>\n<p>&nbsp;<\/p>\n<p>&nbsp;<\/p>\n<p style=\"text-align: left;\"><strong data-wp-editing=\"1\"><img decoding=\"async\" loading=\"lazy\" class=\"alignleft wp-image-46737 size-full\" src=\"https:\/\/anprotec.org.br\/site\/wp-content\/uploads\/2024\/01\/6-Foto-Deolinda-e1704309575453.jpeg\" alt=\"\" width=\"113\" height=\"169\" \/>Deolinda Lucianne Ferreira Garcia<\/strong> \u2013 Diretora T\u00e9cnica<\/p>\n<p style=\"text-align: left;\">Deolinda Garcia, P\u00f3s Doutoranda em Biologia Vegetal pela UNICAMP, \u00e9 Doutora em Agronomia Tropical e Mestre em Ci\u00eancias Ambientais pela UFAM. Atualmente, ela \u00e9 Professora Adjunta na UEA e Coordenadora da IN\/UEA &#8211; Itacoatiara. Destaca-se por sua lideran\u00e7a na estrutura\u00e7\u00e3o da Incubadora do CESIT\/UEA e pelo desenvolvimento de uma palmilha biodegrad\u00e1vel inovadora, com patente em processo. Garcia \u00e9 experiente na organiza\u00e7\u00e3o de eventos cient\u00edficos, tendo realizado o I Inova Itacoatiara e coordenado diversas iniciativas acad\u00eamicas e de qualidade de ensino na UEA.<\/p>\n<p>&nbsp;<\/p>\n<p>&nbsp;<\/p>\n<p style=\"text-align: left;\"><strong><img decoding=\"async\" loading=\"lazy\" class=\"alignleft wp-image-46738 size-full\" src=\"https:\/\/anprotec.org.br\/site\/wp-content\/uploads\/2024\/01\/7-Foto-Maira-e1704309663868.jpg\" alt=\"\" width=\"113\" height=\"169\" \/><\/strong><\/p>\n<p><strong>Ma\u00edra Nobre de Castro<\/strong> \u2013 Diretora de Redes e Associados<\/p>\n<p><span style=\"font-weight: 400;\">Ma\u00edra Nobre de Castro, com gradua\u00e7\u00e3o em Pedagogia e Mestrado em Avalia\u00e7\u00e3o de Pol\u00edticas P\u00fablicas pela UFC, \u00e9 a atual Coordenadora da Incubadora de Empresas do IFCE. Desde 2010 no IFCE, ela tem ocupado cargos de lideran\u00e7a, incluindo Chefe do Departamento de Rela\u00e7\u00f5es Empresariais e Acad\u00eamica, bem como Diretora Geral do IFCE Campus Aracati. Ma\u00edra \u00e9 conhecida por seu trabalho em empreendedorismo e inova\u00e7\u00e3o, coordenando projetos como &#8220;Pr\u00e1ticas Formativas Empreendedoras&#8221; e &#8220;Economia Solid\u00e1ria&#8221; no IFCE, al\u00e9m de atuar como Multiplicadora do Programa Ela Pode do Instituto Rede Mulher Empreendedora, em parceria com a Google, e integrar o Conselho Superior e Curador do IFCE.<\/span><\/p>\n<p>&nbsp;<\/p>\n<p>&nbsp;<\/p>\n<p style=\"text-align: left;\"><strong><img decoding=\"async\" loading=\"lazy\" class=\"alignleft wp-image-46739 size-full\" src=\"https:\/\/anprotec.org.br\/site\/wp-content\/uploads\/2024\/01\/5-Carlos-e1704309723187.jpg\" alt=\"\" width=\"113\" height=\"169\" \/><\/strong><\/p>\n<p><strong>Carlos Alberto Costa<\/strong> \u2013 Diretor de Administra\u00e7\u00e3o e Finan\u00e7as<\/p>\n<p>Com dezesseis anos de experi\u00eancia em inova\u00e7\u00e3o, Carlos Alberto Costa \u00e9 o Diretor Presidente da AJINTECH, gerenciando o Parque Tecnol\u00f3gico Jata\u00ed e o Centro de Empreendedorismo e Inova\u00e7\u00e3o BEETECH desde 2022. Anteriormente, atuou como Diretor Presidente Executivo da Associa\u00e7\u00e3o Parque Tecnol\u00f3gico Botucatu, e tamb\u00e9m ocupou cargos de lideran\u00e7a na Secretaria de Ci\u00eancia, Tecnologia e Inova\u00e7\u00e3o de Botucatu \u2013 SP, contribuindo significativamente para a implanta\u00e7\u00e3o do Parque Tecnol\u00f3gico Botucatu. Al\u00e9m disso, foi Diretor Presidente da Empresa Municipal Parque Tecnol\u00f3gico Sorocaba (EMPTS), gestora do Parque Tecnol\u00f3gico Sorocaba, e Diretor do Polo de Desenvolvimento e Inova\u00e7\u00e3o (PODI) em Sorocaba \u2013 SP.<\/p>\n<p>&nbsp;<\/p>\n<p>&nbsp;<\/p>\n<p style=\"text-align: left;\"><strong><img decoding=\"async\" loading=\"lazy\" class=\"alignleft wp-image-46740 size-full\" src=\"https:\/\/anprotec.org.br\/site\/wp-content\/uploads\/2024\/01\/8-Foto-Marcelo-e1704309831752.jpeg\" alt=\"\" width=\"113\" height=\"169\" \/><\/strong><\/p>\n<p><strong>Marcelo Nunes da Silva<\/strong> \u2013 Diretor de Empresas<\/p>\n<p><span style=\"font-weight: 400;\">Graduado em Engenharia Florestal pela FAIT, p\u00f3s graduado em Gest\u00e3o Ambiental e Desenvolvimento Sustent\u00e1vel e Gest\u00e3o Estrat\u00e9gica de Projetos, tem uma destacada carreira em gest\u00e3o de ambientes de inova\u00e7\u00e3o. Atualmente \u00e9 Vice Presidente de Neg\u00f3cios do PIT Parque de Inova\u00e7\u00e3o Tecnol\u00f3gica em S\u00e3o Jos\u00e9 dos Campos, especialista em forma\u00e7\u00e3o de Clusters Econ\u00f4micos, tendo como case a forma\u00e7\u00e3o do Cluster Aeroespacial e de Defesa, assim como o Cluster de TIC do PIT, atuou como empreendedor por 23 anos e tamb\u00e9m foi consultor credenciado pelo Sebrae e facilitador do programa EMPRETEC da ONU.<\/span><\/p>\n<p>&nbsp;<\/p>\n<p>&nbsp;<\/p>\n<p style=\"text-align: justify;\"><strong>Confira os integrantes do <a href=\"https:\/\/anprotec.org.br\/site\/sobre\/conselho-consultivo\/\">Conselho Consultivo<\/a><\/strong><\/p>\n<p style=\"text-align: justify;\"><strong>Conhe\u00e7a as <a href=\"https:\/\/anprotec.org.br\/site\/sobre\/diretorias-anteriores\/\">diretorias anteriores<\/a><\/strong><\/p>\n<p>[\/vc_column_text][\/vc_column][\/vc_row]<\/p>\n<\/div>","protected":false},"excerpt":{"rendered":"<p>[vc_row][vc_column][vc_column_text] Gest\u00e3o 2024 \u2013 2025 Adriana Ferreira de Faria \u2013<span class=\"excerpt-hellip\"> [\u2026]<\/span><\/p>\n","protected":false},"author":10,"featured_media":0,"parent":270,"menu_order":1,"comment_status":"open","ping_status":"closed","template":"","meta":{"footnotes":"","_links_to":"","_links_to_target":""},"_links":{"self":[{"href":"https:\/\/anprotec.org.br\/site\/wp-json\/wp\/v2\/pages\/46731"}],"collection":[{"href":"https:\/\/anprotec.org.br\/site\/wp-json\/wp\/v2\/pages"}],"about":[{"href":"https:\/\/anprotec.org.br\/site\/wp-json\/wp\/v2\/types\/page"}],"author":[{"embeddable":true,"href":"https:\/\/anprotec.org.br\/site\/wp-json\/wp\/v2\/users\/10"}],"replies":[{"embeddable":true,"href":"https:\/\/anprotec.org.br\/site\/wp-json\/wp\/v2\/comments?post=46731"}],"version-history":[{"count":2,"href":"https:\/\/anprotec.org.br\/site\/wp-json\/wp\/v2\/pages\/46731\/revisions"}],"predecessor-version":[{"id":47655,"href":"https:\/\/anprotec.org.br\/site\/wp-json\/wp\/v2\/pages\/46731\/revisions\/47655"}],"up":[{"embeddable":true,"href":"https:\/\/anprotec.org.br\/site\/wp-json\/wp\/v2\/pages\/270"}],"wp:attachment":[{"href":"https:\/\/anprotec.org.br\/site\/wp-json\/wp\/v2\/media?parent=46731"}],"curies":[{"name":"wp","href":"https:\/\/api.w.org\/{rel}","templated":true}]}}