{"id":46693,"date":"2023-12-14T09:34:59","date_gmt":"2023-12-14T12:34:59","guid":{"rendered":"https:\/\/anprotec.org.br\/site\/?page_id=46693"},"modified":"2025-02-19T15:16:15","modified_gmt":"2025-02-19T18:16:15","slug":"female-sci-tech-capacity-building-center-brazil","status":"publish","type":"page","link":"https:\/\/anprotec.org.br\/site\/female-sci-tech-capacity-building-center-brazil\/","title":{"rendered":"Female Sci-Tech Capacity Building Center Brazil"},"content":{"rendered":"<div class=\"wpb-content-wrapper\"><p>[vc_row][vc_column][vc_single_image image=&#8221;46695&#8243; img_size=&#8221;full&#8221; alignment=&#8221;center&#8221;][vc_column_text]O Female Sci-Tech Capacity Building Center \u00e9 uma plataforma global de capacita\u00e7\u00e3o para capacitar talentos femininos e discutir solu\u00e7\u00f5es sobre Ci\u00eancia e Tecnologia em todo o mundo. A rede foi iniciada no final de 2021 pela Beijing International Exchange Center. A Diretora de Empresas da Anprotec, Rosana Jamal, que integra o Comit\u00ea do Conselho Internacional do Programa, coordena a iniciativa no Brasil. No \u00e2mbito internacional, a rede \u00e9 composta por\u00a0Nicole Troster, Gerente de Empreendedorismo da Aceleradora ELLA, Slavica Singer, Professora Em\u00e9rito de Empreendedorismo na JJ Strossmayer University em Osijek, Cro\u00e1cia, Sara Medina, Administradora da Sociedade Portuguesa de Inova\u00e7\u00e3o (Enrich) e Jieni Guo, do Beijing International Exchange Association of China.<\/p>\n<p>Os encontros realizados pela rede tem como objetivos:<\/p>\n<p>\u2013 Construir uma rede de talentos femininos coletiva atrav\u00e9s do estabelecimento de grupo de trabalho, de modo a desenhar e implementar estrat\u00e9gias nas \u00e1reas de ci\u00eancia, tecnologia e cultura;<\/p>\n<p>\u2013 Participar na elabora\u00e7\u00e3o e na execu\u00e7\u00e3o de eventos, workshops, palestras, relat\u00f3rios e cursos voltados ao objetivo da iniciativa<\/p>\n<p>\u2013 Acessar redes de contatos de capacita\u00e7\u00e3o e empreendedorismo feminino nacionais e internacionais, para troca de sinergias e aprendizados m\u00fatuos;<\/p>\n<p>\u2013 Acessar stakeholders importantes do ecossistema de inova\u00e7\u00e3o \u2013 mulheres pertencentes a outros ambientes e redes de inova\u00e7\u00e3o.<\/p>\n<p><strong>\u00daltima not\u00edcias do projeto:<\/strong><\/p>\n<ul>\n<li>\u00a0Mulheres impulsionam a inova\u00e7\u00e3o: 1st Global Female Sci-Tech Sessions promove reflex\u00f5es e a\u00e7\u00f5es transformadoras &#8211; <a href=\"https:\/\/anprotec.org.br\/conferencia2024\/mulheres-impulsionam-a-inovacao-1st-global-female-sci-tech-sessions-promove-reflexoes-e-acoes-transformadoras\/\">acesse aqui<\/a><\/li>\n<\/ul>\n<p>Para saber mais sobre o Female Sci-Tech Capacity Building Center, acesse <a href=\"https:\/\/www.scitechwomen.com\/\" target=\"_blank\" rel=\"noopener\">https:\/\/www.scitechwomen.com\/<\/a>[\/vc_column_text][\/vc_column][\/vc_row]<\/p>\n<\/div>","protected":false},"excerpt":{"rendered":"<p>[vc_row][vc_column][vc_single_image image=&#8221;46695&#8243; img_size=&#8221;full&#8221; alignment=&#8221;center&#8221;][vc_column_text]O Female Sci-Tech Capacity Building Center \u00e9<span class=\"excerpt-hellip\"> [\u2026]<\/span><\/p>\n","protected":false},"author":8,"featured_media":0,"parent":0,"menu_order":0,"comment_status":"closed","ping_status":"closed","template":"","meta":{"footnotes":"","_links_to":"","_links_to_target":""},"_links":{"self":[{"href":"https:\/\/anprotec.org.br\/site\/wp-json\/wp\/v2\/pages\/46693"}],"collection":[{"href":"https:\/\/anprotec.org.br\/site\/wp-json\/wp\/v2\/pages"}],"about":[{"href":"https:\/\/anprotec.org.br\/site\/wp-json\/wp\/v2\/types\/page"}],"author":[{"embeddable":true,"href":"https:\/\/anprotec.org.br\/site\/wp-json\/wp\/v2\/users\/8"}],"replies":[{"embeddable":true,"href":"https:\/\/anprotec.org.br\/site\/wp-json\/wp\/v2\/comments?post=46693"}],"version-history":[{"count":2,"href":"https:\/\/anprotec.org.br\/site\/wp-json\/wp\/v2\/pages\/46693\/revisions"}],"predecessor-version":[{"id":49224,"href":"https:\/\/anprotec.org.br\/site\/wp-json\/wp\/v2\/pages\/46693\/revisions\/49224"}],"wp:attachment":[{"href":"https:\/\/anprotec.org.br\/site\/wp-json\/wp\/v2\/media?parent=46693"}],"curies":[{"name":"wp","href":"https:\/\/api.w.org\/{rel}","templated":true}]}}