{"id":40856,"date":"2022-03-30T11:14:15","date_gmt":"2022-03-30T14:14:15","guid":{"rendered":"https:\/\/anprotec.org.br\/site\/?page_id=40856"},"modified":"2022-03-30T11:14:15","modified_gmt":"2022-03-30T14:14:15","slug":"incubacao-cruzada","status":"publish","type":"page","link":"https:\/\/anprotec.org.br\/site\/projetos\/incubacao-cruzada\/","title":{"rendered":"Programa de Incuba\u00e7\u00e3o Cruzada"},"content":{"rendered":"<div class=\"wpb-content-wrapper\"><p>[vc_row][vc_column][vc_column_text css=&#8221;.vc_custom_1648648351724{margin-top: 30px !important;}&#8221;]<\/p>\n<h2 style=\"text-align: center\"><strong>PROGRAMA DE INCUBA\u00c7\u00c3O CRUZADA<\/strong><\/h2>\n<p>&nbsp;<\/p>\n<h2 style=\"text-align: left\"><strong>O que \u00e9 o programa?<\/strong><\/h2>\n<p>O Programa de Incuba\u00e7\u00e3o Cruzada consiste em um interc\u00e2mbio em que empreendimentos inovadores do Brasil participam de uma agenda executiva em outros pa\u00edses, que posteriormente visitam o ecossistema de inova\u00e7\u00e3o brasileiro. Primeiramente, o programa era realizado apenas de maneira presencial, por\u00e9m, em decorr\u00eancia da pandemia de Covid-19, passou a contar tamb\u00e9m com um formato virtual.<\/p>\n<p>O conte\u00fado e objetivo do programa inclui oferecer aos empreendimentos brasileiros contato privilegiado com ambientes de inova\u00e7\u00e3o de outros pa\u00edses, com uma agenda de atividades intensa com sess\u00f5es preparat\u00f3rias sobre acesso a mercado, capacita\u00e7\u00f5es t\u00e9cnicas, semin\u00e1rios sobre o ecossistema de inova\u00e7\u00e3o, mentorias e outras a\u00e7\u00f5es.[\/vc_column_text][\/vc_column][\/vc_row][vc_row][vc_column width=&#8221;1\/6&#8243;][\/vc_column][vc_column width=&#8221;1\/6&#8243;][\/vc_column][\/vc_row][vc_row full_width=&#8221;stretch_row&#8221; css=&#8221;.vc_custom_1559051856407{margin-top: 40px !important;background-color: #efefef !important;}&#8221;][vc_column css=&#8221;.vc_custom_1559055721738{margin-top: 20px !important;margin-bottom: 20px !important;}&#8221;][vc_column_text]<\/p>\n<h2 style=\"text-align: center\"><strong>\u00daLTIMAS EDI\u00c7\u00d5ES<\/strong><\/h2>\n<p>[\/vc_column_text][\/vc_column][\/vc_row][vc_row full_width=&#8221;stretch_row&#8221; css=&#8221;.vc_custom_1559051856407{margin-top: 40px !important;background-color: #efefef !important;}&#8221;][vc_column width=&#8221;1\/3&#8243; css=&#8221;.vc_custom_1559055721738{margin-top: 20px !important;margin-bottom: 20px !important;}&#8221;][vc_column_text]<\/p>\n<p style=\"text-align: center\"><strong>2020: Incuba\u00e7\u00e3o Cruzada Brasil-Londres<\/strong><\/p>\n<p style=\"text-align: center\"><strong><a href=\"https:\/\/anprotec.org.br\/site\/2020\/06\/programa-de-incubacao-brasil-londres-abre-chamada-para-startups-brasileiras-nas-areas-de-saude-e-engenharia\/\"><img decoding=\"async\" loading=\"lazy\" class=\"alignnone wp-image-40859\" src=\"https:\/\/anprotec.org.br\/site\/wp-content\/uploads\/2022\/03\/LONDRS.jpeg\" alt=\"\" width=\"300\" height=\"300\" srcset=\"https:\/\/anprotec.org.br\/site\/wp-content\/uploads\/2022\/03\/LONDRS.jpeg 1024w, https:\/\/anprotec.org.br\/site\/wp-content\/uploads\/2022\/03\/LONDRS-300x300.jpeg 300w, https:\/\/anprotec.org.br\/site\/wp-content\/uploads\/2022\/03\/LONDRS-768x768.jpeg 768w, https:\/\/anprotec.org.br\/site\/wp-content\/uploads\/2022\/03\/LONDRS-146x146.jpeg 146w, https:\/\/anprotec.org.br\/site\/wp-content\/uploads\/2022\/03\/LONDRS-50x50.jpeg 50w, https:\/\/anprotec.org.br\/site\/wp-content\/uploads\/2022\/03\/LONDRS-75x75.jpeg 75w, https:\/\/anprotec.org.br\/site\/wp-content\/uploads\/2022\/03\/LONDRS-85x85.jpeg 85w, https:\/\/anprotec.org.br\/site\/wp-content\/uploads\/2022\/03\/LONDRS-80x80.jpeg 80w\" sizes=\"(max-width: 300px) 100vw, 300px\" \/><\/a><\/strong><\/p>\n<p>[\/vc_column_text][\/vc_column][vc_column width=&#8221;1\/3&#8243;][vc_column_text]<\/p>\n<p style=\"text-align: center\"><strong><br \/>\n2021: Incuba\u00e7\u00e3o Cruzada Brasil-\u00c1frica do Sul<\/strong><\/p>\n<p style=\"text-align: center\"><strong><a href=\"https:\/\/anprotec.org.br\/site\/2021\/05\/programa-de-incubacao-cruzada-virtual-de-startups-brasil-africa-do-sul-na-area-de-agritech-abre-chamada-para-envio-de-propostas\/\"><img decoding=\"async\" loading=\"lazy\" class=\"aligncenter wp-image-40860\" src=\"https:\/\/anprotec.org.br\/site\/wp-content\/uploads\/2022\/03\/A\u0301frica.jpeg\" alt=\"\" width=\"300\" height=\"301\" srcset=\"https:\/\/anprotec.org.br\/site\/wp-content\/uploads\/2022\/03\/A\u0301frica.jpeg 1021w, https:\/\/anprotec.org.br\/site\/wp-content\/uploads\/2022\/03\/A\u0301frica-300x300.jpeg 300w, https:\/\/anprotec.org.br\/site\/wp-content\/uploads\/2022\/03\/A\u0301frica-768x770.jpeg 768w, https:\/\/anprotec.org.br\/site\/wp-content\/uploads\/2022\/03\/A\u0301frica-146x146.jpeg 146w, https:\/\/anprotec.org.br\/site\/wp-content\/uploads\/2022\/03\/A\u0301frica-50x50.jpeg 50w, https:\/\/anprotec.org.br\/site\/wp-content\/uploads\/2022\/03\/A\u0301frica-75x75.jpeg 75w, https:\/\/anprotec.org.br\/site\/wp-content\/uploads\/2022\/03\/A\u0301frica-85x85.jpeg 85w, https:\/\/anprotec.org.br\/site\/wp-content\/uploads\/2022\/03\/A\u0301frica-80x80.jpeg 80w\" sizes=\"(max-width: 300px) 100vw, 300px\" \/><\/a><\/strong><\/p>\n<p>[\/vc_column_text][\/vc_column][vc_column width=&#8221;1\/3&#8243;][vc_column_text]<\/p>\n<p style=\"text-align: center\"><strong><br \/>\n2021:<\/strong> <strong>Incuba\u00e7\u00e3o Cruzada Brasil-\u00cdndia<\/strong><\/p>\n<p><a href=\"https:\/\/anprotec.org.br\/site\/2020\/02\/confira-as-incubadoras-selecionadas-para-apoiar-as-agritechs-indianas-no-brasil\/\"><img decoding=\"async\" loading=\"lazy\" class=\"aligncenter wp-image-40861\" src=\"https:\/\/anprotec.org.br\/site\/wp-content\/uploads\/2022\/03\/India.jpeg\" alt=\"\" width=\"293\" height=\"293\" srcset=\"https:\/\/anprotec.org.br\/site\/wp-content\/uploads\/2022\/03\/India.jpeg 800w, https:\/\/anprotec.org.br\/site\/wp-content\/uploads\/2022\/03\/India-300x300.jpeg 300w, https:\/\/anprotec.org.br\/site\/wp-content\/uploads\/2022\/03\/India-768x768.jpeg 768w, https:\/\/anprotec.org.br\/site\/wp-content\/uploads\/2022\/03\/India-146x146.jpeg 146w, https:\/\/anprotec.org.br\/site\/wp-content\/uploads\/2022\/03\/India-50x50.jpeg 50w, https:\/\/anprotec.org.br\/site\/wp-content\/uploads\/2022\/03\/India-75x75.jpeg 75w, https:\/\/anprotec.org.br\/site\/wp-content\/uploads\/2022\/03\/India-85x85.jpeg 85w, https:\/\/anprotec.org.br\/site\/wp-content\/uploads\/2022\/03\/India-80x80.jpeg 80w\" sizes=\"(max-width: 293px) 100vw, 293px\" \/><\/a>[\/vc_column_text][\/vc_column][\/vc_row][vc_row full_width=&#8221;stretch_row_content_no_spaces&#8221; disable_element=&#8221;yes&#8221; css=&#8221;.vc_custom_1523305531736{margin-top: 0px !important;margin-right: 0px !important;margin-bottom: 0px !important;margin-left: 0px !important;border-top-width: 0px !important;border-right-width: 0px !important;border-bottom-width: 0px !important;border-left-width: 0px !important;padding-top: 0px !important;padding-right: 0px !important;padding-bottom: 0px !important;padding-left: 0px !important;}&#8221;][vc_column][\/vc_column][\/vc_row]<\/p>\n<\/div>","protected":false},"excerpt":{"rendered":"<p>[vc_row][vc_column][vc_column_text css=&#8221;.vc_custom_1648648351724{margin-top: 30px !important;}&#8221;] PROGRAMA DE INCUBA\u00c7\u00c3O CRUZADA &nbsp; O<span class=\"excerpt-hellip\"> [\u2026]<\/span><\/p>\n","protected":false},"author":8,"featured_media":31391,"parent":23401,"menu_order":0,"comment_status":"closed","ping_status":"open","template":"","meta":{"footnotes":"","_links_to":"","_links_to_target":""},"_links":{"self":[{"href":"https:\/\/anprotec.org.br\/site\/wp-json\/wp\/v2\/pages\/40856"}],"collection":[{"href":"https:\/\/anprotec.org.br\/site\/wp-json\/wp\/v2\/pages"}],"about":[{"href":"https:\/\/anprotec.org.br\/site\/wp-json\/wp\/v2\/types\/page"}],"author":[{"embeddable":true,"href":"https:\/\/anprotec.org.br\/site\/wp-json\/wp\/v2\/users\/8"}],"replies":[{"embeddable":true,"href":"https:\/\/anprotec.org.br\/site\/wp-json\/wp\/v2\/comments?post=40856"}],"version-history":[{"count":2,"href":"https:\/\/anprotec.org.br\/site\/wp-json\/wp\/v2\/pages\/40856\/revisions"}],"predecessor-version":[{"id":40867,"href":"https:\/\/anprotec.org.br\/site\/wp-json\/wp\/v2\/pages\/40856\/revisions\/40867"}],"up":[{"embeddable":true,"href":"https:\/\/anprotec.org.br\/site\/wp-json\/wp\/v2\/pages\/23401"}],"wp:featuredmedia":[{"embeddable":true,"href":"https:\/\/anprotec.org.br\/site\/wp-json\/wp\/v2\/media\/31391"}],"wp:attachment":[{"href":"https:\/\/anprotec.org.br\/site\/wp-json\/wp\/v2\/media?parent=40856"}],"curies":[{"name":"wp","href":"https:\/\/api.w.org\/{rel}","templated":true}]}}