{"id":40602,"date":"2022-02-24T15:36:30","date_gmt":"2022-02-24T18:36:30","guid":{"rendered":"https:\/\/anprotec.org.br\/site\/?page_id=40602"},"modified":"2022-03-04T08:55:47","modified_gmt":"2022-03-04T11:55:47","slug":"anprotec-prospecta","status":"publish","type":"page","link":"https:\/\/anprotec.org.br\/site\/anprotec-prospecta\/","title":{"rendered":"Anprotec Prospecta"},"content":{"rendered":"<div class=\"wpb-content-wrapper\"><p>[vc_row][vc_column][vc_column_text]<\/p>\n<h4><b><img decoding=\"async\" loading=\"lazy\" class=\"alignleft\" src=\"https:\/\/anprotec.org.br\/site\/wp-content\/uploads\/2022\/02\/Prospecta1.png\" alt=\"\" width=\"370\" height=\"235\" \/>O Programa<\/b><\/h4>\n<p>O Anprotec Prospecta \u00e9 uma ferramenta de suporte aos programas de inova\u00e7\u00e3o aberta que trabalha na identifica\u00e7\u00e3o de tecnologias ou potenciais atores capazes de desenvolver a solu\u00e7\u00e3o necess\u00e1ria para resolver um problema espec\u00edfico de uma empresa ou organiza\u00e7\u00e3o.<\/p>\n<p>O programa foi criado com a finalidade de responder aos desafios tecnol\u00f3gicos e de neg\u00f3cios de empresas e organiza\u00e7\u00f5es parceiras da Anprotec atrav\u00e9s de inova\u00e7\u00e3o aberta. Mapear de modo sistematizado ativos tecnol\u00f3gicos e atores estrat\u00e9gicos interconectados \u00e0 rede de inova\u00e7\u00e3o Anprotec.<\/p>\n<p>Otimizar os ciclos de execu\u00e7\u00e3o de desafios tecnol\u00f3gicos, potencializando processos de prospec\u00e7\u00e3o e sele\u00e7\u00e3o de projetos inovadores. Priorizar acesso dos parceiros a estoques de pesquisadores, startups e comunidades empreendedoras dispon\u00edveis em parques tecnol\u00f3gicos, incubadoras de empresas e aceleradoras de neg\u00f3cios associadas \u00e0 Anprotec.<\/p>\n<h4><b>Como funciona<\/b><\/h4>\n<p>Uma vez que a empresa ou organiza\u00e7\u00e3o parceira identifique e especifique os desafios que deseja resolver com base em oportunidades e problemas do seu neg\u00f3cio, a Anprotec ativa sua rede com base no escopo definido a fim de prospectar tecnologias ou atores com potencial para atuar na resolu\u00e7\u00e3o destes desafios.<\/p>\n<p>Uma vez mapeados e selecionados, esses atores s\u00e3o conectados com os gestores da organiza\u00e7\u00e3o parceira para que se inicie o processo de negocia\u00e7\u00e3o para aquisi\u00e7\u00e3o ou desenvolvimento tecnol\u00f3gico.<\/p>\n<p>O Anprotec Prospecta funcionar\u00e1 com fluxo cont\u00ednuo durante a vig\u00eancia da parceria, m\u00eddia integrada para comunica\u00e7\u00e3o e dissemina\u00e7\u00e3o do desafio aos ambientes de inova\u00e7\u00e3o de todo o pa\u00eds. Oferecer\u00e1 uma plataforma digital para estrutura\u00e7\u00e3o, execu\u00e7\u00e3o e gest\u00e3o do desafio tecnol\u00f3gico atrav\u00e9s da plataforma World Labs. Al\u00e9m da ativa\u00e7\u00e3o de redes de inova\u00e7\u00e3o atrav\u00e9s da mobiliza\u00e7\u00e3o ativa de ecossistemas regionais e redes especializadas por \u00e1rea inovativa.<\/p>\n<p>Para isso, a Anprotec utilizar\u00e1 uma equipe t\u00e9cnica especializada para ativar sua rede de pesquisa e desenvolvimento atrav\u00e9s de plataforma tecnol\u00f3gica que cont\u00e9m os principais dados e informa\u00e7\u00f5es sobre ativos tecnol\u00f3gicos.<\/p>\n<h4><b>Mecanismo de Opera\u00e7\u00e3o<\/b><\/h4>\n<p>O Programa prev\u00ea a prospec\u00e7\u00e3o em regime de FLUXO CONT\u00cdNUO de ativos (propriedade intelectual e projetos relevantes ) e atores (universidades, centros de pesquisa, incubadoras, aceleradoras, startups, etc):<\/p>\n<h5><b>\u00a0&#8211; Escala nacional:<\/b> cobertura de todas as unidades da federa\u00e7\u00e3o brasileira.<\/h5>\n<p><img decoding=\"async\" loading=\"lazy\" class=\"aligncenter\" src=\"https:\/\/anprotec.org.br\/site\/wp-content\/uploads\/2022\/02\/FG1-1024x575.png\" alt=\"\" width=\"1024\" height=\"575\" \/><\/p>\n<h5><b>\u00a0&#8211; Escala internacional:<\/b> opcionalmente o programa poder\u00e1 estender o processo prospec\u00e7\u00e3o a parceiros externos em parceria com a IASP.<\/h5>\n<p><img decoding=\"async\" loading=\"lazy\" class=\"aligncenter\" src=\"https:\/\/anprotec.org.br\/site\/wp-content\/uploads\/2022\/02\/FG2-1024x574.png\" alt=\"\" width=\"1024\" height=\"574\" \/><\/p>\n<p>[\/vc_column_text][\/vc_column][\/vc_row][vc_row][vc_column width=&#8221;1\/2&#8243;][vc_column_text]<\/p>\n<h4><b>A\u00e7\u00f5es que ser\u00e3o realizadas pela ANPROTEC:<\/b><\/h4>\n<ul>\n<li>Suporte \u00e0 especifica\u00e7\u00e3o de desafios tecnol\u00f3gicos;<\/li>\n<\/ul>\n<ul>\n<li>Suporte \u00e0 organiza\u00e7\u00e3o e execu\u00e7\u00e3o de a\u00e7\u00f5es de comunica\u00e7\u00e3o;<\/li>\n<\/ul>\n<ul>\n<li>Publica\u00e7\u00e3o do desafio no portal da Anprotec<\/li>\n<\/ul>\n<ul>\n<li>Execu\u00e7\u00e3o da chamada em n\u00edvel nacional;<\/li>\n<\/ul>\n<ul>\n<li>Execu\u00e7\u00e3o da chamada em n\u00edvel internacional (opcional);<\/li>\n<\/ul>\n<ul>\n<li>Mapeamento digital de propostas e proponentes;<\/li>\n<\/ul>\n<ul>\n<li>Curadoria de proponentes e propostas de projetos;<\/li>\n<\/ul>\n<p>[\/vc_column_text][\/vc_column][vc_column width=&#8221;1\/2&#8243;][vc_column_text]<\/p>\n<h4><b>A\u00e7\u00f5es que ser\u00e3o realizadas pela entidade PARCEIRA:<\/b><\/h4>\n<ul>\n<li>Defini\u00e7\u00e3o das \u00e1reas de desafios priorit\u00e1rias e sub\u00e1reas;<\/li>\n<\/ul>\n<ul>\n<li>Especifica\u00e7\u00e3o t\u00e9cnica \/ mercadol\u00f3gica do Desafio, apoiada pela Anprotec;<\/li>\n<\/ul>\n<ul>\n<li>Execu\u00e7\u00e3o de Webinars de candidatos \/ integra\u00e7\u00e3o ecossistema<\/li>\n<\/ul>\n<ul>\n<li>Gera\u00e7\u00e3o de plano de benef\u00edcios ao(s) candidato (s) selecionado(s);<\/li>\n<\/ul>\n<ul>\n<li>Avalia\u00e7\u00e3o de propostas \/ tecnologias submetidas nas inscri\u00e7\u00f5es;<\/li>\n<\/ul>\n<ul>\n<li>Feedback a candidatos n\u00e3o selecionados<\/li>\n<\/ul>\n<p>[\/vc_column_text][\/vc_column][\/vc_row][vc_row][vc_column][vc_empty_space][vc_cta h2=&#8221;Saiba mais sobre o Anprotec Prospecta&#8221; txt_align=&#8221;center&#8221; style=&#8221;outline&#8221; color=&#8221;orange&#8221; add_button=&#8221;bottom&#8221; btn_title=&#8221;Confira&#8221; btn_color=&#8221;orange&#8221; btn_align=&#8221;center&#8221; btn_link=&#8221;url:https%3A%2F%2Fanprotec.org.br%2Fsite%2Fwp-content%2Fuploads%2F2022%2F03%2FProspecta.pdf|||&#8221;]Clique no bot\u00e3o abaixo para mais informa\u00e7\u00f5es.[\/vc_cta][\/vc_column][\/vc_row]<\/p>\n<\/div>","protected":false},"excerpt":{"rendered":"<p>[vc_row][vc_column][vc_column_text] O Programa O Anprotec Prospecta \u00e9 uma ferramenta de<span class=\"excerpt-hellip\"> [\u2026]<\/span><\/p>\n","protected":false},"author":8,"featured_media":0,"parent":0,"menu_order":0,"comment_status":"closed","ping_status":"closed","template":"","meta":{"footnotes":"","_links_to":"","_links_to_target":""},"_links":{"self":[{"href":"https:\/\/anprotec.org.br\/site\/wp-json\/wp\/v2\/pages\/40602"}],"collection":[{"href":"https:\/\/anprotec.org.br\/site\/wp-json\/wp\/v2\/pages"}],"about":[{"href":"https:\/\/anprotec.org.br\/site\/wp-json\/wp\/v2\/types\/page"}],"author":[{"embeddable":true,"href":"https:\/\/anprotec.org.br\/site\/wp-json\/wp\/v2\/users\/8"}],"replies":[{"embeddable":true,"href":"https:\/\/anprotec.org.br\/site\/wp-json\/wp\/v2\/comments?post=40602"}],"version-history":[{"count":3,"href":"https:\/\/anprotec.org.br\/site\/wp-json\/wp\/v2\/pages\/40602\/revisions"}],"predecessor-version":[{"id":40647,"href":"https:\/\/anprotec.org.br\/site\/wp-json\/wp\/v2\/pages\/40602\/revisions\/40647"}],"wp:attachment":[{"href":"https:\/\/anprotec.org.br\/site\/wp-json\/wp\/v2\/media?parent=40602"}],"curies":[{"name":"wp","href":"https:\/\/api.w.org\/{rel}","templated":true}]}}