{"id":39581,"date":"2022-01-13T13:58:02","date_gmt":"2022-01-13T16:58:02","guid":{"rendered":"https:\/\/anprotec.org.br\/site\/?page_id=39581"},"modified":"2025-11-24T14:07:16","modified_gmt":"2025-11-24T17:07:16","slug":"anais-conferencia-anprotec","status":"publish","type":"page","link":"https:\/\/anprotec.org.br\/site\/publicacoes-anprotec\/anais-conferencia-anprotec\/","title":{"rendered":"Anais Confer\u00eancia Anprotec"},"content":{"rendered":"<div class=\"wp-block-image\">\n<div class=\"wp-block-image\"><img decoding=\"async\" loading=\"lazy\" class=\"wpa-warning wpa-image-missing-alt alignleft wp-image-61170 size-full\" src=\"https:\/\/anprotec.org.br\/site\/wp-content\/uploads\/2025\/11\/Captura-de-tela-2025-11-24-140302-e1764003826158.png\" alt=\"\" width=\"145\" height=\"207\" data-warning=\"Missing alt text\" \/><\/div>\n<p><span class=\"bx-messenger-content-item-content\"><span class=\"bx-messenger-content-item-text-center\"><span class=\"bx-messenger-content-item-text-message\"><span class=\"bx-messenger-content-item-text-wrap \"><span id=\"im-message-646462\" class=\"bx-messenger-message\"><strong>Confer\u00eancia Anprotec 2025<\/strong><\/span><\/span><\/span><\/span><\/span><\/p>\n<\/div>\n<p>\u201cEcossistemas Colaborativos e Integrados ao Sistema Global\u201d<\/p>\n<p>Veja o PDF na \u00edntegra <a href=\"https:\/\/informativo.anprotec.org.br\/anais-35-conferencia-anprotec\">aqui<\/a><\/p>\n<div class=\"bx-messenger-content-item bx-messenger-content-item-id-646462 bx-messenger-content-item-2 \" data-type=\"other\" data-senderid=\"178\" data-messagedate=\"Wed Feb 05 2025 15:39:33 GMT-0300 (Hor\u00e1rio Padr\u00e3o de Bras\u00edlia)\" data-messageid=\"646462\" data-blockmessageid=\"646462\">\n<p>&nbsp;<\/p>\n<\/div>\n<p>&nbsp;<\/p>\n<p>&nbsp;<\/p>\n<p>&nbsp;<\/p>\n<div class=\"bx-messenger-content-item bx-messenger-content-item-id-646462 bx-messenger-content-item-2 \" data-type=\"other\" data-senderid=\"178\" data-messagedate=\"Wed Feb 05 2025 15:39:33 GMT-0300 (Hor\u00e1rio Padr\u00e3o de Bras\u00edlia)\" data-messageid=\"646462\" data-blockmessageid=\"646462\">\n<div class=\"wp-block-image\">\n<div class=\"wp-block-image\"><img decoding=\"async\" loading=\"lazy\" class=\"wpa-warning wpa-image-missing-alt alignleft wp-image-61169 size-full\" src=\"https:\/\/anprotec.org.br\/site\/wp-content\/uploads\/2025\/11\/7d8f26a8d1ebaa0403eb403da622ff6b-e1764003137634.jpg\" alt=\"\" width=\"145\" height=\"206\" data-warning=\"Missing alt text\" \/><\/div>\n<p><span class=\"bx-messenger-content-item-content\"><span class=\"bx-messenger-content-item-text-center\"><span class=\"bx-messenger-content-item-text-message\"><span class=\"bx-messenger-content-item-text-wrap \"><span id=\"im-message-646462\" class=\"bx-messenger-message\"><strong>Confer\u00eancia Anprotec 2024<\/strong><\/span><\/span><\/span><\/span><\/span><\/p>\n<\/div>\n<p>\u201cOs Ambientes de Inova\u00e7\u00e3o Transformando os Territ\u00f3rios e as Cidades\u201d<\/p>\n<p>Veja o PDF na \u00edntegra <a href=\"https:\/\/informativo.anprotec.org.br\/anais-34-conferencia-anprotec\">aqui<\/a><\/p>\n<div id=\"im-message-keyboard-empty-646462\"><\/div>\n<\/div>\n<div class=\"bx-messenger-content-item bx-messenger-content-item-id-646464 bx-messenger-content-item-2 \" data-type=\"other\" data-senderid=\"178\" data-messagedate=\"Wed Feb 05 2025 15:40:27 GMT-0300 (Hor\u00e1rio Padr\u00e3o de Bras\u00edlia)\" data-messageid=\"646464\" data-blockmessageid=\"646464\"><\/div>\n<p>&nbsp;<\/p>\n<h5><\/h5>\n<p>&nbsp;<\/p>\n<p>&nbsp;<\/p>\n<p>&nbsp;<\/p>\n<h5><a href=\"https:\/\/informativo.anprotec.org.br\/anais-33-conferencia-anprotec\"><img decoding=\"async\" loading=\"lazy\" class=\"alignleft wp-image-47822\" src=\"https:\/\/anprotec.org.br\/site\/wp-content\/uploads\/2024\/05\/anais-724x1024.png\" alt=\"\" width=\"145\" height=\"205\" srcset=\"https:\/\/anprotec.org.br\/site\/wp-content\/uploads\/2024\/05\/anais-724x1024.png 724w, https:\/\/anprotec.org.br\/site\/wp-content\/uploads\/2024\/05\/anais-212x300.png 212w, https:\/\/anprotec.org.br\/site\/wp-content\/uploads\/2024\/05\/anais-103x146.png 103w, https:\/\/anprotec.org.br\/site\/wp-content\/uploads\/2024\/05\/anais-35x50.png 35w, https:\/\/anprotec.org.br\/site\/wp-content\/uploads\/2024\/05\/anais-53x75.png 53w, https:\/\/anprotec.org.br\/site\/wp-content\/uploads\/2024\/05\/anais.png 744w\" sizes=\"(max-width: 145px) 100vw, 145px\" \/><\/a><strong>Confer\u00eancia Anprotec 2023<\/strong><\/h5>\n<p>&#8220;Inova\u00e7\u00e3o &amp; Sociedade&#8221;<\/p>\n<p>Veja o PDF na \u00edntegra <a href=\"https:\/\/informativo.anprotec.org.br\/anais-33-conferencia-anprotec\" target=\"_blank\" rel=\"noopener noreferrer\">aqui<\/a><\/p>\n<p>&nbsp;<\/p>\n<p>&nbsp;<\/p>\n<p>&nbsp;<\/p>\n<p>&nbsp;<\/p>\n<h5><a href=\"https:\/\/informativo.anprotec.org.br\/trabalhos-apresentados-na-32-conferencia-anprotec\"><img decoding=\"async\" loading=\"lazy\" class=\"alignleft wp-image-45533\" src=\"https:\/\/anprotec.org.br\/site\/wp-content\/uploads\/2023\/07\/Anais.png\" alt=\"\" width=\"147\" height=\"209\" srcset=\"https:\/\/anprotec.org.br\/site\/wp-content\/uploads\/2023\/07\/Anais.png 634w, https:\/\/anprotec.org.br\/site\/wp-content\/uploads\/2023\/07\/Anais-212x300.png 212w, https:\/\/anprotec.org.br\/site\/wp-content\/uploads\/2023\/07\/Anais-103x146.png 103w, https:\/\/anprotec.org.br\/site\/wp-content\/uploads\/2023\/07\/Anais-35x50.png 35w, https:\/\/anprotec.org.br\/site\/wp-content\/uploads\/2023\/07\/Anais-53x75.png 53w\" sizes=\"(max-width: 147px) 100vw, 147px\" \/><\/a><strong>Confer\u00eancia Anprotec 2022<\/strong><\/h5>\n<p>&#8220;200 Anos de Independ\u00eancia: Inova\u00e7\u00e3o e Tecnologia do Brasil&#8221;<\/p>\n<p>Veja o PDF na \u00edntegra <a href=\"https:\/\/informativo.anprotec.org.br\/trabalhos-apresentados-na-32-conferencia-anprotec\" target=\"_blank\" rel=\"noopener noreferrer\">aqui<\/a><\/p>\n<p>&nbsp;<\/p>\n<p>&nbsp;<\/p>\n<p>&nbsp;<\/p>\n<p>&nbsp;<\/p>\n<h5><a href=\"https:\/\/informativo.anprotec.org.br\/conferencia-2021\"><img decoding=\"async\" loading=\"lazy\" class=\"alignleft wp-image-39600\" src=\"https:\/\/anprotec.org.br\/site\/wp-content\/uploads\/2022\/01\/Conf2021.png\" alt=\"\" width=\"145\" height=\"205\" srcset=\"https:\/\/anprotec.org.br\/site\/wp-content\/uploads\/2022\/01\/Conf2021.png 525w, https:\/\/anprotec.org.br\/site\/wp-content\/uploads\/2022\/01\/Conf2021-212x300.png 212w, https:\/\/anprotec.org.br\/site\/wp-content\/uploads\/2022\/01\/Conf2021-103x146.png 103w, https:\/\/anprotec.org.br\/site\/wp-content\/uploads\/2022\/01\/Conf2021-35x50.png 35w, https:\/\/anprotec.org.br\/site\/wp-content\/uploads\/2022\/01\/Conf2021-53x75.png 53w\" sizes=\"(max-width: 145px) 100vw, 145px\" \/><\/a><strong>Confer\u00eancia Anprotec 2021<\/strong><\/h5>\n<p>&#8220;The Great Reset: A redefini\u00e7\u00e3o dos Ambientes de Inova\u00e7\u00e3o&#8221;<\/p>\n<p>Veja o PDF na \u00edntegra <a href=\"https:\/\/informativo.anprotec.org.br\/conferencia-2021\" target=\"_blank\" rel=\"noopener noreferrer\">aqui<\/a><\/p>\n<p>&nbsp;<\/p>\n<p>&nbsp;<\/p>\n<p>&nbsp;<\/p>\n<p>&nbsp;<\/p>\n<p><a href=\"https:\/\/informativo.anprotec.org.br\/anais_chamadadetrabalhos_anprotec2020\"><img decoding=\"async\" loading=\"lazy\" class=\"alignleft wp-image-39582\" src=\"https:\/\/anprotec.org.br\/site\/wp-content\/uploads\/2022\/01\/procedings2020.png\" alt=\"\" width=\"151\" height=\"215\" srcset=\"https:\/\/anprotec.org.br\/site\/wp-content\/uploads\/2022\/01\/procedings2020.png 523w, https:\/\/anprotec.org.br\/site\/wp-content\/uploads\/2022\/01\/procedings2020-210x300.png 210w, https:\/\/anprotec.org.br\/site\/wp-content\/uploads\/2022\/01\/procedings2020-102x146.png 102w, https:\/\/anprotec.org.br\/site\/wp-content\/uploads\/2022\/01\/procedings2020-35x50.png 35w, https:\/\/anprotec.org.br\/site\/wp-content\/uploads\/2022\/01\/procedings2020-53x75.png 53w\" sizes=\"(max-width: 151px) 100vw, 151px\" \/><\/a><\/p>\n<h5><strong>Confer\u00eancia Anprotec 2020<\/strong><\/h5>\n<p>&#8220;Ambientes de Inova\u00e7\u00e3o 4.0: Desafios e Oportunidades na Nova Din\u00e2mica Global&#8221;<\/p>\n<p>Veja o PDF na \u00edntegra <a href=\"https:\/\/informativo.anprotec.org.br\/anais_chamadadetrabalhos_anprotec2020\" target=\"_blank\" rel=\"noopener noreferrer\">aqui<\/a><\/p>\n<p>&nbsp;<\/p>\n<p>&nbsp;<\/p>\n<p>&nbsp;<\/p>\n<p>&nbsp;<\/p>\n<h5><a href=\"https:\/\/informativo.anprotec.org.br\/resultado-final-da-chamada-de-trabalho-anprotec-2019\"><img decoding=\"async\" loading=\"lazy\" class=\"alignleft wp-image-39583\" src=\"https:\/\/anprotec.org.br\/site\/wp-content\/uploads\/2022\/01\/Proceedings-2019.png\" alt=\"\" width=\"152\" height=\"215\" srcset=\"https:\/\/anprotec.org.br\/site\/wp-content\/uploads\/2022\/01\/Proceedings-2019.png 527w, https:\/\/anprotec.org.br\/site\/wp-content\/uploads\/2022\/01\/Proceedings-2019-212x300.png 212w, https:\/\/anprotec.org.br\/site\/wp-content\/uploads\/2022\/01\/Proceedings-2019-103x146.png 103w, https:\/\/anprotec.org.br\/site\/wp-content\/uploads\/2022\/01\/Proceedings-2019-35x50.png 35w, https:\/\/anprotec.org.br\/site\/wp-content\/uploads\/2022\/01\/Proceedings-2019-53x75.png 53w\" sizes=\"(max-width: 152px) 100vw, 152px\" \/><\/a><strong>Confer\u00eancia Anprotec 2019<\/strong><\/h5>\n<p>&#8220;O futuro dos Ambientes de Inova\u00e7\u00e3o&#8221;<\/p>\n<p>Veja o PDF na \u00edntegra <a href=\"https:\/\/informativo.anprotec.org.br\/resultado-final-da-chamada-de-trabalho-anprotec-2019\" target=\"_blank\" rel=\"noopener noreferrer\">aqui<\/a><\/p>\n<p>&nbsp;<\/p>\n<p>&nbsp;<\/p>\n","protected":false},"excerpt":{"rendered":"<p>Confer\u00eancia Anprotec 2025 \u201cEcossistemas Colaborativos e Integrados ao Sistema Global\u201d<span class=\"excerpt-hellip\"> [\u2026]<\/span><\/p>\n","protected":false},"author":8,"featured_media":0,"parent":11032,"menu_order":0,"comment_status":"open","ping_status":"closed","template":"","meta":{"footnotes":"","_links_to":"","_links_to_target":""},"_links":{"self":[{"href":"https:\/\/anprotec.org.br\/site\/wp-json\/wp\/v2\/pages\/39581"}],"collection":[{"href":"https:\/\/anprotec.org.br\/site\/wp-json\/wp\/v2\/pages"}],"about":[{"href":"https:\/\/anprotec.org.br\/site\/wp-json\/wp\/v2\/types\/page"}],"author":[{"embeddable":true,"href":"https:\/\/anprotec.org.br\/site\/wp-json\/wp\/v2\/users\/8"}],"replies":[{"embeddable":true,"href":"https:\/\/anprotec.org.br\/site\/wp-json\/wp\/v2\/comments?post=39581"}],"version-history":[{"count":5,"href":"https:\/\/anprotec.org.br\/site\/wp-json\/wp\/v2\/pages\/39581\/revisions"}],"predecessor-version":[{"id":61173,"href":"https:\/\/anprotec.org.br\/site\/wp-json\/wp\/v2\/pages\/39581\/revisions\/61173"}],"up":[{"embeddable":true,"href":"https:\/\/anprotec.org.br\/site\/wp-json\/wp\/v2\/pages\/11032"}],"wp:attachment":[{"href":"https:\/\/anprotec.org.br\/site\/wp-json\/wp\/v2\/media?parent=39581"}],"curies":[{"name":"wp","href":"https:\/\/api.w.org\/{rel}","templated":true}]}}