{"id":39498,"date":"2022-01-06T14:11:37","date_gmt":"2022-01-06T17:11:37","guid":{"rendered":"https:\/\/anprotec.org.br\/site\/?page_id=39498"},"modified":"2022-01-06T14:11:37","modified_gmt":"2022-01-06T17:11:37","slug":"programa-ideiaz-powered-by-inovativa","status":"publish","type":"page","link":"https:\/\/anprotec.org.br\/site\/programa-ideiaz-powered-by-inovativa\/","title":{"rendered":"Programa Ideiaz Powered by InovAtiva"},"content":{"rendered":"<p><img decoding=\"async\" loading=\"lazy\" class=\" wp-image-39501 alignleft\" src=\"https:\/\/anprotec.org.br\/site\/wp-content\/uploads\/2022\/01\/Ideiaz-scaled.jpg\" alt=\"\" width=\"419\" height=\"205\" srcset=\"https:\/\/anprotec.org.br\/site\/wp-content\/uploads\/2022\/01\/Ideiaz-scaled.jpg 2048w, https:\/\/anprotec.org.br\/site\/wp-content\/uploads\/2022\/01\/Ideiaz-300x147.jpg 300w, https:\/\/anprotec.org.br\/site\/wp-content\/uploads\/2022\/01\/Ideiaz-1024x501.jpg 1024w, https:\/\/anprotec.org.br\/site\/wp-content\/uploads\/2022\/01\/Ideiaz-768x376.jpg 768w, https:\/\/anprotec.org.br\/site\/wp-content\/uploads\/2022\/01\/Ideiaz-1536x752.jpg 1536w, https:\/\/anprotec.org.br\/site\/wp-content\/uploads\/2022\/01\/Ideiaz-260x127.jpg 260w, https:\/\/anprotec.org.br\/site\/wp-content\/uploads\/2022\/01\/Ideiaz-50x24.jpg 50w, https:\/\/anprotec.org.br\/site\/wp-content\/uploads\/2022\/01\/Ideiaz-150x73.jpg 150w\" sizes=\"(max-width: 419px) 100vw, 419px\" \/><\/p>\n<h4 style=\"text-align: left\"><b>O programa<\/b><\/h4>\n<p><span style=\"font-weight: 400\">O Programa Ideiaz \u00e9 uma iniciativa desenvolvida pela Anprotec, o Sebrae e a Secretaria Especial de Produtividade e Competitividade do Minist\u00e9rio da Economia (Sepec\/ME). O Ideiaz faz parte do programa InovAtiva, recebendo o selo Powered by InovAtiva e visa atender em escala e com abrang\u00eancia nacional ideias e projetos de neg\u00f3cios inovadores e de impacto socioambiental em est\u00e1gio inicial de todas as regi\u00f5es do pa\u00eds.<\/span><\/p>\n<p><span style=\"font-weight: 400\">O Ideiaz \u00e9 o primeiro projeto a receber apoio metodol\u00f3gico do hub de inova\u00e7\u00e3o InovAtiva, proporcionando guias metodol\u00f3gicos, conceitos e marcas para que institui\u00e7\u00f5es de atua\u00e7\u00e3o regionalizada possam desenvolver programas de apoio \u00e0 inova\u00e7\u00e3o e ao empreendedorismo inovador.\u00a0<\/span><\/p>\n<p><span style=\"font-weight: 400\">Um dos principais objetivos do Programa \u00e9 contribuir para o desenvolvimento de ecossistemas inovadores em todo o Pa\u00eds. O Ideiaz se faz valer da infraestrutura, do conhecimento e da experi\u00eancia das incubadoras e aceleradoras do Brasil para apoiar o desenvolvimento e a consolida\u00e7\u00e3o de centenas de neg\u00f3cios inovadores em seu est\u00e1gio inicial. \u00c9 um programa a n\u00edvel nacional de grande escala que visa atender e corroborar com todas as regi\u00f5es do pa\u00eds.<\/span><\/p>\n<h4><b>Como funciona?<\/b><\/h4>\n<p><span style=\"font-weight: 400\">O Programa Ideiaz \u2013 Powered by InovAtiva abre todos os anos chamadas p\u00fablicas para selecionar projetos em est\u00e1gio de idea\u00e7\u00e3o que ir\u00e3o receber capacita\u00e7\u00e3o empreendedora, mentorias e suporte tecnol\u00f3gico para desenvolver seus neg\u00f3cios. Os projetos selecionados s\u00e3o atendidos gratuitamente pelas incubadoras e aceleradoras de todo o pa\u00eds credenciadas no Programa Ideiaz. A meta do programa \u00e9 oferecer suporte a projetos de todos os estados do pa\u00eds, garantindo, efetivamente, a democratiza\u00e7\u00e3o do atendimento e o alcance nacional.<\/span><\/p>\n<p><span style=\"font-weight: 400\">Entende-se por projetos em est\u00e1gio inicial aqueles que estejam na fase de cria\u00e7\u00e3o ou idea\u00e7\u00e3o, ou seja, cujo modelo de neg\u00f3cio n\u00e3o esteja consolidado e que o produto ou servi\u00e7o objeto do projeto ainda n\u00e3o tenha sido comercializado.<\/span><\/p>\n<p><span style=\"font-weight: 400\">As propostas s\u00e3o avaliadas por um comit\u00ea de sele\u00e7\u00e3o composto por representantes do Sistema Sebrae, da Anprotec, da Sepec\/ME e de outros parceiros, como entidades de fomento e investidores, e especialistas do setor produtivo e da academia. A expectativa \u00e9 alcan\u00e7ar a marca de mil projetos atendidos durante todo o Programa.\u00a0<\/span><\/p>\n<p><span style=\"font-weight: 400\">O InovAtiva Brasil j\u00e1 acelerou mais de duas mil startups em 700 munic\u00edpios brasileiros. Com o Ideiaz Powered By InovAtiva, a meta \u00e9 apoiar projetos inovadores em est\u00e1gios iniciais, ainda na fase de ideias e tornar o Brasil um dos tr\u00eas principais ecossistemas de startups do mundo. Ser\u00e3o investidos mais de R$ 40 milh\u00f5es em quatro anos no InovAtiva como um todo.\u00a0\u00a0<\/span><\/p>\n<h4><b>Etapas do Programa<\/b><\/h4>\n<p><span style=\"font-weight: 400\">De acordo com a classifica\u00e7\u00e3o, \u00e1rea de atua\u00e7\u00e3o, localiza\u00e7\u00e3o geogr\u00e1fica e disponibilidade de vagas, cada projeto \u00e9 encaminhado para um atendimento de 10 semanas em uma das incubadoras ou aceleradoras credenciadas no Ideiaz.<\/span><\/p>\n<p><span style=\"font-weight: 400\">Os empreendimentos recebem, no m\u00ednimo, 25 horas de apoio ao seu desenvolvimento, das quais s\u00e3o, no m\u00ednimo, 15 horas de atendimento individualizado ao empreendimento, compreendendo os seguintes pontos, de acordo com o plano de atendimento do ambiente de inova\u00e7\u00e3o credenciado:<\/span><\/p>\n<ul>\n<li><span style=\"font-weight: 400\">Atividades de mentoria;<\/span><\/li>\n<li><span style=\"font-weight: 400\">Consultoria organizacional;<\/span><\/li>\n<li><span style=\"font-weight: 400\">Suporte tecnol\u00f3gico;<\/span><\/li>\n<li><span style=\"font-weight: 400\">Suporte para formaliza\u00e7\u00e3o do neg\u00f3cio;<\/span><\/li>\n<li><span style=\"font-weight: 400\">Qualifica\u00e7\u00e3o empreendedora.<\/span><\/li>\n<\/ul>\n<p><span style=\"font-weight: 400\">Ap\u00f3s o processo de atendimento, os projetos apoiados devem apresentar os seguintes resultados m\u00ednimos:\u00a0<\/span><\/p>\n<ul>\n<li><span style=\"font-weight: 400\">Modelo de neg\u00f3cios desenhado e validado;<\/span><\/li>\n<li>Prot\u00f3tipo do produto ou servi\u00e7o desenvolvido e avaliado por clientes;<\/li>\n<li>Pitch de venda e defesa do neg\u00f3cio pronto.<\/li>\n<\/ul>\n<h4><b>Resultados<\/b><\/h4>\n<p><span style=\"font-weight: 400\">No primeiro ano do Programa Ideiaz, j\u00e1 s\u00e3o mais de 243 projetos em andamento, e 144 conclu\u00eddos. Al\u00e9m disso, 47% dos projetos beneficiados s\u00e3o iniciativas de impacto ambiental. Em duas rodadas, foram 626 projetos avaliados e 415 aprovados. A meta \u00e9 beneficiar at\u00e9 a conclus\u00e3o do Programa, no m\u00ednimo 609 projetos e formalizar 107 neg\u00f3cios, al\u00e9m de 49 mecanismos qualificados.\u00a0<\/span><\/p>\n","protected":false},"excerpt":{"rendered":"<p>O programa O Programa Ideiaz \u00e9 uma iniciativa desenvolvida pela<span class=\"excerpt-hellip\"> [\u2026]<\/span><\/p>\n","protected":false},"author":8,"featured_media":0,"parent":0,"menu_order":0,"comment_status":"closed","ping_status":"closed","template":"","meta":{"footnotes":"","_links_to":"","_links_to_target":""},"_links":{"self":[{"href":"https:\/\/anprotec.org.br\/site\/wp-json\/wp\/v2\/pages\/39498"}],"collection":[{"href":"https:\/\/anprotec.org.br\/site\/wp-json\/wp\/v2\/pages"}],"about":[{"href":"https:\/\/anprotec.org.br\/site\/wp-json\/wp\/v2\/types\/page"}],"author":[{"embeddable":true,"href":"https:\/\/anprotec.org.br\/site\/wp-json\/wp\/v2\/users\/8"}],"replies":[{"embeddable":true,"href":"https:\/\/anprotec.org.br\/site\/wp-json\/wp\/v2\/comments?post=39498"}],"version-history":[{"count":2,"href":"https:\/\/anprotec.org.br\/site\/wp-json\/wp\/v2\/pages\/39498\/revisions"}],"predecessor-version":[{"id":39504,"href":"https:\/\/anprotec.org.br\/site\/wp-json\/wp\/v2\/pages\/39498\/revisions\/39504"}],"wp:attachment":[{"href":"https:\/\/anprotec.org.br\/site\/wp-json\/wp\/v2\/media?parent=39498"}],"curies":[{"name":"wp","href":"https:\/\/api.w.org\/{rel}","templated":true}]}}