{"id":3689,"date":"2013-08-15T12:51:30","date_gmt":"2013-08-15T15:51:30","guid":{"rendered":"http:\/\/anprotec.org.br\/site\/?page_id=3689"},"modified":"2024-01-10T09:44:39","modified_gmt":"2024-01-10T12:44:39","slug":"diretorias-anteriores","status":"publish","type":"page","link":"https:\/\/anprotec.org.br\/site\/sobre\/diretorias-anteriores\/","title":{"rendered":"Diretorias Anteriores"},"content":{"rendered":"<div class=\"wpb-content-wrapper\"><p>[vc_row][vc_column][vc_column_text]Saiba quem dirigiu a Anprotec desde sua funda\u00e7\u00e3o:<\/p>\n<p><strong>2022-2023<\/strong><\/p>\n<p>Francisco Saboya Albuquerque Neto<br \/>\nPresidente<\/p>\n<p>Artur Gibbon<br \/>\nDiretor de Administra\u00e7\u00e3o e Finan\u00e7as<\/p>\n<p>Eduardo Peixoto<br \/>\nDiretor de Rela\u00e7\u00f5es Internacionais<\/p>\n<p>Iara Neves Oliveira<br \/>\nDiretora T\u00e9cnica<\/p>\n<p>Jardel Mattos<br \/>\nDiretor de Redes e Associados<\/p>\n<p>Rosana Jamal Francisco dos Santos Fernandes<br \/>\nDiretora de Empresas<\/p>\n<p>Leonardo Melo<br \/>\nSuperintendente Executivo<\/p>\n<p>&nbsp;<\/p>\n<p><strong>2020-2021<\/strong><\/p>\n<p>Francisco Saboya Albuquerque Neto<br \/>\nPresidente<\/p>\n<p>Daniel dos Santos Leipnitz<br \/>\nVice-presidente<\/p>\n<p>Ang\u00e9lica Mendes Salles<br \/>\nDiretora de Administra\u00e7\u00e3o e Finan\u00e7as<\/p>\n<p>Carlos Eduardo de Souza Aranha<br \/>\nDiretor de Novos Ambientes de Inova\u00e7\u00e3o<\/p>\n<p>Iara Neves Oliveira<br \/>\nDiretora T\u00e9cnica<\/p>\n<p>Jardel Mattos<br \/>\nDiretor de Redes e Associados<\/p>\n<p>Rodrigo Mendes<br \/>\nDiretor de Rela\u00e7\u00f5es Internacionais<\/p>\n<p>Rosana Jamal Francisco dos Santos Fernandes<br \/>\nDiretora de Empresas<\/p>\n<p>Guila Calheiros<br \/>\nSuperintendente Executivo<\/p>\n<p>&nbsp;<\/p>\n<p><strong>2018-2019<\/strong><\/p>\n<p><em>Jos\u00e9 Alberto Sampaio Aranha<\/em><br \/>\nPresidente<\/p>\n<p><em>Francisco Saboya Albuquerque Neto<\/em><br \/>\nVice-Presidente<\/p>\n<p><em>Daniel dos Santos Leipnitz<\/em><br \/>\nDiretor de Novos Ambientes de Inova\u00e7\u00e3o<\/p>\n<p><em>Elso Alberti Junior<\/em><br \/>\nDiretor de Rela\u00e7\u00f5es Internacionais<\/p>\n<p><em>Em\u00edlia Ros\u00e2ngela Pires da Silva Franco<\/em><br \/>\nDiretora de Administra\u00e7\u00e3o e Finan\u00e7as<\/p>\n<p><em>Gabriela Cardozo Ferreira<\/em><br \/>\nDiretora T\u00e9cnica<\/p>\n<p><em>Gisa Helena Melo Bassalo<\/em><br \/>\nDiretora de Redes e Associados<\/p>\n<p><em>Renato Valente de Oliveira<\/em><br \/>\nDiretor de Empresas<\/p>\n<p><em>Sheila Oliveira Pires<\/em><br \/>\nSuperintendente executiva<\/p>\n<p><strong>2016-2017<\/strong><\/p>\n<p><em>Jorge Luis Nicolas Audy<\/em><br \/>\nPresidente<\/p>\n<p><em>Jos\u00e9 Alberto Sampaio Aranha<\/em><br \/>\nVice-Presidente<\/p>\n<p><em>Francisco Saboya Albuquerque Neto<\/em><br \/>\nDiretor<\/p>\n<p><em>Renato de Aquino Faria Nunes<\/em><br \/>\nDiretor<\/p>\n<p><em>Sergio Risola<\/em><br \/>\nDiretor<\/p>\n<p><em>Tony Chierighini<\/em><br \/>\nDiretor<\/p>\n<p><em>Alex Jacobs<\/em><br \/>\nDiretor<\/p>\n<p><em>Jardel Matos<\/em><br \/>\nDiretor<\/p>\n<p><em>Sheila Oliveira Pires<\/em><br \/>\nSuperintendente executiva<\/p>\n<p><strong>2014-2015<\/strong><\/p>\n<p><em>Francilene Proc\u00f3pio Garcia<\/em><br \/>\nPresidente<\/p>\n<p><em>Jorge Nicolas Audy<\/em><br \/>\nVice-presidente<\/p>\n<p><em>Francisco Saboya<\/em><br \/>\nDiretor<\/p>\n<p><em>Tony Chierighini<\/em><br \/>\nDiretor<\/p>\n<p><em>Ronaldo Tad\u00eau Pena<\/em><br \/>\nDiretor<\/p>\n<p><em>S\u00e9rgio Risola<\/em><br \/>\nDiretor<\/p>\n<p><em>Sheila Oliveira Pires<\/em><br \/>\nSuperintendente executiva<\/p>\n<p><strong>2012-2013<\/strong><\/p>\n<p><em>Francilene Proc\u00f3pio Garcia<\/em><br \/>\nPresidente<\/p>\n<p><em>Jorge Nicolas Audy<\/em><br \/>\nVice-presidente<\/p>\n<p><em>Gisa Bassalo<\/em><br \/>\nDiretora<\/p>\n<p><em>Tony Chierighini<\/em><br \/>\nDiretor<\/p>\n<p><em>Ronaldo Tad\u00eau Pena<\/em><br \/>\nDiretor<\/p>\n<p><em>S\u00e9rgio Risola<\/em><br \/>\nDiretor<\/p>\n<p><em>Sheila Oliveira Pires<\/em><br \/>\nSuperintendente executiva<\/p>\n<p><strong>2009-2011<\/strong><\/p>\n<p><em>Guilherme Ary Plonski<\/em><br \/>\nPresidente<\/p>\n<p><em>Francilene Proc\u00f3pio Garcia<\/em><br \/>\nVice-presidente<\/p>\n<p><em>Gisa Bassalo<\/em><br \/>\nDiretora<\/p>\n<p><em>Jorge Nicolas Audy<\/em><br \/>\nDiretor<\/p>\n<p><em>Renato de Aquino Faria Nunes<\/em><br \/>\nDiretor<\/p>\n<p><em>Tony Chierighini<\/em><br \/>\nDiretor<\/p>\n<p><em>Sheila Oliveira Pires<\/em><br \/>\nSuperintendente executiva<\/p>\n<p><strong>2007-2009<\/strong><\/p>\n<p><em>Guilherme Ary Plonski<\/em><br \/>\nPresidente<\/p>\n<p><em>Francilene Proc\u00f3pio Garcia<\/em><br \/>\nVice-presidente<\/p>\n<p><em>Gisa Bassalo<\/em><br \/>\nDiretora<\/p>\n<p><em>Josealdo Tonholo<\/em><br \/>\nDiretor<\/p>\n<p><em>Silvestre Labiak Junior<\/em><br \/>\nDiretor<\/p>\n<p><em>Paulo Gonzalez<\/em><br \/>\nDiretor<\/p>\n<p><em>Sheila Oliveira Pires<\/em><br \/>\nSuperintendente<\/p>\n<p><strong>2005-2007<\/strong><\/p>\n<p><em>Jos\u00e9 Eduardo Fiates<\/em><br \/>\nPresidente<\/p>\n<p><em>Guilherme Ary Plonki<\/em><br \/>\nVice-presidente<\/p>\n<p><em>Jos\u00e9 Alberto Sampaio Aranha<\/em><br \/>\nDiretor<\/p>\n<p><em>Christiano Becker<\/em><br \/>\nDiretor<\/p>\n<p><em>Paulo Roberto de Castro Gonzalez<\/em><br \/>\nDiretor<\/p>\n<p><em>Josealdo Tonholo<\/em><br \/>\nDiretor<\/p>\n<p><em>Sheila Oliveira Pires<\/em><br \/>\nSuperintendente<\/p>\n<p><strong>2003-2005<\/strong><\/p>\n<p><em>Jos\u00e9 Eduardo Fiates<\/em><br \/>\nPresidente<\/p>\n<p><em>Guilherme Ary Plonki<\/em><br \/>\nVice-presidente<\/p>\n<p><em>Jos\u00e9 Alberto Sampaio Aranha<\/em><br \/>\nDiretor<\/p>\n<p><em>Christiano Becker<\/em><br \/>\nDiretor<\/p>\n<p><em>Paulo Roberto de Castro Gonzalez<\/em><br \/>\nDiretor<\/p>\n<p><em>Josealdo Tonholo<\/em><br \/>\nDiretor<\/p>\n<p><em>Sheila Oliveira Pires<\/em><br \/>\nSuperintendente<\/p>\n<p><em>Paulo C\u00e9sar G. Miranda<\/em><br \/>\nSuperintendente<\/p>\n<p><strong>2001-2003<\/strong><\/p>\n<p><em>Lu\u00eds Afonso Berm\u00fadez<\/em><br \/>\nPresidente<\/p>\n<p><em>Jos\u00e9 Eduardo Fiates<\/em><br \/>\nVice-presidente<\/p>\n<p><em>C\u00e9sar Acosta Rech<\/em><br \/>\nDiretor<\/p>\n<p><em>Gonzalo Enr\u00edquez<\/em><br \/>\nDiretor<\/p>\n<p><em>Jos\u00e9 Alberto Sampaio Aranha<\/em><br \/>\nDiretor<\/p>\n<p><em>Guilherme Ary Plonki<\/em><br \/>\nDiretor<\/p>\n<p><strong>1999-2001<\/strong><\/p>\n<p><em>Lu\u00eds Afonso Berm\u00fadez<\/em><br \/>\nPresidente<\/p>\n<p><em>Jos\u00e9 Eduardo Fiates<\/em><br \/>\nVice-presidente<\/p>\n<p><em>C\u00e9sar Acosta Rech<\/em><br \/>\nDiretor<\/p>\n<p><em>Gonzalo Enr\u00edquez<\/em><br \/>\nDiretor<\/p>\n<p><strong>1997-1999<\/strong><\/p>\n<p><em>Maur\u00edcio Guedes<\/em><br \/>\nPresidente<\/p>\n<p><em>Lu\u00eds Afonso Berm\u00fadez<\/em><br \/>\nVice-presidente<\/p>\n<p><em>Gina Paladino<\/em><br \/>\nDiretora<\/p>\n<p><em>Jos\u00e9 Roberto Salom\u00e3o<\/em><br \/>\nDiretor<\/p>\n<p><strong>1995-1997<\/strong><\/p>\n<p><em>Maur\u00edcio Guedes<\/em><br \/>\nPresidente<\/p>\n<p><em>Lu\u00eds Afonso Berm\u00fadez<\/em><br \/>\nVice-presidente<\/p>\n<p><em>Gina Paladino<\/em><br \/>\nDiretora<\/p>\n<p><em>Jos\u00e9 Roberto Salom\u00e3o<\/em><br \/>\nDiretor<\/p>\n<p><strong>1993-1995<\/strong><\/p>\n<p><em>Telmo Silva de Ara\u00fajo<\/em><br \/>\nDiretor presidente<\/p>\n<p><em>Maur\u00edcio Guedes<\/em><br \/>\nVice-diretor presidente<\/p>\n<p><em>Lu\u00eds Afonso Berm\u00fadez<\/em><br \/>\nDiretor administrativo-financeiro<\/p>\n<p><em>Jos\u00e9 Eduardo Fiates<\/em><br \/>\nDiretor t\u00e9cnico<\/p>\n<p><strong>1991-1993<\/strong><\/p>\n<p><em>Sylvio Goulart Rosa Jr.<\/em><br \/>\nDiretor presidente<\/p>\n<p><em>Telmo Silva de Ara\u00fajo<\/em><br \/>\nVice-diretor presidente<\/p>\n<p><em>Carlos Alberto Schneider<\/em><br \/>\nDiretor t\u00e9cnico<\/p>\n<p><em>Jos\u00e9 Adelino Medeiros (1991\/1992)<\/em><br \/>\n<em>Maur\u00edcio Guedes (1992\/1993)<\/em><br \/>\nDiretores administrativos-financeiros<\/p>\n<p><strong>1989-1991<\/strong><\/p>\n<p><em>Sylvio Goulart Rosa Jr.<\/em><br \/>\nDiretor presidente<\/p>\n<p><em>C\u00e9sar Muniz Filho<\/em><br \/>\nVice-diretor presidente<\/p>\n<p><em>Milton Ferreira de Souza<\/em><br \/>\nDiretor administrativo-financeiro<\/p>\n<p><em>Jos\u00e9 Adelino Medeiros<\/em><br \/>\nDiretor t\u00e9cnico<\/p>\n<p><strong style=\"line-height: 1.5em;\">1987-1989<\/strong><\/p>\n<p><em>C\u00e9sar Muniz Filho<\/em><br \/>\nDiretor presidente<\/p>\n<p><em>Fl\u00e1vio A.Muniz<\/em><br \/>\nVice-diretor presidente<\/p>\n<p><em>Ramiro Wahrhaftig<\/em><br \/>\nDiretor administrativo-financeiro<\/p>\n<p><em>Fl\u00e1vio Grynszpan<\/em><br \/>\nDiretor t\u00e9cnico[\/vc_column_text][\/vc_column][\/vc_row]<\/p>\n<\/div>","protected":false},"excerpt":{"rendered":"<p>[vc_row][vc_column][vc_column_text]Saiba quem dirigiu a Anprotec desde sua funda\u00e7\u00e3o: 2022-2023 Francisco<span class=\"excerpt-hellip\"> [\u2026]<\/span><\/p>\n","protected":false},"author":8,"featured_media":0,"parent":270,"menu_order":4,"comment_status":"open","ping_status":"closed","template":"","meta":{"footnotes":"","_links_to":"","_links_to_target":""},"_links":{"self":[{"href":"https:\/\/anprotec.org.br\/site\/wp-json\/wp\/v2\/pages\/3689"}],"collection":[{"href":"https:\/\/anprotec.org.br\/site\/wp-json\/wp\/v2\/pages"}],"about":[{"href":"https:\/\/anprotec.org.br\/site\/wp-json\/wp\/v2\/types\/page"}],"author":[{"embeddable":true,"href":"https:\/\/anprotec.org.br\/site\/wp-json\/wp\/v2\/users\/8"}],"replies":[{"embeddable":true,"href":"https:\/\/anprotec.org.br\/site\/wp-json\/wp\/v2\/comments?post=3689"}],"version-history":[{"count":4,"href":"https:\/\/anprotec.org.br\/site\/wp-json\/wp\/v2\/pages\/3689\/revisions"}],"predecessor-version":[{"id":46750,"href":"https:\/\/anprotec.org.br\/site\/wp-json\/wp\/v2\/pages\/3689\/revisions\/46750"}],"up":[{"embeddable":true,"href":"https:\/\/anprotec.org.br\/site\/wp-json\/wp\/v2\/pages\/270"}],"wp:attachment":[{"href":"https:\/\/anprotec.org.br\/site\/wp-json\/wp\/v2\/media?parent=3689"}],"curies":[{"name":"wp","href":"https:\/\/api.w.org\/{rel}","templated":true}]}}