{"id":34041,"date":"2020-09-08T17:16:44","date_gmt":"2020-09-08T20:16:44","guid":{"rendered":"https:\/\/anprotec.org.br\/site\/?page_id=34041"},"modified":"2020-11-04T22:27:41","modified_gmt":"2020-11-05T01:27:41","slug":"implantacaocerneoutubro","status":"publish","type":"page","link":"https:\/\/anprotec.org.br\/site\/implantacaocerneoutubro\/","title":{"rendered":""},"content":{"rendered":"<p><a href=\"https:\/\/docs.google.com\/forms\/d\/e\/1FAIpQLScOWrkWcrTUYWwGAzQwjuIz-__cRjoytJ3lm6zSw9UonbAmFQ\/viewform\" target=\"_blank\" rel=\"noopener noreferrer\"><img decoding=\"async\" loading=\"lazy\" class=\"aligncenter wp-image-34042\" src=\"https:\/\/anprotec.org.br\/site\/wp-content\/uploads\/2020\/09\/capa-cerne.jpg\" alt=\"\" width=\"1383\" height=\"778\" srcset=\"https:\/\/anprotec.org.br\/site\/wp-content\/uploads\/2020\/09\/capa-cerne.jpg 1280w, https:\/\/anprotec.org.br\/site\/wp-content\/uploads\/2020\/09\/capa-cerne-300x169.jpg 300w, https:\/\/anprotec.org.br\/site\/wp-content\/uploads\/2020\/09\/capa-cerne-1024x576.jpg 1024w, https:\/\/anprotec.org.br\/site\/wp-content\/uploads\/2020\/09\/capa-cerne-768x432.jpg 768w, https:\/\/anprotec.org.br\/site\/wp-content\/uploads\/2020\/09\/capa-cerne-260x146.jpg 260w, https:\/\/anprotec.org.br\/site\/wp-content\/uploads\/2020\/09\/capa-cerne-50x28.jpg 50w, https:\/\/anprotec.org.br\/site\/wp-content\/uploads\/2020\/09\/capa-cerne-133x75.jpg 133w, https:\/\/anprotec.org.br\/site\/wp-content\/uploads\/2020\/09\/capa-cerne-1200x675.jpg 1200w\" sizes=\"(max-width: 1383px) 100vw, 1383px\" \/><\/a><\/p>\n<p>&nbsp;<\/p>\n<p>Com o objetivo de tornar os participantes capazes de planejar e implantar os processos e pr\u00e1ticas propostas pelo Modelo Cerne, a Anprotec apresenta a edi\u00e7\u00e3o digital da <strong>Implanta\u00e7\u00e3o do Modelo Cerne de Gest\u00e3o de Incubadoras.<\/strong><\/p>\n<p>A capacita\u00e7\u00e3o \u00e9 focada na concep\u00e7\u00e3o, implanta\u00e7\u00e3o e opera\u00e7\u00e3o de sistemas de incuba\u00e7\u00e3o, de forma a possibilitar a gera\u00e7\u00e3o sistem\u00e1tica de inova\u00e7\u00f5es.<\/p>\n<p>A implanta\u00e7\u00e3o aborda conte\u00fados que v\u00e3o desde a sele\u00e7\u00e3o de empreendimentos inovadores at\u00e9 a internacionaliza\u00e7\u00e3o das incubadoras.<\/p>\n<p>&nbsp;<\/p>\n<h4><a href=\"https:\/\/anprotec.org.br\/site\/wp-content\/uploads\/2020\/09\/Cerne-outubro-2020.pdf?utm_campaign=reserve_a_data__cursos_digitais_em_outubro\" target=\"_blank\" rel=\"noopener noreferrer\"><strong>CLIQUE AQUI<\/strong><\/a>\u00a0e confira a metodologia de cada aula!<\/h4>\n<p>&nbsp;<\/p>\n<h3><strong>AGENDA<\/strong><\/h3>\n<p><strong>Data: <\/strong>21 a 29 de outubro<\/p>\n<p><strong>Hor\u00e1rio:<\/strong> Sempre no per\u00edodo da noite, das 18h \u00e0s 21h.<\/p>\n<p>&nbsp;<\/p>\n<h3><strong>INVESTIMENTO<\/strong><\/h3>\n<p><strong>Inscri\u00e7\u00f5es em grupos de cinco pessoas ligadas a um mesmo ambiente:<\/strong><\/p>\n<p>R$ 2500 (associado Anprotec);<br \/>\nR$ 3500 (n\u00e3o associado).<\/p>\n<p>&nbsp;<\/p>\n<p><strong>Inscri\u00e7\u00f5es Individuais:<\/strong><\/p>\n<p>R$ 600 individual (associado Anprotec);<br \/>\nR$ 800 individual (n\u00e3o associado).<\/p>\n<h1 style=\"text-align: center\"><\/h1>\n<h1 style=\"text-align: center\"><a href=\"https:\/\/docs.google.com\/forms\/d\/e\/1FAIpQLScOWrkWcrTUYWwGAzQwjuIz-__cRjoytJ3lm6zSw9UonbAmFQ\/viewform\" target=\"_blank\" rel=\"noopener noreferrer\"><strong>INSCREVA-SE AQUI<\/strong><\/a><\/h1>\n","protected":false},"excerpt":{"rendered":"<p>&nbsp; Com o objetivo de tornar os participantes capazes de<span class=\"excerpt-hellip\"> [\u2026]<\/span><\/p>\n","protected":false},"author":8,"featured_media":0,"parent":0,"menu_order":0,"comment_status":"closed","ping_status":"closed","template":"","meta":{"footnotes":"","_links_to":"","_links_to_target":""},"_links":{"self":[{"href":"https:\/\/anprotec.org.br\/site\/wp-json\/wp\/v2\/pages\/34041"}],"collection":[{"href":"https:\/\/anprotec.org.br\/site\/wp-json\/wp\/v2\/pages"}],"about":[{"href":"https:\/\/anprotec.org.br\/site\/wp-json\/wp\/v2\/types\/page"}],"author":[{"embeddable":true,"href":"https:\/\/anprotec.org.br\/site\/wp-json\/wp\/v2\/users\/8"}],"replies":[{"embeddable":true,"href":"https:\/\/anprotec.org.br\/site\/wp-json\/wp\/v2\/comments?post=34041"}],"version-history":[{"count":3,"href":"https:\/\/anprotec.org.br\/site\/wp-json\/wp\/v2\/pages\/34041\/revisions"}],"predecessor-version":[{"id":34081,"href":"https:\/\/anprotec.org.br\/site\/wp-json\/wp\/v2\/pages\/34041\/revisions\/34081"}],"wp:attachment":[{"href":"https:\/\/anprotec.org.br\/site\/wp-json\/wp\/v2\/media?parent=34041"}],"curies":[{"name":"wp","href":"https:\/\/api.w.org\/{rel}","templated":true}]}}