{"id":34035,"date":"2020-09-08T16:57:50","date_gmt":"2020-09-08T19:57:50","guid":{"rendered":"https:\/\/anprotec.org.br\/site\/?page_id=34035"},"modified":"2020-11-04T22:27:41","modified_gmt":"2020-11-05T01:27:41","slug":"cursoplanejamentoeimplantacao","status":"publish","type":"page","link":"https:\/\/anprotec.org.br\/site\/cursoplanejamentoeimplantacao\/","title":{"rendered":""},"content":{"rendered":"<div>\n<div><span style=\"color: #ffffff\">.<\/span><\/div>\n<div><a href=\"https:\/\/docs.google.com\/forms\/d\/e\/1FAIpQLSdBZPXy3URORqoh8yzKdE2n6tcCjieziwd7IxNOS-8CqJGBBw\/viewform\" target=\"_blank\" rel=\"noopener noreferrer\"><img decoding=\"async\" loading=\"lazy\" class=\"aligncenter wp-image-34024\" src=\"https:\/\/anprotec.org.br\/site\/wp-content\/uploads\/2020\/09\/card-conjunto-cursos-outubro-Copia.jpg\" alt=\"\" width=\"1372\" height=\"772\" srcset=\"https:\/\/anprotec.org.br\/site\/wp-content\/uploads\/2020\/09\/card-conjunto-cursos-outubro-Copia.jpg 1280w, https:\/\/anprotec.org.br\/site\/wp-content\/uploads\/2020\/09\/card-conjunto-cursos-outubro-Copia-300x169.jpg 300w, https:\/\/anprotec.org.br\/site\/wp-content\/uploads\/2020\/09\/card-conjunto-cursos-outubro-Copia-1024x576.jpg 1024w, https:\/\/anprotec.org.br\/site\/wp-content\/uploads\/2020\/09\/card-conjunto-cursos-outubro-Copia-768x432.jpg 768w, https:\/\/anprotec.org.br\/site\/wp-content\/uploads\/2020\/09\/card-conjunto-cursos-outubro-Copia-260x146.jpg 260w, https:\/\/anprotec.org.br\/site\/wp-content\/uploads\/2020\/09\/card-conjunto-cursos-outubro-Copia-50x28.jpg 50w, https:\/\/anprotec.org.br\/site\/wp-content\/uploads\/2020\/09\/card-conjunto-cursos-outubro-Copia-133x75.jpg 133w, https:\/\/anprotec.org.br\/site\/wp-content\/uploads\/2020\/09\/card-conjunto-cursos-outubro-Copia-1200x675.jpg 1200w\" sizes=\"(max-width: 1372px) 100vw, 1372px\" \/><\/a><\/div>\n<div><span style=\"color: #ffffff\">.<\/span><\/div>\n<div><\/div>\n<div>Com o objetivo de capacitar os participantes para planejar a implanta\u00e7\u00e3o de um ambiente ou mecanismo de inova\u00e7\u00e3o (incubadora, aceleradora, coworking etc.) e gerar um efeito positivo em sua regi\u00e3o de atua\u00e7\u00e3o, a Anprotec apresenta seu novo curso digital de\u00a0<strong>Planejamento e Implanta\u00e7\u00e3o de Ambientes de Inova\u00e7\u00e3o<\/strong>, que ser\u00e1 realizado a partir de lives e exerc\u00edcios.<\/div>\n<\/div>\n<div><span style=\"color: #ffffff\">.<\/span><\/div>\n<div>Ao final, cada participante ter\u00e1\u00a0 um plano de implanta\u00e7\u00e3o definido do ambiente ou mecanismo de inova\u00e7\u00e3o, constru\u00eddo a partir da intera\u00e7\u00e3o com os demais atores do ecossistema de inova\u00e7\u00e3o e avaliado pela equipe da Anprotec.<\/div>\n<div>\n<p>&nbsp;<\/p>\n<h4><a href=\"https:\/\/anprotec.org.br\/site\/wp-content\/uploads\/2020\/09\/Ambientes_Inovacao_Anprotec.pdf?utm_campaign=reserve_a_data__cursos_digitais_em_outubro\" rel=\"noopener noreferrer\"><strong>CLIQUE AQUI<\/strong><\/a>\u00a0e confira a metodologia de cada aula!<\/h4>\n<p>&nbsp;<\/p>\n<h3><strong>AGENDA<\/strong><\/h3>\n<\/div>\n<p><strong>Data:<\/strong> 06 a 20 de outubro<\/p>\n<p><strong>Hor\u00e1rio:<\/strong> Sempre no per\u00edodo da noite, das 18h \u00e0s 21h.<\/p>\n<div>\n<p>&nbsp;<\/p>\n<\/div>\n<div>\n<h3><b>INVESTIMENTO<\/b><\/h3>\n<p><strong>Inscri\u00e7\u00f5es em grupos de cinco pessoas ligadas a um mesmo ambiente:<\/strong><\/p>\n<p>R$ 2500 (associado Anprotec);<br \/>\nR$ 3500 (n\u00e3o associado).<\/p>\n<p>&nbsp;<\/p>\n<p><strong>Inscri\u00e7\u00f5es Individuais:<\/strong><\/p>\n<p>R$ 600 individual (associado Anprotec);<br \/>\nR$ 800 individual (n\u00e3o associado).<\/p>\n<p>&nbsp;<\/p>\n<\/div>\n<div>\n<h1 style=\"text-align: center\"><a href=\"https:\/\/docs.google.com\/forms\/d\/e\/1FAIpQLSdBZPXy3URORqoh8yzKdE2n6tcCjieziwd7IxNOS-8CqJGBBw\/viewform\" target=\"_blank\" rel=\"noopener noreferrer\"><strong>INSCREVA-SE AQUI!<\/strong><\/a><\/h1>\n<\/div>\n","protected":false},"excerpt":{"rendered":"<p>. . Com o objetivo de capacitar os participantes para<span class=\"excerpt-hellip\"> [\u2026]<\/span><\/p>\n","protected":false},"author":8,"featured_media":0,"parent":0,"menu_order":0,"comment_status":"closed","ping_status":"closed","template":"","meta":{"footnotes":"","_links_to":"","_links_to_target":""},"_links":{"self":[{"href":"https:\/\/anprotec.org.br\/site\/wp-json\/wp\/v2\/pages\/34035"}],"collection":[{"href":"https:\/\/anprotec.org.br\/site\/wp-json\/wp\/v2\/pages"}],"about":[{"href":"https:\/\/anprotec.org.br\/site\/wp-json\/wp\/v2\/types\/page"}],"author":[{"embeddable":true,"href":"https:\/\/anprotec.org.br\/site\/wp-json\/wp\/v2\/users\/8"}],"replies":[{"embeddable":true,"href":"https:\/\/anprotec.org.br\/site\/wp-json\/wp\/v2\/comments?post=34035"}],"version-history":[{"count":3,"href":"https:\/\/anprotec.org.br\/site\/wp-json\/wp\/v2\/pages\/34035\/revisions"}],"predecessor-version":[{"id":34065,"href":"https:\/\/anprotec.org.br\/site\/wp-json\/wp\/v2\/pages\/34035\/revisions\/34065"}],"wp:attachment":[{"href":"https:\/\/anprotec.org.br\/site\/wp-json\/wp\/v2\/media?parent=34035"}],"curies":[{"name":"wp","href":"https:\/\/api.w.org\/{rel}","templated":true}]}}