{"id":32394,"date":"2020-06-09T09:02:07","date_gmt":"2020-06-09T12:02:07","guid":{"rendered":"https:\/\/anprotec.org.br\/site\/?page_id=32394"},"modified":"2020-08-27T10:53:53","modified_gmt":"2020-08-27T13:53:53","slug":"pesquisa-cerne","status":"publish","type":"page","link":"https:\/\/anprotec.org.br\/site\/pesquisa-cerne\/","title":{"rendered":"Pesquisa Cerne"},"content":{"rendered":"<div class=\"wpb-content-wrapper\"><p>[vc_row][vc_column][vc_empty_space][vc_column_text]<\/p>\n<h3><strong>Introdu\u00e7\u00e3o<\/strong><\/h3>\n<h4><strong>O Modelo CERNE na Gest\u00e3o de Incubadoras<\/strong><\/h4>\n<p>No ini\u0301cio dos anos 2000, o movimento brasileiro de incubadoras de empresas vinha crescendo a uma taxa anual superior a 25%. Isso estava gerando um grande movimento de difusa\u0303o do empreendedorismo e da inovac\u0327a\u0303o em todas as regio\u0303es do pai\u0301s, com grande capilaridade no interior dos estados.<\/p>\n<p>Diante desse crescimento expressivo, a Anprotec, juntamente com institui\u00e7\u00f5es parceiras (Sebrae, CNPq, MCT, Finep, dentre outras), iniciou esfor\u00e7os para propiciar maior potencial de impacto do processo de incuba\u00e7\u00e3o de empresas no pa\u00eds. Nesse sentido, foi desenvolvido um novo modelo de atua\u00e7\u00e3o com base em experi\u00eancias bem-sucedidas nacional e internacionalmente e alinhado com as melhores pr\u00e1ticas e tend\u00eancias da fronteira da incuba\u00e7\u00e3o.<\/p>\n<p>Denominado Centro de Refere\u0302ncia para Apoio a Novos Empreendimentos, o CERNE criou um modelo e um padra\u0303o de atuac\u0327a\u0303o, de forma a ampliar a capacidade das incubadoras em gerar, sistematicamente, empreendimentos inovadores bem-sucedidos. Com isso, criou-se uma base de refere\u0302ncia para que as incubadoras de diferentes a\u0301reas e tamanhos pudessem utilizar elementos ba\u0301sicos para reduzir o ni\u0301vel de variabilidade na obtenc\u0327a\u0303o de sucesso das empresas apoiadas.<\/p>\n<p>At\u00e9 o momento, a Anprotec e o Sebrae j\u00e1 coordenaram o processo de implantac\u0327a\u0303o do CERNE em 76 incubadoras, seja no ni\u0301vel de maturidade1 ou 2. .<\/p>\n<p>Dessa forma, torna-se importante avaliar o programa de implantac\u0327a\u0303o do modelo CERNE e verificar os resultados positivos e pontos de melhoria, ale\u0301m de analisar os efeitos no desenvolvimento local.<\/p>\n<p>Tamb\u00e9m \u00e9 relevante constituir e monitorar indicadores que demonstrem como os resultados das incubadoras certificadas evolu\u00edram em comparac\u0327a\u0303o aos resultados daquelas na\u0303o certificadas, com vistas a direcionar a\u00e7\u00f5es de melhoria e amplia\u00e7\u00e3o do CERNE com base em evid\u00eancias emp\u00edricas.[\/vc_column_text][vc_empty_space][vc_btn title=&#8221;Acesse o site do CERNE&#8221; color=&#8221;orange&#8221;][vc_empty_space][vc_column_text]<\/p>\n<h3><strong>Mantenha suas informa\u00e7\u00f5es atualizadas em nosso cadastro<\/strong><\/h3>\n<p>Clique no bot\u00e3o abaixo e preencha o formul\u00e1rio com os dados atualizados da incubadora e das empresas incubadas e graduadas. \u00c9 necess\u00e1rio fazer login em sua<strong> conta Gmail<\/strong> para preenchimento.[\/vc_column_text][vc_btn title=&#8221;Clique aqui e atualize o cadastro Anprotec&#8221; color=&#8221;orange&#8221; link=&#8221;url:https%3A%2F%2Fforms.gle%2FZVRoM3pPTwTcCpwV8|||&#8221;][vc_empty_space][vc_column_text]<\/p>\n<h4><strong>Os impactos do Modelo CERNE na Gest\u00e3o de Incubadoras<\/strong><\/h4>\n<p>Para avaliar os impactos do Modelo CERNE na gest\u00e3o de incubadoras, mediante constru\u00e7\u00e3o de indicadores, a Anprotec e o Sebrae iniciam ampla pesquisa nacional. A institui\u00e7\u00e3o parceira para realiza\u00e7\u00e3o desse estudo ser\u00e1 a FIA \u2013 Funda\u00e7\u00e3o Instituto de Administra\u00e7\u00e3o.<\/p>\n<h5><strong>Objetivos da Pesquisa<\/strong><\/h5>\n<p>&#8211; Mensurar os impactos do Modelo CERNE na gest\u00e3o de incubadoras, a partir de indicadores das incubadoras (certificadas ou n\u00e3o) e de empresas (incubadas e graduadas).<\/p>\n<h5><strong>Relev\u00e2ncia<\/strong><\/h5>\n<p>Prospectar dados e mensurar os impactos do CERNE na gest\u00e3o de incubadoras \u00e9 uma a\u00e7\u00e3o fundamental para direcionar as a\u00e7\u00f5es da Anprotec e seus parceiros no ecossistema de inova\u00e7\u00e3o nacional. Afinal, a partir de evid\u00eancias emp\u00edricas, ser\u00e1 poss\u00edvel realizar uma leitura da realidade que inclui acertos e equ\u00edvocos, o que poder\u00e1 apontar caminhos mais interessantes para melhorias na certifica\u00e7\u00e3o, as quais ter\u00e3o impactos, cada vez mais robustos, no desenvolvimento brasileiro.<\/p>\n<h5><strong>Metodologia<\/strong><\/h5>\n<p>A pesquisa de Impactos do Modelo CERNE na Gest\u00e3o de Incubadoras ser\u00e1 conduzida por meio de um <em>survey<\/em> com question\u00e1rios autoaplic\u00e1veis destinados \u00e0s incubadoras (certificadas ou n\u00e3o) e empresas (incubadas e graduadas).[\/vc_column_text][vc_empty_space][vc_column_text]<\/p>\n<h2 style=\"text-align: center\"><strong>Links para a pesquisa<\/strong><\/h2>\n<p>[\/vc_column_text][vc_empty_space][vc_btn title=&#8221;Incubadoras&#8221; color=&#8221;orange&#8221; size=&#8221;lg&#8221; align=&#8221;center&#8221; link=&#8221;url:https%3A%2F%2Fpt.surveymonkey.com%2Fr%2Fanprotecincubadoras||target:%20_blank|&#8221;][vc_empty_space][vc_btn title=&#8221;Empresas&#8221; color=&#8221;orange&#8221; size=&#8221;lg&#8221; align=&#8221;center&#8221; link=&#8221;url:https%3A%2F%2Fpt.surveymonkey.com%2Fr%2Fempresascerne||target:%20_blank|&#8221;][\/vc_column][\/vc_row][vc_row][vc_column][\/vc_column][\/vc_row][vc_row][vc_column][vc_column_text]<\/p>\n<p style=\"text-align: center\"><a href=\"https:\/\/youtu.be\/_ZliET94B_w\" target=\"_blank\" rel=\"noopener noreferrer\"><strong>CLIQUE AQUI e confira o webinar completo<\/strong><\/a><\/p>\n<h3 style=\"text-align: center\"><strong>Contato<\/strong><\/h3>\n<p style=\"text-align: center\"><a href=\"mailto:pesquisacerne@fia.com.br\">pesquisacerne@fia.com.br<\/a><\/p>\n<p><iframe loading=\"lazy\" title=\"Pesquisa Cerne\" width=\"1220\" height=\"915\" src=\"https:\/\/www.youtube.com\/embed\/pyYRaTeswhU?feature=oembed\" frameborder=\"0\" allow=\"accelerometer; autoplay; encrypted-media; gyroscope; picture-in-picture\" allowfullscreen><\/iframe><\/p>\n<p><iframe loading=\"lazy\" title=\"Participe da pesquisa que ir\u00e1 medir o impacto do Modelo Cerne na gest\u00e3o de incubadoras\" width=\"1220\" height=\"686\" src=\"https:\/\/www.youtube.com\/embed\/EhLXAd3s--4?start=4&#038;feature=oembed\" frameborder=\"0\" allow=\"accelerometer; autoplay; encrypted-media; gyroscope; picture-in-picture\" allowfullscreen><\/iframe><\/p>\n<\/div>","protected":false},"excerpt":{"rendered":"<p>[vc_row][vc_column][vc_empty_space][vc_column_text] Introdu\u00e7\u00e3o O Modelo CERNE na Gest\u00e3o de Incubadoras No<span class=\"excerpt-hellip\"> [\u2026]<\/span><\/p>\n","protected":false},"author":8,"featured_media":0,"parent":0,"menu_order":0,"comment_status":"closed","ping_status":"closed","template":"","meta":{"footnotes":"","_links_to":"","_links_to_target":""},"_links":{"self":[{"href":"https:\/\/anprotec.org.br\/site\/wp-json\/wp\/v2\/pages\/32394"}],"collection":[{"href":"https:\/\/anprotec.org.br\/site\/wp-json\/wp\/v2\/pages"}],"about":[{"href":"https:\/\/anprotec.org.br\/site\/wp-json\/wp\/v2\/types\/page"}],"author":[{"embeddable":true,"href":"https:\/\/anprotec.org.br\/site\/wp-json\/wp\/v2\/users\/8"}],"replies":[{"embeddable":true,"href":"https:\/\/anprotec.org.br\/site\/wp-json\/wp\/v2\/comments?post=32394"}],"version-history":[{"count":2,"href":"https:\/\/anprotec.org.br\/site\/wp-json\/wp\/v2\/pages\/32394\/revisions"}],"predecessor-version":[{"id":33795,"href":"https:\/\/anprotec.org.br\/site\/wp-json\/wp\/v2\/pages\/32394\/revisions\/33795"}],"wp:attachment":[{"href":"https:\/\/anprotec.org.br\/site\/wp-json\/wp\/v2\/media?parent=32394"}],"curies":[{"name":"wp","href":"https:\/\/api.w.org\/{rel}","templated":true}]}}