{"id":31865,"date":"2020-03-13T12:11:36","date_gmt":"2020-03-13T15:11:36","guid":{"rendered":"https:\/\/lacom.ag\/projetos\/anprotec\/site\/?page_id=31865"},"modified":"2020-04-10T15:20:05","modified_gmt":"2020-04-10T18:20:05","slug":"conexoes","status":"publish","type":"page","link":"https:\/\/anprotec.org.br\/site\/projetos\/conexoes\/","title":{"rendered":"Conex\u00f5es"},"content":{"rendered":"<div class=\"wpb-content-wrapper\"><p>[vc_row][vc_column]<div class=\"column_filters\"><div class=\"portfolio_wrapper isotope_wrapper \"><ul class=\"portfolio_group lm_wrapper isotope col-3 grid\"><li class=\"portfolio-item isotope-item category-conexoes category-projetos  has-thumbnail\"><div class=\"portfolio-item-fw-bg\" style=\"\"><div class=\"portfolio-item-fill\"><\/div><div class=\"list_style_header\"><h3 class=\"entry-title\" itemprop=\"headline\"><a class=\"link\" href=\"https:\/\/anprotec.org.br\/site\/projetos\/anprotalks\">AnproTalks<\/a><\/h3><div class=\"links_wrapper\"><a href=\"#\" class=\"button button_js portfolio_prev_js\"><span class=\"button_icon\"><i class=\"icon-up-open\"><\/i><\/span><\/a><a href=\"#\" class=\"button button_js portfolio_next_js\"><span class=\"button_icon\"><i class=\"icon-down-open\"><\/i><\/span><\/a><a href=\"https:\/\/anprotec.org.br\/site\/projetos\/anprotalks\" class=\"button button_left button_theme button_js\"><span class=\"button_icon\"><i class=\"icon-link\"><\/i><\/span><span class=\"button_label\">Leia mais<\/span><\/a><\/div><\/div><div class=\"image_frame scale-with-grid\"><div class=\"image_wrapper\"><a href=\"https:\/\/anprotec.org.br\/site\/projetos\/anprotalks\"><div class=\"mask\"><\/div><img width=\"960\" height=\"535\" src=\"https:\/\/anprotec.org.br\/site\/wp-content\/uploads\/2020\/06\/projetos-anprotalks-960x535.jpg\" class=\"scale-with-grid wp-post-image\" alt=\"\" decoding=\"async\" srcset=\"https:\/\/anprotec.org.br\/site\/wp-content\/uploads\/2020\/06\/projetos-anprotalks.jpg 960w, https:\/\/anprotec.org.br\/site\/wp-content\/uploads\/2020\/06\/projetos-anprotalks-300x167.jpg 300w, https:\/\/anprotec.org.br\/site\/wp-content\/uploads\/2020\/06\/projetos-anprotalks-768x428.jpg 768w, https:\/\/anprotec.org.br\/site\/wp-content\/uploads\/2020\/06\/projetos-anprotalks-260x146.jpg 260w, https:\/\/anprotec.org.br\/site\/wp-content\/uploads\/2020\/06\/projetos-anprotalks-50x28.jpg 50w, https:\/\/anprotec.org.br\/site\/wp-content\/uploads\/2020\/06\/projetos-anprotalks-135x75.jpg 135w\" sizes=\"(max-width: 960px) 100vw, 960px\" \/><\/a><div class=\"image_links double\"><a href=\"https:\/\/anprotec.org.br\/site\/wp-content\/uploads\/2020\/06\/projetos-anprotalks.jpg\" class=\"zoom\" rel=\"prettyphoto\"><i class=\"icon-search\"><\/i><\/a><a href=\"https:\/\/anprotec.org.br\/site\/projetos\/anprotalks\" class=\"link\"><i class=\"icon-link\"><\/i><\/a><\/div><\/div><\/div><div class=\"desc\"><div class=\"title_wrapper\"><h5 class=\"entry-title\" itemprop=\"headline\"><a class=\"link\" href=\"https:\/\/anprotec.org.br\/site\/projetos\/anprotalks\">AnproTalks<\/a><\/h5><div class=\"button-love\"><a href=\"#\" class=\"mfn-love \" data-id=\"32642\"><span class=\"icons-wrapper\"><i class=\"icon-heart-empty-fa\"><\/i><i class=\"icon-heart-fa\"><\/i><\/span><span class=\"label\">4<\/span><\/a><\/div><\/div><div class=\"details-wrapper\"><dl><\/dl><\/div><div class=\"desc-wrapper\">Aprofunde-se no debate sobre &#8220;Novas Estrat\u00e9gias para os Ambientes de<span class=\"excerpt-hellip\"> [\u2026]<\/span><\/div><\/div><\/div><\/li><li class=\"portfolio-item isotope-item category-conexoes category-projetos  has-thumbnail\"><div class=\"portfolio-item-fw-bg\" style=\"\"><div class=\"portfolio-item-fill\"><\/div><div class=\"list_style_header\"><h3 class=\"entry-title\" itemprop=\"headline\"><a class=\"link\" href=\"https:\/\/anprotec.org.br\/site\/projetos\/conferencia-anprotec\/\">Confer\u00eancia Anprotec<\/a><\/h3><div class=\"links_wrapper\"><a href=\"#\" class=\"button button_js portfolio_prev_js\"><span class=\"button_icon\"><i class=\"icon-up-open\"><\/i><\/span><\/a><a href=\"#\" class=\"button button_js portfolio_next_js\"><span class=\"button_icon\"><i class=\"icon-down-open\"><\/i><\/span><\/a><a href=\"https:\/\/anprotec.org.br\/site\/projetos\/conferencia-anprotec\/\" class=\"button button_left button_theme button_js\"><span class=\"button_icon\"><i class=\"icon-link\"><\/i><\/span><span class=\"button_label\">Leia mais<\/span><\/a><\/div><\/div><div class=\"image_frame scale-with-grid\"><div class=\"image_wrapper\"><a href=\"https:\/\/anprotec.org.br\/site\/projetos\/conferencia-anprotec\/\"><div class=\"mask\"><\/div><img width=\"960\" height=\"535\" src=\"https:\/\/anprotec.org.br\/site\/wp-content\/uploads\/2019\/04\/banner-conferencias-960x535-960x535.jpg\" class=\"scale-with-grid wp-post-image\" alt=\"Banner confer\u00eancias anprotec\" decoding=\"async\" srcset=\"https:\/\/anprotec.org.br\/site\/wp-content\/uploads\/2019\/04\/banner-conferencias-960x535.jpg 960w, https:\/\/anprotec.org.br\/site\/wp-content\/uploads\/2019\/04\/banner-conferencias-960x535-300x167.jpg 300w, https:\/\/anprotec.org.br\/site\/wp-content\/uploads\/2019\/04\/banner-conferencias-960x535-768x428.jpg 768w, https:\/\/anprotec.org.br\/site\/wp-content\/uploads\/2019\/04\/banner-conferencias-960x535-260x146.jpg 260w, https:\/\/anprotec.org.br\/site\/wp-content\/uploads\/2019\/04\/banner-conferencias-960x535-50x28.jpg 50w, https:\/\/anprotec.org.br\/site\/wp-content\/uploads\/2019\/04\/banner-conferencias-960x535-135x75.jpg 135w\" sizes=\"(max-width: 960px) 100vw, 960px\" \/><\/a><div class=\"image_links double\"><a href=\"https:\/\/anprotec.org.br\/site\/wp-content\/uploads\/2019\/04\/banner-conferencias-960x535.jpg\" class=\"zoom\" rel=\"prettyphoto\"><i class=\"icon-search\"><\/i><\/a><a href=\"https:\/\/anprotec.org.br\/site\/projetos\/conferencia-anprotec\/\" class=\"link\"><i class=\"icon-link\"><\/i><\/a><\/div><\/div><\/div><div class=\"desc\"><div class=\"title_wrapper\"><h5 class=\"entry-title\" itemprop=\"headline\"><a class=\"link\" href=\"https:\/\/anprotec.org.br\/site\/projetos\/conferencia-anprotec\/\">Confer\u00eancia Anprotec<\/a><\/h5><div class=\"button-love\"><a href=\"#\" class=\"mfn-love \" data-id=\"28579\"><span class=\"icons-wrapper\"><i class=\"icon-heart-empty-fa\"><\/i><i class=\"icon-heart-fa\"><\/i><\/span><span class=\"label\">4<\/span><\/a><\/div><\/div><div class=\"details-wrapper\"><dl><\/dl><\/div><div class=\"desc-wrapper\">Voc\u00ea sempre conectado com o maior evento anual sobre ambientes<span class=\"excerpt-hellip\"> [\u2026]<\/span><\/div><\/div><\/div><\/li><li class=\"portfolio-item isotope-item category-conexoes category-projetos  has-thumbnail\"><div class=\"portfolio-item-fw-bg\" style=\"\"><div class=\"portfolio-item-fill\"><\/div><div class=\"list_style_header\"><h3 class=\"entry-title\" itemprop=\"headline\"><a class=\"link\" href=\"https:\/\/anprotec.org.br\/site\/projetos\/anprotec\/site\/projetos\/networking\/\">Caf\u00e9 da Manh\u00e3 Anprotec &amp; Parceiros, Workshop, F\u00f3runs, etc.<\/a><\/h3><div class=\"links_wrapper\"><a href=\"#\" class=\"button button_js portfolio_prev_js\"><span class=\"button_icon\"><i class=\"icon-up-open\"><\/i><\/span><\/a><a href=\"#\" class=\"button button_js portfolio_next_js\"><span class=\"button_icon\"><i class=\"icon-down-open\"><\/i><\/span><\/a><a href=\"https:\/\/anprotec.org.br\/site\/projetos\/anprotec\/site\/projetos\/networking\/\" class=\"button button_left button_theme button_js\"><span class=\"button_icon\"><i class=\"icon-link\"><\/i><\/span><span class=\"button_label\">Leia mais<\/span><\/a><\/div><\/div><div class=\"image_frame scale-with-grid\"><div class=\"image_wrapper\"><a href=\"https:\/\/anprotec.org.br\/site\/projetos\/anprotec\/site\/projetos\/networking\/\"><div class=\"mask\"><\/div><img width=\"960\" height=\"535\" src=\"https:\/\/anprotec.org.br\/site\/wp-content\/uploads\/2018\/03\/imagem-acoes-internacionalizacao-e-networking-min-960x535.png\" class=\"scale-with-grid wp-post-image\" alt=\"\" decoding=\"async\" \/><\/a><div class=\"image_links double\"><a href=\"https:\/\/anprotec.org.br\/site\/wp-content\/uploads\/2018\/03\/imagem-acoes-internacionalizacao-e-networking-min-1024x535.png\" class=\"zoom\" rel=\"prettyphoto\"><i class=\"icon-search\"><\/i><\/a><a href=\"https:\/\/anprotec.org.br\/site\/projetos\/anprotec\/site\/projetos\/networking\/\" class=\"link\"><i class=\"icon-link\"><\/i><\/a><\/div><\/div><\/div><div class=\"desc\"><div class=\"title_wrapper\"><h5 class=\"entry-title\" itemprop=\"headline\"><a class=\"link\" href=\"https:\/\/anprotec.org.br\/site\/projetos\/anprotec\/site\/projetos\/networking\/\">Caf\u00e9 da Manh\u00e3 Anprotec &amp; Parceiros, Workshop, F\u00f3runs, etc.<\/a><\/h5><div class=\"button-love\"><a href=\"#\" class=\"mfn-love \" data-id=\"32009\"><span class=\"icons-wrapper\"><i class=\"icon-heart-empty-fa\"><\/i><i class=\"icon-heart-fa\"><\/i><\/span><span class=\"label\">6<\/span><\/a><\/div><\/div><div class=\"details-wrapper\"><dl><\/dl><\/div><div class=\"desc-wrapper\">Muito networking e oportunidades de parcerias<\/div><\/div><\/div><\/li><\/ul><\/div>\n<\/div>\n[\/vc_column][\/vc_row]<\/p>\n<\/div>","protected":false},"excerpt":{"rendered":"<p>[vc_row][vc_column][\/vc_column][\/vc_row]<\/p>\n","protected":false},"author":8,"featured_media":0,"parent":23401,"menu_order":0,"comment_status":"closed","ping_status":"closed","template":"","meta":{"footnotes":"","_links_to":"","_links_to_target":""},"_links":{"self":[{"href":"https:\/\/anprotec.org.br\/site\/wp-json\/wp\/v2\/pages\/31865"}],"collection":[{"href":"https:\/\/anprotec.org.br\/site\/wp-json\/wp\/v2\/pages"}],"about":[{"href":"https:\/\/anprotec.org.br\/site\/wp-json\/wp\/v2\/types\/page"}],"author":[{"embeddable":true,"href":"https:\/\/anprotec.org.br\/site\/wp-json\/wp\/v2\/users\/8"}],"replies":[{"embeddable":true,"href":"https:\/\/anprotec.org.br\/site\/wp-json\/wp\/v2\/comments?post=31865"}],"version-history":[{"count":1,"href":"https:\/\/anprotec.org.br\/site\/wp-json\/wp\/v2\/pages\/31865\/revisions"}],"predecessor-version":[{"id":32033,"href":"https:\/\/anprotec.org.br\/site\/wp-json\/wp\/v2\/pages\/31865\/revisions\/32033"}],"up":[{"embeddable":true,"href":"https:\/\/anprotec.org.br\/site\/wp-json\/wp\/v2\/pages\/23401"}],"wp:attachment":[{"href":"https:\/\/anprotec.org.br\/site\/wp-json\/wp\/v2\/media?parent=31865"}],"curies":[{"name":"wp","href":"https:\/\/api.w.org\/{rel}","templated":true}]}}