{"id":31852,"date":"2020-03-13T11:53:21","date_gmt":"2020-03-13T14:53:21","guid":{"rendered":"https:\/\/lacom.ag\/projetos\/anprotec\/site\/?page_id=31852"},"modified":"2020-04-10T15:25:45","modified_gmt":"2020-04-10T18:25:45","slug":"ibrics-network","status":"publish","type":"page","link":"https:\/\/anprotec.org.br\/site\/projetos\/ibrics-network\/","title":{"rendered":"Innovation BRICS Network (iBRICS Network)"},"content":{"rendered":"<div class=\"wpb-content-wrapper\"><p>[vc_row css=&#8221;.vc_custom_1556300990689{margin-top: 0px !important;margin-right: 0px !important;margin-bottom: 0px !important;margin-left: 0px !important;border-top-width: 0px !important;border-right-width: 0px !important;border-bottom-width: 0px !important;border-left-width: 0px !important;padding-top: 0px !important;padding-right: 0px !important;padding-bottom: 0px !important;padding-left: 0px !important;}&#8221;][vc_column][vc_column_text]Esta parceria \u00e9 um modelo executivo de coopera\u00e7\u00e3o na \u00e1rea de inova\u00e7\u00e3o entre os signat\u00e1rios do BRICS (Brasil, R\u00fassia, \u00cdndia China e \u00c1frica do Sul) a fim de ampliar a abrang\u00eancia da rede.<br \/>\nA iBRICS Network \u00e9 um mecanismo de di\u00e1logo direto, apoio m\u00fatuo, projetos conjuntos e interc\u00e2mbio das melhores pr\u00e1ticas entre parques cient\u00edficos e tecnol\u00f3gicos, incubadoras e aceleradoras de empresas de base tecnol\u00f3gica e outras organiza\u00e7\u00f5es inovadoras dos pa\u00edses do BRICS.<br \/>\nEm 2018, essa parceria organizou a <a href=\"https:\/\/anprotec.org.br\/site\/2018\/12\/iniciativa-do-mre-em-parceria-com-a-anprotec-leva-parques-tecnologicos-brasileiros-a-russia\/\">Miss\u00e3o de Parques Tecnol\u00f3gicos Brasileiros \u00e0 R\u00fassia<\/a>, com o objetivo de aproximar os ecossistemas de inova\u00e7\u00e3o brasileiro e russo, fomentando a parceria entre as na\u00e7\u00f5es e a troca de experi\u00eancias entre os parques t\u00e9cnol\u00f3gicos.<br \/>\nOutra iniciativa \u00e9 o <a href=\"https:\/\/anprotec.org.br\/site\/2020\/02\/confira-as-incubadoras-selecionadas-para-apoiar-as-agritechs-indianas-no-brasil\/\">Programa Agritech <\/a><a href=\"https:\/\/anprotec.org.br\/site\/2020\/02\/confira-as-incubadoras-selecionadas-para-apoiar-as-agritechs-indianas-no-brasil\/\">Brasil-\u00cdndia<\/a><a href=\"https:\/\/anprotec.org.br\/site\/2020\/02\/confira-as-incubadoras-selecionadas-para-apoiar-as-agritechs-indianas-no-brasil\/\"> de Incuba\u00e7\u00e3o Cruzada 2019-2020<\/a>, que tem o objetivo de estimular o interc\u00e2mbio e a integra\u00e7\u00e3o dos mercados entre o Brasil e a \u00cdndia, apoiando o desenvolvimento e a internacionaliza\u00e7\u00e3o de empreendimentos que atuam com agrotecnologia.<br \/>\nAssim como a miss\u00e3o para a R\u00fassia e o Programa Agritech Brasil-\u00cdndia, est\u00e3o previstas novas chamadas entre os signat\u00e1rios do BRICS (Brasil, R\u00fassia, \u00cdndia China e \u00c1frica do Sul).[\/vc_column_text][\/vc_column][\/vc_row]<\/p>\n<\/div>","protected":false},"excerpt":{"rendered":"<p>[vc_row css=&#8221;.vc_custom_1556300990689{margin-top: 0px !important;margin-right: 0px !important;margin-bottom: 0px !important;margin-left: 0px !important;border-top-width:<span class=\"excerpt-hellip\"> [\u2026]<\/span><\/p>\n","protected":false},"author":8,"featured_media":0,"parent":23401,"menu_order":0,"comment_status":"closed","ping_status":"closed","template":"","meta":{"footnotes":"","_links_to":"","_links_to_target":""},"_links":{"self":[{"href":"https:\/\/anprotec.org.br\/site\/wp-json\/wp\/v2\/pages\/31852"}],"collection":[{"href":"https:\/\/anprotec.org.br\/site\/wp-json\/wp\/v2\/pages"}],"about":[{"href":"https:\/\/anprotec.org.br\/site\/wp-json\/wp\/v2\/types\/page"}],"author":[{"embeddable":true,"href":"https:\/\/anprotec.org.br\/site\/wp-json\/wp\/v2\/users\/8"}],"replies":[{"embeddable":true,"href":"https:\/\/anprotec.org.br\/site\/wp-json\/wp\/v2\/comments?post=31852"}],"version-history":[{"count":1,"href":"https:\/\/anprotec.org.br\/site\/wp-json\/wp\/v2\/pages\/31852\/revisions"}],"predecessor-version":[{"id":32038,"href":"https:\/\/anprotec.org.br\/site\/wp-json\/wp\/v2\/pages\/31852\/revisions\/32038"}],"up":[{"embeddable":true,"href":"https:\/\/anprotec.org.br\/site\/wp-json\/wp\/v2\/pages\/23401"}],"wp:attachment":[{"href":"https:\/\/anprotec.org.br\/site\/wp-json\/wp\/v2\/media?parent=31852"}],"curies":[{"name":"wp","href":"https:\/\/api.w.org\/{rel}","templated":true}]}}