{"id":30169,"date":"2019-09-13T22:19:15","date_gmt":"2019-09-14T01:19:15","guid":{"rendered":"http:\/\/anprotec.org.br\/site\/?page_id=30169"},"modified":"2022-01-24T13:43:45","modified_gmt":"2022-01-24T16:43:45","slug":"parcerias","status":"publish","type":"page","link":"https:\/\/anprotec.org.br\/site\/parcerias\/","title":{"rendered":"Parcerias"},"content":{"rendered":"<div class=\"wpb-content-wrapper\"><p>[vc_row][vc_column][vc_empty_space height=&#8221;22px&#8221;][vc_column_text css=&#8221;.vc_custom_1578939517836{margin-bottom: 0px !important;padding-bottom: 0px !important;}&#8221;]<\/p>\n<h2>Participa\u00e7\u00e3o em Conselhos<\/h2>\n<p>[\/vc_column_text][vc_separator color=&#8221;custom&#8221; align=&#8221;align_left&#8221; border_width=&#8221;2&#8243; el_width=&#8221;30&#8243; accent_color=&#8221;#fab32f&#8221; css=&#8221;.vc_custom_1578939501291{margin-top: 0px !important;padding-top: 0px !important;}&#8221;][vc_column_text]<style type='text\/css'>#rt-container-990319891 .single-logo-container h3, #rt-container-990319891 .single-logo-container h3 a{color : #000000}<\/style><div class=\"rt-container-fluid rt-wpls\" id=\"rt-container-990319891\" data-sc-id=\"30197\"><div class=\"rt-row grid-layout \"  ><div class='rt-col-md-2 rt-col-sm-3 rt-col-xs-3'><div><div class='single-logo-container'><img width=\"300\" height=\"152\" src=\"https:\/\/anprotec.org.br\/site\/wp-content\/uploads\/2019\/09\/abdi.jpg\" class=\"wls-logo\" alt=\"\" title=\"ABDI\" loading=\"lazy\" \/><\/div><\/div><\/div><div class='rt-col-md-2 rt-col-sm-3 rt-col-xs-3'><div><div class='single-logo-container'><img width=\"365\" height=\"152\" src=\"https:\/\/anprotec.org.br\/site\/wp-content\/uploads\/2019\/09\/cgee-1.jpg\" class=\"wls-logo\" alt=\"\" title=\"cgee\" loading=\"lazy\" \/><\/div><\/div><\/div><div class='rt-col-md-2 rt-col-sm-3 rt-col-xs-3'><div><div class='single-logo-container'><img width=\"302\" height=\"152\" src=\"https:\/\/anprotec.org.br\/site\/wp-content\/uploads\/2019\/09\/cnpq.jpg\" class=\"wls-logo\" alt=\"\" title=\"CNPq\" loading=\"lazy\" \/><\/div><\/div><\/div><div class='rt-col-md-2 rt-col-sm-3 rt-col-xs-3'><div><div class='single-logo-container'><img width=\"312\" height=\"152\" src=\"https:\/\/anprotec.org.br\/site\/wp-content\/uploads\/2019\/09\/finep.jpg\" class=\"wls-logo\" alt=\"\" title=\"Finep\" loading=\"lazy\" \/><\/div><\/div><\/div><div class='rt-col-md-2 rt-col-sm-3 rt-col-xs-3'><div><div class='single-logo-container'><img width=\"289\" height=\"152\" src=\"https:\/\/anprotec.org.br\/site\/wp-content\/uploads\/2019\/09\/sebrae.jpg\" class=\"wls-logo\" alt=\"\" title=\"SEBRAE\" loading=\"lazy\" \/><\/div><\/div><\/div><div class='rt-col-md-2 rt-col-sm-3 rt-col-xs-3'><div><div class='single-logo-container'><img width=\"215\" height=\"145\" src=\"https:\/\/anprotec.org.br\/site\/wp-content\/uploads\/2023\/04\/RNP.png\" class=\"wls-logo\" alt=\"\" title=\"RNP\" loading=\"lazy\" \/><\/div><\/div><\/div><\/div><\/div>[\/vc_column_text][\/vc_column][\/vc_row][vc_row][vc_column][vc_empty_space height=&#8221;42px&#8221;][vc_column_text css=&#8221;.vc_custom_1578939943926{margin-bottom: 0px !important;padding-bottom: 0px !important;}&#8221;]<\/p>\n<h2>Participa\u00e7\u00e3o em Comit\u00eas\/Grupos de trabalho de Iniciativas e Programas<\/h2>\n<p>[\/vc_column_text][vc_separator color=&#8221;custom&#8221; align=&#8221;align_left&#8221; border_width=&#8221;2&#8243; el_width=&#8221;30&#8243; accent_color=&#8221;#fab32f&#8221; css=&#8221;.vc_custom_1568421690088{margin-top: 0px !important;padding-top: 0px !important;}&#8221;][vc_column_text]<style type='text\/css'><\/style><div class=\"rt-container-fluid rt-wpls\" id=\"rt-container-54674129\" data-sc-id=\"30205\"><div class=\"rt-row grid-layout \"  ><div class='rt-col-md-3 rt-col-sm-3 rt-col-xs-3'><div><div class='single-logo-container'><img width=\"551\" height=\"229\" src=\"https:\/\/anprotec.org.br\/site\/wp-content\/uploads\/2019\/09\/Conselho-Consultivo-da-Sala-de-Inovac\u0327a\u0303o.png\" class=\"wls-logo\" alt=\"\" title=\"Conselho Consultivo da Sala de Inova\u00e7\u00e3o\" loading=\"lazy\" \/><\/div><\/div><\/div><div class='rt-col-md-3 rt-col-sm-3 rt-col-xs-3'><div><div class='single-logo-container'><img width=\"557\" height=\"155\" src=\"https:\/\/anprotec.org.br\/site\/wp-content\/uploads\/2019\/09\/Conselho-Gestor-do-Prog-Rota-2030.png\" class=\"wls-logo\" alt=\"\" title=\"Conselho Gestor do Programa Rota 2030\" loading=\"lazy\" \/><\/div><\/div><\/div><div class='rt-col-md-3 rt-col-sm-3 rt-col-xs-3'><div><div class='single-logo-container'><img width=\"580\" height=\"171\" src=\"https:\/\/anprotec.org.br\/site\/wp-content\/uploads\/2019\/09\/Conselho-Gestor-do-Prog-Ind-4.0.png\" class=\"wls-logo\" alt=\"\" title=\"Conselho Gestor do Programa Ind\u00fastria 4.0\" loading=\"lazy\" \/><\/div><\/div><\/div><div class='rt-col-md-3 rt-col-sm-3 rt-col-xs-3'><div><div class='single-logo-container'><img width=\"429\" height=\"171\" src=\"https:\/\/anprotec.org.br\/site\/wp-content\/uploads\/2019\/09\/ENIMPACTO.png\" class=\"wls-logo\" alt=\"\" title=\"ENIMPACTO\" loading=\"lazy\" \/><\/div><\/div><\/div><div class='rt-col-md-3 rt-col-sm-3 rt-col-xs-3'><div><div class='single-logo-container'><img width=\"659\" height=\"171\" src=\"https:\/\/anprotec.org.br\/site\/wp-content\/uploads\/2019\/09\/Fo\u0301rum-Permanente.png\" class=\"wls-logo\" alt=\"\" title=\"F\u00f3rum Permanente das Microempresas e Empresas de Pequeno Porte\" loading=\"lazy\" \/><\/div><\/div><\/div><div class='rt-col-md-3 rt-col-sm-3 rt-col-xs-3'><div><div class='single-logo-container'><img width=\"129\" height=\"80\" src=\"https:\/\/anprotec.org.br\/site\/wp-content\/uploads\/2019\/09\/frente-cidades-1.jpg\" class=\"wls-logo\" alt=\"\" title=\"Frente Parlamentar de Cidades\" loading=\"lazy\" \/><\/div><\/div><\/div><div class='rt-col-md-3 rt-col-sm-3 rt-col-xs-3'><div><div class='single-logo-container'><img width=\"424\" height=\"173\" src=\"https:\/\/anprotec.org.br\/site\/wp-content\/uploads\/2019\/09\/Marco-Legal-Startups.png\" class=\"wls-logo\" alt=\"\" title=\"Marco Legal Startups\" loading=\"lazy\" \/><\/div><\/div><\/div><div class='rt-col-md-3 rt-col-sm-3 rt-col-xs-3'><div><div class='single-logo-container'><img width=\"126\" height=\"75\" src=\"https:\/\/anprotec.org.br\/site\/wp-content\/uploads\/2019\/09\/mei-1.jpg\" class=\"wls-logo\" alt=\"\" title=\"MEI\" loading=\"lazy\" \/><\/div><\/div><\/div><div class='rt-col-md-3 rt-col-sm-3 rt-col-xs-3'><div><div class='single-logo-container'><img width=\"595\" height=\"224\" src=\"https:\/\/anprotec.org.br\/site\/wp-content\/uploads\/2019\/09\/Prog-Nacional-de-Apoio-a\u0300-Incubadoras.png\" class=\"wls-logo\" alt=\"\" title=\"Programa Nacional de Apoio \u00e0 Incubadoras de Empresas e Parques Tecnol\u00f3gicos\" loading=\"lazy\" \/><\/div><\/div><\/div><div class='rt-col-md-3 rt-col-sm-3 rt-col-xs-3'><div><div class='single-logo-container'><img width=\"440\" height=\"171\" src=\"https:\/\/anprotec.org.br\/site\/wp-content\/uploads\/2019\/09\/Prog-Startup-Brasil.png\" class=\"wls-logo\" alt=\"\" title=\"Programa Startup Brasil\" loading=\"lazy\" \/><\/div><\/div><\/div><\/div><\/div>[\/vc_column_text][\/vc_column][\/vc_row][vc_row][vc_column][vc_empty_space height=&#8221;42px&#8221;][vc_column_text css=&#8221;.vc_custom_1586544998211{margin-bottom: 0px !important;padding-bottom: 0px !important;}&#8221;]<\/p>\n<h2>Rede Nacional de Associa\u00e7\u00f5es de Inova\u00e7\u00e3o e Investimento \u2013 RNAII<\/h2>\n<p>[\/vc_column_text][vc_separator color=&#8221;custom&#8221; align=&#8221;align_left&#8221; border_width=&#8221;2&#8243; el_width=&#8221;30&#8243; accent_color=&#8221;#fab32f&#8221; css=&#8221;.vc_custom_1568421690088{margin-top: 0px !important;padding-top: 0px !important;}&#8221;][vc_column_text]<style type='text\/css'><\/style><div class=\"rt-container-fluid rt-wpls\" id=\"rt-container-1209316070\" data-sc-id=\"30206\"><div class=\"rt-row grid-layout \"  ><div class='rt-col-md-24 rt-col-sm-3 rt-col-xs-3'><div><div class='single-logo-container'><img width=\"93\" height=\"100\" src=\"https:\/\/anprotec.org.br\/site\/wp-content\/uploads\/2019\/09\/logo_oficial_fortec-1.png\" class=\"wls-logo\" alt=\"\" title=\"Fortec\" loading=\"lazy\" \/><\/div><\/div><\/div><div class='rt-col-md-24 rt-col-sm-3 rt-col-xs-3'><div><div class='single-logo-container'><img width=\"300\" height=\"117\" src=\"https:\/\/anprotec.org.br\/site\/wp-content\/uploads\/2019\/09\/Sem-T\u00edtulo-1_15.jpg\" class=\"wls-logo\" alt=\"\" title=\"Anpei\" loading=\"lazy\" \/><\/div><\/div><\/div><div class='rt-col-md-24 rt-col-sm-3 rt-col-xs-3'><div><div class='single-logo-container'><img width=\"246\" height=\"166\" src=\"https:\/\/anprotec.org.br\/site\/wp-content\/uploads\/2019\/09\/Sem-T\u00edtulo-1_13.jpg\" class=\"wls-logo\" alt=\"\" title=\"Anjos do Brasil\" loading=\"lazy\" \/><\/div><\/div><\/div><div class='rt-col-md-24 rt-col-sm-3 rt-col-xs-3'><div><div class='single-logo-container'><img width=\"385\" height=\"144\" src=\"https:\/\/anprotec.org.br\/site\/wp-content\/uploads\/2019\/09\/Sem-T\u00edtulo-1_10.jpg\" class=\"wls-logo\" alt=\"\" title=\"RNAII\" loading=\"lazy\" \/><\/div><\/div><\/div><div class='rt-col-md-24 rt-col-sm-3 rt-col-xs-3'><div><div class='single-logo-container'><img width=\"300\" height=\"152\" src=\"https:\/\/anprotec.org.br\/site\/wp-content\/uploads\/2019\/09\/Sem-T\u00edtulo-1_05.jpg\" class=\"wls-logo\" alt=\"\" title=\"abvcap\" loading=\"lazy\" \/><\/div><\/div><\/div><div class='rt-col-md-24 rt-col-sm-3 rt-col-xs-3'><div><div class='single-logo-container'><img width=\"300\" height=\"135\" src=\"https:\/\/anprotec.org.br\/site\/wp-content\/uploads\/2019\/09\/Sem-T\u00edtulo-1_03.jpg\" class=\"wls-logo\" alt=\"\" title=\"abstartups\" loading=\"lazy\" \/><\/div><\/div><\/div><div class='rt-col-md-24 rt-col-sm-3 rt-col-xs-3'><div><div class='single-logo-container'><img width=\"221\" height=\"85\" src=\"https:\/\/anprotec.org.br\/site\/wp-content\/uploads\/2019\/09\/logo-abipti-site.png\" class=\"wls-logo\" alt=\"\" title=\"Abpti\" loading=\"lazy\" \/><\/div><\/div><\/div><\/div><\/div>[\/vc_column_text][\/vc_column][\/vc_row][vc_row][vc_column][vc_empty_space height=&#8221;42px&#8221;][vc_column_text css=&#8221;.vc_custom_1643042622941{margin-bottom: 0px !important;padding-bottom: 0px !important;}&#8221;]<\/p>\n<h2><span style=\"font-weight: 400\">Contratos e Conv\u00eanios<\/span><\/h2>\n<p>[\/vc_column_text][vc_separator color=&#8221;custom&#8221; align=&#8221;align_left&#8221; border_width=&#8221;2&#8243; el_width=&#8221;30&#8243; accent_color=&#8221;#fab32f&#8221; css=&#8221;.vc_custom_1568421690088{margin-top: 0px !important;padding-top: 0px !important;}&#8221;][vc_column_text]<style type='text\/css'><\/style><div class=\"rt-container-fluid rt-wpls\" id=\"rt-container-1188193325\" data-sc-id=\"30207\"><div class=\"rt-row grid-layout \"  ><div class='rt-col-md-24 rt-col-sm-3 rt-col-xs-3'><div><div class='single-logo-container'><img width=\"302\" height=\"152\" src=\"https:\/\/anprotec.org.br\/site\/wp-content\/uploads\/2019\/09\/cnpq.jpg\" class=\"wls-logo\" alt=\"\" title=\"CNPq\" loading=\"lazy\" \/><\/div><\/div><\/div><div class='rt-col-md-24 rt-col-sm-3 rt-col-xs-3'><div><div class='single-logo-container'><img width=\"289\" height=\"152\" src=\"https:\/\/anprotec.org.br\/site\/wp-content\/uploads\/2019\/09\/sebrae.jpg\" class=\"wls-logo\" alt=\"\" title=\"SEBRAE\" loading=\"lazy\" \/><\/div><\/div><\/div><div class='rt-col-md-24 rt-col-sm-3 rt-col-xs-3'><div><div class='single-logo-container'><img width=\"252\" height=\"190\" src=\"https:\/\/anprotec.org.br\/site\/wp-content\/uploads\/2019\/09\/apex-brasil.jpg\" class=\"wls-logo\" alt=\"\" title=\"ApexBrasil\" loading=\"lazy\" \/><\/div><\/div><\/div><div class='rt-col-md-24 rt-col-sm-3 rt-col-xs-3'><div><div class='single-logo-container'><img width=\"225\" height=\"190\" src=\"https:\/\/anprotec.org.br\/site\/wp-content\/uploads\/2019\/09\/samsung.jpg\" class=\"wls-logo\" alt=\"\" title=\"Samsung\" loading=\"lazy\" \/><\/div><\/div><\/div><div class='rt-col-md-24 rt-col-sm-3 rt-col-xs-3'><div><div class='single-logo-container'><img width=\"207\" height=\"174\" src=\"https:\/\/anprotec.org.br\/site\/wp-content\/uploads\/2019\/09\/Edita\u0301vel_Selos-01.png\" class=\"wls-logo\" alt=\"\" title=\"MCTIC\" loading=\"lazy\" \/><\/div><\/div><\/div><div class='rt-col-md-24 rt-col-sm-3 rt-col-xs-3'><div><div class='single-logo-container'><img width=\"162\" height=\"132\" src=\"https:\/\/anprotec.org.br\/site\/wp-content\/uploads\/2019\/09\/inpi.jpg\" class=\"wls-logo\" alt=\"\" title=\"INPI\" loading=\"lazy\" \/><\/div><\/div><\/div><div class='rt-col-md-24 rt-col-sm-3 rt-col-xs-3'><div><div class='single-logo-container'><img width=\"201\" height=\"171\" src=\"https:\/\/anprotec.org.br\/site\/wp-content\/uploads\/2019\/09\/Edita\u0301vel_Selos-02.png\" class=\"wls-logo\" alt=\"\" title=\"Minist\u00e9rio da Economia\" loading=\"lazy\" \/><\/div><\/div><\/div><div class='rt-col-md-24 rt-col-sm-3 rt-col-xs-3'><div><div class='single-logo-container'><img width=\"180\" height=\"127\" src=\"https:\/\/anprotec.org.br\/site\/wp-content\/uploads\/2019\/09\/rnp.jpg\" class=\"wls-logo\" alt=\"\" title=\"RNP\" loading=\"lazy\" \/><\/div><\/div><\/div><div class='rt-col-md-24 rt-col-sm-3 rt-col-xs-3'><div><div class='single-logo-container'><img width=\"257\" height=\"109\" src=\"https:\/\/anprotec.org.br\/site\/wp-content\/uploads\/2019\/09\/relacoes-exteriores.jpg\" class=\"wls-logo\" alt=\"\" title=\"Minist\u00e9rio das rela\u00e7oes Exteriores\" loading=\"lazy\" \/><\/div><\/div><\/div><div class='rt-col-md-24 rt-col-sm-3 rt-col-xs-3'><div><div class='single-logo-container'><img width=\"201\" height=\"171\" src=\"https:\/\/anprotec.org.br\/site\/wp-content\/uploads\/2019\/09\/Edita\u0301vel_Selos-03.png\" class=\"wls-logo\" alt=\"\" title=\"MEC\" loading=\"lazy\" \/><\/div><\/div><\/div><div class='rt-col-md-24 rt-col-sm-3 rt-col-xs-3'><div><div class='single-logo-container'><img width=\"267\" height=\"154\" src=\"https:\/\/anprotec.org.br\/site\/wp-content\/uploads\/2022\/01\/Natura.png\" class=\"wls-logo\" alt=\"\" title=\"Natura\" loading=\"lazy\" \/><\/div><\/div><\/div><div class='rt-col-md-24 rt-col-sm-3 rt-col-xs-3'><div><div class='single-logo-container'><img width=\"113\" height=\"84\" src=\"https:\/\/anprotec.org.br\/site\/wp-content\/uploads\/2023\/04\/Unesco.png\" class=\"wls-logo\" alt=\"\" title=\"Unesco\" loading=\"lazy\" \/><\/div><\/div><\/div><\/div><\/div>[\/vc_column_text][\/vc_column][\/vc_row][vc_row][vc_column][vc_empty_space height=&#8221;42px&#8221;][vc_column_text css=&#8221;.vc_custom_1578940159139{margin-bottom: 0px !important;padding-bottom: 0px !important;}&#8221;]<\/p>\n<h2>Acordos de Coopera\u00e7\u00e3o Nacionais<\/h2>\n<p>[\/vc_column_text][vc_separator color=&#8221;custom&#8221; align=&#8221;align_left&#8221; border_width=&#8221;2&#8243; el_width=&#8221;30&#8243; accent_color=&#8221;#fab32f&#8221; css=&#8221;.vc_custom_1568421690088{margin-top: 0px !important;padding-top: 0px !important;}&#8221;][vc_column_text]<style type='text\/css'><\/style><div class=\"rt-container-fluid rt-wpls\" id=\"rt-container-1117807237\" data-sc-id=\"30208\"><div class=\"rt-row grid-layout \"  ><div class='rt-col-md-24 rt-col-sm-3 rt-col-xs-3'><div><div class='single-logo-container'><img width=\"300\" height=\"152\" src=\"https:\/\/anprotec.org.br\/site\/wp-content\/uploads\/2019\/09\/abdi.jpg\" class=\"wls-logo\" alt=\"\" title=\"ABDI\" loading=\"lazy\" \/><\/div><\/div><\/div><div class='rt-col-md-24 rt-col-sm-3 rt-col-xs-3'><div><div class='single-logo-container'><img width=\"312\" height=\"152\" src=\"https:\/\/anprotec.org.br\/site\/wp-content\/uploads\/2019\/09\/finep.jpg\" class=\"wls-logo\" alt=\"\" title=\"Finep\" loading=\"lazy\" \/><\/div><\/div><\/div><div class='rt-col-md-24 rt-col-sm-3 rt-col-xs-3'><div><div class='single-logo-container'><img width=\"252\" height=\"120\" src=\"https:\/\/anprotec.org.br\/site\/wp-content\/uploads\/2019\/09\/abmen.jpg\" class=\"wls-logo\" alt=\"\" title=\"ABMEN\" loading=\"lazy\" \/><\/div><\/div><\/div><div class='rt-col-md-24 rt-col-sm-3 rt-col-xs-3'><div><div class='single-logo-container'><img width=\"317\" height=\"132\" src=\"https:\/\/anprotec.org.br\/site\/wp-content\/uploads\/2019\/09\/anegepe.jpg\" class=\"wls-logo\" alt=\"\" title=\"anegepe\" loading=\"lazy\" \/><\/div><\/div><\/div><div class='rt-col-md-24 rt-col-sm-3 rt-col-xs-3'><div><div class='single-logo-container'><img width=\"162\" height=\"136\" src=\"https:\/\/anprotec.org.br\/site\/wp-content\/uploads\/2019\/09\/biotic.jpg\" class=\"wls-logo\" alt=\"\" title=\"Biotic\" loading=\"lazy\" \/><\/div><\/div><\/div><div class='rt-col-md-24 rt-col-sm-3 rt-col-xs-3'><div><div class='single-logo-container'><img width=\"225\" height=\"132\" src=\"https:\/\/anprotec.org.br\/site\/wp-content\/uploads\/2019\/09\/cisb.jpg\" class=\"wls-logo\" alt=\"\" title=\"Cisb\" loading=\"lazy\" \/><\/div><\/div><\/div><div class='rt-col-md-24 rt-col-sm-3 rt-col-xs-3'><div><div class='single-logo-container'><img width=\"180\" height=\"108\" src=\"https:\/\/anprotec.org.br\/site\/wp-content\/uploads\/2019\/09\/cni.jpg\" class=\"wls-logo\" alt=\"\" title=\"CNI\" loading=\"lazy\" \/><\/div><\/div><\/div><div class='rt-col-md-24 rt-col-sm-3 rt-col-xs-3'><div><div class='single-logo-container'><img width=\"252\" height=\"93\" src=\"https:\/\/anprotec.org.br\/site\/wp-content\/uploads\/2019\/09\/consecti.jpg\" class=\"wls-logo\" alt=\"\" title=\"consecti\" loading=\"lazy\" \/><\/div><\/div><\/div><div class='rt-col-md-24 rt-col-sm-3 rt-col-xs-3'><div><div class='single-logo-container'><img width=\"289\" height=\"93\" src=\"https:\/\/anprotec.org.br\/site\/wp-content\/uploads\/2019\/09\/confap.jpg\" class=\"wls-logo\" alt=\"\" title=\"confap\" loading=\"lazy\" \/><\/div><\/div><\/div><div class='rt-col-md-24 rt-col-sm-3 rt-col-xs-3'><div><div class='single-logo-container'><img width=\"239\" height=\"93\" src=\"https:\/\/anprotec.org.br\/site\/wp-content\/uploads\/2019\/09\/cria-brasilis.jpg\" class=\"wls-logo\" alt=\"\" title=\"criabrasilis\" loading=\"lazy\" \/><\/div><\/div><\/div><div class='rt-col-md-24 rt-col-sm-3 rt-col-xs-3'><div><div class='single-logo-container'><img width=\"241\" height=\"124\" src=\"https:\/\/anprotec.org.br\/site\/wp-content\/uploads\/2019\/09\/coworking-space.jpg\" class=\"wls-logo\" alt=\"\" title=\"coworking\" loading=\"lazy\" \/><\/div><\/div><\/div><div class='rt-col-md-24 rt-col-sm-3 rt-col-xs-3'><div><div class='single-logo-container'><img width=\"180\" height=\"105\" src=\"https:\/\/anprotec.org.br\/site\/wp-content\/uploads\/2019\/09\/embrapa.jpg\" class=\"wls-logo\" alt=\"\" title=\"Embrapa\" loading=\"lazy\" \/><\/div><\/div><\/div><div class='rt-col-md-24 rt-col-sm-3 rt-col-xs-3'><div><div class='single-logo-container'><img width=\"264\" height=\"145\" src=\"https:\/\/anprotec.org.br\/site\/wp-content\/uploads\/2019\/09\/iel.jpg\" class=\"wls-logo\" alt=\"\" title=\"IEL\" loading=\"lazy\" \/><\/div><\/div><\/div><div class='rt-col-md-24 rt-col-sm-3 rt-col-xs-3'><div><div class='single-logo-container'><img width=\"162\" height=\"132\" src=\"https:\/\/anprotec.org.br\/site\/wp-content\/uploads\/2019\/09\/inpi.jpg\" class=\"wls-logo\" alt=\"\" title=\"INPI\" loading=\"lazy\" \/><\/div><\/div><\/div><div class='rt-col-md-24 rt-col-sm-3 rt-col-xs-3'><div><div class='single-logo-container'><img width=\"223\" height=\"118\" src=\"https:\/\/anprotec.org.br\/site\/wp-content\/uploads\/2019\/09\/insper.jpg\" class=\"wls-logo\" alt=\"\" title=\"Insper\" loading=\"lazy\" \/><\/div><\/div><\/div><div class='rt-col-md-24 rt-col-sm-3 rt-col-xs-3'><div><div class='single-logo-container'><img width=\"180\" height=\"105\" src=\"https:\/\/anprotec.org.br\/site\/wp-content\/uploads\/2019\/09\/ice.jpg\" class=\"wls-logo\" alt=\"\" title=\"ICE\" loading=\"lazy\" \/><\/div><\/div><\/div><div class='rt-col-md-24 rt-col-sm-3 rt-col-xs-3'><div><div class='single-logo-container'><img width=\"201\" height=\"171\" src=\"https:\/\/anprotec.org.br\/site\/wp-content\/uploads\/2019\/09\/Edita\u0301vel_Selos-02.png\" class=\"wls-logo\" alt=\"\" title=\"Minist\u00e9rio da Economia\" loading=\"lazy\" \/><\/div><\/div><\/div><div class='rt-col-md-24 rt-col-sm-3 rt-col-xs-3'><div><div class='single-logo-container'><img width=\"180\" height=\"127\" src=\"https:\/\/anprotec.org.br\/site\/wp-content\/uploads\/2019\/09\/rnp.jpg\" class=\"wls-logo\" alt=\"\" title=\"RNP\" loading=\"lazy\" \/><\/div><\/div><\/div><div class='rt-col-md-24 rt-col-sm-3 rt-col-xs-3'><div><div class='single-logo-container'><img width=\"257\" height=\"109\" src=\"https:\/\/anprotec.org.br\/site\/wp-content\/uploads\/2019\/09\/relacoes-exteriores.jpg\" class=\"wls-logo\" alt=\"\" title=\"Minist\u00e9rio das rela\u00e7oes Exteriores\" loading=\"lazy\" \/><\/div><\/div><\/div><div class='rt-col-md-24 rt-col-sm-3 rt-col-xs-3'><div><div class='single-logo-container'><img width=\"223\" height=\"105\" src=\"https:\/\/anprotec.org.br\/site\/wp-content\/uploads\/2019\/09\/udop.jpg\" class=\"wls-logo\" alt=\"\" title=\"udop\" loading=\"lazy\" \/><\/div><\/div><\/div><\/div><\/div>[\/vc_column_text][\/vc_column][\/vc_row][vc_row][vc_column][vc_empty_space height=&#8221;42px&#8221;][vc_column_text css=&#8221;.vc_custom_1578940137669{margin-bottom: 0px !important;padding-bottom: 0px !important;}&#8221;]<\/p>\n<h2>Acordos de Coopera\u00e7\u00e3o Internacionais<\/h2>\n<p>[\/vc_column_text][vc_separator color=&#8221;custom&#8221; align=&#8221;align_left&#8221; border_width=&#8221;2&#8243; el_width=&#8221;30&#8243; accent_color=&#8221;#fab32f&#8221; css=&#8221;.vc_custom_1568421690088{margin-top: 0px !important;padding-top: 0px !important;}&#8221;][vc_column_text]<style type='text\/css'><\/style><div class=\"rt-container-fluid rt-wpls\" id=\"rt-container-124587789\" data-sc-id=\"30209\"><div class=\"rt-row grid-layout \"  ><div class='rt-col-md-24 rt-col-sm-3 rt-col-xs-3'><div><div class='single-logo-container'><img width=\"226\" height=\"195\" src=\"https:\/\/anprotec.org.br\/site\/wp-content\/uploads\/2019\/09\/ccei-daegu.jpg\" class=\"wls-logo\" alt=\"\" title=\"CCEI Daegu\" loading=\"lazy\" \/><\/div><\/div><\/div><div class='rt-col-md-24 rt-col-sm-3 rt-col-xs-3'><div><div class='single-logo-container'><img width=\"283\" height=\"161\" src=\"https:\/\/anprotec.org.br\/site\/wp-content\/uploads\/2019\/09\/apte.jpg\" class=\"wls-logo\" alt=\"\" title=\"apte\" loading=\"lazy\" \/><\/div><\/div><\/div><div class='rt-col-md-24 rt-col-sm-3 rt-col-xs-3'><div><div class='single-logo-container'><img width=\"295\" height=\"142\" src=\"https:\/\/anprotec.org.br\/site\/wp-content\/uploads\/2019\/09\/ebn.jpg\" class=\"wls-logo\" alt=\"\" title=\"ebn\" loading=\"lazy\" \/><\/div><\/div><\/div><div class='rt-col-md-24 rt-col-sm-3 rt-col-xs-3'><div><div class='single-logo-container'><img width=\"302\" height=\"142\" src=\"https:\/\/anprotec.org.br\/site\/wp-content\/uploads\/2019\/09\/english-ventures.jpg\" class=\"wls-logo\" alt=\"\" title=\"Enlight Ventures\" loading=\"lazy\" \/><\/div><\/div><\/div><div class='rt-col-md-24 rt-col-sm-3 rt-col-xs-3'><div><div class='single-logo-container'><img width=\"219\" height=\"149\" src=\"https:\/\/anprotec.org.br\/site\/wp-content\/uploads\/2019\/09\/republique-francaise.jpg\" class=\"wls-logo\" alt=\"\" title=\"Republique Fran\u00e7aise\" loading=\"lazy\" \/><\/div><\/div><\/div><div class='rt-col-md-24 rt-col-sm-3 rt-col-xs-3'><div><div class='single-logo-container'><img width=\"277\" height=\"149\" src=\"https:\/\/anprotec.org.br\/site\/wp-content\/uploads\/2019\/09\/hi-tech-park.jpg\" class=\"wls-logo\" alt=\"\" title=\"Hi-Tech\" loading=\"lazy\" \/><\/div><\/div><\/div><div class='rt-col-md-24 rt-col-sm-3 rt-col-xs-3'><div><div class='single-logo-container'><img width=\"280\" height=\"149\" src=\"https:\/\/anprotec.org.br\/site\/wp-content\/uploads\/2019\/09\/torch-center.jpg\" class=\"wls-logo\" alt=\"\" title=\"TORCH Center\" loading=\"lazy\" \/><\/div><\/div><\/div><div class='rt-col-md-24 rt-col-sm-3 rt-col-xs-3'><div><div class='single-logo-container'><img width=\"261\" height=\"174\" src=\"https:\/\/anprotec.org.br\/site\/wp-content\/uploads\/2019\/09\/ministery-of-science-china.jpg\" class=\"wls-logo\" alt=\"\" title=\"Ministery of Science China\" loading=\"lazy\" \/><\/div><\/div><\/div><div class='rt-col-md-24 rt-col-sm-3 rt-col-xs-3'><div><div class='single-logo-container'><img width=\"282\" height=\"174\" src=\"https:\/\/anprotec.org.br\/site\/wp-content\/uploads\/2019\/09\/swedish-incubators.jpg\" class=\"wls-logo\" alt=\"\" title=\"Swedish\" loading=\"lazy\" \/><\/div><\/div><\/div><\/div><\/div>[\/vc_column_text][\/vc_column][\/vc_row]<\/p>\n<\/div>","protected":false},"excerpt":{"rendered":"<p>[vc_row][vc_column][vc_empty_space height=&#8221;22px&#8221;][vc_column_text css=&#8221;.vc_custom_1578939517836{margin-bottom: 0px !important;padding-bottom: 0px !important;}&#8221;] Participa\u00e7\u00e3o em Conselhos<span class=\"excerpt-hellip\"> [\u2026]<\/span><\/p>\n","protected":false},"author":9,"featured_media":23961,"parent":0,"menu_order":0,"comment_status":"closed","ping_status":"open","template":"","meta":{"footnotes":"","_links_to":"","_links_to_target":""},"_links":{"self":[{"href":"https:\/\/anprotec.org.br\/site\/wp-json\/wp\/v2\/pages\/30169"}],"collection":[{"href":"https:\/\/anprotec.org.br\/site\/wp-json\/wp\/v2\/pages"}],"about":[{"href":"https:\/\/anprotec.org.br\/site\/wp-json\/wp\/v2\/types\/page"}],"author":[{"embeddable":true,"href":"https:\/\/anprotec.org.br\/site\/wp-json\/wp\/v2\/users\/9"}],"replies":[{"embeddable":true,"href":"https:\/\/anprotec.org.br\/site\/wp-json\/wp\/v2\/comments?post=30169"}],"version-history":[{"count":3,"href":"https:\/\/anprotec.org.br\/site\/wp-json\/wp\/v2\/pages\/30169\/revisions"}],"predecessor-version":[{"id":39697,"href":"https:\/\/anprotec.org.br\/site\/wp-json\/wp\/v2\/pages\/30169\/revisions\/39697"}],"wp:featuredmedia":[{"embeddable":true,"href":"https:\/\/anprotec.org.br\/site\/wp-json\/wp\/v2\/media\/23961"}],"wp:attachment":[{"href":"https:\/\/anprotec.org.br\/site\/wp-json\/wp\/v2\/media?parent=30169"}],"curies":[{"name":"wp","href":"https:\/\/api.w.org\/{rel}","templated":true}]}}