{"id":28607,"date":"2019-04-25T15:10:41","date_gmt":"2019-04-25T18:10:41","guid":{"rendered":"http:\/\/anprotec.org.br\/site\/?page_id=28607"},"modified":"2022-04-04T14:24:49","modified_gmt":"2022-04-04T17:24:49","slug":"conferencia-anprotec","status":"publish","type":"page","link":"https:\/\/anprotec.org.br\/site\/projetos\/conferencia-anprotec\/","title":{"rendered":"Confer\u00eancia Anprotec"},"content":{"rendered":"<div class=\"wpb-content-wrapper\"><p>[vc_row css=&#8221;.vc_custom_1556300990689{margin-top: 0px !important;margin-right: 0px !important;margin-bottom: 0px !important;margin-left: 0px !important;border-top-width: 0px !important;border-right-width: 0px !important;border-bottom-width: 0px !important;border-left-width: 0px !important;padding-top: 0px !important;padding-right: 0px !important;padding-bottom: 0px !important;padding-left: 0px !important;}&#8221;][vc_column][vc_single_image image=&#8221;28605&#8243; img_size=&#8221;full&#8221; alignment=&#8221;center&#8221;][\/vc_column][\/vc_row][vc_row][vc_column][vc_column_text]Promovida anualmente pela Associa\u00e7\u00e3o Nacional de Entidades Promotoras de Empreendimento Inovadores (Anprotec) e pelo Servi\u00e7o Brasileiro de Apoio \u00e0s Micro e Pequenas Empresas (Sebrae), a Confer\u00eancia Anprotec de Empreendedorismo e Ambientes de Inova\u00e7\u00e3o \u00e9 considerada um dos maiores eventos de empreendedorismo inovador do mundo e o maior da Am\u00e9rica Latina.<\/p>\n<p><b>31 edi\u00e7\u00f5es realizadas<\/b><\/p>\n<p><b>+ 16 mil participantes<\/b><\/p>\n<p><b>+ de 40 pa\u00edses participantes<\/b><\/p>\n<p><b>+ de 15 cidades sede<\/b>[\/vc_column_text][\/vc_column][\/vc_row][vc_row full_width=&#8221;stretch_row&#8221; css=&#8221;.vc_custom_1557150861391{background-color: #f2f2f2 !important;}&#8221;][vc_column][vc_row_inner equal_height=&#8221;yes&#8221;][vc_column_inner css=&#8221;.vc_custom_1557150321277{padding-top: 40px !important;}&#8221;][vc_column_text]<\/p>\n<h2 style=\"text-align: center\">Saiba mais sobre as edi\u00e7\u00f5es anteriores da Confer\u00eancia Anprotec de Empreendedorismo e Ambientes de Inova\u00e7\u00e3o<\/h2>\n<p>[\/vc_column_text][\/vc_column_inner][\/vc_row_inner][\/vc_column][\/vc_row][vc_row full_width=&#8221;stretch_row&#8221; equal_height=&#8221;yes&#8221; css=&#8221;.vc_custom_1606865674230{padding-bottom: 30px !important;background-color: #f2f2f2 !important;}&#8221; el_class=&#8221;five-columns&#8221;][vc_column width=&#8221;1\/6&#8243;][vc_column_text css=&#8221;.vc_custom_1649092999013{background-color: #eba716 !important;}&#8221; el_class=&#8221;shrink&#8221;]<a href=\"https:\/\/anprotec.org.br\/conferencia2021\/\">31 \u00aa Confer\u00eancia Anprotec<\/a><\/p>\n<p><a href=\"https:\/\/anprotec.org.br\/conferencia2021\/\">The Great Reset: A redefini\u00e7\u00e3o dos ambientes de inova\u00e7\u00e3o<\/a><\/p>\n<p><a href=\"https:\/\/anprotec.org.br\/conferencia2021\/\">Online<\/a>[\/vc_column_text][\/vc_column][vc_column width=&#8221;1\/6&#8243;][vc_column_text css=&#8221;.vc_custom_1606865555035{background-color: #e17125 !important;}&#8221; el_class=&#8221;shrink&#8221;]<a href=\"https:\/\/anprotec.org.br\/conferencia2020\/\">30\u00aa Confer\u00eancia Anprotec<\/a><br \/>\n<a href=\"https:\/\/anprotec.org.br\/conferencia2020\/\">Ambientes de Inova\u00e7\u00e3o 4.0: Desafios e Oportunidades na Nova Din\u00e2mica Global<\/a><br \/>\n<a href=\"https:\/\/anprotec.org.br\/conferencia2020\/\">Evento online <\/a>[\/vc_column_text][\/vc_column][vc_column width=&#8221;1\/6&#8243;][vc_column_text css=&#8221;.vc_custom_1583418963106{background-color: #eba716 !important;}&#8221; el_class=&#8221;shrink&#8221;]<a href=\"http:\/\/www.innovationsummitbrasil.com.br\/\">29\u00aa Confer\u00eancia Anprotec<\/a><br \/>\n<a href=\"http:\/\/www.innovationsummitbrasil.com.br\/\">O Futuro dos Ambientes de Inova\u00e7\u00e3o<\/a><br \/>\n<a href=\"http:\/\/www.innovationsummitbrasil.com.br\/\">Florian\u00f3polis (SC)<\/a>[\/vc_column_text][\/vc_column][vc_column width=&#8221;1\/6&#8243;][vc_column_text css=&#8221;.vc_custom_1583410324865{background-color: #e17125 !important;}&#8221; el_class=&#8221;shrink&#8221;]<a href=\"http:\/\/conferenciaanprotec.com.br\/conferencia2018\">28\u00aa Confer\u00eancia Anprotec<\/a><br \/>\n<a href=\"http:\/\/conferenciaanprotec.com.br\/conferencia2018\">Agro: neg\u00f3cio, Tecnologia e Inova\u00e7\u00e3o<\/a><br \/>\n<a href=\"http:\/\/conferenciaanprotec.com.br\/conferencia2018\">Goi\u00e2nia (GO)<\/a>[\/vc_column_text][\/vc_column][vc_column width=&#8221;1\/6&#8243;][vc_column_text css=&#8221;.vc_custom_1583410334112{background-color: #eba716 !important;}&#8221; el_class=&#8221;shrink&#8221;]<a href=\"http:\/\/conferenciaanprotec.com.br\/conferencia2017\" target=\"_blank\" rel=\"noopener noreferrer\">27\u00aa Confer\u00eancia Anprotec Inova\u00e7\u00e3o e empreendedorismo transformando cidades Rio de Janeiro (RJ)<\/a>[\/vc_column_text][\/vc_column][vc_column width=&#8221;1\/6&#8243;][\/vc_column][vc_column width=&#8221;1\/6&#8243;][\/vc_column][\/vc_row][vc_row full_width=&#8221;stretch_row&#8221; equal_height=&#8221;yes&#8221; css=&#8221;.vc_custom_1559659064708{padding-bottom: 30px !important;background-color: #f2f2f2 !important;}&#8221;][vc_column width=&#8221;1\/4&#8243;][\/vc_column][vc_column width=&#8221;1\/4&#8243;][\/vc_column][vc_column width=&#8221;1\/4&#8243;][\/vc_column][vc_column width=&#8221;1\/4&#8243;][\/vc_column][\/vc_row]<\/p>\n<\/div>","protected":false},"excerpt":{"rendered":"<p>[vc_row css=&#8221;.vc_custom_1556300990689{margin-top: 0px !important;margin-right: 0px !important;margin-bottom: 0px !important;margin-left: 0px !important;border-top-width:<span class=\"excerpt-hellip\"> [\u2026]<\/span><\/p>\n","protected":false},"author":8,"featured_media":28613,"parent":23401,"menu_order":0,"comment_status":"closed","ping_status":"closed","template":"","meta":{"footnotes":"","_links_to":"","_links_to_target":""},"_links":{"self":[{"href":"https:\/\/anprotec.org.br\/site\/wp-json\/wp\/v2\/pages\/28607"}],"collection":[{"href":"https:\/\/anprotec.org.br\/site\/wp-json\/wp\/v2\/pages"}],"about":[{"href":"https:\/\/anprotec.org.br\/site\/wp-json\/wp\/v2\/types\/page"}],"author":[{"embeddable":true,"href":"https:\/\/anprotec.org.br\/site\/wp-json\/wp\/v2\/users\/8"}],"replies":[{"embeddable":true,"href":"https:\/\/anprotec.org.br\/site\/wp-json\/wp\/v2\/comments?post=28607"}],"version-history":[{"count":3,"href":"https:\/\/anprotec.org.br\/site\/wp-json\/wp\/v2\/pages\/28607\/revisions"}],"predecessor-version":[{"id":40892,"href":"https:\/\/anprotec.org.br\/site\/wp-json\/wp\/v2\/pages\/28607\/revisions\/40892"}],"up":[{"embeddable":true,"href":"https:\/\/anprotec.org.br\/site\/wp-json\/wp\/v2\/pages\/23401"}],"wp:featuredmedia":[{"embeddable":true,"href":"https:\/\/anprotec.org.br\/site\/wp-json\/wp\/v2\/media\/28613"}],"wp:attachment":[{"href":"https:\/\/anprotec.org.br\/site\/wp-json\/wp\/v2\/media?parent=28607"}],"curies":[{"name":"wp","href":"https:\/\/api.w.org\/{rel}","templated":true}]}}