{"id":283,"date":"2012-09-24T22:22:58","date_gmt":"2012-09-25T01:22:58","guid":{"rendered":"http:\/\/douglasdasilva.com.br\/clients\/anprotec\/?page_id=283"},"modified":"2018-04-10T20:53:34","modified_gmt":"2018-04-10T23:53:34","slug":"premio-nacional","status":"publish","type":"page","link":"https:\/\/anprotec.org.br\/site\/premio-nacional\/","title":{"rendered":"Pr\u00eamio Nacional"},"content":{"rendered":"<p style=\"text-align: justify\">Promovido pela Anprotec, em parceria com o Sebrae, o Pr\u00eamio Nacional de Empreendedorismo Inovador reconhece e prestigia projetos, incubadoras de empresas, parques tecnol\u00f3gicos e empresas graduadas e incubadas, que, por meio de suas a\u00e7\u00f5es, servi\u00e7os e produtos, fortalecem o movimento.<\/p>\n<p style=\"text-align: justify\">A cada ano, revelam-se novas hist\u00f3rias de pessoas e institui\u00e7\u00f5es que fazem a diferen\u00e7a nas regi\u00f5es onde atuam, transformando a realidade econ\u00f4mica e social. Essa \u00e9 a principal fun\u00e7\u00e3o do pr\u00eamio: mostrar \u00e0 sociedade o potencial de contribui\u00e7\u00e3o do movimento para o desenvolvimento sustent\u00e1vel do Brasil.<\/p>\n<p style=\"text-align: justify\">Confira os <a href=\"https:\/\/anprotec.org.br\/site\/2016\/12\/confira-os-vencedores-do-premio-nacional-de-2016-2\/\" target=\"_blank\" rel=\"noopener\">vencedores da 20\u00aa Edi\u00e7\u00e3o do Pr\u00eamio &#8211; 2016<\/a>.<\/p>\n","protected":false},"excerpt":{"rendered":"<p>Promovido pela Anprotec, em parceria com o Sebrae, o Pr\u00eamio<span class=\"excerpt-hellip\"> [\u2026]<\/span><\/p>\n","protected":false},"author":8,"featured_media":0,"parent":0,"menu_order":0,"comment_status":"open","ping_status":"closed","template":"","meta":{"footnotes":"","_links_to":"","_links_to_target":""},"_links":{"self":[{"href":"https:\/\/anprotec.org.br\/site\/wp-json\/wp\/v2\/pages\/283"}],"collection":[{"href":"https:\/\/anprotec.org.br\/site\/wp-json\/wp\/v2\/pages"}],"about":[{"href":"https:\/\/anprotec.org.br\/site\/wp-json\/wp\/v2\/types\/page"}],"author":[{"embeddable":true,"href":"https:\/\/anprotec.org.br\/site\/wp-json\/wp\/v2\/users\/8"}],"replies":[{"embeddable":true,"href":"https:\/\/anprotec.org.br\/site\/wp-json\/wp\/v2\/comments?post=283"}],"version-history":[{"count":3,"href":"https:\/\/anprotec.org.br\/site\/wp-json\/wp\/v2\/pages\/283\/revisions"}],"predecessor-version":[{"id":11147,"href":"https:\/\/anprotec.org.br\/site\/wp-json\/wp\/v2\/pages\/283\/revisions\/11147"}],"wp:attachment":[{"href":"https:\/\/anprotec.org.br\/site\/wp-json\/wp\/v2\/media?parent=283"}],"curies":[{"name":"wp","href":"https:\/\/api.w.org\/{rel}","templated":true}]}}