{"id":27949,"date":"2019-02-05T12:24:23","date_gmt":"2019-02-05T14:24:23","guid":{"rendered":"http:\/\/anprotec.org.br\/site\/?page_id=27949"},"modified":"2019-02-05T12:24:23","modified_gmt":"2019-02-05T14:24:23","slug":"incubadoras-em-operacao","status":"publish","type":"page","link":"https:\/\/anprotec.org.br\/site\/lideres-tematicos\/incubadoras-em-operacao\/","title":{"rendered":"Incubadoras em Opera\u00e7\u00e3o"},"content":{"rendered":"<p>Incubadoras\u00a0s\u00e3o institui\u00e7\u00f5es que t\u00eam o objetivo de apoiar empreendedores com ideias inovadoras a constru\u00edrem empresas sustent\u00e1veis. S\u00e3o ofertados servi\u00e7os de suporte em gest\u00e3o, aperfei\u00e7oamento do modelo de neg\u00f3cios e infraestrutura necess\u00e1ria ao desenvolvimento e consolida\u00e7\u00e3o da solu\u00e7\u00e3o.<\/p>\n<p>Uma incubadora em opera\u00e7\u00e3o precisa ter apoiado empreendimentos do in\u00edcio ao final do ciclo de incuba\u00e7\u00e3o, ou seja, realizar o processo de sele\u00e7\u00e3o das empresas, dar suporte durante o per\u00edodo de incuba\u00e7\u00e3o, monitorar sua evolu\u00e7\u00e3o at\u00e9 a gradua\u00e7\u00e3o, e acompanhar o desempenho no mercado.<\/p>\n<p>Incorporar a gest\u00e3o de indicadores para avaliar seus resultados tamb\u00e9m \u00e9 essencial \u00e0s incubadoras em opera\u00e7\u00e3o, afinal, os resultados precisam ser dimensionados e incorporados para elabora\u00e7\u00e3o de estrat\u00e9gias de atua\u00e7\u00e3o.<\/p>\n<p class=\"textbox\" dir=\"ltr\"><strong><img decoding=\"async\" loading=\"lazy\" class=\" wp-image-27948 alignleft\" src=\"https:\/\/anprotec.org.br\/site\/wp-content\/uploads\/2019\/02\/foto-claudine-site.png\" alt=\"\" width=\"159\" height=\"161\" srcset=\"https:\/\/anprotec.org.br\/site\/wp-content\/uploads\/2019\/02\/foto-claudine-site.png 200w, https:\/\/anprotec.org.br\/site\/wp-content\/uploads\/2019\/02\/foto-claudine-site-145x146.png 145w, https:\/\/anprotec.org.br\/site\/wp-content\/uploads\/2019\/02\/foto-claudine-site-50x50.png 50w, https:\/\/anprotec.org.br\/site\/wp-content\/uploads\/2019\/02\/foto-claudine-site-74x75.png 74w, https:\/\/anprotec.org.br\/site\/wp-content\/uploads\/2019\/02\/foto-claudine-site-85x85.png 85w, https:\/\/anprotec.org.br\/site\/wp-content\/uploads\/2019\/02\/foto-claudine-site-80x80.png 80w\" sizes=\"(max-width: 159px) 100vw, 159px\" \/>L\u00edder tem\u00e1tico: Claudine Pinheiro Carrilho<\/strong><\/p>\n<p>Possui forma\u00e7\u00e3o em administra\u00e7\u00e3o de empresas e experi\u00eancia em consultoria empresarial. Atualmente \u00e9 gestora da Incubadora Tecnol\u00f3gica Natal Central (ITNC), Coordenadora das Incubadoras do IFRN e membro da REPIN (rede de incubadoras do RN).<\/p>\n","protected":false},"excerpt":{"rendered":"<p>Incubadoras\u00a0s\u00e3o institui\u00e7\u00f5es que t\u00eam o objetivo de apoiar empreendedores com<span class=\"excerpt-hellip\"> [\u2026]<\/span><\/p>\n","protected":false},"author":8,"featured_media":0,"parent":21946,"menu_order":0,"comment_status":"closed","ping_status":"closed","template":"","meta":{"footnotes":"","_links_to":"","_links_to_target":""},"_links":{"self":[{"href":"https:\/\/anprotec.org.br\/site\/wp-json\/wp\/v2\/pages\/27949"}],"collection":[{"href":"https:\/\/anprotec.org.br\/site\/wp-json\/wp\/v2\/pages"}],"about":[{"href":"https:\/\/anprotec.org.br\/site\/wp-json\/wp\/v2\/types\/page"}],"author":[{"embeddable":true,"href":"https:\/\/anprotec.org.br\/site\/wp-json\/wp\/v2\/users\/8"}],"replies":[{"embeddable":true,"href":"https:\/\/anprotec.org.br\/site\/wp-json\/wp\/v2\/comments?post=27949"}],"version-history":[{"count":1,"href":"https:\/\/anprotec.org.br\/site\/wp-json\/wp\/v2\/pages\/27949\/revisions"}],"predecessor-version":[{"id":27950,"href":"https:\/\/anprotec.org.br\/site\/wp-json\/wp\/v2\/pages\/27949\/revisions\/27950"}],"up":[{"embeddable":true,"href":"https:\/\/anprotec.org.br\/site\/wp-json\/wp\/v2\/pages\/21946"}],"wp:attachment":[{"href":"https:\/\/anprotec.org.br\/site\/wp-json\/wp\/v2\/media?parent=27949"}],"curies":[{"name":"wp","href":"https:\/\/api.w.org\/{rel}","templated":true}]}}