{"id":279,"date":"2012-09-24T22:22:30","date_gmt":"2012-09-25T01:22:30","guid":{"rendered":"http:\/\/douglasdasilva.com.br\/clients\/anprotec\/?page_id=279"},"modified":"2020-06-24T10:34:40","modified_gmt":"2020-06-24T13:34:40","slug":"revista-locus","status":"publish","type":"page","link":"https:\/\/anprotec.org.br\/site\/publicacoes-anprotec\/revista-locus\/","title":{"rendered":"Revista Locus"},"content":{"rendered":"<p style=\"text-align: center\"><strong>A Locus \u00e9 uma revista digital e gratuita! <\/strong><\/p>\n<p style=\"text-align: center\"><strong>Confira as edi\u00e7\u00f5es e baixe as publica\u00e7\u00f5es na \u00edntegra!<\/strong><\/p>\n<p><a href=\"https:\/\/informativo.anprotec.org.br\/locus87\" target=\"_blank\" rel=\"noopener\"><img decoding=\"async\" loading=\"lazy\" class=\"alignleft wp-image-31290\" src=\"https:\/\/anprotec.org.br\/site\/wp-content\/uploads\/2020\/02\/Capa.png\" alt=\"\" width=\"141\" height=\"200\" srcset=\"https:\/\/anprotec.org.br\/site\/wp-content\/uploads\/2020\/02\/Capa.png 645w, https:\/\/anprotec.org.br\/site\/wp-content\/uploads\/2020\/02\/Capa-213x300.png 213w, https:\/\/anprotec.org.br\/site\/wp-content\/uploads\/2020\/02\/Capa-35x50.png 35w, https:\/\/anprotec.org.br\/site\/wp-content\/uploads\/2020\/02\/Capa-53x75.png 53w\" sizes=\"(max-width: 141px) 100vw, 141px\" \/><\/a><\/p>\n<p><strong>Destaques Locus 87:\u00a0<\/strong><\/p>\n<p>:: Especial Ambientes de Inova\u00e7\u00e3o<\/p>\n<p>:: Entrevista com Josep M. Piqu\u00e9, presidente do Parque de Inova\u00e7\u00e3o da La Salle Technova Barcelona<\/p>\n<p>:: Frente Parlamentar de apoio aos parques tecnol\u00f3gicos e ambientes de inova\u00e7\u00e3o<\/p>\n<p>::\u00a0Incuba\u00e7\u00e3o de startups brasileiras na Coreia do Sul<\/p>\n<p>Veja o pdf na \u00edntegra <a href=\"https:\/\/informativo.anprotec.org.br\/locus87\" target=\"_blank\" rel=\"noopener\">aqui<\/a><\/p>\n<p>&nbsp;<\/p>\n<p><strong><img decoding=\"async\" loading=\"lazy\" class=\"alignleft size-full wp-image-30528\" src=\"https:\/\/anprotec.org.br\/site\/wp-content\/uploads\/2019\/10\/Locus_86.png\" alt=\"\" width=\"142\" height=\"198\" srcset=\"https:\/\/anprotec.org.br\/site\/wp-content\/uploads\/2019\/10\/Locus_86.png 142w, https:\/\/anprotec.org.br\/site\/wp-content\/uploads\/2019\/10\/Locus_86-105x146.png 105w, https:\/\/anprotec.org.br\/site\/wp-content\/uploads\/2019\/10\/Locus_86-36x50.png 36w, https:\/\/anprotec.org.br\/site\/wp-content\/uploads\/2019\/10\/Locus_86-54x75.png 54w\" sizes=\"(max-width: 142px) 100vw, 142px\" \/>Destaques da Locus 86:<\/strong><\/p>\n<p>:: Especial Tudo sobre o Innovation Summit Brasil 2019<\/p>\n<p>:: A for\u00e7a da colabora\u00e7\u00e3o em prol da inova\u00e7\u00e3o<\/p>\n<p>:: Cerim\u00f4nia de abertura com o Ministro Marcos Pontes<\/p>\n<p>:: O Mapa dos Ambientes de Inova\u00e7\u00e3o e de Impacto<\/p>\n<p>Veja o pdf na \u00edntegra <a href=\"https:\/\/informativo.anprotec.org.br\/revista_locus_86\" target=\"_blank\" rel=\"noopener\">aqui<\/a><\/p>\n<p>&nbsp;<\/p>\n<p><a href=\"https:\/\/informativo.anprotec.org.br\/revista-locus-ed85\" target=\"_blank\" rel=\"noopener\"><img decoding=\"async\" loading=\"lazy\" class=\"alignleft size-full wp-image-28427\" src=\"https:\/\/anprotec.org.br\/site\/wp-content\/uploads\/2019\/04\/capa-locus-85.jpg\" alt=\"\" width=\"142\" height=\"198\" srcset=\"https:\/\/anprotec.org.br\/site\/wp-content\/uploads\/2019\/04\/capa-locus-85.jpg 142w, https:\/\/anprotec.org.br\/site\/wp-content\/uploads\/2019\/04\/capa-locus-85-105x146.jpg 105w, https:\/\/anprotec.org.br\/site\/wp-content\/uploads\/2019\/04\/capa-locus-85-36x50.jpg 36w, https:\/\/anprotec.org.br\/site\/wp-content\/uploads\/2019\/04\/capa-locus-85-54x75.jpg 54w\" sizes=\"(max-width: 142px) 100vw, 142px\" \/><\/a><\/p>\n<p><strong>Destaques da Locus 85:<\/strong><\/p>\n<p>:: Especial Corporate Venture<\/p>\n<p>::\u00a0BNDES Garagem: neg\u00f3cios entre startups aceleradas e empresas parceira<\/p>\n<p>::\u00a0Brasil-Israel: a ponte a\u00e9rea que pretende fazer a inova\u00e7\u00e3o decolar de vez<\/p>\n<p>::\u00a0Innovation Summit Brasil 2019: Juntos pela inova\u00e7\u00e3o<\/p>\n<p>Veja o pdf na \u00edntegra <a href=\"https:\/\/informativo.anprotec.org.br\/revista-locus-ed85\" target=\"_blank\" rel=\"noopener\">aqui<\/a><\/p>\n<p>&nbsp;<\/p>\n<p><a href=\"https:\/\/informativo.anprotec.org.br\/locus-edicao-84\"><img decoding=\"async\" loading=\"lazy\" class=\"alignleft wp-image-27254 size-full\" src=\"https:\/\/anprotec.org.br\/site\/wp-content\/uploads\/2018\/11\/Capa-para-o-site.jpg\" alt=\"\" width=\"142\" height=\"198\" srcset=\"https:\/\/anprotec.org.br\/site\/wp-content\/uploads\/2018\/11\/Capa-para-o-site.jpg 142w, https:\/\/anprotec.org.br\/site\/wp-content\/uploads\/2018\/11\/Capa-para-o-site-105x146.jpg 105w, https:\/\/anprotec.org.br\/site\/wp-content\/uploads\/2018\/11\/Capa-para-o-site-36x50.jpg 36w, https:\/\/anprotec.org.br\/site\/wp-content\/uploads\/2018\/11\/Capa-para-o-site-54x75.jpg 54w\" sizes=\"(max-width: 142px) 100vw, 142px\" \/><\/a><strong>Destaques da Locus 84:<\/strong><\/p>\n<p>:: Especial Agro: Neg\u00f3cio, Tecnologia e Inova\u00e7\u00e3o.<\/p>\n<p>:: Cidades mais humanas: como solucionar os impactos da urbaniza\u00e7\u00e3o aceleradas.<\/p>\n<p>:: Empreendedorismo social: Como a ENIMPACTO abrir\u00e1 espa\u00e7o para os neg\u00f3cios de impacto.<\/p>\n<p>:: Entrevista com o presidente da Apex-Brasil sobre internacionaliza\u00e7\u00e3o<\/p>\n<p>Veja o pdf na \u00edntegra <a href=\"https:\/\/informativo.anprotec.org.br\/locus-edicao-84\" target=\"_blank\" rel=\"noopener\">aqui<\/a><\/p>\n<p>&nbsp;<\/p>\n<p><img decoding=\"async\" loading=\"lazy\" class=\"alignleft size-full wp-image-25634\" src=\"https:\/\/anprotec.org.br\/site\/wp-content\/uploads\/2018\/06\/capa-ed-83.jpg\" alt=\"\" width=\"142\" height=\"198\" srcset=\"https:\/\/anprotec.org.br\/site\/wp-content\/uploads\/2018\/06\/capa-ed-83.jpg 142w, https:\/\/anprotec.org.br\/site\/wp-content\/uploads\/2018\/06\/capa-ed-83-105x146.jpg 105w, https:\/\/anprotec.org.br\/site\/wp-content\/uploads\/2018\/06\/capa-ed-83-36x50.jpg 36w, https:\/\/anprotec.org.br\/site\/wp-content\/uploads\/2018\/06\/capa-ed-83-54x75.jpg 54w\" sizes=\"(max-width: 142px) 100vw, 142px\" \/><\/p>\n<p><b>Destaques da Locus 83:<\/b><\/p>\n<p>:: Atores do Sistema Nacional de Inova\u00e7\u00e3o avaliam possibilidades trazidas pela regulamenta\u00e7\u00e3o do Marco Legal de CT&amp;I no Brasil e os desafios na aplica\u00e7\u00e3o da Lei.<\/p>\n<p>::\u00a0Entenda como o projeto de lei que pro\u00edbe o contingenciamento e muda a natureza do Fundo \u00e9 capaz de garantir o futuro da CT&amp;I no Brasil.<\/p>\n<p>::\u00a0A implementa\u00e7\u00e3o do Marco Legal em todo Brasil depende da atualiza\u00e7\u00e3o dos marcos regulat\u00f3rios estaduais. Compreenda o que \u00e9 necess\u00e1rio para que a efetiva implementa\u00e7\u00e3o aconte\u00e7a.<\/p>\n<p>Veja o pdf na \u00edntegra <a href=\"https:\/\/informativo.anprotec.org.br\/246605db96806a4015cb\" target=\"_blank\" rel=\"noopener\">aqui<\/a><\/p>\n<p>&nbsp;<\/p>\n<p><b>Destaques da Locus 82:<\/b><img decoding=\"async\" loading=\"lazy\" class=\"alignleft size-full wp-image-17338\" src=\"https:\/\/anprotec.org.br\/site\/wp-content\/uploads\/2012\/09\/capa_locus-82.jpg\" alt=\"capa_locus-82\" width=\"142\" height=\"197\" \/><\/p>\n<p>::\u00a0Empreendedores brasileiros contam com o apoio da rede da Anprotec e com a expertise da Samsung para alavancar startups<\/p>\n<p>::\u00a0E-books Anprotec &#8211; Publica\u00e7\u00f5es apontam as principais tend\u00eancias do empreendedorismo inovador e promovem o debate sobre o presente e o futuro dos ambientes de inova\u00e7\u00e3o<\/p>\n<p>Veja o PDF na \u00edntegra <a href=\"https:\/\/anprotec.org.br\/site\/wp-content\/uploads\/2020\/06\/Anprotec_Locus_82_site.pdf\" target=\"_blank\" rel=\"noopener\">aqui<\/a>.<\/p>\n<p>&nbsp;<\/p>\n<p>&nbsp;<\/p>\n<p><b>Destaques da Locus 81:<\/b><img decoding=\"async\" loading=\"lazy\" class=\"alignleft wp-image-15134 size-full\" src=\"https:\/\/anprotec.org.br\/site\/wp-content\/uploads\/2012\/09\/Revista_Locus_81_capa.jpg\" alt=\"\" width=\"142\" height=\"197\" \/><\/p>\n<p>:: Conhe\u00e7a os segredos de empreendedores e ambientes de inova\u00e7\u00e3o que fazem a diferen\u00e7a e impulsionam o desenvolvimento<\/p>\n<p>:: Maur\u00edcio Guedes: desafios e conquistas de um pioneiro<\/p>\n<p>::\u00a0Os entraves causados pelos vetos ao marco legal de CT&amp;I<\/p>\n<p>:: Ambientes de inova\u00e7\u00e3o remodelam espa\u00e7os para atender empreendedores<\/p>\n<p><span style=\"line-height: 1.5em\">Veja o PDF na \u00edntegra <\/span><a style=\"line-height: 1.5em\" href=\"https:\/\/anprotec.org.br\/site\/wp-content\/uploads\/2020\/06\/Revista_Locus_81_site.pdf\" target=\"_blank\" rel=\"noopener\">aqui<\/a><span style=\"line-height: 1.5em\">.<\/span><\/p>\n<p>&nbsp;<\/p>\n<p><b>Destaques da Locus 80:<\/b><img decoding=\"async\" loading=\"lazy\" class=\"alignleft size-full wp-image-12622\" src=\"https:\/\/anprotec.org.br\/site\/wp-content\/uploads\/2012\/09\/capa-Revista_Locus_80-1-site.jpg\" alt=\"capa Revista_Locus_80-1 site\" width=\"138\" height=\"197\" \/><\/p>\n<p>:: Como ambientes de inova\u00e7\u00e3o est\u00e3o conectando grandes empresas e startups<\/p>\n<p>:: A aproxima\u00e7\u00e3o de EBTs com investidores anjos e fundos de capital<\/p>\n<p>:: Marketing de conte\u00fado para conquistas novos clientes<\/p>\n<p><span style=\"line-height: 1.5em\">Veja o PDF na \u00edntegra <\/span><a style=\"line-height: 1.5em\" href=\"https:\/\/anprotec.org.br\/site\/wp-content\/uploads\/2020\/06\/Revista_Locus_80.pdf\" target=\"_blank\" rel=\"noopener\">aqui<\/a><span style=\"line-height: 1.5em\">.<\/span><\/p>\n<p>&nbsp;<\/p>\n<p>&nbsp;<\/p>\n<p><strong>Destaque da Locus 79:<\/strong><img decoding=\"async\" loading=\"lazy\" class=\"alignleft size-medium wp-image-11286\" src=\"https:\/\/anprotec.org.br\/site\/wp-content\/uploads\/2012\/09\/capa-215x300.jpg\" alt=\"capa\" width=\"138\" height=\"197\" \/><\/p>\n<p>:: Entrevista com o ministro de Ci\u00eancia, Tecnologia e Inova\u00e7\u00e3o (MCTI), Aldo Rebelo<\/p>\n<p>:: Como mensurar o valor de uma empresa pro meio do <em>valuation<\/em><\/p>\n<p>:: Plataformas de <em>crowdfunding<\/em> apoiam o lan\u00e7amento e novos produtos e a rela\u00e7\u00e3o com usu\u00e1rios e consumidores<\/p>\n<p><em>Leia o PDF na \u00edntegra <a href=\"https:\/\/anprotec.org.br\/site\/wp-content\/uploads\/2020\/06\/Revista_Locus_79.pdf\" target=\"_blank\" rel=\"noopener\">aqui<\/a>.<\/em><\/p>\n<p>&nbsp;<\/p>\n<p>&nbsp;<\/p>\n<p><strong><a href=\"http:\/\/issuu.com\/brunavdp\/docs\/locus_78_site\"><img decoding=\"async\" loading=\"lazy\" class=\"alignleft size-full wp-image-10022\" src=\"https:\/\/anprotec.org.br\/site\/wp-content\/uploads\/2012\/09\/Locus_78_capa.jpg\" alt=\"Locus_78_capa\" width=\"138\" height=\"197\" \/><\/a>Destaques da Locus 78:<\/strong><\/p>\n<p>::\u00a0Conhe\u00e7a a trajet\u00f3ria dos vencedores do Pr\u00eamio Nacional de Empreendedorismo Inovador<\/p>\n<p>::\u00a0Como a governan\u00e7a corporativa pode ajudar a profissionalizar\u00a0a gest\u00e3o de parques<\/p>\n<p>::\u00a0Estrat\u00e9gias para desenvolver compet\u00eancias dos empreendedores<\/p>\n<p><em style=\"line-height: 1.5em\">Leia o PDF na \u00edntegra\u00a0<a href=\"http:\/\/issuu.com\/brunavdp\/docs\/locus_78_site\">aqui<\/a>.<\/em><\/p>\n<p>&nbsp;<\/p>\n<p>&nbsp;<\/p>\n<p><a style=\"line-height: 1.5em\" href=\"http:\/\/issuu.com\/brunavdp\/docs\/locus77_site_e0d09fa144aa0d\/1\"><em><img decoding=\"async\" loading=\"lazy\" class=\"alignleft size-full wp-image-7857\" src=\"https:\/\/anprotec.org.br\/site\/wp-content\/uploads\/2014\/09\/Locus77_capa.jpg\" alt=\"Locus 77_capa\" width=\"136\" height=\"189\" \/><\/em><\/a><strong>Destaques da Locus 77:<\/strong><\/p>\n<p>::\u00a0As conquistas e os desafios do movimento para os pr\u00f3ximos anos<\/p>\n<p>::\u00a0O que pensam as lideran\u00e7as do empreendedorismo inovador brasileiro<\/p>\n<p>::\u00a0Arcabou\u00e7o legal, infraestrutura, financiamento, educa\u00e7\u00e3o: as fronteiras que precisam ser ultrapassadas para gerar neg\u00f3cios cada vez mais inovadores, competitivos e sustent\u00e1veis<\/p>\n<p><em>Leia o PDF na \u00edntegra\u00a0<a title=\"Locus 77\" href=\"http:\/\/issuu.com\/brunavdp\/docs\/locus77_site_e0d09fa144aa0d\/1\">aqui<\/a>.<\/em><\/p>\n<p>&nbsp;<\/p>\n<p><em><a href=\"http:\/\/issuu.com\/brunavdp\/docs\/locus_76_site\/0\" rel=\"attachment wp-att-536\"><img decoding=\"async\" loading=\"lazy\" class=\"alignleft size-full wp-image-7857\" src=\"https:\/\/anprotec.org.br\/site\/wp-content\/uploads\/2012\/09\/Locus-76_capa.jpg\" alt=\"Locus 76_capa\" width=\"136\" height=\"189\" \/><\/a><\/em><strong>Destaques da Locus 76:<\/strong><\/p>\n<p>:: O sistema de inova\u00e7\u00e3o da China<\/p>\n<p>::\u00a0Financiamento coletivo para startups<\/p>\n<p>::\u00a0Mercado de design atrai empresas do movimento<\/p>\n<p>::\u00a0Um novo caminho para a forma\u00e7\u00e3o de gestores de ambientes de inova\u00e7\u00e3o<\/p>\n<p><em>Leia o PDF na \u00edntegra\u00a0<a title=\"Locus 76\" href=\"http:\/\/bit.ly\/1sZehft\">aqui<\/a>.<\/em><\/p>\n<p>&nbsp;<\/p>\n<p style=\"text-align: justify\"><em><a href=\"http:\/\/issuu.com\/brunavdp\/docs\/locus_75_issuu\" rel=\"attachment wp-att-536\"><img decoding=\"async\" loading=\"lazy\" class=\"size-full wp-image-536 alignleft\" title=\"Locus 75\" src=\"https:\/\/anprotec.org.br\/site\/wp-content\/uploads\/2012\/09\/Locus-75_capa.jpg\" alt=\"\" width=\"136\" height=\"189\" \/><\/a><\/em><strong>Destaques da Locus 75:<\/strong><\/p>\n<p style=\"text-align: justify\">:: Os 30 anos do movimento do empreendedorismo inovador<\/p>\n<p style=\"text-align: justify\">:: Inova\u00e7\u00f5es que turbinam o agroneg\u00f3cio brasileiro<\/p>\n<p style=\"text-align: justify\">:: O modelo de gest\u00e3o que est\u00e1 revolucionando incubadoras<\/p>\n<p style=\"text-align: justify\">:: Como transformar estudantes em empreendedores potenciais<\/p>\n<p style=\"text-align: justify\"><em>Leia o PDF na \u00edntegra <a href=\"http:\/\/issuu.com\/brunavdp\/docs\/locus_75_issuu\">aqui<\/a>.<\/em><\/p>\n<p>&nbsp;<\/p>\n<p style=\"text-align: justify\"><em style=\"line-height: 1.5em\"><a><img decoding=\"async\" loading=\"lazy\" class=\"size-full wp-image-536 alignleft\" title=\"Locus 74\" src=\"https:\/\/anprotec.org.br\/site\/wp-content\/uploads\/2012\/09\/Capa_Locus-74.jpg\" alt=\"\" width=\"136\" height=\"189\" \/><\/a><\/em><\/p>\n<p style=\"text-align: justify\"><strong>Destaques da Locus 74:<\/strong><\/p>\n<p style=\"text-align: justify\">:: Os entraves ao crescimento das graduadas<\/p>\n<p style=\"text-align: justify\">:: O impacto dos \u00faltimos editais para parques tecnol\u00f3gicos e incubadoras<\/p>\n<p style=\"text-align: justify\">:: As oportunidades de neg\u00f3cios para empresas que inovam no setor de energia<\/p>\n<p style=\"text-align: justify\">:: A trajet\u00f3ria dos vencedores do Pr\u00eamio Nacional de Empreendedorismo Inovador<\/p>\n<p style=\"text-align: justify\"><em>Leia o PDF na \u00edntegra <a href=\"http:\/\/issuu.com\/brunavdp\/docs\/locus_74\">aqui<\/a>.<\/em><\/p>\n<p>&nbsp;<\/p>\n<p style=\"text-align: justify\"><em><a><img decoding=\"async\" loading=\"lazy\" class=\"size-full wp-image-536 alignleft\" title=\"Locus 73\" src=\"https:\/\/anprotec.org.br\/site\/wp-content\/uploads\/2012\/09\/Locus_73_capa2.jpg\" alt=\"\" width=\"136\" height=\"189\" \/><\/a><\/em><strong>Destaques da Locus 73:<\/strong><\/p>\n<p style=\"text-align: justify\">:: O papel dos ambientes de inova\u00e7\u00e3o na nova configura\u00e7\u00e3o de cidades inteligentes<\/p>\n<p style=\"text-align: justify\">:: O diretor de pesquisas do Institute for The Future, Anthony Townsend, fala sobre a gera\u00e7\u00e3o de smart cities e indica as tend\u00eancias dos centros urbanos de alta tecnologia<\/p>\n<p style=\"text-align: justify\">:: Como a economia criativa tem ganhado espa\u00e7o no cen\u00e1rio mundial e como o Brasil pode impulsionar neg\u00f3cios na \u00e1rea<\/p>\n<p style=\"text-align: justify\">:: A expans\u00e3o de constru\u00e7\u00f5es sustent\u00e1veis reflete a necessidade da racionaliza\u00e7\u00e3o do uso de recursos naturais, garantindo, tamb\u00e9m, a redu\u00e7\u00e3o dos res\u00edduos nas \u00e1reas urbanas<\/p>\n<p style=\"text-align: justify\"><em>Leia o PDF na \u00edntegra <a href=\"http:\/\/issuu.com\/portomediterraneo\/docs\/locus_73_issuu\">aqui<\/a>.<\/em><\/p>\n<p>&nbsp;<\/p>\n<p style=\"text-align: justify\"><em><a><img decoding=\"async\" loading=\"lazy\" class=\"size-full wp-image-536 alignleft\" title=\"Locus 72\" src=\"https:\/\/anprotec.org.br\/site\/wp-content\/uploads\/2012\/09\/capa_Locus72.jpg\" alt=\"\" width=\"136\" height=\"189\" \/><\/a><\/em><strong>Destaques da Locus 72:<\/strong><\/p>\n<p style=\"text-align: justify\">:: Saiba como aceleradoras de empresas t\u00eam colaborado com o fortalecimento de empreendimentos inovadores no Brasil<\/p>\n<p style=\"text-align: justify\">:: Conhe\u00e7a os BICs, ambientes de inova\u00e7\u00e3o que s\u00e3o sucesso na Europa<\/p>\n<p style=\"text-align: justify\">:: Os segredos, oportunidades e desafios do crowdlearnig<\/p>\n<p style=\"text-align: justify\">:: Eduardo Cruz, empreendedor da Axis-Biotec, revela os caminhos da inova\u00e7\u00e3o em biotecnologia<\/p>\n<p style=\"text-align: justify\"><em>Leia o PDF na \u00edntegra <a href=\"http:\/\/bit.ly\/18FEhyH\">aqui<\/a>.<\/em><\/p>\n<p>&nbsp;<\/p>\n<p style=\"text-align: justify\"><em><a><img decoding=\"async\" loading=\"lazy\" class=\"size-full wp-image-536 alignleft\" title=\"Locus 71\" src=\"https:\/\/anprotec.org.br\/site\/wp-content\/uploads\/2012\/09\/capa_Locus-711.jpg\" alt=\"\" width=\"136\" height=\"189\" \/><\/a><\/em><strong>Destaques da Locus 71:<\/strong><\/p>\n<p style=\"text-align: justify\">:: Conhe\u00e7a a nova gera\u00e7\u00e3o de parques tecnol\u00f3gicos que est\u00e1 se instalando no Brasil<\/p>\n<p style=\"text-align: justify\">:: Kenneth Herd, da GE, destaca os atrativos do Brasil para atividades de P&amp;D<\/p>\n<p style=\"text-align: justify\">:: Como as MPEs auxiliam as gigantes do setor de infraestrutura<\/p>\n<p style=\"text-align: justify\">:: O destino previsto para os R$ 32,9 bilh\u00f5es do Plano Inova Empresa<\/p>\n<p style=\"text-align: justify\"><em>Leia o PDF na \u00edntegra <a href=\"http:\/\/issuu.com\/anprotec\/docs\/locus_71?mode=window\">aqui<\/a>.<\/em><\/p>\n<p>&nbsp;<\/p>\n<p style=\"text-align: justify\"><strong><a href=\"http:\/\/issuu.com\/anprotec\/docs\/locus_70\" rel=\"attachment wp-att-1321\"><img decoding=\"async\" loading=\"lazy\" class=\"alignleft size-full wp-image-1321\" title=\"Locus 70_Capa_2\" src=\"https:\/\/anprotec.org.br\/site\/wp-content\/uploads\/2012\/09\/Locus-70_Capa_2.jpg\" alt=\"\" width=\"136\" height=\"192\" \/><\/a>Destaques da Locus 70:<\/strong><\/p>\n<p style=\"text-align: justify\">:: Mercado de sa\u00fade oferece diversas oportunidades de neg\u00f3cios a MPEs inovadoras<\/p>\n<p style=\"text-align: justify\">::\u00a0O vice-presidente do Banco Mundial, Otaviano Canuto, explica como a inova\u00e7\u00e3o pode ajudar o Brasil a se desenvolver<\/p>\n<p style=\"text-align: justify\">:: A trajet\u00f3ria dos vencedores do Pr\u00eamio Nacional de Empreendedorismo Inovador<\/p>\n<p style=\"text-align: justify\">:: As novidades do Tecnova, programa de subven\u00e7\u00e3o da Finep<\/p>\n<p style=\"text-align: justify\"><em> Leia o PDF na \u00edntegra\u00a0<a href=\"http:\/\/issuu.com\/anprotec\/docs\/locus_70\">aqui<\/a>.<\/em><\/p>\n<p>&nbsp;<\/p>\n<p style=\"text-align: justify\"><a href=\"http:\/\/issuu.com\/anprotec\/docs\/locus_68_69\"><img decoding=\"async\" loading=\"lazy\" class=\" wp-image-520 alignleft\" title=\"Locus_68_69\" src=\"https:\/\/anprotec.org.br\/site\/wp-content\/uploads\/2012\/09\/Locus_68_691.jpg\" alt=\"\" width=\"136\" height=\"189\" \/><\/a><\/p>\n<p style=\"text-align: justify\"><strong>Destaques da Locus 68\/69:<\/strong><\/p>\n<p style=\"text-align: justify\">:: O desafio de identificar e impulsionar novas rotas de desenvolvimento<\/p>\n<p style=\"text-align: justify\">::\u00a0O novo secret\u00e1rio de Desenvolvimento Tecnol\u00f3gico e Inova\u00e7\u00e3o do MCTI, Alvaro Prata, fala sobre novas pol\u00edticas para o setor<\/p>\n<p style=\"text-align: justify\">::\u00a0Incubadoras Tecnol\u00f3gicas de Cooperativas Populares apoiam crescimento a empreendimentos criados por comunidades<\/p>\n<p style=\"text-align: justify\">::\u00a0As bases da rela\u00e7\u00e3o entre empresas-\u00e2ncoras e parques tecnol\u00f3gicos<\/p>\n<p style=\"text-align: justify\"><em>Leia o PDF na \u00edntegra <a href=\"http:\/\/issuu.com\/anprotec\/docs\/locus_68_69\">aqui<\/a>.<\/em><\/p>\n<p>&nbsp;<\/p>\n<p style=\"text-align: justify\"><a href=\"http:\/\/issuu.com\/anprotec\/docs\/locus67\" rel=\"attachment wp-att-525\"><img decoding=\"async\" loading=\"lazy\" class=\"size-full wp-image-525 alignleft\" title=\"Locus_67\" src=\"https:\/\/anprotec.org.br\/site\/wp-content\/uploads\/2012\/09\/Locus_67.jpg\" alt=\"\" width=\"136\" height=\"189\" \/><\/a><\/p>\n<p style=\"text-align: justify\"><strong>Destaques da Locus 67:<\/strong><\/p>\n<p style=\"text-align: justify\">::\u00a0Descubra como as Tecnologias Assistivas est\u00e3o garantindo inclus\u00e3o, autonomia e qualidade de vida aos portadores de necessidades especiais<\/p>\n<p style=\"text-align: justify\">::\u00a0Entrevista com Ricardo Abramovay: a Rio+20 e as demandas por inova\u00e7\u00e3o para a sustentabilidade<\/p>\n<p style=\"text-align: justify\">::\u00a0As conquistas e os desafios do Capital Semente no Brasil, ap\u00f3s uma d\u00e9cada de opera\u00e7\u00e3o<\/p>\n<p style=\"text-align: justify\"><em>Leia o PDF na \u00edntegra <a href=\"http:\/\/issuu.com\/anprotec\/docs\/locus67\">aqui<\/a>.<\/em><\/p>\n<p>&nbsp;<\/p>\n<p>&nbsp;<\/p>\n<p style=\"text-align: justify\"><strong><a href=\"http:\/\/issuu.com\/anprotec\/docs\/locus_66issuu\" rel=\"attachment wp-att-529\"><img decoding=\"async\" loading=\"lazy\" class=\"wp-image-529 alignleft\" title=\"Locus_66\" src=\"https:\/\/anprotec.org.br\/site\/wp-content\/uploads\/2012\/09\/Locus_66.jpg\" alt=\"\" width=\"136\" height=\"189\" \/><\/a>Destaques da Locus 66:<\/strong><\/p>\n<p style=\"text-align: justify\">::\u00a0Saiba como a Copa do Mundo de 2014 e as Olimp\u00edadas de 2016 podem impulsionar o desenvolvimento de micro e pequenas empresas<\/p>\n<p style=\"text-align: justify\">::\u00a0Clovis Meurer, da ABVCAP, revela como o capital empreendedor pode contribuir para o crescimento do pa\u00eds<\/p>\n<p style=\"text-align: justify\">::\u00a0Estudo compara modelos de incuba\u00e7\u00e3o em diferentes regi\u00f5es do mundo<\/p>\n<p style=\"text-align: justify\">::\u00a0Os impactos da crise europeia na competitividade de MPEs inovadoras<\/p>\n<p style=\"text-align: justify\"><em>Leia o PDF na \u00edntegra <a href=\"http:\/\/issuu.com\/anprotec\/docs\/locus_66issuu\">aqui<\/a>.<\/em><\/p>\n<p>&nbsp;<\/p>\n<p style=\"text-align: justify\"><em><a href=\"http:\/\/issuu.com\/anprotec\/docs\/locus_65_issuu\" rel=\"attachment wp-att-534\"><img decoding=\"async\" loading=\"lazy\" class=\" wp-image-534 alignleft\" title=\"Locus_65\" src=\"https:\/\/anprotec.org.br\/site\/wp-content\/uploads\/2012\/09\/Locus_65.jpg\" alt=\"\" width=\"136\" height=\"189\" \/><\/a><\/em><strong>Destaques da Locus 65:<\/strong><\/p>\n<p style=\"text-align: justify\">:: Micro e pequenas de biotecnologia encontram em incubadoras e parques tecnol\u00f3gicos o apoio que precisam para crescer e inovar<\/p>\n<p style=\"text-align: justify\">:: A incubadora brasileira que est\u00e1 ajudando a reconstruir o Mo\u00e7ambique<\/p>\n<p style=\"text-align: justify\">:: Como a gigante Braskem conduz a inova\u00e7\u00e3o<\/p>\n<p style=\"text-align: justify\">:: Semin\u00e1rio Nacional reuniu cerca de 850 pessoas em Porto Alegre<\/p>\n<p style=\"text-align: justify\"><em>Leia o PDF na \u00edntegra <a href=\"http:\/\/issuu.com\/anprotec\/docs\/locus_65_issuu\">aqui<\/a>.<\/em><\/p>\n<p>&nbsp;<\/p>\n<p style=\"text-align: justify\"><em><a href=\"http:\/\/issuu.com\/anprotec\/docs\/locus_63_64\" rel=\"attachment wp-att-536\"><img decoding=\"async\" loading=\"lazy\" class=\"size-full wp-image-536 alignleft\" title=\"Locus_63_64\" src=\"https:\/\/anprotec.org.br\/site\/wp-content\/uploads\/2012\/09\/Locus_63_64.jpg\" alt=\"\" width=\"136\" height=\"189\" \/><\/a><\/em><strong>Destaques da Locus 63\/64:<\/strong><\/p>\n<p style=\"text-align: justify\">:: Inova\u00e7\u00e3o e apoio a iniciativas locais podem gerar territ\u00f3rios mais competitivos no Brasil<\/p>\n<p style=\"text-align: justify\">:: O presidente da Finep fala sobre o futuro da ag\u00eancia e o fomento a MPEs<\/p>\n<p style=\"text-align: justify\">:: Como empresas nascentes podem conseguir dinheiro para seus projetos<\/p>\n<p style=\"text-align: justify\">:: As tend\u00eancias de gest\u00e3o para incubadoras e parques tecnol\u00f3gicos<\/p>\n<p style=\"text-align: justify\"><em>Leia o PDF na \u00edntegra <a href=\"http:\/\/issuu.com\/anprotec\/docs\/locus_63_64\">aqui<\/a>.<\/em><\/p>\n","protected":false},"excerpt":{"rendered":"<p>A Locus \u00e9 uma revista digital e gratuita! Confira as<span class=\"excerpt-hellip\"> [\u2026]<\/span><\/p>\n","protected":false},"author":8,"featured_media":0,"parent":11032,"menu_order":1,"comment_status":"open","ping_status":"closed","template":"","meta":{"footnotes":"","_links_to":"","_links_to_target":""},"_links":{"self":[{"href":"https:\/\/anprotec.org.br\/site\/wp-json\/wp\/v2\/pages\/279"}],"collection":[{"href":"https:\/\/anprotec.org.br\/site\/wp-json\/wp\/v2\/pages"}],"about":[{"href":"https:\/\/anprotec.org.br\/site\/wp-json\/wp\/v2\/types\/page"}],"author":[{"embeddable":true,"href":"https:\/\/anprotec.org.br\/site\/wp-json\/wp\/v2\/users\/8"}],"replies":[{"embeddable":true,"href":"https:\/\/anprotec.org.br\/site\/wp-json\/wp\/v2\/comments?post=279"}],"version-history":[{"count":4,"href":"https:\/\/anprotec.org.br\/site\/wp-json\/wp\/v2\/pages\/279\/revisions"}],"predecessor-version":[{"id":32724,"href":"https:\/\/anprotec.org.br\/site\/wp-json\/wp\/v2\/pages\/279\/revisions\/32724"}],"up":[{"embeddable":true,"href":"https:\/\/anprotec.org.br\/site\/wp-json\/wp\/v2\/pages\/11032"}],"wp:attachment":[{"href":"https:\/\/anprotec.org.br\/site\/wp-json\/wp\/v2\/media?parent=279"}],"curies":[{"name":"wp","href":"https:\/\/api.w.org\/{rel}","templated":true}]}}