{"id":27796,"date":"2019-01-09T10:17:16","date_gmt":"2019-01-09T12:17:16","guid":{"rendered":"http:\/\/anprotec.org.br\/site\/?page_id=27796"},"modified":"2019-01-09T10:17:16","modified_gmt":"2019-01-09T12:17:16","slug":"capital-empreendedor","status":"publish","type":"page","link":"https:\/\/anprotec.org.br\/site\/lideres-tematicos\/capital-empreendedor\/","title":{"rendered":"Capital Empreendedor"},"content":{"rendered":"<p><strong><img decoding=\"async\" loading=\"lazy\" class=\"alignleft wp-image-27426\" src=\"https:\/\/anprotec.org.br\/site\/wp-content\/uploads\/2019\/01\/foto-Capital-Empreendedor-Jose-Sampaio-Aranha.jpg\" alt=\"\" width=\"126\" height=\"158\" \/>L\u00edder Tem\u00e1tico: Jos\u00e9 Alberto Sampaio Aranha<\/strong><\/p>\n<p style=\"text-align: justify\">Como presidente da Anprotec, participa do Conselho Deliberativo do Sebrae Nacional, da ABDI, do Conselho Consultivo da Finep, como convidado, da Sala de Inova\u00e7\u00e3o do MDIC, do Comit\u00ea de L\u00edderes da MEI, do F\u00f3rum Permanente das MPEs da Secretaria de Governo, dos GTs de Fintechs do Laborat\u00f3rio de Inova\u00e7\u00e3o Financeira da ABDE, CVM e BID, e do PNI do MCTIC. Foi fundador e diretor do Instituto G\u00eanesis da PUC-Rio, desde sua cria\u00e7\u00e3o at\u00e9 mar\u00e7o de 2016. Tamb\u00e9m ajudou a fundar e foi coordenador institucional da empresa j\u00fanior da universidade por mais de 10 anos. Foi diretor de novos empreendimentos da REDETEC de 2011 a 2012, membro do Conselho do Instituto Endeavor Brasil, desde sua funda\u00e7\u00e3o, em 2000, at\u00e9 2005; e membro do Conselho do Instituto Educacional da BM&amp;FBOVESPA em 2010. \u00c9 formado em Engenharia Qu\u00edmica pela UFRRJ, p\u00f3s-graduado em Admi nistra\u00e7\u00e3o pelo IAG PUC-Rio, Com\u00e9rcio Exterior pela Funda\u00e7\u00e3o Centro de Estudos de Com\u00e9rcio Exterior (CECEX) do RJ e MBA em empreendedorismo na Nova Southeastern University (Fort Lauderdale) \u2013 FL- USA.<\/p>\n","protected":false},"excerpt":{"rendered":"<p>L\u00edder Tem\u00e1tico: Jos\u00e9 Alberto Sampaio Aranha Como presidente da Anprotec,<span class=\"excerpt-hellip\"> [\u2026]<\/span><\/p>\n","protected":false},"author":8,"featured_media":0,"parent":21946,"menu_order":0,"comment_status":"closed","ping_status":"closed","template":"","meta":{"footnotes":"","_links_to":"","_links_to_target":""},"_links":{"self":[{"href":"https:\/\/anprotec.org.br\/site\/wp-json\/wp\/v2\/pages\/27796"}],"collection":[{"href":"https:\/\/anprotec.org.br\/site\/wp-json\/wp\/v2\/pages"}],"about":[{"href":"https:\/\/anprotec.org.br\/site\/wp-json\/wp\/v2\/types\/page"}],"author":[{"embeddable":true,"href":"https:\/\/anprotec.org.br\/site\/wp-json\/wp\/v2\/users\/8"}],"replies":[{"embeddable":true,"href":"https:\/\/anprotec.org.br\/site\/wp-json\/wp\/v2\/comments?post=27796"}],"version-history":[{"count":1,"href":"https:\/\/anprotec.org.br\/site\/wp-json\/wp\/v2\/pages\/27796\/revisions"}],"predecessor-version":[{"id":27799,"href":"https:\/\/anprotec.org.br\/site\/wp-json\/wp\/v2\/pages\/27796\/revisions\/27799"}],"up":[{"embeddable":true,"href":"https:\/\/anprotec.org.br\/site\/wp-json\/wp\/v2\/pages\/21946"}],"wp:attachment":[{"href":"https:\/\/anprotec.org.br\/site\/wp-json\/wp\/v2\/media?parent=27796"}],"curies":[{"name":"wp","href":"https:\/\/api.w.org\/{rel}","templated":true}]}}