{"id":27505,"date":"2018-12-06T10:10:40","date_gmt":"2018-12-06T12:10:40","guid":{"rendered":"http:\/\/anprotec.org.br\/site\/?page_id=27505"},"modified":"2020-01-22T14:25:08","modified_gmt":"2020-01-22T17:25:08","slug":"cleantech","status":"publish","type":"page","link":"https:\/\/anprotec.org.br\/site\/lideres-tematicos\/cleantech\/","title":{"rendered":"Cleantech"},"content":{"rendered":"<p>De forma transversal, o tema sustentabilidade e meio ambiente exige governan\u00e7a sobre todos os ecossistemas da economia verde, com acentuado debate e a\u00e7\u00f5es acerca do nexo \u00e1gua, energia e alimento.<\/p>\n<p>A acelera\u00e7\u00e3o da inova\u00e7\u00e3o tecnol\u00f3gica e a sinergia entre as diversas institui\u00e7\u00f5es que a promovem mostram-se como o grande vetor para superar o desafio da efici\u00eancia no uso dos recursos e a promo\u00e7\u00e3o da qualidade de vida.<\/p>\n<p><strong><img decoding=\"async\" loading=\"lazy\" class=\"alignleft size-full wp-image-27526\" src=\"https:\/\/anprotec.org.br\/site\/wp-content\/uploads\/2018\/12\/Jorge-Augusto-Callado_ok.jpg\" alt=\"\" width=\"133\" height=\"160\" srcset=\"https:\/\/anprotec.org.br\/site\/wp-content\/uploads\/2018\/12\/Jorge-Augusto-Callado_ok.jpg 133w, https:\/\/anprotec.org.br\/site\/wp-content\/uploads\/2018\/12\/Jorge-Augusto-Callado_ok-121x146.jpg 121w, https:\/\/anprotec.org.br\/site\/wp-content\/uploads\/2018\/12\/Jorge-Augusto-Callado_ok-42x50.jpg 42w, https:\/\/anprotec.org.br\/site\/wp-content\/uploads\/2018\/12\/Jorge-Augusto-Callado_ok-62x75.jpg 62w\" sizes=\"(max-width: 133px) 100vw, 133px\" \/>L\u00edder Tem\u00e1tico:\u00a0Jorge Augusto Callado<\/strong><\/p>\n<p>Graduado em Biologia pela Pontif\u00edcia Universidade Cat\u00f3lica do Paran\u00e1 (1988). Mestre em Gest\u00e3o Urbana pela Pontif\u00edcia Universidade Cat\u00f3lica do Paran\u00e1 (PUCPR). Especialista em Gest\u00e3o e Planejamento Ambiental pelas Faculdades Integradas Esp\u00edritas (2001). Especialista em Limnologia pelo CRBIO-07 (2018). Especialista em Planejamento e Gerenciamento Ambiental pelo CRBIO-07 (2018).Professor das disciplinas de Gest\u00e3o Ambiental e Ecologia. Diretor de Saneamento Ambiental da SUDERHSA &#8211; Instituto das \u00c1guas do Paran\u00e1 (2003-2010). Coordenador Estadual de Res\u00edduos S\u00f3lidos SEMA-PR (2004-2005). Secret\u00e1rio Estadual de Meio Ambiente e Recursos H\u00eddricos do Paran\u00e1 (2010). Presidente do Conselho Estadual de Meio Ambiente CEMA (2010). Conselheiro Estadual de Meio Ambiente (2008-ATUAL). Presidente do Conselho Estadual de Desenvolvimento Territorial do Litoral Paranaense (2010). Conselheiro de Desenvolvimento Territorial do Litoral Paranaense COLIT (2015-2018). Presidente do Conselho Estadual de Recursos H\u00eddricos CERH (2010). Conselheiro Estadual de Recursos H\u00eddricos (2011-2013). Presidente do Conselho de Administra\u00e7\u00e3o do Instituto Ambiental do Paran\u00e1 IAP (2010). Presidente do Conselho de Administra\u00e7\u00e3o do Instituto de Terras Cartografia e Geologia do Paran\u00e1 ITCG (2010). Presidente do Conselho de Administra\u00e7\u00e3o do Instituto das \u00c1guas do Paran\u00e1 \u00c1GUAS PARAN\u00c1 (2010). Presidente do F\u00f3rum Paranaense de Mudan\u00e7as Clim\u00e1ticas (2010). Superintendente do IBAMA no estado do Paran\u00e1 (2012-2015). Assessor T\u00e9cnico para \u00e1rea de Meio Ambiente do Banco Regional de Desenvolvimento do Extremo SUL-BRDE (2015-2017). Assessor T\u00e9cnico da Diretoria da Itaipu Binacional (2017-2018). Diretor Superintendente do Parque Tecnol\u00f3gico ITAIPU (2018-2019). Presidente do Conselho Regional de Biologia do Paran\u00e1 CRBIo-07( 2011-atual). Diretor Presidente do instituto de Tecnologia do Paran\u00e1 TECPAR (atual).<\/p>\n","protected":false},"excerpt":{"rendered":"<p>De forma transversal, o tema sustentabilidade e meio ambiente exige<span class=\"excerpt-hellip\"> [\u2026]<\/span><\/p>\n","protected":false},"author":10,"featured_media":0,"parent":21946,"menu_order":0,"comment_status":"closed","ping_status":"closed","template":"","meta":{"footnotes":"","_links_to":"","_links_to_target":""},"_links":{"self":[{"href":"https:\/\/anprotec.org.br\/site\/wp-json\/wp\/v2\/pages\/27505"}],"collection":[{"href":"https:\/\/anprotec.org.br\/site\/wp-json\/wp\/v2\/pages"}],"about":[{"href":"https:\/\/anprotec.org.br\/site\/wp-json\/wp\/v2\/types\/page"}],"author":[{"embeddable":true,"href":"https:\/\/anprotec.org.br\/site\/wp-json\/wp\/v2\/users\/10"}],"replies":[{"embeddable":true,"href":"https:\/\/anprotec.org.br\/site\/wp-json\/wp\/v2\/comments?post=27505"}],"version-history":[{"count":1,"href":"https:\/\/anprotec.org.br\/site\/wp-json\/wp\/v2\/pages\/27505\/revisions"}],"predecessor-version":[{"id":31180,"href":"https:\/\/anprotec.org.br\/site\/wp-json\/wp\/v2\/pages\/27505\/revisions\/31180"}],"up":[{"embeddable":true,"href":"https:\/\/anprotec.org.br\/site\/wp-json\/wp\/v2\/pages\/21946"}],"wp:attachment":[{"href":"https:\/\/anprotec.org.br\/site\/wp-json\/wp\/v2\/media?parent=27505"}],"curies":[{"name":"wp","href":"https:\/\/api.w.org\/{rel}","templated":true}]}}