{"id":27486,"date":"2018-12-04T19:17:44","date_gmt":"2018-12-04T21:17:44","guid":{"rendered":"http:\/\/anprotec.org.br\/site\/?page_id=27486"},"modified":"2018-12-04T19:18:20","modified_gmt":"2018-12-04T21:18:20","slug":"propriedade-intelectual","status":"publish","type":"page","link":"https:\/\/anprotec.org.br\/site\/lideres-tematicos\/propriedade-intelectual\/","title":{"rendered":"Propriedade Intelectual"},"content":{"rendered":"<p>Propriedade Intelectual aborda a gest\u00e3o estrat\u00e9gica da \u00e1rea de inova\u00e7\u00e3o de qualquer organiza\u00e7\u00e3o.<\/p>\n<p>Inicia-se desde a reserva de mercado e estende-se \u00e0 garantia de exclusividade territorial ou internacional (de acordo com cada tratado internacional).<\/p>\n<p>D\u00e1 ao titular o benef\u00edcio da legitimidade inventiva ou autoral e \u00e9 considerado fator de decis\u00e3o na atra\u00e7\u00e3o de investimentos.<\/p>\n<p>Por ser um t\u00edtulo, \u00e9 poss\u00edvel mensurar seu valor intang\u00edvel e facilitar a transfer\u00eancia tecnol\u00f3gica, seja por meio de licenciamento ou venda.<\/p>\n<p><strong><img decoding=\"async\" loading=\"lazy\" class=\"alignleft size-full wp-image-27487\" src=\"https:\/\/anprotec.org.br\/site\/wp-content\/uploads\/2018\/12\/Camilo-Castro.jpg\" alt=\"\" width=\"200\" height=\"200\" srcset=\"https:\/\/anprotec.org.br\/site\/wp-content\/uploads\/2018\/12\/Camilo-Castro.jpg 200w, https:\/\/anprotec.org.br\/site\/wp-content\/uploads\/2018\/12\/Camilo-Castro-146x146.jpg 146w, https:\/\/anprotec.org.br\/site\/wp-content\/uploads\/2018\/12\/Camilo-Castro-50x50.jpg 50w, https:\/\/anprotec.org.br\/site\/wp-content\/uploads\/2018\/12\/Camilo-Castro-75x75.jpg 75w, https:\/\/anprotec.org.br\/site\/wp-content\/uploads\/2018\/12\/Camilo-Castro-85x85.jpg 85w, https:\/\/anprotec.org.br\/site\/wp-content\/uploads\/2018\/12\/Camilo-Castro-80x80.jpg 80w\" sizes=\"(max-width: 200px) 100vw, 200px\" \/>L\u00edder Tem\u00e1tico: Camilo Castro<\/strong><\/p>\n<p>Inventor, com 3 pedidos de patentes. Possui certifica\u00e7\u00e3o em Neuroci\u00eancia Computacional pela Universidade de Washington; Certifica\u00e7\u00e3o em Propriedade Intelectual pela WIPO\/OMPI e Certifica\u00e7\u00e3o Internacional em Patentes no EPO. \u00c9 especializado em Patentes e Softwares e PCT; consultor regional em Propriedade Intelectual pela VILAGE Marcas e Patentes, empresa internacional com mais de 30 anos de atua\u00e7\u00e3o no segmento; membro da Sociedade Brasileira de Computa\u00e7\u00e3o (SBC) e da Sociedade Brasileira de Intelig\u00eancia Computacional (SBIC); mentor em Programas de Incuba\u00e7\u00e3o e Acelera\u00e7\u00e3o para Startups e Coordenador do NIT do PADETEC\/CE.<\/p>\n<p>&nbsp;<\/p>\n<p>&nbsp;<\/p>\n","protected":false},"excerpt":{"rendered":"<p>Propriedade Intelectual aborda a gest\u00e3o estrat\u00e9gica da \u00e1rea de inova\u00e7\u00e3o<span class=\"excerpt-hellip\"> [\u2026]<\/span><\/p>\n","protected":false},"author":10,"featured_media":0,"parent":21946,"menu_order":0,"comment_status":"closed","ping_status":"closed","template":"","meta":{"footnotes":"","_links_to":"","_links_to_target":""},"_links":{"self":[{"href":"https:\/\/anprotec.org.br\/site\/wp-json\/wp\/v2\/pages\/27486"}],"collection":[{"href":"https:\/\/anprotec.org.br\/site\/wp-json\/wp\/v2\/pages"}],"about":[{"href":"https:\/\/anprotec.org.br\/site\/wp-json\/wp\/v2\/types\/page"}],"author":[{"embeddable":true,"href":"https:\/\/anprotec.org.br\/site\/wp-json\/wp\/v2\/users\/10"}],"replies":[{"embeddable":true,"href":"https:\/\/anprotec.org.br\/site\/wp-json\/wp\/v2\/comments?post=27486"}],"version-history":[{"count":1,"href":"https:\/\/anprotec.org.br\/site\/wp-json\/wp\/v2\/pages\/27486\/revisions"}],"predecessor-version":[{"id":27488,"href":"https:\/\/anprotec.org.br\/site\/wp-json\/wp\/v2\/pages\/27486\/revisions\/27488"}],"up":[{"embeddable":true,"href":"https:\/\/anprotec.org.br\/site\/wp-json\/wp\/v2\/pages\/21946"}],"wp:attachment":[{"href":"https:\/\/anprotec.org.br\/site\/wp-json\/wp\/v2\/media?parent=27486"}],"curies":[{"name":"wp","href":"https:\/\/api.w.org\/{rel}","templated":true}]}}