{"id":27481,"date":"2018-12-04T19:10:52","date_gmt":"2018-12-04T21:10:52","guid":{"rendered":"http:\/\/anprotec.org.br\/site\/?page_id=27481"},"modified":"2018-12-05T08:34:53","modified_gmt":"2018-12-05T10:34:53","slug":"agrotech","status":"publish","type":"page","link":"https:\/\/anprotec.org.br\/site\/lideres-tematicos\/agrotech\/","title":{"rendered":"Agrotech"},"content":{"rendered":"<p>AgriTech: Oportunidades em Ci\u00eancias Agr\u00e1rias<\/p>\n<p>Agricultura \u00e9 uma das atividades mais antigas da humanidade. A forma com que interagimos, trabalhamos, aprendemos e compartilhamos conhecimento no meio urbano ou agr\u00edcola tem passado por grandes mudan\u00e7as ao longo das eras hist\u00f3ricas da humanidade. Vivemos a era p\u00f3s-digital, marcada pela transforma\u00e7\u00e3o digital. O Agro 4.0 \u00e9 o novo ecossistema tecnol\u00f3gico, inovativo e empreendedor da agricultura mundial. O desafio nesse novo cen\u00e1rio \u00e9 conectar pessoas e institui\u00e7\u00f5es para promover oportunidades para empreendimentos inovadores em ci\u00eancias agr\u00e1rias.<\/p>\n<p><strong><img decoding=\"async\" loading=\"lazy\" class=\"alignleft size-thumbnail wp-image-27491\" src=\"https:\/\/anprotec.org.br\/site\/wp-content\/uploads\/2018\/12\/Diego-Siqueira_ok-133x160.jpg\" alt=\"\" width=\"133\" height=\"160\" srcset=\"https:\/\/anprotec.org.br\/site\/wp-content\/uploads\/2018\/12\/Diego-Siqueira_ok.jpg 133w, https:\/\/anprotec.org.br\/site\/wp-content\/uploads\/2018\/12\/Diego-Siqueira_ok-121x146.jpg 121w, https:\/\/anprotec.org.br\/site\/wp-content\/uploads\/2018\/12\/Diego-Siqueira_ok-42x50.jpg 42w, https:\/\/anprotec.org.br\/site\/wp-content\/uploads\/2018\/12\/Diego-Siqueira_ok-62x75.jpg 62w\" sizes=\"(max-width: 133px) 100vw, 133px\" \/>L\u00edder Tem\u00e1tico: Diego Siqueira<\/strong><\/p>\n<p>Engenheiro Agr\u00f4nomo graduado e p\u00f3s-graduado pela UNESP com foco em modelagem matem\u00e1tica, agricultura digital, gest\u00e3o da pesquisa e do desenvolvimento em AgriTechs. Atua como assessor de P&amp;D em empresas de base agro e no desenvolvimento de ecossistemas inovativos em ci\u00eancias agr\u00e1rias.<\/p>\n","protected":false},"excerpt":{"rendered":"<p>AgriTech: Oportunidades em Ci\u00eancias Agr\u00e1rias Agricultura \u00e9 uma das atividades<span class=\"excerpt-hellip\"> [\u2026]<\/span><\/p>\n","protected":false},"author":10,"featured_media":0,"parent":21946,"menu_order":0,"comment_status":"closed","ping_status":"closed","template":"","meta":{"footnotes":"","_links_to":"","_links_to_target":""},"_links":{"self":[{"href":"https:\/\/anprotec.org.br\/site\/wp-json\/wp\/v2\/pages\/27481"}],"collection":[{"href":"https:\/\/anprotec.org.br\/site\/wp-json\/wp\/v2\/pages"}],"about":[{"href":"https:\/\/anprotec.org.br\/site\/wp-json\/wp\/v2\/types\/page"}],"author":[{"embeddable":true,"href":"https:\/\/anprotec.org.br\/site\/wp-json\/wp\/v2\/users\/10"}],"replies":[{"embeddable":true,"href":"https:\/\/anprotec.org.br\/site\/wp-json\/wp\/v2\/comments?post=27481"}],"version-history":[{"count":2,"href":"https:\/\/anprotec.org.br\/site\/wp-json\/wp\/v2\/pages\/27481\/revisions"}],"predecessor-version":[{"id":27492,"href":"https:\/\/anprotec.org.br\/site\/wp-json\/wp\/v2\/pages\/27481\/revisions\/27492"}],"up":[{"embeddable":true,"href":"https:\/\/anprotec.org.br\/site\/wp-json\/wp\/v2\/pages\/21946"}],"wp:attachment":[{"href":"https:\/\/anprotec.org.br\/site\/wp-json\/wp\/v2\/media?parent=27481"}],"curies":[{"name":"wp","href":"https:\/\/api.w.org\/{rel}","templated":true}]}}