{"id":27448,"date":"2018-12-03T14:11:17","date_gmt":"2018-12-03T16:11:17","guid":{"rendered":"http:\/\/anprotec.org.br\/site\/?page_id=27448"},"modified":"2018-12-03T14:59:27","modified_gmt":"2018-12-03T16:59:27","slug":"biotech","status":"publish","type":"page","link":"https:\/\/anprotec.org.br\/site\/lideres-tematicos\/biotech\/","title":{"rendered":"Biotech"},"content":{"rendered":"<p>A biotecnologia re\u00fane um conjunto de tecnologias biol\u00f3gicas para a produ\u00e7\u00e3o de servi\u00e7os e produtos, com impacto em diversas \u00e1reas de conhecimento, incluindo sa\u00fade humana, agricultura, sa\u00fade animal, meio ambiente e industrial.<\/p>\n<p>A biotecnologia moderna oferece produtos e tecnologias inovadoras para o desenvolvimento de novos sistemas de diagn\u00f3stico, medicamentos biol\u00f3gicos e vacinas para identificar e combater doen\u00e7as e proporcionar uma vida mais saud\u00e1vel para a popula\u00e7\u00e3o. Disp\u00f5e tamb\u00e9m de tecnologias que aumentam de forma significativa a produ\u00e7\u00e3o e a produtividade agr\u00edcola, utilizam menos energia e mais limpa, e tornam processos industriais mais seguros, limpos e eficientes.<\/p>\n<p>Nos \u00faltimos anos, no Brasil, o setor est\u00e1 se desenvolvendo bastante, com novos investimentos em plantas bioindustriais e o surgimento de startups inovadoras. Mas, muito ainda pode ser feito para tornar o pa\u00eds um player relevante no mundo.<\/p>\n<p><strong><img decoding=\"async\" loading=\"lazy\" class=\"alignleft size-thumbnail wp-image-27457\" src=\"https:\/\/anprotec.org.br\/site\/wp-content\/uploads\/2018\/12\/linkedin-37_ok-1-133x160.jpg\" alt=\"\" width=\"133\" height=\"160\" srcset=\"https:\/\/anprotec.org.br\/site\/wp-content\/uploads\/2018\/12\/linkedin-37_ok-1.jpg 133w, https:\/\/anprotec.org.br\/site\/wp-content\/uploads\/2018\/12\/linkedin-37_ok-1-121x146.jpg 121w, https:\/\/anprotec.org.br\/site\/wp-content\/uploads\/2018\/12\/linkedin-37_ok-1-42x50.jpg 42w, https:\/\/anprotec.org.br\/site\/wp-content\/uploads\/2018\/12\/linkedin-37_ok-1-62x75.jpg 62w\" sizes=\"(max-width: 133px) 100vw, 133px\" \/>L\u00edder Tem\u00e1tico: Eduardo Emrich Soares<\/strong><\/p>\n<p>Presidente &amp; CEO da Biominas Brasil desde agosto de 2003. Possui mais de 25 anos de experi\u00eancia na identifica\u00e7\u00e3o e an\u00e1lise de oportunidades de neg\u00f3cio, transfer\u00eancia de tecnologias, estrutura\u00e7\u00e3o e gest\u00e3o de startups e de projetos de promo\u00e7\u00e3o no setor de ci\u00eancias da vida. Na Biominas foi respons\u00e1vel pela cria\u00e7\u00e3o e gest\u00e3o de diversas atividades, como a BIO Latin America Conference. Foi co-fundador, s\u00f3cio e CEO de diversas empresas, como Alvos Biotec, Oncologics S.A. e Nextrial &#8211; Pesquisa Cl\u00ednica. \u00c9 membro do Conselho Curador da Funda\u00e7\u00e3o Ezequiel Dias (FUNED) e mentor da Endeavor Minas. Possui gradua\u00e7\u00e3o em Ci\u00eancias Biol\u00f3gicas, com \u00eanfase em Bioqu\u00edmica e Biologia Molecular, pela UFMG, p\u00f3s-gradua\u00e7\u00e3o em Administra\u00e7\u00e3o Financeira pela Funda\u00e7\u00e3o Dom Cabral, e em Gest\u00e3o de Neg\u00f3cios pela Funda\u00e7\u00e3o Get\u00falio Vargas.<\/p>\n","protected":false},"excerpt":{"rendered":"<p>A biotecnologia re\u00fane um conjunto de tecnologias biol\u00f3gicas para a<span class=\"excerpt-hellip\"> [\u2026]<\/span><\/p>\n","protected":false},"author":10,"featured_media":0,"parent":21946,"menu_order":0,"comment_status":"closed","ping_status":"closed","template":"","meta":{"footnotes":"","_links_to":"","_links_to_target":""},"_links":{"self":[{"href":"https:\/\/anprotec.org.br\/site\/wp-json\/wp\/v2\/pages\/27448"}],"collection":[{"href":"https:\/\/anprotec.org.br\/site\/wp-json\/wp\/v2\/pages"}],"about":[{"href":"https:\/\/anprotec.org.br\/site\/wp-json\/wp\/v2\/types\/page"}],"author":[{"embeddable":true,"href":"https:\/\/anprotec.org.br\/site\/wp-json\/wp\/v2\/users\/10"}],"replies":[{"embeddable":true,"href":"https:\/\/anprotec.org.br\/site\/wp-json\/wp\/v2\/comments?post=27448"}],"version-history":[{"count":2,"href":"https:\/\/anprotec.org.br\/site\/wp-json\/wp\/v2\/pages\/27448\/revisions"}],"predecessor-version":[{"id":27458,"href":"https:\/\/anprotec.org.br\/site\/wp-json\/wp\/v2\/pages\/27448\/revisions\/27458"}],"up":[{"embeddable":true,"href":"https:\/\/anprotec.org.br\/site\/wp-json\/wp\/v2\/pages\/21946"}],"wp:attachment":[{"href":"https:\/\/anprotec.org.br\/site\/wp-json\/wp\/v2\/media?parent=27448"}],"curies":[{"name":"wp","href":"https:\/\/api.w.org\/{rel}","templated":true}]}}