{"id":27425,"date":"2018-11-29T15:30:47","date_gmt":"2018-11-29T17:30:47","guid":{"rendered":"http:\/\/anprotec.org.br\/site\/?page_id=27425"},"modified":"2019-06-03T13:33:11","modified_gmt":"2019-06-03T16:33:11","slug":"mentoring","status":"publish","type":"page","link":"https:\/\/anprotec.org.br\/site\/lideres-tematicos\/mentoring\/","title":{"rendered":"Mentoring"},"content":{"rendered":"<p>O empreendedorismo inovador sustenta-se em tr\u00eas pilares. Os empreendedores e seus modelo de neg\u00f3cios, o investimento\/capital e a mentoria.<\/p>\n<p>A lideran\u00e7a tem\u00e1tica de Mentoria da Anprotec tem como miss\u00e3o desenvolver e capacitar pessoas que querem ser mentores, dando oportunidade, apoiando e melhorando a qualidade dos profissionais que trabalham com suas associadas.<\/p>\n<p>Isto ser\u00e1 realizado atrav\u00e9s de:<\/p>\n<ul>\n<li>Montagem de uma rede de Mentores capacitada, com colaboradores internos e externos (ecossistema) \u00e0s associadas;<\/li>\n<li>Associa\u00e7\u00e3o \u00e0s redes de mentores parceiras, apoiando o desenvolvimento de colaboradores na mentoria de startups, aceleradoras, incubadoras, coworkings e parques tecnol\u00f3gicos;<\/li>\n<li>Qualifica\u00e7\u00e3o dos mentores atrav\u00e9s de treinamentos, workshops e palestras;<\/li>\n<li>Aux\u00edlio na implementa\u00e7\u00e3o de uma metodologia formal de mentoria, alinhada \u00e0s metodologias de gest\u00e3o da inova\u00e7\u00e3o Cerne.<\/li>\n<\/ul>\n<p><a href=\"https:\/\/anprotec.org.br\/site\/2019\/06\/anprotec-e-abmen-firmam-parceria-em-prol-do-ecossistema-de-inovacao\/\" target=\"_blank\" rel=\"noopener\"><strong>Anprotec e ABMEN firmam parceria em prol do ecossistema de inova\u00e7\u00e3o<\/strong><\/a><\/p>\n<p><strong><img decoding=\"async\" loading=\"lazy\" class=\"alignleft wp-image-27426\" src=\"https:\/\/anprotec.org.br\/site\/wp-content\/uploads\/2018\/11\/Alex.jpg\" alt=\"\" width=\"126\" height=\"158\" srcset=\"https:\/\/anprotec.org.br\/site\/wp-content\/uploads\/2018\/11\/Alex.jpg 240w, https:\/\/anprotec.org.br\/site\/wp-content\/uploads\/2018\/11\/Alex-239x300.jpg 239w, https:\/\/anprotec.org.br\/site\/wp-content\/uploads\/2018\/11\/Alex-116x146.jpg 116w, https:\/\/anprotec.org.br\/site\/wp-content\/uploads\/2018\/11\/Alex-40x50.jpg 40w, https:\/\/anprotec.org.br\/site\/wp-content\/uploads\/2018\/11\/Alex-60x75.jpg 60w\" sizes=\"(max-width: 126px) 100vw, 126px\" \/>L\u00edder Tem\u00e1tico: Alexandre (Alex) Jacobs<\/strong><\/p>\n<p>S\u00f3cio fundador da OBR (Outsource Brazil), aceleradora de startups e consultoria em Internacionaliza\u00e7\u00e3o. \u00c9 Diretor Executivo da ABRAII (Associa\u00e7\u00e3o Brasileira de Aceleradoras), dentre outras atividades empresarias e associativas. Com mais de 30 anos de experi\u00eancia, atuou como executivo em empresas como EDS (atual HP), CPM Braxis (atual Capgemini), e L\u00f3gica CMG (atual CGI), trabalhando no Brasil, na Argentina e nos Estados Unidos. Formado pela PUC-RJ e pela UFRJ, \u00e9 um apaixonado pela globaliza\u00e7\u00e3o e por diferentes culturas. Atualmente est\u00e1 focado em empreendedorismo, startups, inova\u00e7\u00e3o, na transforma\u00e7\u00e3o p\u00f3s-digital das empresas e na cria\u00e7\u00e3o de novos neg\u00f3cios do s\u00e9culo 21.<\/p>\n","protected":false},"excerpt":{"rendered":"<p>O empreendedorismo inovador sustenta-se em tr\u00eas pilares. Os empreendedores e<span class=\"excerpt-hellip\"> [\u2026]<\/span><\/p>\n","protected":false},"author":10,"featured_media":0,"parent":21946,"menu_order":0,"comment_status":"closed","ping_status":"closed","template":"","meta":{"footnotes":"","_links_to":"","_links_to_target":""},"_links":{"self":[{"href":"https:\/\/anprotec.org.br\/site\/wp-json\/wp\/v2\/pages\/27425"}],"collection":[{"href":"https:\/\/anprotec.org.br\/site\/wp-json\/wp\/v2\/pages"}],"about":[{"href":"https:\/\/anprotec.org.br\/site\/wp-json\/wp\/v2\/types\/page"}],"author":[{"embeddable":true,"href":"https:\/\/anprotec.org.br\/site\/wp-json\/wp\/v2\/users\/10"}],"replies":[{"embeddable":true,"href":"https:\/\/anprotec.org.br\/site\/wp-json\/wp\/v2\/comments?post=27425"}],"version-history":[{"count":2,"href":"https:\/\/anprotec.org.br\/site\/wp-json\/wp\/v2\/pages\/27425\/revisions"}],"predecessor-version":[{"id":29088,"href":"https:\/\/anprotec.org.br\/site\/wp-json\/wp\/v2\/pages\/27425\/revisions\/29088"}],"up":[{"embeddable":true,"href":"https:\/\/anprotec.org.br\/site\/wp-json\/wp\/v2\/pages\/21946"}],"wp:attachment":[{"href":"https:\/\/anprotec.org.br\/site\/wp-json\/wp\/v2\/media?parent=27425"}],"curies":[{"name":"wp","href":"https:\/\/api.w.org\/{rel}","templated":true}]}}