{"id":270,"date":"2018-04-03T18:16:32","date_gmt":"2018-04-03T21:16:32","guid":{"rendered":"http:\/\/douglasdasilva.com.br\/clients\/anprotec\/?page_id=270"},"modified":"2025-08-20T10:48:44","modified_gmt":"2025-08-20T13:48:44","slug":"sobre","status":"publish","type":"page","link":"https:\/\/anprotec.org.br\/site\/sobre\/","title":{"rendered":"Sobre"},"content":{"rendered":"<div class=\"wpb-content-wrapper\"><p>[vc_row el_class=&#8221;text-justify&#8221;][vc_column][vc_empty_space height=&#8221;30px&#8221;][vc_column_text]<span style=\"font-weight: 400;\">Criada em 1987, a Anprotec \u00e9 uma associa\u00e7\u00e3o sem fins lucrativos que re\u00fane 420 associados, entre incubadoras de empresas, parques tecnol\u00f3gicos, aceleradoras, coworkings, institui\u00e7\u00f5es de ensino e pesquisa, \u00f3rg\u00e3os p\u00fablicos e outras entidades ligadas ao empreendedorismo e \u00e0 inova\u00e7\u00e3o.<\/span><\/p>\n<p><span style=\"font-weight: 400;\">Pela sua trajet\u00f3ria, diretamente ligada ao desenvolvimento de incubadoras de empresas e parques tecnol\u00f3gicos brasileiros, a Anprotec \u00e9 l\u00edder do movimento no pa\u00eds, promovendo atividades de capacita\u00e7\u00e3o, articula\u00e7\u00e3o de pol\u00edticas p\u00fablicas e gera\u00e7\u00e3o e dissemina\u00e7\u00e3o de conhecimentos.<\/span><\/p>\n<p><span style=\"font-weight: 400;\">A implanta\u00e7\u00e3o desses ambientes em diferentes regi\u00f5es disseminou a cultura do empreendedorismo inovador no pa\u00eds, desencadeando a consolida\u00e7\u00e3o de um dos maiores sistemas mundiais de parques tecnol\u00f3gicos e incubadoras de empresas.<\/span><\/p>\n<p><span style=\"font-weight: 400;\">Atualmente, o Brasil conta com 291 incubadoras de empresas, 61 parques tecnol\u00f3gicos em opera\u00e7\u00e3o, 24 parques tecnol\u00f3gicos em est\u00e1gio de implanta\u00e7\u00e3o e 7 parques tecnol\u00f3gicos em est\u00e1gio de planejamento e 65 aceleradoras, que envolvem da ordem de 10 mil empresas inovadoras.<\/span><\/p>\n<p><span style=\"font-weight: 400;\">A atua\u00e7\u00e3o bem-sucedida desses mecanismos de apoio \u00e0 inova\u00e7\u00e3o representa a pr\u00f3pria evolu\u00e7\u00e3o da Anprotec e contribui de forma relevante para consolidar a forma\u00e7\u00e3o de uma forte e competitiva ind\u00fastria baseada no conhecimento.<\/span><\/p>\n<p><span style=\"font-weight: 400;\">Confiante no trabalho das institui\u00e7\u00f5es que representa, a Anprotec, em conjunto aos diversos parceiros envolvidos em cada uma de suas a\u00e7\u00f5es, segue contribuindo para que o empreendedorismo inovador colabore de forma decisiva para o desenvolvimento sustent\u00e1vel do Brasil.<\/span>[\/vc_column_text][vc_empty_space height=&#8221;30px&#8221;][\/vc_column][\/vc_row][vc_row el_class=&#8221;text-justify&#8221;][vc_column width=&#8221;1\/4&#8243;][vc_hoverbox image=&#8221;31805&#8243; primary_title=&#8221;P\u00fablico-Alvo&#8221; primary_title_font_container=&#8221;font_size:30px|color:%23ffffff|line_height:40px&#8221; primary_title_google_fonts=&#8221;font_family:Roboto%3A100%2C100italic%2C300%2C300italic%2Cregular%2Citalic%2C500%2C500italic%2C700%2C700italic%2C900%2C900italic|font_style:700%20bold%20regular%3A700%3Anormal&#8221; hover_title=&#8221;Atores p\u00fablicos e privados, nacionais e internacionais, envolvidos no processo de empreendedorismo inovador.&#8221; hover_title_font_container=&#8221;font_size:18px|color:%23ffffff|line_height:22px&#8221; hover_title_google_fonts=&#8221;font_family:Roboto%3A100%2C100italic%2C300%2C300italic%2Cregular%2Citalic%2C500%2C500italic%2C700%2C700italic%2C900%2C900italic|font_style:500%20bold%20regular%3A500%3Anormal&#8221; shape=&#8221;square&#8221; hover_background_color=&#8221;custom&#8221; use_custom_fonts_primary_title=&#8221;true&#8221; use_custom_fonts_hover_title=&#8221;true&#8221; hover_custom_background=&#8221;#e17125&#8243;][\/vc_hoverbox][\/vc_column][vc_column width=&#8221;1\/4&#8243;][vc_hoverbox image=&#8221;31925&#8243; primary_title=&#8221;Miss\u00e3o&#8221; primary_title_font_container=&#8221;font_size:30px|color:%23ffffff|line_height:40px&#8221; primary_title_google_fonts=&#8221;font_family:Roboto%3A100%2C100italic%2C300%2C300italic%2Cregular%2Citalic%2C500%2C500italic%2C700%2C700italic%2C900%2C900italic|font_style:700%20bold%20regular%3A700%3Anormal&#8221; hover_title=&#8221;Atuar como uma Rede Nacional de Ambientes de Inova\u00e7\u00e3o que promova o fortalecimento dos seus associados em prol da economia e da sociedade.&#8221; hover_title_font_container=&#8221;font_size:18px|color:%23ffffff|line_height:22px&#8221; hover_title_google_fonts=&#8221;font_family:Roboto%3A100%2C100italic%2C300%2C300italic%2Cregular%2Citalic%2C500%2C500italic%2C700%2C700italic%2C900%2C900italic|font_style:500%20bold%20regular%3A500%3Anormal&#8221; shape=&#8221;square&#8221; hover_background_color=&#8221;custom&#8221; use_custom_fonts_primary_title=&#8221;true&#8221; use_custom_fonts_hover_title=&#8221;true&#8221; hover_custom_background=&#8221;#f7a515&#8243;][\/vc_hoverbox][\/vc_column][vc_column width=&#8221;1\/4&#8243;][vc_hoverbox image=&#8221;31805&#8243; primary_title=&#8221;Vis\u00e3o&#8221; primary_title_font_container=&#8221;font_size:30px|color:%23ffffff|line_height:40px&#8221; primary_title_google_fonts=&#8221;font_family:Roboto%3A100%2C100italic%2C300%2C300italic%2Cregular%2Citalic%2C500%2C500italic%2C700%2C700italic%2C900%2C900italic|font_style:700%20bold%20regular%3A700%3Anormal&#8221; hover_title=&#8221;Ser reconhecida como ator imprescind\u00edvel do empreendedorismo inovador pela lideran\u00e7a da Rede de Ambientes de inova\u00e7\u00e3o e pelos impactos gerados na economia e na sociedade.&#8221; hover_title_font_container=&#8221;font_size:18px|color:%23ffffff|line_height:22px&#8221; hover_title_google_fonts=&#8221;font_family:Roboto%3A100%2C100italic%2C300%2C300italic%2Cregular%2Citalic%2C500%2C500italic%2C700%2C700italic%2C900%2C900italic|font_style:500%20bold%20regular%3A500%3Anormal&#8221; shape=&#8221;square&#8221; hover_background_color=&#8221;custom&#8221; use_custom_fonts_primary_title=&#8221;true&#8221; use_custom_fonts_hover_title=&#8221;true&#8221; hover_custom_background=&#8221;#e17125&#8243;][\/vc_hoverbox][\/vc_column][vc_column width=&#8221;1\/4&#8243;][vc_hoverbox image=&#8221;31925&#8243; primary_title=&#8221;Prop\u00f3sito&#8221; primary_title_font_container=&#8221;font_size:30px|color:%23ffffff|line_height:40px&#8221; primary_title_google_fonts=&#8221;font_family:Roboto%3A100%2C100italic%2C300%2C300italic%2Cregular%2Citalic%2C500%2C500italic%2C700%2C700italic%2C900%2C900italic|font_style:700%20bold%20regular%3A700%3Anormal&#8221; hover_title=&#8221;Transformar o pa\u00eds em uma sociedade empreendedora por meio do fortalecimento de ecossistemas de inova\u00e7\u00e3o que promovam o desenvolvimento social, ambiental e econ\u00f4mico.&#8221; hover_title_font_container=&#8221;font_size:18px|color:%23ffffff|line_height:22px&#8221; hover_title_google_fonts=&#8221;font_family:Roboto%3A100%2C100italic%2C300%2C300italic%2Cregular%2Citalic%2C500%2C500italic%2C700%2C700italic%2C900%2C900italic|font_style:500%20bold%20regular%3A500%3Anormal&#8221; shape=&#8221;square&#8221; hover_background_color=&#8221;custom&#8221; use_custom_fonts_primary_title=&#8221;true&#8221; use_custom_fonts_hover_title=&#8221;true&#8221; hover_custom_background=&#8221;#f7a515&#8243;][\/vc_hoverbox][\/vc_column][\/vc_row][vc_row css=&#8221;.vc_custom_1584061186401{margin-top: 40px !important;}&#8221; el_class=&#8221;titulos&#8221;][vc_column][vc_column_text]<\/p>\n<h2><strong>Como?<\/strong><\/h2>\n<ul>\n<li>Influenciando na formula\u00e7\u00e3o de pol\u00edticas p\u00fablicas e estrat\u00e9gias para a \u00e1rea de empreendedorismo inovador, por meio de articula\u00e7\u00e3o pol\u00edtica e institucional e participa\u00e7\u00e3o em conselhos de \u00f3rg\u00e3os p\u00fablicos e privados;<\/li>\n<\/ul>\n<ul>\n<li>Dando suporte aos ecossistemas e mecanismos de inova\u00e7\u00e3o associados, por meio de acesso a conhecimentos relevantes, coopera\u00e7\u00e3o internacional, projetos integrados, est\u00edmulo e apoio \u00e0s redes regionais, reconhecimentos de boas pr\u00e1ticas, participa\u00e7\u00e3o em f\u00f3runs qualificados e miss\u00f5es t\u00e9cnicas;<\/li>\n<\/ul>\n<ul>\n<li>Aprimorando a qualifica\u00e7\u00e3o da gest\u00e3o dos ecossistemas e mecanismos de inova\u00e7\u00e3o associados, por meio de semin\u00e1rios, cursos, miss\u00f5es t\u00e9cnicas e workshops;<\/li>\n<\/ul>\n<ul>\n<li>Articulando a intera\u00e7\u00e3o entre os associados e atores p\u00fablicos e privados do sistema nacional de inova\u00e7\u00e3o e empreendedorismo, por meio da identifica\u00e7\u00e3o de oportunidades de projetos entre os diferentes atores do sistema nacional de inova\u00e7\u00e3o e empreendedorismo;<\/li>\n<li>Mobilizando as redes regionais e tem\u00e1ticas para a elabora\u00e7\u00e3o e implementa\u00e7\u00e3o das pol\u00edticas e estrat\u00e9gias da entidade.<\/li>\n<\/ul>\n<p>[\/vc_column_text][\/vc_column][\/vc_row][vc_row full_width=&#8221;stretch_row&#8221; equal_height=&#8221;yes&#8221; css=&#8221;.vc_custom_1584464358816{margin-top: 40px !important;padding-bottom: 30px !important;}&#8221;][vc_column width=&#8221;1\/4&#8243;][vc_column_text css=&#8221;.vc_custom_1755623546839{background-color: #eba716 !important;}&#8221; el_class=&#8221;shrink&#8221;]<\/p>\n<h2><a href=\"https:\/\/anprotec.org.br\/site\/wp-content\/uploads\/2025\/08\/Anprotec-24a-AGE-Anexo-II-Estatuto-Social-2025-31jul2025-assinado.pdf\" target=\"_blank\" rel=\"noopener\">Acesse o Estatuto da Associa\u00e7\u00e3o<\/a><\/h2>\n<p>[\/vc_column_text][\/vc_column][vc_column width=&#8221;1\/4&#8243;][vc_column_text css=&#8221;.vc_custom_1755623567304{background-color: #e17125 !important;}&#8221; el_class=&#8221;shrink&#8221;]<\/p>\n<h2><a href=\"https:\/\/anprotec.org.br\/site\/wp-content\/uploads\/2025\/08\/Anprotec-24a-AGE-Anexo-III-Regimento-Interno-2025-31jul2025-assinado.pdf\" target=\"_blank\" rel=\"noopener\">Acesse o Regimento Interno<\/a><\/h2>\n<p>[\/vc_column_text][\/vc_column][vc_column width=&#8221;1\/4&#8243;][vc_column_text css=&#8221;.vc_custom_1755697703224{background-color: #eba716 !important;}&#8221; el_class=&#8221;shrink&#8221;]<\/p>\n<h2><a href=\"https:\/\/anprotec.org.br\/site\/sobre\/diretoria-2024-25\/\" target=\"_blank\" rel=\"noopener\">Conhe\u00e7a a Diretoria da Anprotec<\/a><\/h2>\n<p>[\/vc_column_text][\/vc_column][vc_column width=&#8221;1\/4&#8243;][vc_column_text css=&#8221;.vc_custom_1755697717130{background-color: #e17125 !important;}&#8221; el_class=&#8221;shrink&#8221;]<\/p>\n<h2><a href=\"https:\/\/anprotec.org.br\/site\/sobre\/associados-anprotec\/\" target=\"_blank\" rel=\"noopener\">Veja a lista de associados<\/a><\/h2>\n<p>[\/vc_column_text][\/vc_column][\/vc_row]<\/p>\n<\/div>","protected":false},"excerpt":{"rendered":"<p>[vc_row el_class=&#8221;text-justify&#8221;][vc_column][vc_empty_space height=&#8221;30px&#8221;][vc_column_text]Criada em 1987, a Anprotec \u00e9 uma associa\u00e7\u00e3o<span class=\"excerpt-hellip\"> [\u2026]<\/span><\/p>\n","protected":false},"author":8,"featured_media":0,"parent":0,"menu_order":0,"comment_status":"closed","ping_status":"closed","template":"","meta":{"footnotes":"","_links_to":"","_links_to_target":""},"_links":{"self":[{"href":"https:\/\/anprotec.org.br\/site\/wp-json\/wp\/v2\/pages\/270"}],"collection":[{"href":"https:\/\/anprotec.org.br\/site\/wp-json\/wp\/v2\/pages"}],"about":[{"href":"https:\/\/anprotec.org.br\/site\/wp-json\/wp\/v2\/types\/page"}],"author":[{"embeddable":true,"href":"https:\/\/anprotec.org.br\/site\/wp-json\/wp\/v2\/users\/8"}],"replies":[{"embeddable":true,"href":"https:\/\/anprotec.org.br\/site\/wp-json\/wp\/v2\/comments?post=270"}],"version-history":[{"count":4,"href":"https:\/\/anprotec.org.br\/site\/wp-json\/wp\/v2\/pages\/270\/revisions"}],"predecessor-version":[{"id":55692,"href":"https:\/\/anprotec.org.br\/site\/wp-json\/wp\/v2\/pages\/270\/revisions\/55692"}],"wp:attachment":[{"href":"https:\/\/anprotec.org.br\/site\/wp-json\/wp\/v2\/media?parent=270"}],"curies":[{"name":"wp","href":"https:\/\/api.w.org\/{rel}","templated":true}]}}