{"id":25716,"date":"2018-07-04T15:05:23","date_gmt":"2018-07-04T18:05:23","guid":{"rendered":"http:\/\/anprotec.org.br\/site\/?page_id=25716"},"modified":"2019-06-06T10:32:30","modified_gmt":"2019-06-06T13:32:30","slug":"incubadoras-consolidadas","status":"publish","type":"page","link":"https:\/\/anprotec.org.br\/site\/lideres-tematicos\/incubadoras-consolidadas\/","title":{"rendered":"Incubadoras consolidadas"},"content":{"rendered":"<p>Uma incubadora consolidada pode ser entendida como sendo aquela que est\u00e1\u00a0 surfando (pelo menos) a 3\u00aa onda que se caracteriza pelo desenvolvimento de um forte networking com outros ambientes e atores do ecossistema, cujo posicionamento evidencia apoios complementares e integrados \u00e0queles oferecidos por estes outros atores, e cujos resultados podem ser evidenciados atrav\u00e9s da gera\u00e7\u00e3o de efeitos positivos expressivos sobre a economia da sua regi\u00e3o.<\/p>\n<p>\u00c9 dentro deste contexto que gostar\u00edamos muito de entender como podemos, dentro do foco de atua\u00e7\u00e3o, posicionamento e resultados de cada um, compartilhar pr\u00e1ticas, ferramentas, metodologias, e li\u00e7\u00f5es aprendidas no intuito de fortalecermos cada vez mais os nossos pr\u00f3prios ecossistemas!<\/p>\n<p><img decoding=\"async\" loading=\"lazy\" class=\"alignleft  wp-image-29187\" src=\"https:\/\/anprotec.org.br\/site\/wp-content\/uploads\/2019\/06\/Fl\u00e1via.jpeg\" alt=\"\" width=\"165\" height=\"165\" srcset=\"https:\/\/anprotec.org.br\/site\/wp-content\/uploads\/2019\/06\/Fl\u00e1via.jpeg 200w, https:\/\/anprotec.org.br\/site\/wp-content\/uploads\/2019\/06\/Fl\u00e1via-146x146.jpeg 146w, https:\/\/anprotec.org.br\/site\/wp-content\/uploads\/2019\/06\/Fl\u00e1via-50x50.jpeg 50w, https:\/\/anprotec.org.br\/site\/wp-content\/uploads\/2019\/06\/Fl\u00e1via-75x75.jpeg 75w, https:\/\/anprotec.org.br\/site\/wp-content\/uploads\/2019\/06\/Fl\u00e1via-85x85.jpeg 85w, https:\/\/anprotec.org.br\/site\/wp-content\/uploads\/2019\/06\/Fl\u00e1via-80x80.jpeg 80w\" sizes=\"(max-width: 165px) 100vw, 165px\" \/><strong>L\u00edder tem\u00e1tico: Fl\u00e1via Maria Proen\u00e7a Guerra<\/strong><\/p>\n<p>Possui especializa\u00e7\u00e3o em Inova\u00e7\u00e3o e Empreendedorismo pela Universidade de Stanford \u2013 CA, EUA, MBA em Gest\u00e3o Empresarial pela Funda\u00e7\u00e3o Dom Cabral, Bacharelado em Ci\u00eancias Econ\u00f4micas pela Universidade Federal de Minas Gerais, e especializa\u00e7\u00e3o em Gastronomia e Alta Cozinha pelo Instituto Gastron\u00f4mico das Am\u00e9ricas. \u00c9 Diretora da Rede Mineira de Inova\u00e7\u00e3o. Atua como gestora do Acelera MGTI, programa de acelera\u00e7\u00e3o de startups de base tecnol\u00f3gica da FUMSOFT \u2013 Sociedade Mineira do Software. Possui experi\u00eancia de mais de 15 anos em gest\u00e3o de empresas de Tecnologia da Informa\u00e7\u00e3o.<\/p>\n","protected":false},"excerpt":{"rendered":"<p>Uma incubadora consolidada pode ser entendida como sendo aquela que<span class=\"excerpt-hellip\"> [\u2026]<\/span><\/p>\n","protected":false},"author":10,"featured_media":0,"parent":21946,"menu_order":0,"comment_status":"closed","ping_status":"closed","template":"","meta":{"footnotes":"","_links_to":"","_links_to_target":""},"_links":{"self":[{"href":"https:\/\/anprotec.org.br\/site\/wp-json\/wp\/v2\/pages\/25716"}],"collection":[{"href":"https:\/\/anprotec.org.br\/site\/wp-json\/wp\/v2\/pages"}],"about":[{"href":"https:\/\/anprotec.org.br\/site\/wp-json\/wp\/v2\/types\/page"}],"author":[{"embeddable":true,"href":"https:\/\/anprotec.org.br\/site\/wp-json\/wp\/v2\/users\/10"}],"replies":[{"embeddable":true,"href":"https:\/\/anprotec.org.br\/site\/wp-json\/wp\/v2\/comments?post=25716"}],"version-history":[{"count":2,"href":"https:\/\/anprotec.org.br\/site\/wp-json\/wp\/v2\/pages\/25716\/revisions"}],"predecessor-version":[{"id":29189,"href":"https:\/\/anprotec.org.br\/site\/wp-json\/wp\/v2\/pages\/25716\/revisions\/29189"}],"up":[{"embeddable":true,"href":"https:\/\/anprotec.org.br\/site\/wp-json\/wp\/v2\/pages\/21946"}],"wp:attachment":[{"href":"https:\/\/anprotec.org.br\/site\/wp-json\/wp\/v2\/media?parent=25716"}],"curies":[{"name":"wp","href":"https:\/\/api.w.org\/{rel}","templated":true}]}}