{"id":25435,"date":"2018-06-11T10:22:36","date_gmt":"2018-06-11T13:22:36","guid":{"rendered":"http:\/\/anprotec.org.br\/site\/?page_id=25435"},"modified":"2018-06-11T10:22:36","modified_gmt":"2018-06-11T13:22:36","slug":"economia-criativa","status":"publish","type":"page","link":"https:\/\/anprotec.org.br\/site\/economia-criativa\/","title":{"rendered":"Economia criativa"},"content":{"rendered":"<p><img decoding=\"async\" loading=\"lazy\" class=\"alignleft size-thumbnail wp-image-25436\" src=\"https:\/\/anprotec.org.br\/site\/wp-content\/uploads\/2018\/06\/Julia-Unesco_ok-133x160.jpg\" alt=\"\" width=\"133\" height=\"160\" srcset=\"https:\/\/anprotec.org.br\/site\/wp-content\/uploads\/2018\/06\/Julia-Unesco_ok.jpg 133w, https:\/\/anprotec.org.br\/site\/wp-content\/uploads\/2018\/06\/Julia-Unesco_ok-121x146.jpg 121w, https:\/\/anprotec.org.br\/site\/wp-content\/uploads\/2018\/06\/Julia-Unesco_ok-42x50.jpg 42w, https:\/\/anprotec.org.br\/site\/wp-content\/uploads\/2018\/06\/Julia-Unesco_ok-62x75.jpg 62w\" sizes=\"(max-width: 133px) 100vw, 133px\" \/><strong>L\u00edder tem\u00e1tico: Julia Zardo<\/strong><\/p>\n<p style=\"text-align: justify\">Doutora em Pol\u00edticas P\u00fablicas, Estrat\u00e9gia e Desenvolvimento pelo Instituto de Economia da UFRJ; Mestre em Comunica\u00e7\u00e3o e Cultura\u00a0pela Escola de Comunica\u00e7\u00e3o Social da UFRJ; Jornalista pelo Departamento de Comunica\u00e7\u00e3o Social da PUC-Rio.\u00a0Professora de Administra\u00e7\u00e3o e\u00a0Empreendedorismo\u00a0na PUC-Rio; Professora do MBA de Gest\u00e3o de Neg\u00f3cios da Funda\u00e7\u00e3o Dom Cabral e da P\u00f3s-gradua\u00e7\u00e3o em Produ\u00e7\u00e3o Cultural da Universidade C\u00e2ndido Mendes.<\/p>\n<p style=\"text-align: justify\">Atualmente \u00e9 especialista em Desenvolvimento Setorial na Federa\u00e7\u00e3o das Ind\u00fastrias do Rio de Janeiro. Foi\u00a0Gerente de Cultura Empreendedora do Instituto G\u00eanesis da PUC-Rio por 18 anos, estando \u00e0 frente do planejamento, da implanta\u00e7\u00e3o e da coordena\u00e7\u00e3o de diversos projetos\u00a0nacionais e internacionais, como o Rio Criativo, Incubadora\u00a0de Empreendimentos da Economia Criativa do Estado do Rio de Janeiro. \u00c9 membro suplemente do Comit\u00ea Gestor de Programas Setoriais do Audiovisual da Secretaria de Estado de Cultura do Governo do Estado do Rio de Janeiro, e membro titular da C\u00e2mara Setorial de\u00a0Cultura, Turismo e Esporte\u00a0do F\u00f3rum Permanente de Desenvolvimento Estrat\u00e9gico do Estado do Rio de Janeiro.<\/p>\n<p style=\"text-align: justify\">Especialista em empreendedorismo, economia criativa, inova\u00e7\u00e3o e desenvolvimento local, al\u00e9m de conferencista em diferentes pa\u00edses e com participa\u00e7\u00f5es em bancas acad\u00eamicas e de neg\u00f3cios. Possui\u00a0diversos artigos e publica\u00e7\u00f5es nacionais e internacionais sobre os temas.<\/p>\n","protected":false},"excerpt":{"rendered":"<p>L\u00edder tem\u00e1tico: Julia Zardo Doutora em Pol\u00edticas P\u00fablicas, Estrat\u00e9gia e<span class=\"excerpt-hellip\"> [\u2026]<\/span><\/p>\n","protected":false},"author":10,"featured_media":0,"parent":0,"menu_order":0,"comment_status":"closed","ping_status":"closed","template":"","meta":{"footnotes":"","_links_to":"","_links_to_target":""},"_links":{"self":[{"href":"https:\/\/anprotec.org.br\/site\/wp-json\/wp\/v2\/pages\/25435"}],"collection":[{"href":"https:\/\/anprotec.org.br\/site\/wp-json\/wp\/v2\/pages"}],"about":[{"href":"https:\/\/anprotec.org.br\/site\/wp-json\/wp\/v2\/types\/page"}],"author":[{"embeddable":true,"href":"https:\/\/anprotec.org.br\/site\/wp-json\/wp\/v2\/users\/10"}],"replies":[{"embeddable":true,"href":"https:\/\/anprotec.org.br\/site\/wp-json\/wp\/v2\/comments?post=25435"}],"version-history":[{"count":1,"href":"https:\/\/anprotec.org.br\/site\/wp-json\/wp\/v2\/pages\/25435\/revisions"}],"predecessor-version":[{"id":25437,"href":"https:\/\/anprotec.org.br\/site\/wp-json\/wp\/v2\/pages\/25435\/revisions\/25437"}],"wp:attachment":[{"href":"https:\/\/anprotec.org.br\/site\/wp-json\/wp\/v2\/media?parent=25435"}],"curies":[{"name":"wp","href":"https:\/\/api.w.org\/{rel}","templated":true}]}}