{"id":25348,"date":"2018-05-30T11:13:07","date_gmt":"2018-05-30T14:13:07","guid":{"rendered":"http:\/\/anprotec.org.br\/site\/?page_id=25348"},"modified":"2018-05-30T11:13:55","modified_gmt":"2018-05-30T14:13:55","slug":"aceleradoras","status":"publish","type":"page","link":"https:\/\/anprotec.org.br\/site\/lideres-tematicos\/aceleradoras\/","title":{"rendered":"Aceleradoras"},"content":{"rendered":"<p class=\"textbox\" dir=\"ltr\">Aceleradoras s\u00e3o entidades jur\u00eddicas (com ou sem fins lucrativos) dedicadas\u00a0a apoiar o\u00a0desenvolvimento inicial de novos neg\u00f3cios inovadores (startups), por meio de um processo\u00a0estruturado, com tempo determinado, que inclui sele\u00e7\u00e3o, capacita\u00e7\u00e3o, mentorias, oportunidades de\u00a0acesso a mercados, infraestrutura e servi\u00e7os de apoio, al\u00e9m do aporte de capital financeiro inicial(pr\u00f3prio ou de sua rede de investidores), em troca de uma poss\u00edvel participa\u00e7\u00e3o societ\u00e1ria futura nos\u00a0neg\u00f3cios acelerados.<\/p>\n<p class=\"textbox\" dir=\"ltr\">Nos \u00faltimos anos, diversas iniciativas para a\u00a0acelera\u00e7\u00e3o\u00a0de startups surgiram pelo pa\u00eds. Nesse\u00a0contexto, destacam-se os <strong>programas de acelera\u00e7\u00e3o<\/strong>. Embora tenham processos similares,\u00a0esses\u00a0programas diferenciam-se das aceleradoras, principalmente pelo fato de serem conduzidos pororganiza\u00e7\u00f5es n\u00e3o dedicadas a essa atividade,\u00a0al\u00e9m de n\u00e3o haver o investimento financeiro em\u00a0startups e a correspondente participa\u00e7\u00e3o societ\u00e1ria nessas empresas nascentes.<\/p>\n<p class=\"textbox\" dir=\"ltr\">Esse grupo tem\u00e1tico busca discutir os temas relacionados ao desenvolviment\u00a0o das aceleradoras e\u00a0tamb\u00e9m aos programas de acelera\u00e7\u00e3o conduzidos pelas institui\u00e7\u00f5es associadas\u00a0\u00e0 ANPROTEC.<\/p>\n<p class=\"textbox\" dir=\"ltr\"><strong><img decoding=\"async\" loading=\"lazy\" class=\"wp-image-25350 alignleft\" src=\"https:\/\/anprotec.org.br\/site\/wp-content\/uploads\/2018\/05\/Sandro.jpg\" alt=\"\" width=\"140\" height=\"151\" srcset=\"https:\/\/anprotec.org.br\/site\/wp-content\/uploads\/2018\/05\/Sandro.jpg 1285w, https:\/\/anprotec.org.br\/site\/wp-content\/uploads\/2018\/05\/Sandro-278x300.jpg 278w, https:\/\/anprotec.org.br\/site\/wp-content\/uploads\/2018\/05\/Sandro-768x829.jpg 768w, https:\/\/anprotec.org.br\/site\/wp-content\/uploads\/2018\/05\/Sandro-949x1024.jpg 949w, https:\/\/anprotec.org.br\/site\/wp-content\/uploads\/2018\/05\/Sandro-135x146.jpg 135w, https:\/\/anprotec.org.br\/site\/wp-content\/uploads\/2018\/05\/Sandro-46x50.jpg 46w, https:\/\/anprotec.org.br\/site\/wp-content\/uploads\/2018\/05\/Sandro-69x75.jpg 69w\" sizes=\"(max-width: 140px) 100vw, 140px\" \/>L\u00edder tem\u00e1tico: Sandro Cortezia<\/strong><\/p>\n<p class=\"textbox\" dir=\"ltr\">Fundador e diretor executivo da Aceleradora VENTIUR. Mestre em Administra\u00e7\u00e3o, graduado em\u00a0inform\u00e1tica e especialista em gest\u00e3o empresarial. Atua h\u00e1 mais de 15 anos como\u00a0executivo,\u00a0consultor e mentor em diversos projetos e institui\u00e7\u00f5es, principalmente em tem\u00a0as relacionados \u00e0\u00a0inova\u00e7\u00e3o, internacionaliza\u00e7\u00e3o e cria\u00e7\u00e3o de novos neg\u00f3cios. Foi\u00a0Vice-Presidente da Assespro-RS,\u00a0Diretor da ABRAII &#8211; atualmente vinculada \u00e0 ANPROTEC &#8211; e conselheiro\u00a0de Inova\u00e7\u00e3o da FIERGS. \u00c9\u00a0professor de empreendedorismo e coordenador da P\u00f3s-MBA em Gest\u00e3o da Inova\u00e7\u00e3o na UNISINOS.<\/p>\n<p dir=\"ltr\">\n<p dir=\"ltr\">\n","protected":false},"excerpt":{"rendered":"<p>Aceleradoras s\u00e3o entidades jur\u00eddicas (com ou sem fins lucrativos) dedicadas\u00a0a<span class=\"excerpt-hellip\"> [\u2026]<\/span><\/p>\n","protected":false},"author":8,"featured_media":0,"parent":21946,"menu_order":0,"comment_status":"closed","ping_status":"closed","template":"","meta":{"footnotes":"","_links_to":"","_links_to_target":""},"_links":{"self":[{"href":"https:\/\/anprotec.org.br\/site\/wp-json\/wp\/v2\/pages\/25348"}],"collection":[{"href":"https:\/\/anprotec.org.br\/site\/wp-json\/wp\/v2\/pages"}],"about":[{"href":"https:\/\/anprotec.org.br\/site\/wp-json\/wp\/v2\/types\/page"}],"author":[{"embeddable":true,"href":"https:\/\/anprotec.org.br\/site\/wp-json\/wp\/v2\/users\/8"}],"replies":[{"embeddable":true,"href":"https:\/\/anprotec.org.br\/site\/wp-json\/wp\/v2\/comments?post=25348"}],"version-history":[{"count":3,"href":"https:\/\/anprotec.org.br\/site\/wp-json\/wp\/v2\/pages\/25348\/revisions"}],"predecessor-version":[{"id":30932,"href":"https:\/\/anprotec.org.br\/site\/wp-json\/wp\/v2\/pages\/25348\/revisions\/30932"}],"up":[{"embeddable":true,"href":"https:\/\/anprotec.org.br\/site\/wp-json\/wp\/v2\/pages\/21946"}],"wp:attachment":[{"href":"https:\/\/anprotec.org.br\/site\/wp-json\/wp\/v2\/media?parent=25348"}],"curies":[{"name":"wp","href":"https:\/\/api.w.org\/{rel}","templated":true}]}}