{"id":25078,"date":"2018-05-10T18:25:36","date_gmt":"2018-05-10T21:25:36","guid":{"rendered":"http:\/\/anprotec.org.br\/site\/?page_id=25078"},"modified":"2018-05-10T18:25:36","modified_gmt":"2018-05-10T21:25:36","slug":"empreendedorismo","status":"publish","type":"page","link":"https:\/\/anprotec.org.br\/site\/empreendedorismo\/","title":{"rendered":"Empreendedorismo"},"content":{"rendered":"<p style=\"text-align: justify\">O Sebrae indica que a cultura empreendedora de um pa\u00eds acompanha a capacidade da popula\u00e7\u00e3o de identificar as oportunidades do mercado no qual est\u00e1 inserida e aproveit\u00e1-las de maneira positiva, gerando novas oportunidades, empregos, inova\u00e7\u00f5es e benef\u00edcios.<\/p>\n<p style=\"text-align: justify\">Hoje em dia, sem as oportunidades e as mudan\u00e7as que as startups geram no mundo, o crescimento anual de emprego demonstraria margem negativa. Entre 1980 e 2005, Fairlocloth (2009) comenta que, nos EUA, os dados apontavam que, sem os empregos das startups, o crescimento de novos postos de trabalho seria negativo. Nesse per\u00edodo, s\u00f3 as startups geraram cerca de 3% do emprego total, j\u00e1 o crescimento anual m\u00e9dio do mercado foi de 1,8%. No Brasil essa realidade n\u00e3o \u00e9 muito diferente.<\/p>\n<p style=\"text-align: justify\">O pensar a cultura empreendedora vem sendo fortalecido de maneira muito intensa nos \u00faltimos 10 anos, a consolida\u00e7\u00e3o desta realidade, como uma garantia de melhoria de desempenho de startups e do mercado de neg\u00f3cios e de trabalho, \u00e9 um fato. Por\u00e9m, alguns desafios s\u00e3o sempre enfrentados nessas situa\u00e7\u00f5es.<\/p>\n<p style=\"text-align: justify\">Ser empreendedor significa ser uma pessoa que busca um novo radical ou n\u00e3o, com uma simples melhoria, ou alterando todo um sistema complexo de neg\u00f3cios, ao mesmo tempo que nossos sistemas de ensino e nossas formas culturais de pensarmos em sistema de aprendizado ainda est\u00e3o vinculados aos sistemas tradicionais, no qual o erro n\u00e3o pode existir, e, pior, o erro deve ser sumariamente punido, com notas baixas e reprova\u00e7\u00f5es.<\/p>\n<p style=\"text-align: justify\">Esse espa\u00e7o criado pela Anprotec para que pessoas vinculadas ao empreendedorismo possam discutir este assunto, de maneira a pensar formas de desenvolver o empreendedor de maneira com que ele possa ter sucesso e, ao mesmo tempo, ser organizado e criativo ser\u00e1 muito interessante, ainda mais com a participa\u00e7\u00e3o de agentes de todos os setores que atuam com o empreendedor, pensando em seu perfil e suas necessidades.<\/p>\n<p style=\"text-align: justify\"><strong><img decoding=\"async\" loading=\"lazy\" class=\"size-full wp-image-25079 alignleft\" src=\"https:\/\/anprotec.org.br\/site\/wp-content\/uploads\/2018\/05\/ok_Li\u0301der-tema\u0301tico-empreendedorismo.jpg\" alt=\"\" width=\"133\" height=\"160\" srcset=\"https:\/\/anprotec.org.br\/site\/wp-content\/uploads\/2018\/05\/ok_Li\u0301der-tema\u0301tico-empreendedorismo.jpg 133w, https:\/\/anprotec.org.br\/site\/wp-content\/uploads\/2018\/05\/ok_Li\u0301der-tema\u0301tico-empreendedorismo-121x146.jpg 121w, https:\/\/anprotec.org.br\/site\/wp-content\/uploads\/2018\/05\/ok_Li\u0301der-tema\u0301tico-empreendedorismo-42x50.jpg 42w, https:\/\/anprotec.org.br\/site\/wp-content\/uploads\/2018\/05\/ok_Li\u0301der-tema\u0301tico-empreendedorismo-62x75.jpg 62w\" sizes=\"(max-width: 133px) 100vw, 133px\" \/>L\u00edder Tem\u00e1tico: <\/strong><strong>Nelson Fragoso<\/strong><\/p>\n<p style=\"text-align: justify\">Possui gradua\u00e7\u00e3o em psicologia pela Universidade de Guarulhos (1994), gradua\u00e7\u00e3o em Administra\u00e7\u00e3o com \u00canfase em Com\u00e9rcio Exterior pela Faculdade Tibiri\u00e7\u00e1 (1989), mestrado em Administra\u00e7\u00e3o de Empresas pela Universidade Presbiteriana Mackenzie (1998) e doutorado em Administra\u00e7\u00e3o de Empresas pela Universidade Presbiteriana Mackenzie (2015). Foi membro do Conselho do N\u00facleo de Pesquisa do IED at\u00e9 2015. \u00c9 Coordenador da Incubadora de Empresas Mackenzie, desde 2009, e foi Diretor de Incubadoras da Rede Paulista de Inova\u00e7\u00e3o (RPAI) at\u00e9 2016. \u00c9 professor assistente doutor I da Universidade Presbiteriana Mackenzie, e tem experi\u00eancia na \u00e1rea de administra\u00e7\u00e3o, com \u00eanfase em administra\u00e7\u00e3o de empresas, atuando principalmente nos temas de administra\u00e7\u00e3o, empreendedorismo, projetos de alto impacto social, psicologia, e rela\u00e7\u00f5es humanas. \u00c9 autor de livro e cap\u00edtulos de livros sobre empreendedorismo, estrat\u00e9gias de empresas e marketing. \u00c9 membro da comiss\u00e3o t\u00e9cnica do Plano Estadual de Educa\u00e7\u00e3o Empreendedora do Estado de S\u00e3o Paulo, e faz parte da diretoria estendida da Anprotec para o bi\u00eanio 2018\/2019, como l\u00edder tem\u00e1tico em empreendedorismo. \u00c9 Membro do Conselho da Escola de Neg\u00f3cios SEBRAE-ETEC desde 2018, e tamb\u00e9m atua como psic\u00f3logo cl\u00ednico, como psicoterapeuta comportamental cognitivo.<\/p>\n","protected":false},"excerpt":{"rendered":"<p>O Sebrae indica que a cultura empreendedora de um pa\u00eds<span class=\"excerpt-hellip\"> [\u2026]<\/span><\/p>\n","protected":false},"author":10,"featured_media":0,"parent":0,"menu_order":0,"comment_status":"closed","ping_status":"closed","template":"","meta":{"footnotes":"","_links_to":"","_links_to_target":""},"_links":{"self":[{"href":"https:\/\/anprotec.org.br\/site\/wp-json\/wp\/v2\/pages\/25078"}],"collection":[{"href":"https:\/\/anprotec.org.br\/site\/wp-json\/wp\/v2\/pages"}],"about":[{"href":"https:\/\/anprotec.org.br\/site\/wp-json\/wp\/v2\/types\/page"}],"author":[{"embeddable":true,"href":"https:\/\/anprotec.org.br\/site\/wp-json\/wp\/v2\/users\/10"}],"replies":[{"embeddable":true,"href":"https:\/\/anprotec.org.br\/site\/wp-json\/wp\/v2\/comments?post=25078"}],"version-history":[{"count":1,"href":"https:\/\/anprotec.org.br\/site\/wp-json\/wp\/v2\/pages\/25078\/revisions"}],"predecessor-version":[{"id":25080,"href":"https:\/\/anprotec.org.br\/site\/wp-json\/wp\/v2\/pages\/25078\/revisions\/25080"}],"wp:attachment":[{"href":"https:\/\/anprotec.org.br\/site\/wp-json\/wp\/v2\/media?parent=25078"}],"curies":[{"name":"wp","href":"https:\/\/api.w.org\/{rel}","templated":true}]}}