{"id":25005,"date":"2018-05-08T12:53:21","date_gmt":"2018-05-08T15:53:21","guid":{"rendered":"http:\/\/anprotec.org.br\/site\/?page_id=25005"},"modified":"2018-05-08T15:53:57","modified_gmt":"2018-05-08T18:53:57","slug":"institutos-senai-de-inovacao","status":"publish","type":"page","link":"https:\/\/anprotec.org.br\/site\/institutos-senai-de-inovacao\/","title":{"rendered":"Institutos SENAI de Inova\u00e7\u00e3o"},"content":{"rendered":"<p style=\"text-align: justify\">O objetivo principal deste grupo tem\u00e1tico \u00e9 potencializar as conex\u00f5es entre a rede SENAI e os demais associados da Anprotec e, com isso, fomentar a discuss\u00e3o e a constru\u00e7\u00e3o de a\u00e7\u00f5es que contribuam para a consolida\u00e7\u00e3o do ecossistema brasileiro de inova\u00e7\u00e3o.<\/p>\n<p style=\"text-align: justify\">Criado em 1942, com a miss\u00e3o de apoiar a competitividade da ind\u00fastria brasileira, o SENAI tem evolu\u00eddo seu modelo de atua\u00e7\u00e3o por meio de novas frentes que contribuem para a produtividade e a competitividade da ind\u00fastria brasileira.<\/p>\n<p style=\"text-align: justify\">Atualmente, o SENAI possui 39 Institutos de Tecnologia e 21 Institutos de Inova\u00e7\u00e3o, nas cinco regi\u00f5es do pa\u00eds, com corpo t\u00e9cnico de aproximadamente 1.200 pesquisadores, especialistas e consultores aptos a atender demandas de alta, m\u00e9dia e baixa complexidade. Os Institutos formam uma rede multidisciplinar, em cont\u00ednua intera\u00e7\u00e3o com a ind\u00fastria, empreendedores, universidades, institutos de pesquisa e fontes de capital, resultando na acelera\u00e7\u00e3o do fluxo de conhecimento cient\u00edfico e tecnol\u00f3gico e em benef\u00edcios efetivos para o segmento industrial. Conhe\u00e7a mais em: <a href=\"http:\/\/www.portaldaindustria.com.br\/senai\/canais\/inovacao-e-tecnologia\/\" target=\"_blank\" rel=\"noopener\">www.portaldaindustria.com.br\/senai\/canais\/inovacao-e-tecnologia\/<\/a><\/p>\n<p style=\"text-align: justify\"><strong><img decoding=\"async\" loading=\"lazy\" class=\"alignleft size-thumbnail wp-image-25006\" src=\"https:\/\/anprotec.org.br\/site\/wp-content\/uploads\/2018\/05\/flavio_ok-133x160.jpg\" alt=\"\" width=\"133\" height=\"160\" srcset=\"https:\/\/anprotec.org.br\/site\/wp-content\/uploads\/2018\/05\/flavio_ok.jpg 133w, https:\/\/anprotec.org.br\/site\/wp-content\/uploads\/2018\/05\/flavio_ok-121x146.jpg 121w, https:\/\/anprotec.org.br\/site\/wp-content\/uploads\/2018\/05\/flavio_ok-42x50.jpg 42w, https:\/\/anprotec.org.br\/site\/wp-content\/uploads\/2018\/05\/flavio_ok-62x75.jpg 62w\" sizes=\"(max-width: 133px) 100vw, 133px\" \/>L\u00edder Tem\u00e1tico: Flavio Marinho<\/strong><\/p>\n<p style=\"text-align: justify\">Gerente de Servi\u00e7os Tecnol\u00f3gicos e de Empreendedorismo do SENAI CIMATEC. \u00c9 doutorando em Modelagem Computacional e Tecnologias Industriais, mestre em Administra\u00e7\u00e3o, especialista em Marketing e graduado em Publicidade e Propaganda.<\/p>\n","protected":false},"excerpt":{"rendered":"<p>O objetivo principal deste grupo tem\u00e1tico \u00e9 potencializar as conex\u00f5es<span class=\"excerpt-hellip\"> [\u2026]<\/span><\/p>\n","protected":false},"author":10,"featured_media":0,"parent":0,"menu_order":0,"comment_status":"closed","ping_status":"closed","template":"","meta":{"footnotes":"","_links_to":"","_links_to_target":""},"_links":{"self":[{"href":"https:\/\/anprotec.org.br\/site\/wp-json\/wp\/v2\/pages\/25005"}],"collection":[{"href":"https:\/\/anprotec.org.br\/site\/wp-json\/wp\/v2\/pages"}],"about":[{"href":"https:\/\/anprotec.org.br\/site\/wp-json\/wp\/v2\/types\/page"}],"author":[{"embeddable":true,"href":"https:\/\/anprotec.org.br\/site\/wp-json\/wp\/v2\/users\/10"}],"replies":[{"embeddable":true,"href":"https:\/\/anprotec.org.br\/site\/wp-json\/wp\/v2\/comments?post=25005"}],"version-history":[{"count":2,"href":"https:\/\/anprotec.org.br\/site\/wp-json\/wp\/v2\/pages\/25005\/revisions"}],"predecessor-version":[{"id":25011,"href":"https:\/\/anprotec.org.br\/site\/wp-json\/wp\/v2\/pages\/25005\/revisions\/25011"}],"wp:attachment":[{"href":"https:\/\/anprotec.org.br\/site\/wp-json\/wp\/v2\/media?parent=25005"}],"curies":[{"name":"wp","href":"https:\/\/api.w.org\/{rel}","templated":true}]}}