{"id":24825,"date":"2018-04-20T15:54:14","date_gmt":"2018-04-20T18:54:14","guid":{"rendered":"http:\/\/anprotec.org.br\/site\/?page_id=24825"},"modified":"2018-04-20T15:54:14","modified_gmt":"2018-04-20T18:54:14","slug":"parques-integrados-smart-cities","status":"publish","type":"page","link":"https:\/\/anprotec.org.br\/site\/parques-integrados-smart-cities\/","title":{"rendered":"Parques integrados a Smart Cities"},"content":{"rendered":"<p style=\"text-align: justify\">A urbaniza\u00e7\u00e3o estimulada pelas primeiras revolu\u00e7\u00f5es industriais promoveu a cria\u00e7\u00e3o de cidades sat\u00e9lites, nas quais as oportunidades de trabalho est\u00e3o dissociadas da moradia e do lazer do cidad\u00e3o. Este fato promoveu a organiza\u00e7\u00e3o de cidades urbanas com o autom\u00f3vel em sua centralidade. Adicionalmente, as proje\u00e7\u00f5es da urbaniza\u00e7\u00e3o, associadas ao crescimento da popula\u00e7\u00e3o mundial e \u00e0 vida contempor\u00e2nea, mostram que mudan\u00e7as urgentes na organiza\u00e7\u00e3o dessas cidades s\u00e3o necess\u00e1rias para tornar pratic\u00e1vel a vida de seus cidad\u00e3os.<\/p>\n<p style=\"text-align: justify\">Com o intuito de voltar \u00e0 centralidade das cidades para as pessoas, tenta-se promover um maior adensamento das ofertas de moradia, lazer e trabalho, al\u00e9m de desenvolver solu\u00e7\u00f5es inteligentes para facilitar a vida dos cidad\u00e3os. Neste contexto, evidencia-se, em v\u00e1rias cidades do mundo, o desenvolvimento de uma \u00faltima gera\u00e7\u00e3o de parques tecnol\u00f3gicos como ferramenta essencial para estimular a sinergia entre governo, academia, empresas e sociedade, na perspectiva de tornar as cidades mais humanas e inteligentes.<\/p>\n<p style=\"text-align: justify\">Portanto, o objetivo deste grupo tem\u00e1tico \u00e9 conhecer e debater sobre casos e metodologias de parques tecnol\u00f3gicos que propiciaram o desenvolvimento de cidades mais humanas e inteligentes, bem como propor modelos de integra\u00e7\u00e3o entre um parque e uma <em>smart city<\/em>.<\/p>\n<p style=\"text-align: justify\"><strong><img decoding=\"async\" loading=\"lazy\" class=\"alignleft size-thumbnail wp-image-24826\" src=\"https:\/\/anprotec.org.br\/site\/wp-content\/uploads\/2018\/04\/Anderson-ok-133x160.jpg\" alt=\"\" width=\"133\" height=\"160\" srcset=\"https:\/\/anprotec.org.br\/site\/wp-content\/uploads\/2018\/04\/Anderson-ok.jpg 133w, https:\/\/anprotec.org.br\/site\/wp-content\/uploads\/2018\/04\/Anderson-ok-121x146.jpg 121w, https:\/\/anprotec.org.br\/site\/wp-content\/uploads\/2018\/04\/Anderson-ok-42x50.jpg 42w, https:\/\/anprotec.org.br\/site\/wp-content\/uploads\/2018\/04\/Anderson-ok-62x75.jpg 62w\" sizes=\"(max-width: 133px) 100vw, 133px\" \/>L\u00edder Tem\u00e1tico: Anderson Paiva Cruz<\/strong><\/p>\n<p style=\"text-align: justify\">Diretor do Parque Tecnol\u00f3gico\u00a0Metr\u00f3pole Digital e Presidente da Rede Potiguar de Incubadoras e Parques. Em 2013, foi um dos respons\u00e1veis pela cria\u00e7\u00e3o da Incubadora Inova Metr\u00f3pole, sendo tamb\u00e9m um dos respons\u00e1veis pela sua estrutura\u00e7\u00e3o e ger\u00eancia at\u00e9 2017. Realizou diversos trabalhos relacionados ao empreendedorismo e \u00e0 inova\u00e7\u00e3o como engenheiro de computa\u00e7\u00e3o no setor produtivo e como professor adjunto no Instituto Metr\u00f3pole Digital da UFRN.<\/p>\n","protected":false},"excerpt":{"rendered":"<p>A urbaniza\u00e7\u00e3o estimulada pelas primeiras revolu\u00e7\u00f5es industriais promoveu a cria\u00e7\u00e3o<span class=\"excerpt-hellip\"> [\u2026]<\/span><\/p>\n","protected":false},"author":10,"featured_media":0,"parent":0,"menu_order":0,"comment_status":"closed","ping_status":"closed","template":"","meta":{"footnotes":"","_links_to":"","_links_to_target":""},"_links":{"self":[{"href":"https:\/\/anprotec.org.br\/site\/wp-json\/wp\/v2\/pages\/24825"}],"collection":[{"href":"https:\/\/anprotec.org.br\/site\/wp-json\/wp\/v2\/pages"}],"about":[{"href":"https:\/\/anprotec.org.br\/site\/wp-json\/wp\/v2\/types\/page"}],"author":[{"embeddable":true,"href":"https:\/\/anprotec.org.br\/site\/wp-json\/wp\/v2\/users\/10"}],"replies":[{"embeddable":true,"href":"https:\/\/anprotec.org.br\/site\/wp-json\/wp\/v2\/comments?post=24825"}],"version-history":[{"count":1,"href":"https:\/\/anprotec.org.br\/site\/wp-json\/wp\/v2\/pages\/24825\/revisions"}],"predecessor-version":[{"id":24827,"href":"https:\/\/anprotec.org.br\/site\/wp-json\/wp\/v2\/pages\/24825\/revisions\/24827"}],"wp:attachment":[{"href":"https:\/\/anprotec.org.br\/site\/wp-json\/wp\/v2\/media?parent=24825"}],"curies":[{"name":"wp","href":"https:\/\/api.w.org\/{rel}","templated":true}]}}