{"id":23858,"date":"2018-04-02T11:12:52","date_gmt":"2018-04-02T14:12:52","guid":{"rendered":"http:\/\/anprotec.org.br\/site\/?page_id=23858"},"modified":"2018-12-18T18:01:12","modified_gmt":"2018-12-18T20:01:12","slug":"parques-consolidados","status":"publish","type":"page","link":"https:\/\/anprotec.org.br\/site\/lideres-tematicos\/parques-consolidados\/","title":{"rendered":"Parques Tecnol\u00f3gicos Consolidados"},"content":{"rendered":"<p style=\"text-align: justify\">Parque Tecnol\u00f3gico \u00e9 uma institui\u00e7\u00e3o que promove ci\u00eancia, tecnologia, inova\u00e7\u00e3o e empreendedorismo por meio de a\u00e7\u00f5es planejadas e estruturadas e que congregam empresas e institui\u00e7\u00f5es acad\u00eamicas, como universidades e ICT\u00b4s, e que podem contar com apoio de programas governamentais dentro do conceito da tr\u00edplice h\u00e9lice.<\/p>\n<p style=\"text-align: justify\">Um elemento essencial de um parque tecnol\u00f3gico \u00e9 a exist\u00eancia de um ambiente f\u00edsico composto por espa\u00e7os para a instala\u00e7\u00e3o de empresas, universidades e ICT\u00b4s, incubadora de empresas e neg\u00f3cios, centros de servi\u00e7os, eventos e conviv\u00eancia, infraestrutura laboratorial e arranjos diversos que atuem de modo sin\u00e9rgico para a realiza\u00e7\u00e3o, de forma integrada e cooperativa, de projetos e atividades de desenvolvimento tecnol\u00f3gico, inova\u00e7\u00e3o e empreendedorismo.<\/p>\n<p style=\"text-align: justify\">A participa\u00e7\u00e3o da entidade de gest\u00e3o do parque tecnol\u00f3gico \u00e9 fundamental para criar a\u00e7\u00f5es e programas estruturados e planejados, visando incrementar a integra\u00e7\u00e3o e a coopera\u00e7\u00e3o entre as institui\u00e7\u00f5es.<\/p>\n<p style=\"text-align: justify\">Como resultado, \u00e9 esperado que, por meio dos projetos de inova\u00e7\u00e3o, se utilizem os conhecimentos desenvolvidos na academia para a gera\u00e7\u00e3o de novos produtos, servi\u00e7os e processos, que cheguem ao mercado atrav\u00e9s de empresas, criando empregos de elevada qualifica\u00e7\u00e3o, renda e tributos.<\/p>\n<p style=\"text-align: justify\">Assim, reveste-se de grande import\u00e2ncia o apoio ao estabelecimento, expans\u00e3o e melhorias desses ambientes f\u00edsicos, \u00e0 cria\u00e7\u00e3o e consolida\u00e7\u00e3o de processos de gest\u00e3o dos parques e de acompanhamento das empresas e institui\u00e7\u00f5es a eles vinculados, aos processos de capacita\u00e7\u00e3o, certifica\u00e7\u00e3o e internacionaliza\u00e7\u00e3o das empresas, e \u00e0 realiza\u00e7\u00e3o de integra\u00e7\u00e3o universidade-empresa.<\/p>\n<p style=\"text-align: justify\">Do ponto de vista de sua maturidade, um parque tecnol\u00f3gico pode se encontrar em uma das diversas fases pelas quais dever\u00e1 passar ao longo de sua implanta\u00e7\u00e3o e opera\u00e7\u00e3o, que se inicia com os estudos de concep\u00e7\u00e3o, depois a implanta\u00e7\u00e3o propriamente dita, opera\u00e7\u00e3o inicial e, posteriormente, a opera\u00e7\u00e3o plena, chegando \u00e0 fase de consolida\u00e7\u00e3o e expans\u00e3o. Essas fases demandam planejamento, organiza\u00e7\u00e3o, a\u00e7\u00f5es, tempo e recursos financeiros e econ\u00f4micos.<\/p>\n<p style=\"text-align: justify\"><a href=\"https:\/\/anprotec.org.br\/site\/associado\/lideres-tematicos\/parques-tecnologicos-consolidados\/\" target=\"_blank\" rel=\"noopener\"><img decoding=\"async\" loading=\"lazy\" class=\"alignright size-full wp-image-27688\" src=\"https:\/\/anprotec.org.br\/site\/wp-content\/uploads\/2018\/12\/Sem-t\u00edtulo-1.jpg\" alt=\"\" width=\"247\" height=\"348\" srcset=\"https:\/\/anprotec.org.br\/site\/wp-content\/uploads\/2018\/12\/Sem-t\u00edtulo-1.jpg 247w, https:\/\/anprotec.org.br\/site\/wp-content\/uploads\/2018\/12\/Sem-t\u00edtulo-1-213x300.jpg 213w, https:\/\/anprotec.org.br\/site\/wp-content\/uploads\/2018\/12\/Sem-t\u00edtulo-1-104x146.jpg 104w, https:\/\/anprotec.org.br\/site\/wp-content\/uploads\/2018\/12\/Sem-t\u00edtulo-1-35x50.jpg 35w, https:\/\/anprotec.org.br\/site\/wp-content\/uploads\/2018\/12\/Sem-t\u00edtulo-1-53x75.jpg 53w\" sizes=\"(max-width: 247px) 100vw, 247px\" \/><\/a>\u00c9 de se esperar que, a partir do momento que entra em opera\u00e7\u00e3o efetiva, um parque leve ainda alguns anos para atingir a opera\u00e7\u00e3o plena, com todas as fun\u00e7\u00f5es testadas e validadas. A partir de ent\u00e3o, ap\u00f3s sua consolida\u00e7\u00e3o, ele pode enfrentar, de forma mais robusta e com menores riscos, os projetos de expans\u00e3o, quando j\u00e1 se pode declarar a sua consolida\u00e7\u00e3o.<\/p>\n<p style=\"text-align: justify\">Um parque tecnol\u00f3gico, para ser qualificado como em opera\u00e7\u00e3o, dever\u00e1 apresentar um conjunto de elementos m\u00ednimos, tais como:<\/p>\n<ul style=\"text-align: justify\">\n<li>Ambiente f\u00edsico com espa\u00e7os para instala\u00e7\u00e3o de empresas de todas as dimens\u00f5es e institui\u00e7\u00f5es acad\u00eamicas, como universidades e ICTs;<\/li>\n<li>Empresas efetivamente instaladas desenvolvendo projetos de P,D&amp;I;<\/li>\n<li>Universidades desenvolvendo atividades acad\u00eamicas, como cursos de gradua\u00e7\u00e3o, p\u00f3s-gradua\u00e7\u00e3o e pesquisa;<\/li>\n<li>Projetos de P,D&amp;I sendo desenvolvidos em parceria entre empresas e universidade e\/ou ICTs.<\/li>\n<\/ul>\n<p style=\"text-align: justify\">Assim, Parque Consolidado \u00e9 aquele que j\u00e1 est\u00e1 em opera\u00e7\u00e3o efetiva, h\u00e1 pelo menos cinco anos, tenha instalado os elementos b\u00e1sicos, mencionados acima, e tenha um reconhecimento institucional na cidade ou regi\u00e3o onde est\u00e1 instalado.<\/p>\n<p><a href=\"https:\/\/anprotec.org.br\/site\/associado\/lideres-tematicos\/parques-tecnologicos-consolidados\/\" target=\"_blank\" rel=\"noopener\">Clique aqui<\/a>, ou na imagem ao lado, fa\u00e7a login na \u00e1rea do associado, e confira o documento completo sobre o tema, produzido por Elso Alberti Junior.<\/p>\n<p style=\"text-align: justify\"><strong><img decoding=\"async\" loading=\"lazy\" class=\"size-full wp-image-23860 alignleft\" src=\"https:\/\/anprotec.org.br\/site\/wp-content\/uploads\/2018\/04\/Elso-Alberti-Junior-1.jpg\" alt=\"\" width=\"133\" height=\"160\" srcset=\"https:\/\/anprotec.org.br\/site\/wp-content\/uploads\/2018\/04\/Elso-Alberti-Junior-1.jpg 133w, https:\/\/anprotec.org.br\/site\/wp-content\/uploads\/2018\/04\/Elso-Alberti-Junior-1-121x146.jpg 121w, https:\/\/anprotec.org.br\/site\/wp-content\/uploads\/2018\/04\/Elso-Alberti-Junior-1-42x50.jpg 42w, https:\/\/anprotec.org.br\/site\/wp-content\/uploads\/2018\/04\/Elso-Alberti-Junior-1-62x75.jpg 62w\" sizes=\"(max-width: 133px) 100vw, 133px\" \/>L\u00edder Tem\u00e1tico: Elso Alberti Junior<\/strong><\/p>\n<p style=\"text-align: justify\">Atualmente \u00e9 Diretor de Desenvolvimento de Neg\u00f3cios do Parque Tecnol\u00f3gico S\u00e3o Jos\u00e9 dos Campos, onde trabalha desde outubro de 2012 e j\u00e1 ocupou, durante cinco anos, o cargo de Diretor T\u00e9cnico e de Opera\u00e7\u00f5es. \u00c9 formado em Engenharia Aeron\u00e1utica (1980) pelo Instituto Tecnol\u00f3gico de Aeron\u00e1utica (ITA), com p\u00f3s-gradua\u00e7\u00e3o em Administra\u00e7\u00e3o de Empresas pela FGV (1993). Com aproximadamente 40 anos de experi\u00eancia profissional, tamb\u00e9m j\u00e1 atuou como Diretor de Programas de P&amp;D na Vale Solu\u00e7\u00f5es em Energia, Diretor de Projetos e Contratos na Wobben Windpower, e Diretor Industrial e de Engenharia na Avibras Aeroespacial. Nessas empresas, Elso atuou no desenvolvimento de neg\u00f3cios e na concep\u00e7\u00e3o e no desenvolvimento de novos produtos e sistemas com tecnologia de ponta para os setores de defesa, aeron\u00e1utico, espacial e de energia.<\/p>\n","protected":false},"excerpt":{"rendered":"<p>Parque Tecnol\u00f3gico \u00e9 uma institui\u00e7\u00e3o que promove ci\u00eancia, tecnologia, inova\u00e7\u00e3o<span class=\"excerpt-hellip\"> [\u2026]<\/span><\/p>\n","protected":false},"author":10,"featured_media":0,"parent":21946,"menu_order":0,"comment_status":"closed","ping_status":"closed","template":"","meta":{"footnotes":"","_links_to":"","_links_to_target":""},"_links":{"self":[{"href":"https:\/\/anprotec.org.br\/site\/wp-json\/wp\/v2\/pages\/23858"}],"collection":[{"href":"https:\/\/anprotec.org.br\/site\/wp-json\/wp\/v2\/pages"}],"about":[{"href":"https:\/\/anprotec.org.br\/site\/wp-json\/wp\/v2\/types\/page"}],"author":[{"embeddable":true,"href":"https:\/\/anprotec.org.br\/site\/wp-json\/wp\/v2\/users\/10"}],"replies":[{"embeddable":true,"href":"https:\/\/anprotec.org.br\/site\/wp-json\/wp\/v2\/comments?post=23858"}],"version-history":[{"count":2,"href":"https:\/\/anprotec.org.br\/site\/wp-json\/wp\/v2\/pages\/23858\/revisions"}],"predecessor-version":[{"id":26210,"href":"https:\/\/anprotec.org.br\/site\/wp-json\/wp\/v2\/pages\/23858\/revisions\/26210"}],"up":[{"embeddable":true,"href":"https:\/\/anprotec.org.br\/site\/wp-json\/wp\/v2\/pages\/21946"}],"wp:attachment":[{"href":"https:\/\/anprotec.org.br\/site\/wp-json\/wp\/v2\/media?parent=23858"}],"curies":[{"name":"wp","href":"https:\/\/api.w.org\/{rel}","templated":true}]}}