{"id":23850,"date":"2018-04-02T10:02:43","date_gmt":"2018-04-02T13:02:43","guid":{"rendered":"http:\/\/anprotec.org.br\/site\/?page_id=23850"},"modified":"2018-04-10T20:17:57","modified_gmt":"2018-04-10T23:17:57","slug":"cidades-empreendedoras","status":"publish","type":"page","link":"https:\/\/anprotec.org.br\/site\/lideres-tematicos\/cidades-empreendedoras\/","title":{"rendered":"Cidades Empreendedoras"},"content":{"rendered":"<p style=\"text-align: justify\">\u00c9 certo afirmar que, h\u00e1 v\u00e1rios anos, e, provavelmente, com maior intensidade nos \u00faltimos, um desejo quase que sist\u00eamico de incentivar o empreendedorismo cresce no mundo inteiro, se apresentando como uma das principais sa\u00eddas para promover o t\u00e3o necess\u00e1rio desenvolvimento sustent\u00e1vel de cidades e regi\u00f5es. Segundo a Endeavor Brasil, (\u00cdndice de Cidades Empreendedoras, 2014), por tr\u00e1s de todas as iniciativas est\u00e1 a cren\u00e7a de que o empreendedorismo alimenta a inova\u00e7\u00e3o e o crescimento. As empresas ganham escala e, com elas, crescem tamb\u00e9m as pessoas, o mercado e as possibilidades de transforma\u00e7\u00e3o da sociedade. Um Brasil com mais e melhores empreendedores, conscientes do seu papel na sociedade, tem grande chance de ser um pa\u00eds melhor para todos os que vivem aqui. Isso j\u00e1 foi frisado anteriormente por Dolabela (2006), ao apontar que o empreendedor \u00e9 o respons\u00e1vel pelo crescimento econ\u00f4mico e pelo desenvolvimento social.<\/p>\n<p style=\"text-align: justify\">A inova\u00e7\u00e3o dinamiza a economia. O conceito de empreendedorismo trata n\u00e3o s\u00f3 de indiv\u00edduos, mas de comunidades, cidades, regi\u00f5es e pa\u00edses. Implica a ideia de sustentabilidade. O empreendedorismo \u00e9 a melhor arma contra o desemprego. E tudo isso confirma a vis\u00e3o de Timmons (1994), que, h\u00e1 mais de duas d\u00e9cadas, declarou que, \u201co empreendedorismo \u00e9 uma revolu\u00e7\u00e3o silenciosa, que ser\u00e1 para o s\u00e9culo 21 mais do que a revolu\u00e7\u00e3o industrial foi para o s\u00e9culo 20\u201d<em>.<\/em><em>\u00a0<\/em><\/p>\n<p style=\"text-align: justify\">E, no empenho de nos fazer mergulhar na reflex\u00e3o de que o desenvolvimento empreendedor \u00e9 um fen\u00f4meno de comunidades e de cidades, \u00e9 importante recorrermos a Franco (2000), quando ele descreve que o empreendedorismo significa protagonismo social, ruptura de la\u00e7os de depend\u00eancia e cren\u00e7a dos indiv\u00edduos e das comunidades na pr\u00f3pria capacidade de construir seu desenvolvimento pela coopera\u00e7\u00e3o entre os diversos \u00e2mbitos pol\u00edtico-sociais que a caracterizam. Em poucas palavras: assumir responsabilidade pela constru\u00e7\u00e3o de seu pr\u00f3prio destino. Aqui est\u00e3o embutidos dois conceitos importantes: a capacidade da comunidade de tornar din\u00e2mica as suas potencialidades; e a localidade como palco do desenvolvimento, isto \u00e9, \u201ccomo espa\u00e7o para o exerc\u00edcio de novas formas de solidariedade, parceria e coopera\u00e7\u00e3o\u201d.<\/p>\n<p style=\"text-align: justify\">E o desafio de criar um plano local de desenvolvimento de empreendedorismo \u00e9 gigante, dada a complexidade e a interdepend\u00eancia do ambiente brasileiro. Por mais que o Governo Federal pense a n\u00edvel nacional em iniciativas de fomento ao empreendedorismo, a maioria dos recursos necess\u00e1rios est\u00e1 dispon\u00edvel local ou regionalmente. Essa realidade traz para o papel de protagonista o formulador de pol\u00edtica p\u00fablica regional e muitas outras institui\u00e7\u00f5es, como bancos, a m\u00eddia e as universidades.<\/p>\n<p style=\"text-align: justify\">Devemos, tamb\u00e9m, pensar nas cidades mais distantes dos grandes centros, que s\u00e3o prejudicadas por terem mercados menores, menos acesso a financiamento e uma infraestrutura restrita. Contudo, v\u00e1rias dessas cidades t\u00eam investido na cria\u00e7\u00e3o de estruturas de apoio a empreendedores, com reflexos diretos na cultura empreendedora e, consequentemente, na vontade de empreender. O engajamento e o otimismo com o empreendedorismo de resultados pode ser o combust\u00edvel necess\u00e1rio para transformar essas regi\u00f5es.<\/p>\n<p style=\"text-align: justify\">Para finalizar, diante da abrang\u00eancia e do relativo grau de ineditismo embutido no tema Cidades Empreendedoras, \u00e9 interessante deixar uma pergunta para todos n\u00f3s: quais outros caminhos igualmente importantes, al\u00e9m do empreendedorismo de neg\u00f3cio, devem nortear o desenvolvimento de um mun\u00edcipio ou regi\u00e3o rumo ao status de Cidade Empreendedora?<\/p>\n<p style=\"text-align: justify\">Precisamos contar com a motiva\u00e7\u00e3o e a colabora\u00e7\u00e3o de todos para avan\u00e7armos nesse tema junto a nossa Associa\u00e7\u00e3o.<\/p>\n<p style=\"text-align: justify\"><img decoding=\"async\" loading=\"lazy\" class=\"size-full wp-image-23851 alignleft\" src=\"https:\/\/anprotec.org.br\/site\/wp-content\/uploads\/2018\/04\/Rogerio-Abranches-da-Silva.jpg\" alt=\"\" width=\"133\" height=\"160\" srcset=\"https:\/\/anprotec.org.br\/site\/wp-content\/uploads\/2018\/04\/Rogerio-Abranches-da-Silva.jpg 133w, https:\/\/anprotec.org.br\/site\/wp-content\/uploads\/2018\/04\/Rogerio-Abranches-da-Silva-121x146.jpg 121w, https:\/\/anprotec.org.br\/site\/wp-content\/uploads\/2018\/04\/Rogerio-Abranches-da-Silva-42x50.jpg 42w, https:\/\/anprotec.org.br\/site\/wp-content\/uploads\/2018\/04\/Rogerio-Abranches-da-Silva-62x75.jpg 62w\" sizes=\"(max-width: 133px) 100vw, 133px\" \/><\/p>\n<p style=\"text-align: justify\"><strong>L\u00edder Tem\u00e1tico: Rog\u00e9rio Abranches da Silva<\/strong><\/p>\n<p style=\"text-align: justify\">Professor, administrador, especialista em empreendedorismo e mestre em Educa\u00e7\u00e3o. \u00c9 ex-presidente da Rede Mineira de Inova\u00e7\u00e3o (RMI) e coordenador do N\u00facleo de Empreendedorismo e Inova\u00e7\u00e3o do Instituto Nacional de Telecomunica\u00e7\u00f5es (Inatel), em Santa Rita do Sapuca\u00ed &#8211; MG.<\/p>\n","protected":false},"excerpt":{"rendered":"<p>\u00c9 certo afirmar que, h\u00e1 v\u00e1rios anos, e, provavelmente, com<span class=\"excerpt-hellip\"> [\u2026]<\/span><\/p>\n","protected":false},"author":10,"featured_media":0,"parent":21946,"menu_order":0,"comment_status":"closed","ping_status":"closed","template":"","meta":{"footnotes":"","_links_to":"","_links_to_target":""},"_links":{"self":[{"href":"https:\/\/anprotec.org.br\/site\/wp-json\/wp\/v2\/pages\/23850"}],"collection":[{"href":"https:\/\/anprotec.org.br\/site\/wp-json\/wp\/v2\/pages"}],"about":[{"href":"https:\/\/anprotec.org.br\/site\/wp-json\/wp\/v2\/types\/page"}],"author":[{"embeddable":true,"href":"https:\/\/anprotec.org.br\/site\/wp-json\/wp\/v2\/users\/10"}],"replies":[{"embeddable":true,"href":"https:\/\/anprotec.org.br\/site\/wp-json\/wp\/v2\/comments?post=23850"}],"version-history":[{"count":2,"href":"https:\/\/anprotec.org.br\/site\/wp-json\/wp\/v2\/pages\/23850\/revisions"}],"predecessor-version":[{"id":24342,"href":"https:\/\/anprotec.org.br\/site\/wp-json\/wp\/v2\/pages\/23850\/revisions\/24342"}],"up":[{"embeddable":true,"href":"https:\/\/anprotec.org.br\/site\/wp-json\/wp\/v2\/pages\/21946"}],"wp:attachment":[{"href":"https:\/\/anprotec.org.br\/site\/wp-json\/wp\/v2\/media?parent=23850"}],"curies":[{"name":"wp","href":"https:\/\/api.w.org\/{rel}","templated":true}]}}