{"id":23581,"date":"2018-04-06T13:15:25","date_gmt":"2018-04-06T16:15:25","guid":{"rendered":"http:\/\/anprotec.org.br\/site\/?p=23581"},"modified":"2018-08-02T12:49:58","modified_gmt":"2018-08-02T15:49:58","slug":"missao-anprotec-2018-visitara-ambientes-de-inovacao-chineses-em-agosto","status":"publish","type":"page","link":"https:\/\/anprotec.org.br\/site\/missao-anprotec-2018-visitara-ambientes-de-inovacao-chineses-em-agosto\/","title":{"rendered":"Miss\u00e3o China 2018 visitar\u00e1 ambientes de inova\u00e7\u00e3o em agosto"},"content":{"rendered":"<p style=\"text-align: justify\"><img decoding=\"async\" loading=\"lazy\" class=\"aligncenter wp-image-23768 size-large\" src=\"https:\/\/anprotec.org.br\/site\/wp-content\/uploads\/2018\/03\/Logo-Missao-2018-1-1024x627.png\" alt=\"\" width=\"1024\" height=\"627\" srcset=\"https:\/\/anprotec.org.br\/site\/wp-content\/uploads\/2018\/03\/Logo-Missao-2018-1-1024x627.png 1024w, https:\/\/anprotec.org.br\/site\/wp-content\/uploads\/2018\/03\/Logo-Missao-2018-1-300x184.png 300w, https:\/\/anprotec.org.br\/site\/wp-content\/uploads\/2018\/03\/Logo-Missao-2018-1-768x470.png 768w, https:\/\/anprotec.org.br\/site\/wp-content\/uploads\/2018\/03\/Logo-Missao-2018-1-238x146.png 238w, https:\/\/anprotec.org.br\/site\/wp-content\/uploads\/2018\/03\/Logo-Missao-2018-1-50x31.png 50w, https:\/\/anprotec.org.br\/site\/wp-content\/uploads\/2018\/03\/Logo-Missao-2018-1-122x75.png 122w, https:\/\/anprotec.org.br\/site\/wp-content\/uploads\/2018\/03\/Logo-Missao-2018-1.png 1306w\" sizes=\"(max-width: 1024px) 100vw, 1024px\" \/><\/p>\n<p style=\"text-align: justify\">A Miss\u00e3o Anprotec 2018, que acontecer\u00e1 entre os dias 13 e 24 de agosto, tem destino marcado \u00e0 China e visitar\u00e1 ambientes de inova\u00e7\u00e3o instalados nas cidades de Pequim, Xangai,\u00a0Hangzhou, Shezhen e Hong Kong.<\/p>\n<p style=\"text-align: justify\">Durante a visita, os participantes conhecer\u00e3o o ecossistema de inova\u00e7\u00e3o chin\u00eas, que v\u00eam realizando esfor\u00e7os significativos em rela\u00e7\u00e3o a investimentos e a pol\u00edticas de ci\u00eancia e tecnologia (C&amp;T), e de Hong Kong \u2013 um dos principais agentes da \u00c1sia no que se refere \u00e0s pol\u00edticas de apoio ao empreendedorismo e \u00e0 inova\u00e7\u00e3o.<\/p>\n<p style=\"text-align: justify\">Al\u00e9m disso, a delega\u00e7\u00e3o ter\u00e1 a oportunidade de trocar ideias e experi\u00eancias, realizar networking, participar de reuni\u00f5es e semin\u00e1rios, e de consolidar parcerias de coopera\u00e7\u00f5es entre centros de inova\u00e7\u00e3o e neg\u00f3cios, parques cient\u00edficos e tecnol\u00f3gicos, aceleradoras e incubadoras de empresas, corpora\u00e7\u00f5es de tecnologia e empresas de investimento.<\/p>\n<p style=\"text-align: justify\">A Miss\u00e3o 2018 \u00e9 realizada pela Anprotec, em parceria com o SEBRAE, Minist\u00e9rio das Rela\u00e7\u00f5es Exteriores (MRE), Conselho Nacional de Secret\u00e1rios Estaduais para Assuntos em Ci\u00eancia, Tecnologia e Inova\u00e7\u00e3o (Consecti), Associa\u00e7\u00e3o Brasileira de Private Equity &amp; Venture Capital (Abvcap) e Minist\u00e9rio da Ci\u00eancia, Tecnologia, Inova\u00e7\u00f5es e Comunica\u00e7\u00f5es (MCTIC).<\/p>\n<p style=\"text-align: justify\">Para participar, \u00e9 indispens\u00e1vel ter o visto para a Rep\u00fablica Popular da China (s\u00e3o estimadas duas semanas para obten\u00e7\u00e3o de visto), ter passaporte com validade superior a seis meses da data prevista de viagem e comprovante internacional de vacina contra febre amarela.<\/p>\n<p style=\"text-align: justify\"><strong>Inscri\u00e7\u00f5es<\/strong><\/p>\n<p style=\"text-align: justify\">Os interessados em participar da Miss\u00e3o \u00e0 China podem se inscrever at\u00e9 \u00e0s 18h do dia 6 de julho. Os participantes que se inscreverem at\u00e9 6 de junho ter\u00e3o desconto.<\/p>\n<p style=\"text-align: justify\">A Miss\u00e3o \u00e9 destinada aos dirigentes de parques tecnol\u00f3gicos, aceleradoras de neg\u00f3cios,\u00a0<em>coworking<\/em>\u00a0e incubadoras de empresas e ambientes de neg\u00f3cios de impacto associados \u00e0 Anprotec e a Abvcap; a dirigentes de ag\u00eancias de fomento do governo federal e minist\u00e9rios, investidores anjos, Private Equity e Venture Capital,\u00a0<em>funding manager<\/em>\u00a0e corpora\u00e7\u00f5es associadas \u00e0 Abvcap; secret\u00e1rios estaduais e municipais de C,T&amp;I, presidentes e diretores de Funda\u00e7\u00f5es de Amparo \u00e0 Pesquisa ou institui\u00e7\u00f5es equivalentes, empreendedores e advogados vinculados a parques tecnol\u00f3gicos e outros ambientes de inova\u00e7\u00e3o associados \u00e0 Anprotec e a Abvcap.<\/p>\n<p style=\"text-align: center\"><strong><a href=\"https:\/\/anprotec.org.br\/site\/nossas-acoes\/missoes\" target=\"_blank\" rel=\"noopener\">Clique aqui, confira o regulamento e o roteiro e inscreva-se!\u00a0<\/a><\/strong><\/p>\n<p>Para mais informa\u00e7\u00f5es e esclarecimentos, entre em contato com Aksara Somchinda pelo e-mail:\u00a0<a href=\"mailto:aksara@anprotec.org.br\">aksara@anprotec.org.br<\/a>.<\/p>\n<p style=\"text-align: justify\"><strong>Edi\u00e7\u00f5es anteriores<\/strong><\/p>\n<p style=\"text-align: justify\">A Miss\u00e3o Anprotec \u00e9 uma tradi\u00e7\u00e3o da entidade, que j\u00e1 levou participantes para Noruega, Su\u00e9cia, Dinamarca, Finl\u00e2ndia, Alemanha, Est\u00f4nia, B\u00e9lgica, Holanda, Inglaterra, Irlanda, China, Estados Unidos, Coreia do Sul, Holanda, R\u00fassia, Israel, Espanha e Turquia.<\/p>\n<p style=\"text-align: justify\">Em 2017, a primeira etapa da Miss\u00e3o levou os participantes \u00e0 Espanha e, na segunda etapa, para a 34\u00aa Confer\u00eancia Mundial da Associa\u00e7\u00e3o Internacional de Parques Tecnol\u00f3gicos e \u00c1reas de Inova\u00e7\u00e3o (IASP), na Turquia.<\/p>\n","protected":false},"excerpt":{"rendered":"<p>A Miss\u00e3o Anprotec 2018, que acontecer\u00e1 entre os dias 13<span class=\"excerpt-hellip\"> [\u2026]<\/span><\/p>\n","protected":false},"author":8,"featured_media":23768,"parent":0,"menu_order":0,"comment_status":"open","ping_status":"open","template":"","meta":{"footnotes":"","_links_to":"","_links_to_target":""},"_links":{"self":[{"href":"https:\/\/anprotec.org.br\/site\/wp-json\/wp\/v2\/pages\/23581"}],"collection":[{"href":"https:\/\/anprotec.org.br\/site\/wp-json\/wp\/v2\/pages"}],"about":[{"href":"https:\/\/anprotec.org.br\/site\/wp-json\/wp\/v2\/types\/page"}],"author":[{"embeddable":true,"href":"https:\/\/anprotec.org.br\/site\/wp-json\/wp\/v2\/users\/8"}],"replies":[{"embeddable":true,"href":"https:\/\/anprotec.org.br\/site\/wp-json\/wp\/v2\/comments?post=23581"}],"version-history":[{"count":3,"href":"https:\/\/anprotec.org.br\/site\/wp-json\/wp\/v2\/pages\/23581\/revisions"}],"predecessor-version":[{"id":24324,"href":"https:\/\/anprotec.org.br\/site\/wp-json\/wp\/v2\/pages\/23581\/revisions\/24324"}],"wp:featuredmedia":[{"embeddable":true,"href":"https:\/\/anprotec.org.br\/site\/wp-json\/wp\/v2\/media\/23768"}],"wp:attachment":[{"href":"https:\/\/anprotec.org.br\/site\/wp-json\/wp\/v2\/media?parent=23581"}],"curies":[{"name":"wp","href":"https:\/\/api.w.org\/{rel}","templated":true}]}}