{"id":23393,"date":"2018-03-26T12:12:49","date_gmt":"2018-03-26T15:12:49","guid":{"rendered":"http:\/\/anprotec.org.br\/site\/?page_id=23393"},"modified":"2020-02-17T12:02:26","modified_gmt":"2020-02-17T15:02:26","slug":"anprotec-edu","status":"publish","type":"page","link":"https:\/\/anprotec.org.br\/site\/projetos\/anprotec-edu\/","title":{"rendered":"Anprotec.edu"},"content":{"rendered":"<p>Com o objetivo de contribuir para a forma\u00e7\u00e3o de profissionais habilitados a atuar em ambientes de inova\u00e7\u00e3o, em 2014 foi lan\u00e7ado o Programa Anprotec.edu em parceria com o Sebrae.<\/p>\n<p>Idealizado em formato modular, o que permite a aprendizagem cont\u00ednua dos gestores, o Anprotec\/Edu tem o objetivo de conduzir os ambientes de inova\u00e7\u00e3o brasileiros \u00e0 excel\u00eancia.<\/p>\n<p>O primeiro curso oferecido pelo Programa, em vers\u00e3o piloto, foi voltado a forma\u00e7\u00e3o de\u00a0gestores de incubadoras de empresas, com foco na gera\u00e7\u00e3o e no desenvolvimento de neg\u00f3cios inovadores.<\/p>\n<p>Assim, o Anprotec\/Edu utiliza uma abordagem totalmente estrat\u00e9gica, deixando aspectos operacionais em segundo plano.<\/p>\n<p>Dentre os cursos padr\u00f5es est\u00e3o:<\/p>\n<ul>\n<li style=\"font-weight: 400\">Minicursos para gestores de ambientes de inova\u00e7\u00e3o;<\/li>\n<li style=\"font-weight: 400\">Curso de planejamento e gest\u00e3o de incubadoras;<\/li>\n<li style=\"font-weight: 400\">Curso de Implanta\u00e7\u00e3o do <a href=\"https:\/\/anprotec.org.br\/cerne\/\" target=\"_blank\" rel=\"noopener\">Cerne<\/a>;<\/li>\n<li style=\"font-weight: 400\">Programa avan\u00e7ado de carreira em:<\/li>\n<\/ul>\n<p style=\"font-weight: 400\">&#8211; Gestor de Incubadoras;<\/p>\n<p style=\"font-weight: 400\">&#8211; Gestor de Parques Tecnol\u00f3gicos;<\/p>\n<p style=\"font-weight: 400\">&#8211; Gestor P\u00fablico Inovador;<\/p>\n","protected":false},"excerpt":{"rendered":"<p>Com o objetivo de contribuir para a forma\u00e7\u00e3o de profissionais<span class=\"excerpt-hellip\"> [\u2026]<\/span><\/p>\n","protected":false},"author":8,"featured_media":0,"parent":23401,"menu_order":0,"comment_status":"closed","ping_status":"closed","template":"","meta":{"footnotes":"","_links_to":"","_links_to_target":""},"_links":{"self":[{"href":"https:\/\/anprotec.org.br\/site\/wp-json\/wp\/v2\/pages\/23393"}],"collection":[{"href":"https:\/\/anprotec.org.br\/site\/wp-json\/wp\/v2\/pages"}],"about":[{"href":"https:\/\/anprotec.org.br\/site\/wp-json\/wp\/v2\/types\/page"}],"author":[{"embeddable":true,"href":"https:\/\/anprotec.org.br\/site\/wp-json\/wp\/v2\/users\/8"}],"replies":[{"embeddable":true,"href":"https:\/\/anprotec.org.br\/site\/wp-json\/wp\/v2\/comments?post=23393"}],"version-history":[{"count":2,"href":"https:\/\/anprotec.org.br\/site\/wp-json\/wp\/v2\/pages\/23393\/revisions"}],"predecessor-version":[{"id":31317,"href":"https:\/\/anprotec.org.br\/site\/wp-json\/wp\/v2\/pages\/23393\/revisions\/31317"}],"up":[{"embeddable":true,"href":"https:\/\/anprotec.org.br\/site\/wp-json\/wp\/v2\/pages\/23401"}],"wp:attachment":[{"href":"https:\/\/anprotec.org.br\/site\/wp-json\/wp\/v2\/media?parent=23393"}],"curies":[{"name":"wp","href":"https:\/\/api.w.org\/{rel}","templated":true}]}}