{"id":23390,"date":"2018-03-26T12:08:21","date_gmt":"2018-03-26T15:08:21","guid":{"rendered":"http:\/\/anprotec.org.br\/site\/?page_id=23390"},"modified":"2020-03-10T12:20:42","modified_gmt":"2020-03-10T15:20:42","slug":"networking","status":"publish","type":"page","link":"https:\/\/anprotec.org.br\/site\/projetos\/networking\/","title":{"rendered":"Caf\u00e9 da Manh\u00e3 Anprotec &amp; Parceiros; Workshops, F\u00f3runs, etc."},"content":{"rendered":"<div class=\"wpb-content-wrapper\"><p>[vc_row][vc_column][vc_empty_space height=&#8221;30px&#8221;][vc_column_text]Al\u00e9m da j\u00e1 tradicional <strong>Confer\u00eancia Anprotec &#8211; <\/strong>maior evento de empreendedorismo inovador da Am\u00e9rica Latina &#8211; a associa\u00e7\u00e3o tamb\u00e9m promove diversos outros encontros durante o ano para promover o networking entre os ambientes de inova\u00e7\u00e3o, como workshops, f\u00f3runs, grupos de discuss\u00e3o, etc.<\/p>\n<p><strong>Caf\u00e9 da Manh\u00e3 Anprotec &amp; Parceiros<\/strong><\/p>\n<p>Ao fim de cada ano, por exemplo, a Anprotec promove uma s\u00e9rie de atividades para apresentar aos seus membros e parceiros os principais resultados alcan\u00e7ados e propor a\u00e7\u00f5es para os pr\u00f3ximos anos.<\/p>\n<p>Al\u00e9m de reuni\u00f5es de planejamento e assembleias, \u00e9 realizado o tradicional Caf\u00e9 da Manh\u00e3 Anprotec &amp; Parceiros, quando s\u00e3o apresentados os projetos desenvolvidos, e os representantes de institui\u00e7\u00f5es parceiras avaliam a contribui\u00e7\u00e3o da Associa\u00e7\u00e3o para o empreendedorismo inovador no Brasil.<\/p>\n<p>Na ocasi\u00e3o, os parceiros costumam anunciar importantes medidas de fomento ao movimento.[\/vc_column_text][\/vc_column][\/vc_row]<\/p>\n<\/div>","protected":false},"excerpt":{"rendered":"<p>[vc_row][vc_column][vc_empty_space height=&#8221;30px&#8221;][vc_column_text]Al\u00e9m da j\u00e1 tradicional Confer\u00eancia Anprotec &#8211; maior evento<span class=\"excerpt-hellip\"> [\u2026]<\/span><\/p>\n","protected":false},"author":8,"featured_media":0,"parent":23401,"menu_order":0,"comment_status":"closed","ping_status":"closed","template":"","meta":{"footnotes":"","_links_to":"","_links_to_target":""},"_links":{"self":[{"href":"https:\/\/anprotec.org.br\/site\/wp-json\/wp\/v2\/pages\/23390"}],"collection":[{"href":"https:\/\/anprotec.org.br\/site\/wp-json\/wp\/v2\/pages"}],"about":[{"href":"https:\/\/anprotec.org.br\/site\/wp-json\/wp\/v2\/types\/page"}],"author":[{"embeddable":true,"href":"https:\/\/anprotec.org.br\/site\/wp-json\/wp\/v2\/users\/8"}],"replies":[{"embeddable":true,"href":"https:\/\/anprotec.org.br\/site\/wp-json\/wp\/v2\/comments?post=23390"}],"version-history":[{"count":3,"href":"https:\/\/anprotec.org.br\/site\/wp-json\/wp\/v2\/pages\/23390\/revisions"}],"predecessor-version":[{"id":31440,"href":"https:\/\/anprotec.org.br\/site\/wp-json\/wp\/v2\/pages\/23390\/revisions\/31440"}],"up":[{"embeddable":true,"href":"https:\/\/anprotec.org.br\/site\/wp-json\/wp\/v2\/pages\/23401"}],"wp:attachment":[{"href":"https:\/\/anprotec.org.br\/site\/wp-json\/wp\/v2\/media?parent=23390"}],"curies":[{"name":"wp","href":"https:\/\/api.w.org\/{rel}","templated":true}]}}