{"id":23385,"date":"2018-03-26T12:04:48","date_gmt":"2018-03-26T15:04:48","guid":{"rendered":"http:\/\/anprotec.org.br\/site\/?page_id=23385"},"modified":"2020-03-10T13:51:32","modified_gmt":"2020-03-10T16:51:32","slug":"articulacao-institucional-e-assessoria-parlamentar","status":"publish","type":"page","link":"https:\/\/anprotec.org.br\/site\/projetos\/articulacao-institucional-e-assessoria-parlamentar\/","title":{"rendered":"Articula\u00e7\u00e3o institucional e Assessoria Parlamentar"},"content":{"rendered":"<p>A Anprotec participa de discuss\u00f5es de pol\u00edticas p\u00fablicas para regulamenta\u00e7\u00e3o de leis que colaborem com o movimento do empreendedorismo inovador no pa\u00eds, assim como trabalha em prol da capta\u00e7\u00e3o de recursos em projetos de fomento junto aos \u00f3rg\u00e3os p\u00fablicos.<\/p>\n<p>Assim, a representatividade da Associa\u00e7\u00e3o a destaca nos \u00e2mbitos locais, nacionais e internacionais.<\/p>\n<h4><strong>Representatividade<\/strong><strong>\u00a0<\/strong><\/h4>\n<ul>\n<li><strong>Internacional: <\/strong>junto aos parceiros;<\/li>\n<\/ul>\n<ul>\n<li><strong>Nacional:<\/strong> junto ao parlamento e \u00f3rg\u00e3os p\u00fablicos, confedera\u00e7\u00f5es, institui\u00e7\u00f5es e empres\u00e1rios;<\/li>\n<\/ul>\n<ul>\n<li><strong>Local: <\/strong>junto \u00e0s redes estaduais com cadeiras em conselhos, f\u00f3runs e representa\u00e7\u00f5es sociais.<\/li>\n<\/ul>\n<p>Al\u00e9m disso, a Anprotec tamb\u00e9m mant\u00e9m parcerias com institui\u00e7\u00f5es de pesquisa, como universidades e centros de P,D&amp;I, e grandes empresas.<strong>\u00a0<\/strong><\/p>\n<p>Ciente de que o crescimento das empresas do movimento &#8211; instaladas em incubadoras de empresas e parques tecnol\u00f3gicos &#8211; depende de alian\u00e7as estrat\u00e9gicas com o setor privado, a Associa\u00e7\u00e3o se empenha para fomentar a aproxima\u00e7\u00e3o delas com grandes corpora\u00e7\u00f5es que t\u00eam a inova\u00e7\u00e3o como principal diferencial competitivo, como, por exemplo, a 3M, a Natura e a Samsung.<\/p>\n<p>Essa pr\u00e1tica, j\u00e1 consolidada no cen\u00e1rio internacional, tem contribu\u00eddo para potencializar o impacto dos produtos e solu\u00e7\u00f5es inovadoras desenvolvidas por empresas de pequeno e m\u00e9dio portes, estimulando o desenvolvimento de ecossistemas de inova\u00e7\u00e3o.<\/p>\n<p><a href=\"https:\/\/anprotec.org.br\/site\/participacao-em-conselhos-cooperacoes-e-convenios\/\" target=\"_blank\" rel=\"noopener\"><strong>CLIQUE AQUI<\/strong><\/a> e conhe\u00e7a todas as parcerias!<\/p>\n<h4><strong>Assessoria Parlamentar<\/strong><\/h4>\n<p>A Anprotec realiza um monitoramento di\u00e1rio das atividades legislativas no Congresso Nacional, como o andamento das comiss\u00f5es e dos PLs estrat\u00e9gicos para o aperfei\u00e7oamento dos ambientes de inova\u00e7\u00e3o.<\/p>\n<p>Na \u00e1rea exclusiva desse site para os associados da Anprotec, \u00e9 poss\u00edvel baixar os documentos, acompanhar o processo, manter-se atualizado e deixar opini\u00f5es sobre processos legislativos, decretos e a\u00e7\u00f5es do Poder Executivo que envolvem os ambientes de inova\u00e7\u00e3o e empreendedorismo.<\/p>\n","protected":false},"excerpt":{"rendered":"<p>A Anprotec participa de discuss\u00f5es de pol\u00edticas p\u00fablicas para regulamenta\u00e7\u00e3o<span class=\"excerpt-hellip\"> [\u2026]<\/span><\/p>\n","protected":false},"author":8,"featured_media":0,"parent":23401,"menu_order":0,"comment_status":"closed","ping_status":"closed","template":"","meta":{"footnotes":"","_links_to":"","_links_to_target":""},"_links":{"self":[{"href":"https:\/\/anprotec.org.br\/site\/wp-json\/wp\/v2\/pages\/23385"}],"collection":[{"href":"https:\/\/anprotec.org.br\/site\/wp-json\/wp\/v2\/pages"}],"about":[{"href":"https:\/\/anprotec.org.br\/site\/wp-json\/wp\/v2\/types\/page"}],"author":[{"embeddable":true,"href":"https:\/\/anprotec.org.br\/site\/wp-json\/wp\/v2\/users\/8"}],"replies":[{"embeddable":true,"href":"https:\/\/anprotec.org.br\/site\/wp-json\/wp\/v2\/comments?post=23385"}],"version-history":[{"count":2,"href":"https:\/\/anprotec.org.br\/site\/wp-json\/wp\/v2\/pages\/23385\/revisions"}],"predecessor-version":[{"id":31442,"href":"https:\/\/anprotec.org.br\/site\/wp-json\/wp\/v2\/pages\/23385\/revisions\/31442"}],"up":[{"embeddable":true,"href":"https:\/\/anprotec.org.br\/site\/wp-json\/wp\/v2\/pages\/23401"}],"wp:attachment":[{"href":"https:\/\/anprotec.org.br\/site\/wp-json\/wp\/v2\/media?parent=23385"}],"curies":[{"name":"wp","href":"https:\/\/api.w.org\/{rel}","templated":true}]}}