{"id":23368,"date":"2018-03-26T11:47:50","date_gmt":"2018-03-26T14:47:50","guid":{"rendered":"http:\/\/anprotec.org.br\/site\/?page_id=23368"},"modified":"2025-02-19T12:09:28","modified_gmt":"2025-02-19T15:09:28","slug":"premio-nacional-de-empreendedorismo-inovador","status":"publish","type":"page","link":"https:\/\/anprotec.org.br\/site\/projetos\/premio-nacional-de-empreendedorismo-inovador\/","title":{"rendered":"Reconhecimento: Pr\u00eamio Nacional de Empreendedorismo Inovador\u200b"},"content":{"rendered":"<div class=\"wpb-content-wrapper\"><p>[vc_row el_class=&#8221; text-justify &#8220;][vc_column][vc_column_text]Com seis categorias, o Pr\u00eamio Nacional de Empreendedorismo Inovador reconhece boas pr\u00e1ticas, a\u00e7\u00f5es, servi\u00e7os e produtos dos ambientes de inova\u00e7\u00e3o que fortalecem o movimento.<\/p>\n<ul>\n<li>Melhor incubadora de empresas orientada para a gera\u00e7\u00e3o e uso intenso de tecnologias (PIT);<\/li>\n<li>Melhor incubadora de empresas orientada para o desenvolvimento local e setorial (DLS);<\/li>\n<li>Melhor parque tecnol\u00f3gico (PTH);<\/li>\n<li>Melhor projeto de promo\u00e7\u00e3o da cultura do empreendedorismo inovador (CEI);<\/li>\n<li>Melhor empresa incubada (EI);<\/li>\n<li>Melhor empresa graduada (EG).<\/li>\n<\/ul>\n<p>Estas categorias foram mantidas at\u00e9 a edi\u00e7\u00e3o de 2016, mas com a retomada do pr\u00eamio em 2024 as categorias foram reestruturas para reconhecer cases, programas e iniciativas de impacto em cada categoria independente do tamanho do ambiente de inova\u00e7\u00e3o. Dessa forma, o pr\u00eamio se torna mais diverso e inclusivo com diferentes pr\u00e1ticas sendo reconhecidas.<\/p>\n<p><strong>Categorias atuais:\u00a0<\/strong><\/p>\n<ul>\n<li>Incubadora de Empresas \u2013 Trof\u00e9u Adelino Medeiros<\/li>\n<li>Aceleradora \u2013 Trof\u00e9u Lynaldo Cavalcanti<\/li>\n<li>Hub de Inova\u00e7\u00e3o \u2013 Trof\u00e9u Cristiano Becker<\/li>\n<li>Parque Cient\u00edfico e Tecnol\u00f3gico (PCT) \u2013 Trof\u00e9u Telmo Silva Ara\u00fajo<\/li>\n<li>Neg\u00f3cios de Impacto \u2013 Trof\u00e9u Carlos Eduardo Negr\u00e3o Bizzotto<\/li>\n<\/ul>\n<p>Promovido em parceria com o Sebrae, a cada ano o Pr\u00eamio revela novas hist\u00f3rias de pessoas e institui\u00e7\u00f5es que fazem a diferen\u00e7a nas regi\u00f5es onde atuam, transformando suas realidades econ\u00f4mica e social.<br \/>\nEssa \u00e9 a principal fun\u00e7\u00e3o do Pr\u00eamio: mostrar \u00e0 sociedade o potencial de contribui\u00e7\u00e3o do movimento ao desenvolvimento sustent\u00e1vel do Brasil.<br \/>\n<a href=\"https:\/\/anprotec.org.br\/site\/premio-nacional\/vencedores-do-premio-nacional\"><u>Confira os vencedores<\/u><\/a>[\/vc_column_text][\/vc_column][\/vc_row]<\/p>\n<\/div>","protected":false},"excerpt":{"rendered":"<p>[vc_row el_class=&#8221; text-justify &#8220;][vc_column][vc_column_text]Com seis categorias, o Pr\u00eamio Nacional de<span class=\"excerpt-hellip\"> [\u2026]<\/span><\/p>\n","protected":false},"author":8,"featured_media":0,"parent":23401,"menu_order":0,"comment_status":"open","ping_status":"closed","template":"","meta":{"footnotes":"","_links_to":"","_links_to_target":""},"_links":{"self":[{"href":"https:\/\/anprotec.org.br\/site\/wp-json\/wp\/v2\/pages\/23368"}],"collection":[{"href":"https:\/\/anprotec.org.br\/site\/wp-json\/wp\/v2\/pages"}],"about":[{"href":"https:\/\/anprotec.org.br\/site\/wp-json\/wp\/v2\/types\/page"}],"author":[{"embeddable":true,"href":"https:\/\/anprotec.org.br\/site\/wp-json\/wp\/v2\/users\/8"}],"replies":[{"embeddable":true,"href":"https:\/\/anprotec.org.br\/site\/wp-json\/wp\/v2\/comments?post=23368"}],"version-history":[{"count":3,"href":"https:\/\/anprotec.org.br\/site\/wp-json\/wp\/v2\/pages\/23368\/revisions"}],"predecessor-version":[{"id":49217,"href":"https:\/\/anprotec.org.br\/site\/wp-json\/wp\/v2\/pages\/23368\/revisions\/49217"}],"up":[{"embeddable":true,"href":"https:\/\/anprotec.org.br\/site\/wp-json\/wp\/v2\/pages\/23401"}],"wp:attachment":[{"href":"https:\/\/anprotec.org.br\/site\/wp-json\/wp\/v2\/media?parent=23368"}],"curies":[{"name":"wp","href":"https:\/\/api.w.org\/{rel}","templated":true}]}}