{"id":23317,"date":"2018-03-26T09:43:45","date_gmt":"2018-03-26T12:43:45","guid":{"rendered":"http:\/\/anprotec.org.br\/site\/?page_id=23317"},"modified":"2018-04-10T20:47:06","modified_gmt":"2018-04-10T23:47:06","slug":"servicos","status":"publish","type":"page","link":"https:\/\/anprotec.org.br\/site\/servicos\/","title":{"rendered":"Servi\u00e7os"},"content":{"rendered":"<div class=\"wpb-content-wrapper\"><p>[vc_row equal_height=&#8221;yes&#8221; content_placement=&#8221;top&#8221;][vc_column][vc_row_inner equal_height=&#8221;yes&#8221; content_placement=&#8221;top&#8221;][vc_column_inner width=&#8221;1\/4&#8243;]<div class=\"hover_color align_\" style=\"background-color:#ff9922;border-color:;\" ontouchstart=\"this.classList.toggle('hover');\"><div class=\"hover_color_bg\" style=\"background-color:#ffbb33;border-color:;border-width:;\"><a href=\"https:\/\/anprotec.org.br\/site\/servicos\/projetos-nacionais\/\" class=\"\"  target=\"_blank\"><div class=\"hover_color_wrapper\" style=\"\"><\/p>\n<h3>Projetos<br \/>\nNacionais<\/h3>\n<p><\/div><\/a><\/div>\n<\/div>\n[\/vc_column_inner][vc_column_inner width=&#8221;1\/4&#8243;]<div class=\"hover_color align_\" style=\"background-color:#ff9922;border-color:;\" ontouchstart=\"this.classList.toggle('hover');\"><div class=\"hover_color_bg\" style=\"background-color:#ffbb33;border-color:;border-width:;\"><a href=\"https:\/\/anprotec.org.br\/site\/servicos\/projetos-internacionais\/\" class=\"\"  target=\"_blank\"><div class=\"hover_color_wrapper\" style=\"\"><\/p>\n<h3>Projetos<br \/>\nInternacionais<\/h3>\n<p><\/div><\/a><\/div>\n<\/div>\n[\/vc_column_inner][vc_column_inner width=&#8221;1\/4&#8243;]<div class=\"hover_color align_\" style=\"background-color:#ff9922;border-color:;\" ontouchstart=\"this.classList.toggle('hover');\"><div class=\"hover_color_bg\" style=\"background-color:#ffbb33;border-color:;border-width:;\"><a href=\"https:\/\/anprotec.org.br\/site\/servicos\/assessoria-parlamentar\/\" class=\"\"  target=\"_blank\"><div class=\"hover_color_wrapper\" style=\"\"><\/p>\n<h3>Assessoria<br \/>\nParlamentar<\/h3>\n<p><\/div><\/a><\/div>\n<\/div>\n[\/vc_column_inner][vc_column_inner width=&#8221;1\/4&#8243;]<div class=\"hover_color align_\" style=\"background-color:#ff9922;border-color:;\" ontouchstart=\"this.classList.toggle('hover');\"><div class=\"hover_color_bg\" style=\"background-color:#ffbb33;border-color:;border-width:;\"><a href=\"https:\/\/anprotec.org.br\/site\/publicacoes-anprotec\/\" class=\"\"  target=\"_blank\"><div class=\"hover_color_wrapper\" style=\"padding:55px 30px 55px 30px;\"><\/p>\n<h3>Publica\u00e7\u00f5es<\/h3>\n<p><\/div><\/a><\/div>\n<\/div>\n[\/vc_column_inner][\/vc_row_inner][\/vc_column][\/vc_row][vc_row][vc_column][vc_tta_accordion][vc_tta_section title=&#8221;<\/p>\n<h1>Como podemos lhe ajudar:<\/h1>\n<p>&#8221; tab_id=&#8221;1522081835836-db9697f1-7943&#8243;][\/vc_tta_section][vc_tta_section title=&#8221;<\/p>\n<h3>Projetos Nacionais<\/h3>\n<p>&#8221; tab_id=&#8221;1522081050398-58f47c5f-5214&#8243;][vc_column_text]<\/p>\n<p style=\"text-align: justify\"><b>Cerne<\/b><\/p>\n<p style=\"text-align: justify\">Com o crescimento do n\u00famero de incubadoras no Brasil, a Anprotec empenhou-se na consolida\u00e7\u00e3o de um modelo para promover a melhoria nos resultados apresentados por esses ambientes de inova\u00e7\u00e3o. Com esse objetivo, foi criado, em parceria com o Sebrae, o Centro de Refer\u00eancia para Apoio a Novos Empreendimentos (Cerne), uma plataforma de solu\u00e7\u00f5es para ampliar a capacidade da incubadora em gerar sistematicamente empreendimentos inovadores bem sucedidos. O modelo apresenta pr\u00e1ticas-chave associadas a n\u00edveis de maturidade (Cerne 1, Cerne 2, Cerne 3 e Cerne 4), que representam o avan\u00e7o da incubadora em rela\u00e7\u00e3o \u00e0 melhoria cont\u00ednua.\u00a0<a href=\"https:\/\/anprotec.org.br\/cerne\/\" target=\"_blank\" rel=\"noopener\">Saiba mais<\/a><\/p>\n<p style=\"text-align: justify\"><b>Programa Educacional Anprotec<\/b><\/p>\n<p style=\"text-align: justify\">Com o objetivo de contribuir para a forma\u00e7\u00e3o de profissionais habilitados a atuar em ambientes de inova\u00e7\u00e3o, em 2014 foi lan\u00e7ado o Programa Educacional Anprotec, em parceria com o Sebrae. \u00a0O programa foi idealizado em formato modular, permitindo a aprendizagem cont\u00ednua dos gestores, a fim de conduzir os ambientes de inova\u00e7\u00e3o brasileiros \u00e0 excel\u00eancia.\u00a0O primeiro curso, oferecido em vers\u00e3o piloto, foi voltado \u00e0 forma\u00e7\u00e3o de\u00a0gestores de incubadoras de empresas, com foco na gera\u00e7\u00e3o e no desenvolvimento de neg\u00f3cios inovadores. \u00a0Por isso, foi utilizada uma abordagem totalmente estrat\u00e9gica, deixando aspectos operacionais em segundo plano.<\/p>\n<p style=\"text-align: justify\"><b>Pr\u00eamio Nacional de Empreendedorismo Inovador<\/b><\/p>\n<p style=\"text-align: justify\">Outra iniciativa que reconhece boas pr\u00e1ticas e os participantes do movimento \u00e9 o Pr\u00eamio Nacional de Empreendedorismo Inovador, que contempla seis categorias: melhor incubadora de empresas orientada para a gera\u00e7\u00e3o e uso intenso de tecnologias (PIT); melhor incubadora de empresas orientada para o desenvolvimento local e setorial (DLS); melhor parque tecnol\u00f3gico (PTH); melhor projeto de promo\u00e7\u00e3o da cultura do empreendedorismo inovador (CEI); melhor empresa incubada (EI); e melhor empresa graduada (EG). Consagrando novos vencedores a cada ano, o Pr\u00eamio \u00e9 uma iniciativa promovida em parceria com o Sebrae, que mostra \u00e0 sociedade o potencial de contribui\u00e7\u00e3o do movimento do empreendedorismo inovador para o desenvolvimento sustent\u00e1vel do Brasil.\u00a0<a href=\"https:\/\/anprotec.org.br\/site\/menu\/premio-nacional\/\" target=\"_blank\" rel=\"noopener\">Saiba mais<\/a><\/p>\n<p style=\"text-align: justify\"><b>Caf\u00e9 da Manh\u00e3<\/b><\/p>\n<p style=\"text-align: justify\">Ao fim de cada ano, a Anprotec promove uma s\u00e9rie de atividades para apresentar aos seus membros e parceiros os principais resultados alcan\u00e7ados e propor a\u00e7\u00f5es para os pr\u00f3ximos anos. Al\u00e9m de reuni\u00f5es de planejamento e assembleias, \u00e9 realizado o tradicional Caf\u00e9 da Manh\u00e3 Anprotec &amp; Parceiros, quando a Anprotec apresenta os projetos que desenvolve, e os representantes de institui\u00e7\u00f5es parceiras avaliam a contribui\u00e7\u00e3o da Associa\u00e7\u00e3o para o empreendedorismo inovador no Brasil. \u00c9 nesta ocasi\u00e3o que os parceiros costumam anunciar importantes medidas de fomento ao movimento.<\/p>\n<p style=\"text-align: justify\"><b>Confer\u00eancia Anprotec<\/b><\/p>\n<p style=\"text-align: justify\">Para conversar com os diferentes p\u00fablicos ligados ao empreendedorismo e inova\u00e7\u00e3o, a Anprotec e o Sebrae promovem anualmente a Confer\u00eancia Anprotec, considerado o maior evento de empreendedorismo inovador da Am\u00e9rica Latina. As atividades incluem minicursos, f\u00f3runs e workshops al\u00e9m de sess\u00f5es plen\u00e1ria e interativas, e s\u00e3o frequentadas por um p\u00fablico cada vez mais amplo.\u00a0<a href=\"https:\/\/anprotec.org.br\/site\/servicos\/projetos-nacionais\/www.conferenciaanprotec.com.br\" target=\"_blank\" rel=\"noopener\">Saiba mais<\/a><\/p>\n<p style=\"text-align: justify\"><strong>Parcerias com grandes empresas<\/strong><\/p>\n<p style=\"text-align: justify\">Ciente de que o crescimento das empresas do movimento \u2013 instaladas em incubadoras de empresas e parques tecnol\u00f3gicos \u2013 depende de alian\u00e7as estrat\u00e9gicas como o setor privado, a Anprotec se empenhou para fomentar a aproxima\u00e7\u00e3o com grandes corpora\u00e7\u00f5es que t\u00eam a inova\u00e7\u00e3o como principal diferencial competitivo, como 3M, Natura e Samsung. Essa pr\u00e1tica, j\u00e1 consolidada no cen\u00e1rio internacional, tem contribu\u00eddo para potencializar o impacto dos produtos e solu\u00e7\u00f5es inovadores desenvolvidos por empresas de pequeno e m\u00e9dio portes, estimulando o desenvolvimento de ecossistemas de inova\u00e7\u00e3o.<\/p>\n<p style=\"text-align: justify\"><b>Publica\u00e7\u00f5es peri\u00f3dicas<\/b><\/p>\n<p style=\"text-align: justify\">Os a\u00e7\u00f5es e resultados da Anprotec s\u00e3o divulgadas \u00e0 toda a sociedade por meio de importantes ferramentas de comunica\u00e7\u00e3o, como a Revista Locus (publica\u00e7\u00e3o trimestral), o Info-e (newsletter eletr\u00f4nica semanal), o site da Associa\u00e7\u00e3o e m\u00eddias sociais, como o Facebook e Twitter. Al\u00e9m desses canais peri\u00f3dicos, a Anprotec lan\u00e7a publica\u00e7\u00f5es sobre o empreendedorismo inovador, que contam a hist\u00f3ria no movimento no pa\u00eds. A Associa\u00e7\u00e3o tamb\u00e9m edita e comercializa obras direcionadas aos gestores de parques tecnol\u00f3gicos e incubadoras de empresas que buscam aprimorar a gest\u00e3o dos ambientes de inova\u00e7\u00e3o, em temas como planejamento, marketing e governan\u00e7a.<\/p>\n<p>[\/vc_column_text][\/vc_tta_section][vc_tta_section title=&#8221;<\/p>\n<h3>Projetos Internacionais<\/h3>\n<p>&#8221; tab_id=&#8221;1522081050434-61509515-b43a&#8221;][vc_column_text]<\/p>\n<p style=\"text-align: justify\">Na \u00e1rea de coopera\u00e7\u00e3o internacional, a Anprotec desenvolve importantes projetos e tem estabelecido parcerias estrat\u00e9gicas para tornar suas a\u00e7\u00f5es mais efetivas. Por isso, \u00e9 associada \u00e0\u00a0International Association of Scientific Parks and Areas of Innovation (IASP). A seguir, destacamos os projetos que refor\u00e7am a atua\u00e7\u00e3o internacional da Anprotec:<\/p>\n<p style=\"text-align: justify\"><b>Miss\u00f5es Internacionais<\/b><\/p>\n<p style=\"text-align: justify\">A Anprotec promove miss\u00f5es internacionais, desde 2004, para conhecer sistemas de inova\u00e7\u00e3o e as melhores pr\u00e1ticas de ambientes inovadores de outros pa\u00edses, com o objetivo de adaptar bons exemplos \u00e0 realidade brasileira e incrementar as pol\u00edticas p\u00fablicas voltadas ao empreendedorismo inovador. Em 2012, a delega\u00e7\u00e3o brasileira visitou B\u00e9lgica, Holanda, Irlanda e Inglaterra; em 2013, conheceu Finl\u00e2ndia e China.<\/p>\n<p style=\"text-align: justify\"><strong>Programa de Promo\u00e7\u00e3o da Economia Criativa<\/strong><\/p>\n<p style=\"text-align: justify\">Em abril de 2015, a Anprotec firmou com a Samsung um Memorando de Inten\u00e7\u00f5es que prev\u00ea a coopera\u00e7\u00e3o e a coordena\u00e7\u00e3o para a implementa\u00e7\u00e3o do Modelo Coreano de Cultura de Economia Criativa, criado na Cor\u00e9ia do Sul pelo CCEI Daegu \u2013 Centro de Economia Criativa e Inova\u00e7\u00e3o.<\/p>\n<p style=\"text-align: justify\">Como resultado da parceria, Anprotec e Samsung criaram e desenvolvem o Programa de Promo\u00e7\u00e3o da Economia Criativa, que utiliza a metodologia do CCEI Daegu para impulsionar projetos inovadores de interesse da multinacional. Para isso, as empresas contam com o apoio de incubadoras brasileiras associadas \u00e0 Anprotec.\u00a0<a href=\"https:\/\/anprotec.org.br\/samsung\/\" target=\"_blank\" rel=\"noopener\">Saiba mais.\u00a0<\/a><\/p>\n<p style=\"text-align: justify\"><b>Connect<\/b><\/p>\n<p style=\"text-align: justify\">Projeto co-financiado pela Comiss\u00e3o Europeia e com atividades coordenadas pelo European Business and Innovation Centre Network (EBN), parceiro da Anprotec, que apoia o programa no Brasil. Tem como objetivo a promo\u00e7\u00e3o do interc\u00e2mbio de empreendedores, possibilitando aos visitantes europeus conhecerem os ambientes brasileiros, interagir com os residentes e parceiros de cada institui\u00e7\u00e3o e buscar alian\u00e7as com empresas brasileiras vinculadas aos associados da Anprotec para desenvolver seus neg\u00f3cios no Brasil.\u00a0<a href=\"http:\/\/www.eubrazilconnect.com\/\" target=\"_blank\" rel=\"noopener\">Saiba mais<\/a><\/p>\n<p style=\"text-align: justify\"><b>B.Bice+<\/b><\/p>\n<p style=\"text-align: justify\">Criado e financiado pela Comiss\u00e3o Europeia, o B.Bice+ promove a coopera\u00e7\u00e3o na \u00e1rea de Ci\u00eancia, Tecnologia e Inova\u00e7\u00e3o entre o Brasil e pa\u00edses membros da Uni\u00e3o Europeia (UE). Em 2014, foram promovidas diversas atividades no \u00e2mbito do programa, durante o evento anual da Anprotec: mesa-redonda, workshop, rodadas de neg\u00f3cios e Tour of Brazil \u2013 apresenta\u00e7\u00e3o de oportunidades para MPEs, parques tecnol\u00f3gicos, incubadoras de empresas, entre outros agentes da inova\u00e7\u00e3o, cooperarem com a Europa.\u00a0<a href=\"http:\/\/www.b-bice-plus.eu\/\" target=\"_blank\" rel=\"noopener\">Saiba mais<\/a><\/p>\n<p style=\"text-align: justify\"><b>Ryme<\/b><\/p>\n<p style=\"text-align: justify\">A Anprotec selecionou tr\u00eas empresas para interagirem com empreendimentos de Portugal, Espanha e Fran\u00e7a, visando \u00e0 promo\u00e7\u00e3o de parcerias de neg\u00f3cios. Representantes das empresas selecionadas e da Anprotec participaram de evento de encerramento do projeto, realizado em outubro de 2014 em Madri.\u00a0<a href=\"http:\/\/www.ryme-international.com\/en\/content\/detail\/12\/ryme-project-the-project\" target=\"_blank\" rel=\"noopener\">Saiba mais<\/a><\/p>\n<p style=\"text-align: justify\"><b>Elan<\/b><\/p>\n<p style=\"text-align: justify\">O ELAN (European and Latin American Business Services and Innovation Network) \u00e9 um programa financiado pela Uni\u00e3o Europ\u00e9ia (UE), que busca aumentar e diversificar a presen\u00e7a econ\u00f4mica da UE na Am\u00e9rica Latina, por meio da demanda de conhecimento e tecnologia inovadora europeia que existe na AL. O programa \u00e9 implementado por duas estrat\u00e9gias independentes:\u00a0<a href=\"http:\/\/www.elannetwork.org\/\">ELAN Network<\/a>\u00a0e\u00a0<a href=\"https:\/\/anprotec.org.br\/Users\/Relata\/Desktop\/www.elanbiz.org\">ELAN Biz<\/a>.<\/p>\n<p style=\"text-align: justify\"><b>land2land<\/b><\/p>\n<p style=\"text-align: justify\">O land2land \u00e9 um programa de suporte \u00e0 internacionaliza\u00e7\u00e3o, desenvolvido por meio de uma parceria entre a Anprotec e a Ag\u00eancia Brasileira de Promo\u00e7\u00e3o de Exporta\u00e7\u00f5es e Investimentos (Apex-Brasil). O programa prepara empresas e ambientes de inova\u00e7\u00e3o brasileiros para internacionalizarem suas opera\u00e7\u00f5es e tamb\u00e9m aproxima parques tecnol\u00f3gicos e incubadoras de empresas a empreendimentos inovadores de qualquer pa\u00eds, desde que estejam interessados em obter apoio para se instalarem em ambientes de inova\u00e7\u00e3o. Para isso, o programa oferece atrav\u00e9s de sua plataforma informa\u00e7\u00f5es sobre os ambientes de inova\u00e7\u00e3o cadastrados, como setor de atua\u00e7\u00e3o, servi\u00e7os prestados e diferenciais mercadol\u00f3gicos e tecnol\u00f3gicos, entre outros.\u00a0<a href=\"http:\/\/www.land2land.com.br\/\" target=\"_blank\" rel=\"noopener\">Saiba mais<\/a><\/p>\n<p>[\/vc_column_text][\/vc_tta_section][vc_tta_section title=&#8221;<\/p>\n<h3>Assessoria Parlamentar<\/h3>\n<p>&#8221; tab_id=&#8221;1522081302149-922b4b46-2266&#8243;][vc_column_text]<\/p>\n<p style=\"text-align: justify\">Acompanhe e mantenha-se atualizado sobre processos legislativos, decretos e a\u00e7\u00f5es do Poder Executivo que envolvem os ambientes de inova\u00e7\u00e3o e empreendedorismo.<\/p>\n<p style=\"text-align: judtify\"><strong><a href=\"https:\/\/anprotec.org.br\/site\/legislativo\/\" target=\"_blank\" rel=\"noopener\">Legislativo<\/a><\/strong><\/p>\n<p style=\"text-align: justify\"><strong><a href=\"https:\/\/anprotec.org.br\/site\/executivo\/\" target=\"_blank\" rel=\"noopener\">Executivo<\/a><\/strong><\/p>\n<p>[\/vc_column_text][\/vc_tta_section][vc_tta_section title=&#8221;<\/p>\n<h3>Publica\u00e7\u00f5es<\/h3>\n<p>&#8221; tab_id=&#8221;1522081657312-6dcd9eee-7ccc&#8221;][vc_row_inner][vc_column_inner width=&#8221;1\/2&#8243;]<div class=\"sliding_box\"><a href=\"https:\/\/anprotec.org.br\/site\/publicacoes-anprotec\/revista-locus\/\" target=\"_blank\"><div class=\"photo_wrapper\"><img class=\"scale-with-grid\" src=\"https:\/\/anprotec.org.br\/site\/wp-content\/uploads\/2018\/03\/Revista-Locus-1-1-e1522184513899.jpg\" alt=\"\" width=\"\" height=\"\"\/><\/div><div class=\"desc_wrapper\"><h4>Revista Locus<\/h4><\/div><\/a><\/div>\n[\/vc_column_inner][vc_column_inner width=&#8221;1\/2&#8243;]<div class=\"sliding_box\"><a href=\"https:\/\/anprotec.org.br\/site\/wp-content\/uploads\/2018\/03\/Locus-Cientifico-1.jpg\" target=\"_blank\"><div class=\"photo_wrapper\"><img class=\"scale-with-grid\" src=\"https:\/\/anprotec.org.br\/site\/wp-content\/uploads\/2018\/03\/Locus-Cientifico-1.jpg\" alt=\"Locus Cientifico-1\" width=\"485\" height=\"274\"\/><\/div><div class=\"desc_wrapper\"><h4>Locus Cient\u00edfico<\/h4><\/div><\/a><\/div>\n[\/vc_column_inner][\/vc_row_inner][vc_row_inner equal_height=&#8221;yes&#8221; content_placement=&#8221;top&#8221;][vc_column_inner width=&#8221;1\/2&#8243;]<div class=\"sliding_box\"><a href=\"https:\/\/anprotec.org.br\/site\/publicacoes-anprotec\/ebooks\/\" target=\"_blank\"><div class=\"photo_wrapper\"><img class=\"scale-with-grid\" src=\"https:\/\/anprotec.org.br\/site\/wp-content\/uploads\/2018\/03\/ebbok-1.jpg\" alt=\"ebbok-1\" width=\"485\" height=\"274\"\/><\/div><div class=\"desc_wrapper\"><h4>Ebooks<\/h4><\/div><\/a><\/div>\n[\/vc_column_inner][vc_column_inner width=&#8221;1\/2&#8243;]<div class=\"sliding_box\"><a href=\"https:\/\/anprotec.org.br\/site\/publicacoes-anprotec\/estudos-e-pesquisas\/\" target=\"_blank\"><div class=\"photo_wrapper\"><img class=\"scale-with-grid\" src=\"https:\/\/anprotec.org.br\/site\/wp-content\/uploads\/2018\/03\/Estudos-1.jpg\" alt=\"Estudos-1\" width=\"485\" height=\"274\"\/><\/div><div class=\"desc_wrapper\"><h4>Estudos<\/h4><\/div><\/a><\/div>\n[\/vc_column_inner][\/vc_row_inner][\/vc_tta_section][\/vc_tta_accordion][\/vc_column][\/vc_row][vc_row][vc_column][vc_custom_heading text=&#8221;Projetos Nacionais&#8221; use_theme_fonts=&#8221;yes&#8221;][vc_column_text]<\/p>\n<p style=\"text-align: justify\">Reiterando sua fun\u00e7\u00e3o de lideran\u00e7a no cen\u00e1rio do empreendedorismo inovador, a Anprotec busca a aproxima\u00e7\u00e3o de todos os entes desse movimento, por meio de iniciativas e projetos. Para a execu\u00e7\u00e3o destas atividades, destacadas a seguir, um parceiro fundamental tem sido o Servi\u00e7o Brasileiro de Apoio \u00e0s Micro e Pequenas Empresas (Sebrae).<\/p>\n<p>[\/vc_column_text][vc_row_inner][vc_column_inner][vc_column_text]<\/p>\n<p style=\"text-align: justify\"><b>Cerne<\/b><\/p>\n<p style=\"text-align: justify\">Com o crescimento do n\u00famero de incubadoras no Brasil, a Anprotec empenhou-se na consolida\u00e7\u00e3o de um modelo para promover a melhoria nos resultados apresentados por esses ambientes de inova\u00e7\u00e3o. Com esse objetivo, foi criado, em parceria com o Sebrae, o Centro de Refer\u00eancia para Apoio a Novos Empreendimentos (Cerne), uma plataforma de solu\u00e7\u00f5es para ampliar a capacidade da incubadora em gerar sistematicamente empreendimentos inovadores bem sucedidos. O modelo apresenta pr\u00e1ticas-chave associadas a n\u00edveis de maturidade (Cerne 1, Cerne 2, Cerne 3 e Cerne 4), que representam o avan\u00e7o da incubadora em rela\u00e7\u00e3o \u00e0 melhoria cont\u00ednua.\u00a0<a href=\"https:\/\/anprotec.org.br\/cerne\/\" target=\"_blank\" rel=\"noopener\">Saiba mais<\/a><\/p>\n<p style=\"text-align: justify\"><b>Programa Educacional Anprotec<\/b><\/p>\n<p style=\"text-align: justify\">Com o objetivo de contribuir para a forma\u00e7\u00e3o de profissionais habilitados a atuar em ambientes de inova\u00e7\u00e3o, em 2014 foi lan\u00e7ado o Programa Educacional Anprotec, em parceria com o Sebrae. \u00a0O programa foi idealizado em formato modular, permitindo a aprendizagem cont\u00ednua dos gestores, a fim de conduzir os ambientes de inova\u00e7\u00e3o brasileiros \u00e0 excel\u00eancia.\u00a0O primeiro curso, oferecido em vers\u00e3o piloto, foi voltado \u00e0 forma\u00e7\u00e3o de\u00a0gestores de incubadoras de empresas, com foco na gera\u00e7\u00e3o e no desenvolvimento de neg\u00f3cios inovadores. \u00a0Por isso, foi utilizada uma abordagem totalmente estrat\u00e9gica, deixando aspectos operacionais em segundo plano.<\/p>\n<p style=\"text-align: justify\"><b>Pr\u00eamio Nacional de Empreendedorismo Inovador<\/b><\/p>\n<p style=\"text-align: justify\">Outra iniciativa que reconhece boas pr\u00e1ticas e os participantes do movimento \u00e9 o Pr\u00eamio Nacional de Empreendedorismo Inovador, que contempla seis categorias: melhor incubadora de empresas orientada para a gera\u00e7\u00e3o e uso intenso de tecnologias (PIT); melhor incubadora de empresas orientada para o desenvolvimento local e setorial (DLS); melhor parque tecnol\u00f3gico (PTH); melhor projeto de promo\u00e7\u00e3o da cultura do empreendedorismo inovador (CEI); melhor empresa incubada (EI); e melhor empresa graduada (EG). Consagrando novos vencedores a cada ano, o Pr\u00eamio \u00e9 uma iniciativa promovida em parceria com o Sebrae, que mostra \u00e0 sociedade o potencial de contribui\u00e7\u00e3o do movimento do empreendedorismo inovador para o desenvolvimento sustent\u00e1vel do Brasil.\u00a0<a href=\"https:\/\/anprotec.org.br\/site\/menu\/premio-nacional\/\" target=\"_blank\" rel=\"noopener\">Saiba mais<\/a><\/p>\n<p style=\"text-align: justify\"><b>Caf\u00e9 da Manh\u00e3<\/b><\/p>\n<p style=\"text-align: justify\">Ao fim de cada ano, a Anprotec promove uma s\u00e9rie de atividades para apresentar aos seus membros e parceiros os principais resultados alcan\u00e7ados e propor a\u00e7\u00f5es para os pr\u00f3ximos anos. Al\u00e9m de reuni\u00f5es de planejamento e assembleias, \u00e9 realizado o tradicional Caf\u00e9 da Manh\u00e3 Anprotec &amp; Parceiros, quando a Anprotec apresenta os projetos que desenvolve, e os representantes de institui\u00e7\u00f5es parceiras avaliam a contribui\u00e7\u00e3o da Associa\u00e7\u00e3o para o empreendedorismo inovador no Brasil. \u00c9 nesta ocasi\u00e3o que os parceiros costumam anunciar importantes medidas de fomento ao movimento.<\/p>\n<p style=\"text-align: justify\"><b>Confer\u00eancia Anprotec<\/b><\/p>\n<p style=\"text-align: justify\">Para conversar com os diferentes p\u00fablicos ligados ao empreendedorismo e inova\u00e7\u00e3o, a Anprotec e o Sebrae promovem anualmente a Confer\u00eancia Anprotec, considerado o maior evento de empreendedorismo inovador da Am\u00e9rica Latina. As atividades incluem minicursos, f\u00f3runs e workshops al\u00e9m de sess\u00f5es plen\u00e1ria e interativas, e s\u00e3o frequentadas por um p\u00fablico cada vez mais amplo.\u00a0<a href=\"https:\/\/anprotec.org.br\/site\/servicos\/projetos-nacionais\/www.conferenciaanprotec.com.br\" target=\"_blank\" rel=\"noopener\">Saiba mais<\/a><\/p>\n<p style=\"text-align: justify\"><strong>Parcerias com grandes empresas<\/strong><\/p>\n<p style=\"text-align: justify\">Ciente de que o crescimento das empresas do movimento \u2013 instaladas em incubadoras de empresas e parques tecnol\u00f3gicos \u2013 depende de alian\u00e7as estrat\u00e9gicas como o setor privado, a Anprotec se empenhou para fomentar a aproxima\u00e7\u00e3o com grandes corpora\u00e7\u00f5es que t\u00eam a inova\u00e7\u00e3o como principal diferencial competitivo, como 3M, Natura e Samsung. Essa pr\u00e1tica, j\u00e1 consolidada no cen\u00e1rio internacional, tem contribu\u00eddo para potencializar o impacto dos produtos e solu\u00e7\u00f5es inovadores desenvolvidos por empresas de pequeno e m\u00e9dio portes, estimulando o desenvolvimento de ecossistemas de inova\u00e7\u00e3o.<\/p>\n<p style=\"text-align: justify\"><b>Publica\u00e7\u00f5es peri\u00f3dicas<\/b><\/p>\n<p style=\"text-align: justify\">Os a\u00e7\u00f5es e resultados da Anprotec s\u00e3o divulgadas \u00e0 toda a sociedade por meio de importantes ferramentas de comunica\u00e7\u00e3o, como a Revista Locus (publica\u00e7\u00e3o trimestral), o Info-e (newsletter eletr\u00f4nica semanal), o site da Associa\u00e7\u00e3o e m\u00eddias sociais, como o Facebook e Twitter. Al\u00e9m desses canais peri\u00f3dicos, a Anprotec lan\u00e7a publica\u00e7\u00f5es sobre o empreendedorismo inovador, que contam a hist\u00f3ria no movimento no pa\u00eds. A Associa\u00e7\u00e3o tamb\u00e9m edita e comercializa obras direcionadas aos gestores de parques tecnol\u00f3gicos e incubadoras de empresas que buscam aprimorar a gest\u00e3o dos ambientes de inova\u00e7\u00e3o, em temas como planejamento, marketing e governan\u00e7a.<\/p>\n<div id=\"ssba-classic-2\" class=\"ssba ssbp-wrap left ssbp--theme-1\" style=\"text-align: justify\"><\/div>\n<p>[\/vc_column_text][\/vc_column_inner][\/vc_row_inner][\/vc_column][\/vc_row]<\/p>\n<\/div>","protected":false},"excerpt":{"rendered":"<p>[vc_row equal_height=&#8221;yes&#8221; content_placement=&#8221;top&#8221;][vc_column][vc_row_inner equal_height=&#8221;yes&#8221; content_placement=&#8221;top&#8221;][vc_column_inner width=&#8221;1\/4&#8243;][\/vc_column_inner][vc_column_inner width=&#8221;1\/4&#8243;][\/vc_column_inner][vc_column_inner width=&#8221;1\/4&#8243;][\/vc_column_inner][vc_column_inner width=&#8221;1\/4&#8243;][\/vc_column_inner][\/vc_row_inner][\/vc_column][\/vc_row][vc_row][vc_column][vc_tta_accordion][vc_tta_section title=&#8221;<span class=\"excerpt-hellip\"> [\u2026]<\/span><\/p>\n","protected":false},"author":10,"featured_media":0,"parent":0,"menu_order":0,"comment_status":"closed","ping_status":"closed","template":"","meta":{"footnotes":"","_links_to":"","_links_to_target":""},"_links":{"self":[{"href":"https:\/\/anprotec.org.br\/site\/wp-json\/wp\/v2\/pages\/23317"}],"collection":[{"href":"https:\/\/anprotec.org.br\/site\/wp-json\/wp\/v2\/pages"}],"about":[{"href":"https:\/\/anprotec.org.br\/site\/wp-json\/wp\/v2\/types\/page"}],"author":[{"embeddable":true,"href":"https:\/\/anprotec.org.br\/site\/wp-json\/wp\/v2\/users\/10"}],"replies":[{"embeddable":true,"href":"https:\/\/anprotec.org.br\/site\/wp-json\/wp\/v2\/comments?post=23317"}],"version-history":[{"count":2,"href":"https:\/\/anprotec.org.br\/site\/wp-json\/wp\/v2\/pages\/23317\/revisions"}],"predecessor-version":[{"id":24364,"href":"https:\/\/anprotec.org.br\/site\/wp-json\/wp\/v2\/pages\/23317\/revisions\/24364"}],"wp:attachment":[{"href":"https:\/\/anprotec.org.br\/site\/wp-json\/wp\/v2\/media?parent=23317"}],"curies":[{"name":"wp","href":"https:\/\/api.w.org\/{rel}","templated":true}]}}