{"id":22500,"date":"2018-02-09T12:12:43","date_gmt":"2018-02-09T15:12:43","guid":{"rendered":"http:\/\/anprotec.org.br\/site\/?page_id=22500"},"modified":"2018-04-10T20:21:49","modified_gmt":"2018-04-10T23:21:49","slug":"parques-tecnologicos-em-operacao","status":"publish","type":"page","link":"https:\/\/anprotec.org.br\/site\/lideres-tematicos\/parques-tecnologicos-em-operacao\/","title":{"rendered":"Parques Tecnol\u00f3gicos em Opera\u00e7\u00e3o"},"content":{"rendered":"<p style=\"text-align: justify\">Parque Tecnol\u00f3gico \u00e9 um complexo produtivo industrial e de servi\u00e7os de base cient\u00edfico-tecnol\u00f3gico, planejado, de car\u00e1ter formal, concentrado e cooperativo, que agrega empresas cuja produ\u00e7\u00e3o se baseia em pesquisa tecnol\u00f3gica desenvolvida nos centros P&amp;D vinculados ao parque.<\/p>\n<p style=\"text-align: justify\">Trata-se de um empreendimento promotor da cultura de inova\u00e7\u00e3o, da competitividade e do aumento da capacita\u00e7\u00e3o empresarial, fundamentado na transfer\u00eancia de conhecimento e tecnologia, com o objetivo de incrementar a produ\u00e7\u00e3o de riqueza de uma determinada regi\u00e3o.<\/p>\n<p style=\"text-align: justify\"><strong><img decoding=\"async\" loading=\"lazy\" class=\"alignleft size-thumbnail wp-image-22501\" src=\"https:\/\/anprotec.org.br\/site\/wp-content\/uploads\/2018\/02\/Foto-Rubens-Maeda_ok-133x160.jpg\" alt=\"Foto Rubens Maeda_ok\" width=\"133\" height=\"160\" \/>L\u00edder tem\u00e1tico: Rubens Fujiki Maeda<\/strong><\/p>\n<p style=\"text-align: justify\">Atualmente \u00e9 gestor do Parque Tecnol\u00f3gico CPqD &#8211; P\u00f3lis de Tecnologia da Funda\u00e7\u00e3o CPqD &#8211; Centro de Pesquisa e Desenvolvimento em Telecomunica\u00e7\u00f5es. \u00c9 formado em Eletroeletr\u00f4nica pelo Col\u00e9gio T\u00e9cnico de Campinas &#8211; UNICAMP (2006) e graduado em Engenharia El\u00e9trica pela Universidade Estadual de Campinas &#8211; UNICAMP (2013). Em mais de dez anos de carreira, atuou na \u00e1rea de tecnologia como executor de ensaios e coordenador de laborat\u00f3rios para fins de certifica\u00e7\u00e3o e homologa\u00e7\u00e3o ANATEL, engenheiro em projetos de PD&amp;I, consultor em projeto no Equador e instrutor e palestrantes pela <em>International Telecommunication Union<\/em> (ITU) para representantes de \u00d3rg\u00e3os Reguladores e de Minist\u00e9rios de v\u00e1rios pa\u00edses da Am\u00e9rica Latina e Caribe. Na \u00e1rea de neg\u00f3cios, atuou como Gerente de Neg\u00f3cios e Solu\u00e7\u00f5es e Gerente de Conta na Funda\u00e7\u00e3o CPqD, com atua\u00e7\u00e3o na prospec\u00e7\u00e3o de projetos de PD&amp;I e articula\u00e7\u00e3o entre centros de pesquisa, universidades, \u00f3rg\u00e3os de fomento, empresas e <em>startups<\/em>.<\/p>\n","protected":false},"excerpt":{"rendered":"<p>Parque Tecnol\u00f3gico \u00e9 um complexo produtivo industrial e de servi\u00e7os<span class=\"excerpt-hellip\"> [\u2026]<\/span><\/p>\n","protected":false},"author":8,"featured_media":0,"parent":21946,"menu_order":0,"comment_status":"closed","ping_status":"closed","template":"","meta":{"footnotes":"","_links_to":"","_links_to_target":""},"_links":{"self":[{"href":"https:\/\/anprotec.org.br\/site\/wp-json\/wp\/v2\/pages\/22500"}],"collection":[{"href":"https:\/\/anprotec.org.br\/site\/wp-json\/wp\/v2\/pages"}],"about":[{"href":"https:\/\/anprotec.org.br\/site\/wp-json\/wp\/v2\/types\/page"}],"author":[{"embeddable":true,"href":"https:\/\/anprotec.org.br\/site\/wp-json\/wp\/v2\/users\/8"}],"replies":[{"embeddable":true,"href":"https:\/\/anprotec.org.br\/site\/wp-json\/wp\/v2\/comments?post=22500"}],"version-history":[{"count":2,"href":"https:\/\/anprotec.org.br\/site\/wp-json\/wp\/v2\/pages\/22500\/revisions"}],"predecessor-version":[{"id":24349,"href":"https:\/\/anprotec.org.br\/site\/wp-json\/wp\/v2\/pages\/22500\/revisions\/24349"}],"up":[{"embeddable":true,"href":"https:\/\/anprotec.org.br\/site\/wp-json\/wp\/v2\/pages\/21946"}],"wp:attachment":[{"href":"https:\/\/anprotec.org.br\/site\/wp-json\/wp\/v2\/media?parent=22500"}],"curies":[{"name":"wp","href":"https:\/\/api.w.org\/{rel}","templated":true}]}}