{"id":22441,"date":"2018-02-07T09:35:43","date_gmt":"2018-02-07T12:35:43","guid":{"rendered":"http:\/\/anprotec.org.br\/site\/?page_id=22441"},"modified":"2018-04-10T20:35:22","modified_gmt":"2018-04-10T23:35:22","slug":"territorios-de-inovacao","status":"publish","type":"page","link":"https:\/\/anprotec.org.br\/site\/lideres-tematicos\/territorios-de-inovacao\/","title":{"rendered":"Territ\u00f3rios de Inova\u00e7\u00e3o"},"content":{"rendered":"<p style=\"text-align: justify\">Na nova economia, as cidades retomam a fun\u00e7\u00e3o de centro produtivo que haviam perdido quando a produ\u00e7\u00e3o em massa se tornou o modelo produtivo dominante. De fato, a cidade \u00e9 o melhor lugar para a produ\u00e7\u00e3o da crescente demanda de servi\u00e7os por parte das empresas de todas as ind\u00fastrias (HAUSER, 2016). Nesse cen\u00e1rio, as cidades e regi\u00f5es competem para ampliar sua import\u00e2ncia baseadas em tecn\u00f3poles e\/ou ecossistemas de inova\u00e7\u00e3o.<\/p>\n<p style=\"text-align: justify\">Castells e Hall (1994) definem tecn\u00f3poles como projetos regionais planejados por agentes p\u00fablicos e privados com vis\u00e3o de futuro, em conjunto com universidades e centros de pesquisa, com a finalidade de guiar as transforma\u00e7\u00f5es que est\u00e3o incidindo sobre a sociedade, a economia e os territ\u00f3rios. Outros estudos, com diferentes abordagens, analisam as rela\u00e7\u00f5es entre territ\u00f3rio e inova\u00e7\u00e3o.<\/p>\n<p style=\"text-align: justify\">O debate recente que trata das rela\u00e7\u00f5es entre territ\u00f3rio e inova\u00e7\u00e3o apresenta duas linhas tipol\u00f3gicas principais: i. os espa\u00e7os planejados para abrigar as empresas inovadoras cujo principal modelo s\u00e3o os parques tecnol\u00f3gicos ou; ii. os espa\u00e7os espont\u00e2neos que concentram empresas da nova economia, coexistindo com outras fun\u00e7\u00f5es do espa\u00e7o urbano, denominados de ambientes inovadores urbanos (TUNES, 2015).<\/p>\n<p style=\"text-align: justify\">Os ambientes inovadores urbanos s\u00e3o \u00e1reas da cidade, sem uma predefini\u00e7\u00e3o de tamanho, onde predominam rela\u00e7\u00f5es informais e processos de aprendizagem interativos a partir dos relacionamentos entre empresas inovadoras de setores econ\u00f4micos diferentes.\u00a0 O burburinho e o estar juntos que esses ambientes possibilitam s\u00e3o fundamentais para a inova\u00e7\u00e3o. A sinergia que muitas vezes falta nos parques tecnol\u00f3gicos tem, nessa forma urbana, uma forte fun\u00e7\u00e3o na promo\u00e7\u00e3o das rela\u00e7\u00f5es de coopera\u00e7\u00e3o e intera\u00e7\u00e3o entre as empresas, resultando em produtos inovadores.<\/p>\n<p style=\"text-align: justify\">Alguns exemplos desses ambientes s\u00e3o: a cidade multim\u00eddia de Montreal, o San Francisco Mission Bay, o LX Factory de Lisboa, a Vila Flores de Porto Alegre, entre outros. O principal aspecto comum entre eles \u00e9 o fato de tratar-se de espa\u00e7os urbanos com concentra\u00e7\u00e3o de atividades inovadoras em \u00e1reas de usos mistos.<\/p>\n<p style=\"text-align: justify\">Muitas cidades possuem aglomera\u00e7\u00f5es espont\u00e2neas de atividades inovadoras que s\u00e3o pouco conhecidas pelos seus moradores. O objetivo deste grupo tem\u00e1tico \u00e9 conhecer e propor diretrizes para a divulga\u00e7\u00e3o e valoriza\u00e7\u00e3o dos ambientes urbanos de inova\u00e7\u00e3o brasileiros.<\/p>\n<p><img decoding=\"async\" loading=\"lazy\" class=\"alignleft size-thumbnail wp-image-22442\" src=\"https:\/\/anprotec.org.br\/site\/wp-content\/uploads\/2018\/02\/Ghissia_ok-133x160.jpg\" alt=\"Ghissia_ok\" width=\"133\" height=\"160\" \/><\/p>\n<p><strong>L\u00edder tem\u00e1tico: <\/strong><strong>Ghissia Hauser <\/strong><\/p>\n<p style=\"text-align: justify\">\u00c9 arquiteta, doutora em Educa\u00e7\u00e3o em Ci\u00eancias pela Universidade Federal do Rio Grande do Sul e mestre em Desenvolvimento Econ\u00f4mico e Social pela Universit\u00e9 Paris 1. Atuou como Secret\u00e1ria Adjunta de Ci\u00eancia, Inova\u00e7\u00e3o e Desenvolvimento Tecnol\u00f3gico do Rio Grande do Sul, Supervisora de Desenvolvimento Tecnol\u00f3gico na Prefeitura de Porto Alegre e Gerente do Porto Alegre Tecn\u00f3pole. Desenvolveu estudos sobre ambientes urbanos de inova\u00e7\u00e3o no IV Distrito de Porto Alegre. Atualmente \u00e9 professora do mestrado em Inova\u00e7\u00e3o da Foreign Trade University do Vietnam, a convite da Universidade de Nantes, Fran\u00e7a, e atua na Diretoria de Incentivo ao Desenvolvimento, da Funda\u00e7\u00e3o de Planejamento Metropolitano e Regional.<\/p>\n","protected":false},"excerpt":{"rendered":"<p>Na nova economia, as cidades retomam a fun\u00e7\u00e3o de centro<span class=\"excerpt-hellip\"> [\u2026]<\/span><\/p>\n","protected":false},"author":8,"featured_media":0,"parent":21946,"menu_order":0,"comment_status":"closed","ping_status":"closed","template":"","meta":{"footnotes":"","_links_to":"","_links_to_target":""},"_links":{"self":[{"href":"https:\/\/anprotec.org.br\/site\/wp-json\/wp\/v2\/pages\/22441"}],"collection":[{"href":"https:\/\/anprotec.org.br\/site\/wp-json\/wp\/v2\/pages"}],"about":[{"href":"https:\/\/anprotec.org.br\/site\/wp-json\/wp\/v2\/types\/page"}],"author":[{"embeddable":true,"href":"https:\/\/anprotec.org.br\/site\/wp-json\/wp\/v2\/users\/8"}],"replies":[{"embeddable":true,"href":"https:\/\/anprotec.org.br\/site\/wp-json\/wp\/v2\/comments?post=22441"}],"version-history":[{"count":3,"href":"https:\/\/anprotec.org.br\/site\/wp-json\/wp\/v2\/pages\/22441\/revisions"}],"predecessor-version":[{"id":24339,"href":"https:\/\/anprotec.org.br\/site\/wp-json\/wp\/v2\/pages\/22441\/revisions\/24339"}],"up":[{"embeddable":true,"href":"https:\/\/anprotec.org.br\/site\/wp-json\/wp\/v2\/pages\/21946"}],"wp:attachment":[{"href":"https:\/\/anprotec.org.br\/site\/wp-json\/wp\/v2\/media?parent=22441"}],"curies":[{"name":"wp","href":"https:\/\/api.w.org\/{rel}","templated":true}]}}