{"id":22264,"date":"2018-01-30T09:54:16","date_gmt":"2018-01-30T12:54:16","guid":{"rendered":"http:\/\/anprotec.org.br\/site\/?page_id=22264"},"modified":"2018-04-10T20:21:18","modified_gmt":"2018-04-10T23:21:18","slug":"healthtech","status":"publish","type":"page","link":"https:\/\/anprotec.org.br\/site\/lideres-tematicos\/healthtech\/","title":{"rendered":"Healthtech"},"content":{"rendered":"<p style=\"text-align: justify\">As tecnologias da \u00e1rea de sa\u00fade v\u00eam transformando o mundo e, dessa forma, impactam diretamente a vida das pessoas. Centros de tecnologias t\u00eam desenvolvido projetos fascinantes que n\u00e3o s\u00f3 prolongam a vida, mas tamb\u00e9m oferecem melhor qualidade.<\/p>\n<p style=\"text-align: justify\">No Brasil, esse tema vem crescendo cada vez mais e registrando importantes avan\u00e7os.<\/p>\n<p style=\"text-align: justify\">A solu\u00e7\u00f5es variam desde conex\u00e3o entre m\u00e9dico e paciente, at\u00e9 projetos que envolvem intelig\u00eancia artificial, realidade virtual e impress\u00e3o 3D.<\/p>\n<p style=\"text-align: justify\">Cabe ao complexo da sa\u00fade lidar com o desafio de reduzir a press\u00e3o de custo sobre o sistema p\u00fablico, permitindo, assim, um equil\u00edbrio entre o processo de inova\u00e7\u00e3o e as formas como as pessoas cuidam da sa\u00fade.<\/p>\n<p>&nbsp;<\/p>\n<p><strong><img decoding=\"async\" loading=\"lazy\" class=\"alignleft size-full wp-image-22265\" src=\"https:\/\/anprotec.org.br\/site\/wp-content\/uploads\/2018\/01\/imagedu_ok.jpg\" alt=\"imagedu_ok\" width=\"133\" height=\"160\" \/>L\u00edder Tem\u00e1tico<\/strong>: <strong>Eduardo Cicconi<\/strong><\/p>\n<p style=\"text-align: justify\">Graduado em economia, mestre em economia aplicada e doutor em administra\u00e7\u00e3o das organiza\u00e7\u00f5es pela Faculdade de Economia, Administra\u00e7\u00e3o e Contabilidade da USP, em Ribeir\u00e3o Preto. Trabalhou no Unibanco por sete anos, sendo tr\u00eas no Corporate Desk e quatro em Private Internacional. Foi Diretor da Rede Paulista de Ambientes de Inova\u00e7\u00e3o e Gerente da Supera Incubadora de Empresas por duas vezes, de 2002 a 2004 e de 2009 a 2011. Tamb\u00e9m foi Gerente Administrativo da Funda\u00e7\u00e3o Instituto P\u00f3lo Avan\u00e7ado da Sa\u00fade de Ribeir\u00e3o Preto de 2006 a 2011 e Co-Criador do Movimento Empreende Ribeir\u00e3o Preto &#8211; Mover. Atualmente, \u00e9 Gerente do Supera Parque de Inova\u00e7\u00e3o e Tecnologia de Ribeir\u00e3o Preto desde 2011, Coordenador do Curso de Administra\u00e7\u00e3o da Faculdade de Filosofia, Ci\u00eancias e Letras de Ituverava, Coordenador do Curso de Administra\u00e7\u00e3o de Empresas do Centro Universit\u00e1rio Bar\u00e3o de Mau\u00e1 desde 2016, Coordenador dos Cursos de P\u00f3s-Gradua\u00e7\u00e3o de Administra\u00e7\u00e3o de Empresas, Controladoria e Finan\u00e7as da FAAP de Ribeir\u00e3o Preto, e \u00e9 Coordenador do Cap\u00edtulo de Ribeir\u00e3o Preto do Founder Institute.<\/p>\n","protected":false},"excerpt":{"rendered":"<p>As tecnologias da \u00e1rea de sa\u00fade v\u00eam transformando o mundo<span class=\"excerpt-hellip\"> [\u2026]<\/span><\/p>\n","protected":false},"author":8,"featured_media":0,"parent":21946,"menu_order":0,"comment_status":"closed","ping_status":"closed","template":"","meta":{"footnotes":"","_links_to":"","_links_to_target":""},"_links":{"self":[{"href":"https:\/\/anprotec.org.br\/site\/wp-json\/wp\/v2\/pages\/22264"}],"collection":[{"href":"https:\/\/anprotec.org.br\/site\/wp-json\/wp\/v2\/pages"}],"about":[{"href":"https:\/\/anprotec.org.br\/site\/wp-json\/wp\/v2\/types\/page"}],"author":[{"embeddable":true,"href":"https:\/\/anprotec.org.br\/site\/wp-json\/wp\/v2\/users\/8"}],"replies":[{"embeddable":true,"href":"https:\/\/anprotec.org.br\/site\/wp-json\/wp\/v2\/comments?post=22264"}],"version-history":[{"count":2,"href":"https:\/\/anprotec.org.br\/site\/wp-json\/wp\/v2\/pages\/22264\/revisions"}],"predecessor-version":[{"id":24347,"href":"https:\/\/anprotec.org.br\/site\/wp-json\/wp\/v2\/pages\/22264\/revisions\/24347"}],"up":[{"embeddable":true,"href":"https:\/\/anprotec.org.br\/site\/wp-json\/wp\/v2\/pages\/21946"}],"wp:attachment":[{"href":"https:\/\/anprotec.org.br\/site\/wp-json\/wp\/v2\/media?parent=22264"}],"curies":[{"name":"wp","href":"https:\/\/api.w.org\/{rel}","templated":true}]}}