{"id":22137,"date":"2018-01-24T08:37:16","date_gmt":"2018-01-24T11:37:16","guid":{"rendered":"http:\/\/anprotec.org.br\/site\/?page_id=22137"},"modified":"2018-04-10T20:16:57","modified_gmt":"2018-04-10T23:16:57","slug":"criatividade","status":"publish","type":"page","link":"https:\/\/anprotec.org.br\/site\/lideres-tematicos\/criatividade\/","title":{"rendered":"Criatividade"},"content":{"rendered":"<p style=\"text-align: justify\">Criatividade \u00e9 um fen\u00f4meno natural e que, no ser humano, manifesta-se \u00e0 medida em que podemos observar situa\u00e7\u00f5es, estabelecer rela\u00e7\u00f5es e interagir com outras pessoas e seu entorno, propondo altera\u00e7\u00f5es de contexto e, consequentemente, gerando novas formas e conte\u00fado para aquilo que nos mobiliza e faz sentido.<\/p>\n<p style=\"text-align: justify\">Este fen\u00f4meno \u00e9 mais evidente nos primeiros anos de exist\u00eancia, quando, fruto da liberdade de imagina\u00e7\u00e3o e express\u00e3o, geramos interpreta\u00e7\u00f5es da realidade, sem restri\u00e7\u00f5es impostas pela cultura dominante.<\/p>\n<p style=\"text-align: justify\">A criatividade nasce do indiv\u00edduo, mas expressa-se com vigor quando \u00e9 compartilhada com outras pessoas, em diferentes contextos e formas de interpreta\u00e7\u00e3o do mundo.<\/p>\n<p style=\"text-align: justify\">A literatura revela que a criatividade, somada \u00e0 a\u00e7\u00e3o empreendedora, \u00e9 um requisito primordial para que a inova\u00e7\u00e3o se materialize e fa\u00e7a sentido para os demais.<\/p>\n<p style=\"text-align: justify\">Apesar de ser um fen\u00f4meno inerente, a criatividade pode ser potencializada atrav\u00e9s de metodologias ativas que visam resgatar a capacidade de observa\u00e7\u00e3o, reflex\u00e3o e a\u00e7\u00e3o de cada um.<\/p>\n<p style=\"text-align: justify\">Pessoas talentosas, tendo acesso a metodologias adequadas, em um ambiente que estimule sua capacidade criativa, de prefer\u00eancia, de forma coletiva e interdisciplinar, s\u00e3o elementos fundamentais para que a inova\u00e7\u00e3o possa acontecer com consist\u00eancia e relev\u00e2ncia, gerando impactos positivos para a sociedade e seu entorno.<\/p>\n<p style=\"text-align: justify\">Este \u00e9 o desafio deste tema junto a Anprotec. Despertar e revelar a energia criativa das pessoas, manifestada atrav\u00e9s de seus projetos de futuro, buscando gerar riqueza e prosperidade para suas comunidades locais e regionais, gerando impacto para a economia, visando o desenvolvimento sustent\u00e1vel e o bem-estar da sociedade brasileira e mundial.<\/p>\n<p style=\"text-align: justify\">Neste sentido, procuraremos, ao longo de 2018, identificar e mapear iniciativas e ambientes que estimulem a criatividade com foco em inova\u00e7\u00e3o e, ao mesmo tempo, promoveremos atividades de capacita\u00e7\u00e3o que estimulem tal fen\u00f4meno nos ambientes de inova\u00e7\u00e3o existentes (consolidados e em forma\u00e7\u00e3o) no pa\u00eds.<\/p>\n<p style=\"text-align: justify\">Para tanto, come\u00e7amos este trabalho atrav\u00e9s da formaliza\u00e7\u00e3o de um conv\u00eanio de parceria estrat\u00e9gica junto com a Associa\u00e7\u00e3o Brasileira de Criatividade e Inova\u00e7\u00e3o &#8211; Criabrasilis, coordenada pela Profa. Dra. Solange M. Wechsler.<\/p>\n<p style=\"text-align: justify\">Estamos muito entusiasmados com esse trabalho, cientes dos desafios que teremos pela frente, e com a certeza de que estamos dando passos importantes na dire\u00e7\u00e3o da consolida\u00e7\u00e3o de ecossistemas de inova\u00e7\u00e3o maduros, abrangentes, relevantes e, cada dia mais, reconhecidos internacionalmente.<\/p>\n<p style=\"text-align: justify\"><strong><img decoding=\"async\" loading=\"lazy\" class=\"alignleft size-full wp-image-22138\" src=\"https:\/\/anprotec.org.br\/site\/wp-content\/uploads\/2018\/01\/Foto_ok.jpg\" alt=\"Foto_ok\" width=\"133\" height=\"160\" \/>L\u00edder Tem\u00e1tico: Lu\u00eds Humberto Villwock<\/strong><\/p>\n<p style=\"text-align: justify\">Professor Adjunto da Escola de Neg\u00f3cios da PUCRS desde 2008, respons\u00e1vel pelas disciplinas de empreendedorismo, gest\u00e3o da inova\u00e7\u00e3o e criatividade. Agente de Prospec\u00e7\u00e3o e Negocia\u00e7\u00e3o do Tecnopuc e Fundador do CriaLab &#8211; Laborat\u00f3rio de Criatividade. Consultor de empresas desde 1997. Engenheiro agr\u00f4nomo (1989), mestre em Economia Rural (1993) e doutor em Administra\u00e7\u00e3o, com \u00eanfase em Estrat\u00e9gia (2002), ambos pela UFRGS.<\/p>\n","protected":false},"excerpt":{"rendered":"<p>Criatividade \u00e9 um fen\u00f4meno natural e que, no ser humano,<span class=\"excerpt-hellip\"> [\u2026]<\/span><\/p>\n","protected":false},"author":8,"featured_media":0,"parent":21946,"menu_order":0,"comment_status":"closed","ping_status":"closed","template":"","meta":{"footnotes":"","_links_to":"","_links_to_target":""},"_links":{"self":[{"href":"https:\/\/anprotec.org.br\/site\/wp-json\/wp\/v2\/pages\/22137"}],"collection":[{"href":"https:\/\/anprotec.org.br\/site\/wp-json\/wp\/v2\/pages"}],"about":[{"href":"https:\/\/anprotec.org.br\/site\/wp-json\/wp\/v2\/types\/page"}],"author":[{"embeddable":true,"href":"https:\/\/anprotec.org.br\/site\/wp-json\/wp\/v2\/users\/8"}],"replies":[{"embeddable":true,"href":"https:\/\/anprotec.org.br\/site\/wp-json\/wp\/v2\/comments?post=22137"}],"version-history":[{"count":2,"href":"https:\/\/anprotec.org.br\/site\/wp-json\/wp\/v2\/pages\/22137\/revisions"}],"predecessor-version":[{"id":24338,"href":"https:\/\/anprotec.org.br\/site\/wp-json\/wp\/v2\/pages\/22137\/revisions\/24338"}],"up":[{"embeddable":true,"href":"https:\/\/anprotec.org.br\/site\/wp-json\/wp\/v2\/pages\/21946"}],"wp:attachment":[{"href":"https:\/\/anprotec.org.br\/site\/wp-json\/wp\/v2\/media?parent=22137"}],"curies":[{"name":"wp","href":"https:\/\/api.w.org\/{rel}","templated":true}]}}