{"id":22115,"date":"2018-01-24T13:43:12","date_gmt":"2018-01-24T16:43:12","guid":{"rendered":"http:\/\/anprotec.org.br\/site\/?page_id=22115"},"modified":"2018-04-10T20:16:09","modified_gmt":"2018-04-10T23:16:09","slug":"criacao-de-valor-compartilhado-com-impacto-positivo","status":"publish","type":"page","link":"https:\/\/anprotec.org.br\/site\/lideres-tematicos\/criacao-de-valor-compartilhado-com-impacto-positivo\/","title":{"rendered":"Cria\u00e7\u00e3o de Valor Compartilhado com Impacto Positivo"},"content":{"rendered":"<p style=\"text-align: justify\">A tem\u00e1tica \u201ccria\u00e7\u00e3o de valor compartilhado\u201d, sob uma vis\u00e3o global, define que uma empresa pode criar valor econ\u00f4mico com impacto positivo para a sociedade, atrav\u00e9s de tr\u00eas formas:<\/p>\n<ul>\n<li style=\"text-align: justify\">Reconceber produtos e mercados;<\/li>\n<li style=\"text-align: justify\">Redefinir a produtividade na cadeia de valor;<\/li>\n<li style=\"text-align: justify\">Montar clusters setoriais de apoio nas localidades da empresa<\/li>\n<\/ul>\n<p style=\"text-align: justify\">O conceito de valor compartilhado redefine as fronteiras do capitalismo. Ao conectar melhor o sucesso da empresa com o progresso da sociedade, abrem-se muitas maneiras de atender as novas necessidades, ganhar efici\u00eancia, criar diferencia\u00e7\u00e3o, expandir mercados e gerar impacto positivo.<\/p>\n<p style=\"text-align: justify\">Incubadoras e parques tecnol\u00f3gicos, enquanto mecanismos de gera\u00e7\u00e3o de novos empreendimentos, e ambientes de inova\u00e7\u00e3o t\u00eam muito a contribuir com a cria\u00e7\u00e3o de valor compartilhado nas empresas.<\/p>\n<p>&nbsp;<\/p>\n<p><img decoding=\"async\" loading=\"lazy\" class=\"alignleft size-full wp-image-22117\" src=\"https:\/\/anprotec.org.br\/site\/wp-content\/uploads\/2018\/01\/Imagem1-Rosa\u0302ngela.jpg\" alt=\"Imagem1 Rosa\u0302ngela\" width=\"133\" height=\"160\" \/><\/p>\n<p><strong>L\u00edder tem\u00e1tico: Ros\u00e2ngela Fraga Alves<\/strong><\/p>\n<p style=\"text-align: justify\">\u00c9 presidente do Instituto Empresarial de Incuba\u00e7\u00e3o e Inova\u00e7\u00e3o Tecnol\u00f3gica (IEITEC). Atua como lideran\u00e7a ativa e mobilizadora das ind\u00fastrias metalomec\u00e2nica e eletroeletr\u00f4nica da regi\u00e3o de Canoas e Nova Santa Rita. Fundou a primeira incubadora de base tecnol\u00f3gica da rede ULBRA em 1999, onde atuou como diretora por 10 anos. \u00c9 s\u00f3cia fundadora da Rede Ga\u00facha de Incubadoras e Parques Tecnol\u00f3gicos (REGINP). Atuou como coordenadora da unidade de capta\u00e7\u00e3o de recursos da Universidade La Salle \u2013 Canoas\/RS, de 2010 a 2013. Foi pioneira em levar uma empresa incubada a expor na feira de Hannover, em 2002. Em 2003, ganhou o pr\u00eamio Mulher de Ouro Destaque em Qualidade e Tecnologia. E, em 2004 e 2005 recebeu o Pr\u00eamio Top Of Business na \u00e1rea de Tecnologia e Neg\u00f3cios. \u00c9 consultora em gest\u00e3o de neg\u00f3cios e palestrante em \u00e1reas de empreendedorismo, inova\u00e7\u00e3o, desenvolvimento pessoal, relacionamento interpessoal e motiva\u00e7\u00e3o.<\/p>\n","protected":false},"excerpt":{"rendered":"<p>A tem\u00e1tica \u201ccria\u00e7\u00e3o de valor compartilhado\u201d, sob uma vis\u00e3o global,<span class=\"excerpt-hellip\"> [\u2026]<\/span><\/p>\n","protected":false},"author":8,"featured_media":0,"parent":21946,"menu_order":0,"comment_status":"closed","ping_status":"closed","template":"","meta":{"footnotes":"","_links_to":"","_links_to_target":""},"_links":{"self":[{"href":"https:\/\/anprotec.org.br\/site\/wp-json\/wp\/v2\/pages\/22115"}],"collection":[{"href":"https:\/\/anprotec.org.br\/site\/wp-json\/wp\/v2\/pages"}],"about":[{"href":"https:\/\/anprotec.org.br\/site\/wp-json\/wp\/v2\/types\/page"}],"author":[{"embeddable":true,"href":"https:\/\/anprotec.org.br\/site\/wp-json\/wp\/v2\/users\/8"}],"replies":[{"embeddable":true,"href":"https:\/\/anprotec.org.br\/site\/wp-json\/wp\/v2\/comments?post=22115"}],"version-history":[{"count":2,"href":"https:\/\/anprotec.org.br\/site\/wp-json\/wp\/v2\/pages\/22115\/revisions"}],"predecessor-version":[{"id":24337,"href":"https:\/\/anprotec.org.br\/site\/wp-json\/wp\/v2\/pages\/22115\/revisions\/24337"}],"up":[{"embeddable":true,"href":"https:\/\/anprotec.org.br\/site\/wp-json\/wp\/v2\/pages\/21946"}],"wp:attachment":[{"href":"https:\/\/anprotec.org.br\/site\/wp-json\/wp\/v2\/media?parent=22115"}],"curies":[{"name":"wp","href":"https:\/\/api.w.org\/{rel}","templated":true}]}}