{"id":22083,"date":"2018-01-17T14:39:47","date_gmt":"2018-01-17T17:39:47","guid":{"rendered":"http:\/\/anprotec.org.br\/site\/?page_id=22083"},"modified":"2018-04-10T20:30:07","modified_gmt":"2018-04-10T23:30:07","slug":"relatorios","status":"publish","type":"page","link":"https:\/\/anprotec.org.br\/site\/publicacoes-anprotec\/relatorios\/","title":{"rendered":"Relat\u00f3rios"},"content":{"rendered":"<p>Nos links a seguir, voc\u00ea acessa os relat\u00f3rios que resultaram de atividades desenvolvidas pela Anprotec.<\/p>\n<p>&nbsp;<\/p>\n<p><a href=\"https:\/\/anprotec.org.br\/site\/wp-content\/uploads\/2018\/01\/relat_missao2017_web.pdf\"><strong class=\"alignnone\"><img decoding=\"async\" loading=\"lazy\" class=\"alignleft size-medium wp-image-22085\" src=\"https:\/\/anprotec.org.br\/site\/wp-content\/uploads\/2018\/01\/Sem-t\u00edtulo-1-222x300.png\" alt=\"Sem t\u00edtulo\" width=\"222\" height=\"300\" srcset=\"https:\/\/anprotec.org.br\/site\/wp-content\/uploads\/2018\/01\/Sem-t\u00edtulo-1-222x300.png 222w, https:\/\/anprotec.org.br\/site\/wp-content\/uploads\/2018\/01\/Sem-t\u00edtulo-1.png 675w\" sizes=\"(max-width: 222px) 100vw, 222px\" \/><\/strong><\/a><strong class=\"alignnone\">Miss\u00e3o T\u00e9cnica | Espanha e Turquia | 17 a 29 de setembro de 2017<\/strong><\/p>\n<p><a href=\"https:\/\/anprotec.org.br\/site\/wp-content\/uploads\/2018\/01\/relat_missao2017_web.pdf\">Clique aqui<\/a> e fa\u00e7a o download.<\/p>\n<p>&nbsp;<\/p>\n","protected":false},"excerpt":{"rendered":"<p>Nos links a seguir, voc\u00ea acessa os relat\u00f3rios que resultaram<span class=\"excerpt-hellip\"> [\u2026]<\/span><\/p>\n","protected":false},"author":8,"featured_media":0,"parent":11032,"menu_order":4,"comment_status":"closed","ping_status":"closed","template":"","meta":{"footnotes":"","_links_to":"","_links_to_target":""},"_links":{"self":[{"href":"https:\/\/anprotec.org.br\/site\/wp-json\/wp\/v2\/pages\/22083"}],"collection":[{"href":"https:\/\/anprotec.org.br\/site\/wp-json\/wp\/v2\/pages"}],"about":[{"href":"https:\/\/anprotec.org.br\/site\/wp-json\/wp\/v2\/types\/page"}],"author":[{"embeddable":true,"href":"https:\/\/anprotec.org.br\/site\/wp-json\/wp\/v2\/users\/8"}],"replies":[{"embeddable":true,"href":"https:\/\/anprotec.org.br\/site\/wp-json\/wp\/v2\/comments?post=22083"}],"version-history":[{"count":3,"href":"https:\/\/anprotec.org.br\/site\/wp-json\/wp\/v2\/pages\/22083\/revisions"}],"predecessor-version":[{"id":22086,"href":"https:\/\/anprotec.org.br\/site\/wp-json\/wp\/v2\/pages\/22083\/revisions\/22086"}],"up":[{"embeddable":true,"href":"https:\/\/anprotec.org.br\/site\/wp-json\/wp\/v2\/pages\/11032"}],"wp:attachment":[{"href":"https:\/\/anprotec.org.br\/site\/wp-json\/wp\/v2\/media?parent=22083"}],"curies":[{"name":"wp","href":"https:\/\/api.w.org\/{rel}","templated":true}]}}