{"id":22013,"date":"2018-01-15T09:43:41","date_gmt":"2018-01-15T12:43:41","guid":{"rendered":"http:\/\/anprotec.org.br\/site\/?page_id=22013"},"modified":"2018-04-10T20:19:18","modified_gmt":"2018-04-10T23:19:18","slug":"negocios-de-impacto","status":"publish","type":"page","link":"https:\/\/anprotec.org.br\/site\/lideres-tematicos\/negocios-de-impacto\/","title":{"rendered":"Neg\u00f3cios de Impacto"},"content":{"rendered":"<p style=\"text-align: justify\">Em um pa\u00eds como o Brasil, desigual e ainda prec\u00e1rio em \u00e1reas sens\u00edveis, como sa\u00fade, educa\u00e7\u00e3o, habita\u00e7\u00e3o e servi\u00e7os financeiros, os neg\u00f3cios de impacto podem assumir um papel relevante no caminho para a transforma\u00e7\u00e3o social. Esses empreendimentos t\u00eam a miss\u00e3o expl\u00edcita de gerar benef\u00edcios sociais e\/ou ambientais ao mesmo tempo em que proveem resultado financeiro positivo e de forma sustent\u00e1vel.<\/p>\n<p style=\"text-align: justify\">Os neg\u00f3cios de impacto podem assumir diferentes formatos legais: associa\u00e7\u00f5es, funda\u00e7\u00f5es, cooperativas ou empresas. H\u00e1 quatro princ\u00edpios que os diferenciam, independentemente da constitui\u00e7\u00e3o jur\u00eddica da organiza\u00e7\u00e3o:<\/p>\n<ul style=\"text-align: justify\">\n<li>T\u00eam prop\u00f3sito de gerar impacto socioambiental positivo expl\u00edcito em sua miss\u00e3o;<\/li>\n<li>Conhecem, mensuram e avaliam o seu impacto periodicamente;<\/li>\n<li>T\u00eam uma l\u00f3gica econ\u00f4mica que permite gerar receita pr\u00f3pria;<\/li>\n<li>Possuem uma governan\u00e7a que leva em considera\u00e7\u00e3o os interesses de investidores, clientes e da comunidade.<\/li>\n<\/ul>\n<p style=\"text-align: justify\"><strong><img decoding=\"async\" loading=\"lazy\" class=\"alignleft size-full wp-image-22019\" src=\"https:\/\/anprotec.org.br\/site\/wp-content\/uploads\/2018\/01\/fernanda_ok.jpg\" alt=\"fernanda_ok\" width=\"133\" height=\"160\" \/>L\u00edder tem\u00e1tico:<\/strong> <strong>Fernanda Bombardi <\/strong><\/p>\n<p style=\"text-align: justify\">Gerente Executiva do Instituto de Cidadania Empresarial (ICE). Tem MBA em Gest\u00e3o de Neg\u00f3cios S\u00f3cio-Ambientais pelo CEATS-USP, especializa\u00e7\u00e3o em Desenvolvimento Local pela OIT e gradua\u00e7\u00e3o em psicologia pela PUC-SP. \u00c9 tamb\u00e9m chair do Comit\u00ea da <em>Aspen Network of Development Entrepreneurs<\/em> (ANDE) no Brasil e diretora volunt\u00e1ria do Projeto Casulo &#8211; ONG que trabalha nas favelas do Real Parque e Jardim Panorama, cuja miss\u00e3o \u00e9 contribuir para o desenvolvimento dos jovens como protagonistas para transforma\u00e7\u00e3o da sua pr\u00f3pria realidade.<\/p>\n","protected":false},"excerpt":{"rendered":"<p>Em um pa\u00eds como o Brasil, desigual e ainda prec\u00e1rio<span class=\"excerpt-hellip\"> [\u2026]<\/span><\/p>\n","protected":false},"author":8,"featured_media":0,"parent":21946,"menu_order":0,"comment_status":"closed","ping_status":"closed","template":"","meta":{"footnotes":"","_links_to":"","_links_to_target":""},"_links":{"self":[{"href":"https:\/\/anprotec.org.br\/site\/wp-json\/wp\/v2\/pages\/22013"}],"collection":[{"href":"https:\/\/anprotec.org.br\/site\/wp-json\/wp\/v2\/pages"}],"about":[{"href":"https:\/\/anprotec.org.br\/site\/wp-json\/wp\/v2\/types\/page"}],"author":[{"embeddable":true,"href":"https:\/\/anprotec.org.br\/site\/wp-json\/wp\/v2\/users\/8"}],"replies":[{"embeddable":true,"href":"https:\/\/anprotec.org.br\/site\/wp-json\/wp\/v2\/comments?post=22013"}],"version-history":[{"count":2,"href":"https:\/\/anprotec.org.br\/site\/wp-json\/wp\/v2\/pages\/22013\/revisions"}],"predecessor-version":[{"id":24345,"href":"https:\/\/anprotec.org.br\/site\/wp-json\/wp\/v2\/pages\/22013\/revisions\/24345"}],"up":[{"embeddable":true,"href":"https:\/\/anprotec.org.br\/site\/wp-json\/wp\/v2\/pages\/21946"}],"wp:attachment":[{"href":"https:\/\/anprotec.org.br\/site\/wp-json\/wp\/v2\/media?parent=22013"}],"curies":[{"name":"wp","href":"https:\/\/api.w.org\/{rel}","templated":true}]}}