{"id":22001,"date":"2018-01-12T16:26:59","date_gmt":"2018-01-12T19:26:59","guid":{"rendered":"http:\/\/anprotec.org.br\/site\/?page_id=22001"},"modified":"2018-04-10T20:49:38","modified_gmt":"2018-04-10T23:49:38","slug":"assessoria-parlamentar","status":"publish","type":"page","link":"https:\/\/anprotec.org.br\/site\/servicos\/assessoria-parlamentar\/","title":{"rendered":"Assessoria Parlamentar"},"content":{"rendered":"<p>Acompanhe e mantenha-se atualizado sobre processos legislativos, decretos e a\u00e7\u00f5es do Poder Executivo que envolvem os ambientes de inova\u00e7\u00e3o e empreendedorismo.<\/p>\n<p><strong><a href=\"https:\/\/anprotec.org.br\/site\/legislativo\/\" target=\"_blank\" rel=\"noopener\">Legislativo<\/a><\/strong><\/p>\n<p><strong><a href=\"https:\/\/anprotec.org.br\/site\/executivo\/\" target=\"_blank\" rel=\"noopener\">Executivo<\/a><\/strong><\/p>\n","protected":false},"excerpt":{"rendered":"<p>Acompanhe e mantenha-se atualizado sobre processos legislativos, decretos e a\u00e7\u00f5es<span class=\"excerpt-hellip\"> [\u2026]<\/span><\/p>\n","protected":false},"author":8,"featured_media":0,"parent":23317,"menu_order":2,"comment_status":"closed","ping_status":"closed","template":"","meta":{"footnotes":"","_links_to":"","_links_to_target":""},"_links":{"self":[{"href":"https:\/\/anprotec.org.br\/site\/wp-json\/wp\/v2\/pages\/22001"}],"collection":[{"href":"https:\/\/anprotec.org.br\/site\/wp-json\/wp\/v2\/pages"}],"about":[{"href":"https:\/\/anprotec.org.br\/site\/wp-json\/wp\/v2\/types\/page"}],"author":[{"embeddable":true,"href":"https:\/\/anprotec.org.br\/site\/wp-json\/wp\/v2\/users\/8"}],"replies":[{"embeddable":true,"href":"https:\/\/anprotec.org.br\/site\/wp-json\/wp\/v2\/comments?post=22001"}],"version-history":[{"count":2,"href":"https:\/\/anprotec.org.br\/site\/wp-json\/wp\/v2\/pages\/22001\/revisions"}],"predecessor-version":[{"id":24234,"href":"https:\/\/anprotec.org.br\/site\/wp-json\/wp\/v2\/pages\/22001\/revisions\/24234"}],"up":[{"embeddable":true,"href":"https:\/\/anprotec.org.br\/site\/wp-json\/wp\/v2\/pages\/23317"}],"wp:attachment":[{"href":"https:\/\/anprotec.org.br\/site\/wp-json\/wp\/v2\/media?parent=22001"}],"curies":[{"name":"wp","href":"https:\/\/api.w.org\/{rel}","templated":true}]}}