{"id":21976,"date":"2018-01-12T09:17:01","date_gmt":"2018-01-12T12:17:01","guid":{"rendered":"http:\/\/anprotec.org.br\/site\/?page_id=21976"},"modified":"2018-04-10T20:49:20","modified_gmt":"2018-04-10T23:49:20","slug":"projetos-internacionais","status":"publish","type":"page","link":"https:\/\/anprotec.org.br\/site\/servicos\/projetos-internacionais\/","title":{"rendered":"Projetos Internacionais"},"content":{"rendered":"<p style=\"text-align: justify\">Na \u00e1rea de coopera\u00e7\u00e3o internacional, a Anprotec desenvolve importantes projetos e tem estabelecido parcerias estrat\u00e9gicas para tornar suas a\u00e7\u00f5es mais efetivas. Por isso, \u00e9 associada \u00e0\u00a0International Association of Scientific Parks and Areas of Innovation (IASP). A seguir, destacamos os projetos que refor\u00e7am a atua\u00e7\u00e3o internacional da Anprotec:<\/p>\n<p style=\"text-align: justify\"><b>Miss\u00f5es Internacionais<\/b><\/p>\n<p style=\"text-align: justify\">A Anprotec promove miss\u00f5es internacionais, desde 2004, para conhecer sistemas de inova\u00e7\u00e3o e as melhores pr\u00e1ticas de ambientes inovadores de outros pa\u00edses, com o objetivo de adaptar bons exemplos \u00e0 realidade brasileira e incrementar as pol\u00edticas p\u00fablicas voltadas ao empreendedorismo inovador. Em 2012, a delega\u00e7\u00e3o brasileira visitou B\u00e9lgica, Holanda, Irlanda e Inglaterra; em 2013, conheceu Finl\u00e2ndia e China.<\/p>\n<p style=\"text-align: justify\"><strong>Programa de Promo\u00e7\u00e3o da Economia Criativa<\/strong><\/p>\n<p style=\"text-align: justify\">Em abril de 2015, a Anprotec firmou com a Samsung um Memorando de Inten\u00e7\u00f5es que prev\u00ea a coopera\u00e7\u00e3o e a coordena\u00e7\u00e3o para a implementa\u00e7\u00e3o do Modelo Coreano de Cultura de Economia Criativa, criado na Cor\u00e9ia do Sul pelo CCEI Daegu \u2013 Centro de Economia Criativa e Inova\u00e7\u00e3o.<\/p>\n<p style=\"text-align: justify\">Como resultado da parceria, Anprotec e Samsung criaram e desenvolvem o Programa de Promo\u00e7\u00e3o da Economia Criativa, que utiliza a metodologia do CCEI Daegu para impulsionar projetos inovadores de interesse da multinacional. Para isso, as empresas contam com o apoio de incubadoras brasileiras associadas \u00e0 Anprotec.\u00a0<a href=\"https:\/\/anprotec.org.br\/samsung\/\" target=\"_blank\" rel=\"noopener\">Saiba mais.\u00a0<\/a><\/p>\n<p style=\"text-align: justify\"><b>Connect<\/b><\/p>\n<p style=\"text-align: justify\">Projeto co-financiado pela Comiss\u00e3o Europeia e com atividades coordenadas pelo European Business and Innovation Centre Network (EBN), parceiro da Anprotec, que apoia o programa no Brasil. Tem como objetivo a promo\u00e7\u00e3o do interc\u00e2mbio de empreendedores, possibilitando aos visitantes europeus conhecerem os ambientes brasileiros, interagir com os residentes e parceiros de cada institui\u00e7\u00e3o e buscar alian\u00e7as com empresas brasileiras vinculadas aos associados da Anprotec para desenvolver seus neg\u00f3cios no Brasil.\u00a0<a href=\"http:\/\/www.eubrazilconnect.com\/\" target=\"_blank\" rel=\"noopener\">Saiba mais<\/a><\/p>\n<p style=\"text-align: justify\"><b>B.Bice+<\/b><\/p>\n<p style=\"text-align: justify\">Criado e financiado pela Comiss\u00e3o Europeia, o B.Bice+ promove a coopera\u00e7\u00e3o na \u00e1rea de Ci\u00eancia, Tecnologia e Inova\u00e7\u00e3o entre o Brasil e pa\u00edses membros da Uni\u00e3o Europeia (UE). Em 2014, foram promovidas diversas atividades no \u00e2mbito do programa, durante o evento anual da Anprotec: mesa-redonda, workshop, rodadas de neg\u00f3cios e Tour of Brazil &#8211; apresenta\u00e7\u00e3o de oportunidades para MPEs, parques tecnol\u00f3gicos, incubadoras de empresas, entre outros agentes da inova\u00e7\u00e3o, cooperarem com a Europa.\u00a0<a href=\"http:\/\/www.b-bice-plus.eu\/\" target=\"_blank\" rel=\"noopener\">Saiba mais<\/a><\/p>\n<p style=\"text-align: justify\"><b>Ryme<\/b><span style=\"line-height: 1.5em\">\u00a0<\/span><\/p>\n<p style=\"text-align: justify\">A Anprotec selecionou tr\u00eas empresas para interagirem com empreendimentos de Portugal, Espanha e Fran\u00e7a, visando \u00e0 promo\u00e7\u00e3o de parcerias de neg\u00f3cios. Representantes das empresas selecionadas e da Anprotec participaram de evento de encerramento do projeto, realizado em outubro de 2014 em Madri.\u00a0<a href=\"http:\/\/www.ryme-international.com\/en\/content\/detail\/12\/ryme-project-the-project\" target=\"_blank\" rel=\"noopener\">Saiba mais<\/a><\/p>\n<p style=\"text-align: justify\"><b>Elan<\/b><\/p>\n<p style=\"text-align: justify\">O ELAN (European and Latin American Business Services and Innovation Network) \u00e9 um programa financiado pela Uni\u00e3o Europ\u00e9ia (UE), que busca aumentar e diversificar a presen\u00e7a econ\u00f4mica da UE na Am\u00e9rica Latina, por meio da demanda de conhecimento e tecnologia inovadora europeia que existe na AL. O programa \u00e9 implementado por duas estrat\u00e9gias independentes:\u00a0<a href=\"http:\/\/www.elannetwork.org\/\">ELAN Network<\/a>\u00a0e\u00a0<a href=\"\/Users\/Relata\/Desktop\/www.elanbiz.org\">ELAN Biz<\/a>.<\/p>\n<p style=\"text-align: justify\"><b>land2land<\/b><\/p>\n<p style=\"text-align: justify\">O land2land \u00e9 um programa de suporte \u00e0 internacionaliza\u00e7\u00e3o, desenvolvido por meio de uma parceria entre a Anprotec e a Ag\u00eancia Brasileira de Promo\u00e7\u00e3o de Exporta\u00e7\u00f5es e Investimentos (Apex-Brasil). O programa prepara empresas e ambientes de inova\u00e7\u00e3o brasileiros para internacionalizarem suas opera\u00e7\u00f5es e tamb\u00e9m aproxima parques tecnol\u00f3gicos e incubadoras de empresas a empreendimentos inovadores de qualquer pa\u00eds, desde que estejam interessados em obter apoio para se instalarem em ambientes de inova\u00e7\u00e3o. Para isso, o programa oferece atrav\u00e9s de sua plataforma informa\u00e7\u00f5es sobre os ambientes de inova\u00e7\u00e3o cadastrados, como setor de atua\u00e7\u00e3o, servi\u00e7os prestados e diferenciais mercadol\u00f3gicos e tecnol\u00f3gicos, entre outros.\u00a0<a href=\"http:\/\/www.land2land.com.br\" target=\"_blank\" rel=\"noopener\">Saiba mais<\/a><\/p>\n","protected":false},"excerpt":{"rendered":"<p>Na \u00e1rea de coopera\u00e7\u00e3o internacional, a Anprotec desenvolve importantes projetos<span class=\"excerpt-hellip\"> [\u2026]<\/span><\/p>\n","protected":false},"author":8,"featured_media":0,"parent":23317,"menu_order":1,"comment_status":"closed","ping_status":"closed","template":"","meta":{"footnotes":"","_links_to":"","_links_to_target":""},"_links":{"self":[{"href":"https:\/\/anprotec.org.br\/site\/wp-json\/wp\/v2\/pages\/21976"}],"collection":[{"href":"https:\/\/anprotec.org.br\/site\/wp-json\/wp\/v2\/pages"}],"about":[{"href":"https:\/\/anprotec.org.br\/site\/wp-json\/wp\/v2\/types\/page"}],"author":[{"embeddable":true,"href":"https:\/\/anprotec.org.br\/site\/wp-json\/wp\/v2\/users\/8"}],"replies":[{"embeddable":true,"href":"https:\/\/anprotec.org.br\/site\/wp-json\/wp\/v2\/comments?post=21976"}],"version-history":[{"count":2,"href":"https:\/\/anprotec.org.br\/site\/wp-json\/wp\/v2\/pages\/21976\/revisions"}],"predecessor-version":[{"id":24369,"href":"https:\/\/anprotec.org.br\/site\/wp-json\/wp\/v2\/pages\/21976\/revisions\/24369"}],"up":[{"embeddable":true,"href":"https:\/\/anprotec.org.br\/site\/wp-json\/wp\/v2\/pages\/23317"}],"wp:attachment":[{"href":"https:\/\/anprotec.org.br\/site\/wp-json\/wp\/v2\/media?parent=21976"}],"curies":[{"name":"wp","href":"https:\/\/api.w.org\/{rel}","templated":true}]}}